{"id":8953,"date":"2025-03-31T19:37:25","date_gmt":"2025-03-31T11:37:25","guid":{"rendered":"https:\/\/zojopackaging.com\/?post_type=product&#038;p=8953"},"modified":"2025-03-31T20:03:13","modified_gmt":"2025-03-31T12:03:13","slug":"wholesale-custom-jewelry-ring-packaging-boxes-with-logo","status":"publish","type":"product","link":"https:\/\/zojopackaging.com\/it\/product\/wholesale-custom-jewelry-ring-packaging-boxes-with-logo\/","title":{"rendered":"Scatole d'imballaggio dell'anello dei gioielli su ordinazione all'ingrosso con il logo"},"content":{"rendered":"<h2 id=\"-core-advantages-of-the-product-\"><strong>I principali vantaggi del prodotto<\/strong><\/h2>\n<ol>\n<li><strong>Comodo design a cassetto<\/strong>\u00a0Con una struttura a cassetto, la scatola interna pu\u00f2 essere facilmente estratta, facilitando l'esposizione e la presa degli anelli di gioielleria. Le scatole interne ed esterne sono strettamente annidate e l'apertura e la chiusura sono fluide, combinando la praticit\u00e0 con l'aspetto elegante, adatto all'esposizione di gioielli di alta gamma e alle scene regalo.<\/li>\n<li><strong>Processo di stampa Heidelberg<\/strong>\u00a0La stampa di superficie utilizza la macchina da stampa Heidelberg importata dalla Germania per garantire che i motivi, i loghi e i testi siano chiari e luminosi e che il colore sia uniforme e caldo. Supporta la stampa in quadricromia ad alta precisione e la personalizzazione dei colori spot per soddisfare le esigenze di unificazione visiva del marchio VI e migliorare la consistenza e il riconoscimento dell'imballaggio.<\/li>\n<li><strong>Materiale ecologico ad alta resistenza<\/strong>\u00a0Il corpo principale \u00e8 realizzato in cartone grigio ad alta densit\u00e0 da 1200 GSM, resistente alla pressione e agli urti e non facile da deformare durante il trasporto; lo strato esterno \u00e8 ricoperto da carta patinata da 157 GSM, che ha un tocco delicato e una buona idoneit\u00e0 alla stampa. Il materiale soddisfa gli standard ambientali internazionali (come la certificazione FSC), tenendo conto della durata e della sostenibilit\u00e0.<\/li>\n<li><strong>Personalizzazione flessibile del processo e delle dimensioni<\/strong><\/li>\n<li><strong>Processo diversificato<\/strong>: Supporto di stampa a caldo, argento caldo, goffratura, UV, serigrafia e altri processi, pu\u00f2 essere combinato con il tono del marchio per progettare rilievo tridimensionale o effetto lucido metallico per migliorare il grado di imballaggio.<\/li>\n<li><strong>Abbinamento gratuito delle taglie<\/strong>: Personalizzare le specifiche della scatola di imballaggio in base alle dimensioni dell'anello, alla quantit\u00e0 e ai requisiti di visualizzazione, come ad esempio la scatola ad anello singolo, la scatola ad anello a coppia o la scatola combinata a cassetti multistrato.<\/li>\n<li><strong>Soluzione professionale per il fissaggio del rivestimento<\/strong>\u00a0Vassoio interno personalizzabile con fodera in EVA o floccatura, con scanalature precise per fissare l'anello ed evitare scosse e graffi durante il trasporto. Il colore della fodera (ad esempio blu zaffiro, grigio di alta qualit\u00e0) e il materiale (velluto\/PU) possono essere selezionati in base alle esigenze per migliorare la protezione del prodotto e l'unit\u00e0 visiva.<\/li>\n<\/ol>\n<h2 id=\"-production-and-service-guarantee-\"><strong>Garanzia di produzione e di servizio<\/strong><\/h2>\n<ol>\n<li><strong>16 anni di forza della fabbrica di origine<\/strong>\u00a0Possediamo moderni edifici di fabbrica e linee di produzione mature, dotate di macchine da stampa Heidelberg, incollatrici per piegatrici completamente automatiche e altre attrezzature, con una capacit\u00e0 produttiva annuale di oltre 10 milioni di pezzi, in grado di supportare la consegna efficiente di ordini di grandi volumi.<\/li>\n<li><strong>Servizio di personalizzazione dell'intero processo<\/strong><\/li>\n<li><strong>Supporto alla progettazione<\/strong>: Forniamo prove di stampa gratuite e conferme di rendering 3D per garantire che i dettagli del progetto siano coerenti con il prodotto reale.<\/li>\n<li><strong>Abbinamento di soluzioni esclusive<\/strong>: Raccomandare combinazioni di materiali e lavorazioni artigianali in base al posizionamento del marchio (lusso leggero, retr\u00f2, minimalista, ecc.) per ottimizzare i costi e gli effetti.<\/li>\n<li><strong>Controllo di qualit\u00e0 rigoroso<\/strong>: Ispezione della qualit\u00e0 a tutto campo, dalla selezione dei materiali ai prodotti finiti, controllo degli errori \u22640,5 mm, per garantire la coerenza dei lotti.<\/li>\n<li><strong>Adattamento della logistica globale<\/strong>\u00a0La scatola di imballaggio \u00e8 leggera (circa 0,3-0,5 kg), supporta l'esportazione transfrontaliera e si adatta agli standard di trasporto di piattaforme come Amazon e stazioni indipendenti. \u00c8 possibile fornire un imballaggio in pellicola a prova di umidit\u00e0 o una protezione indipendente in sacchetti OPP per garantire un trasporto a lunga distanza senza danni.<\/li>\n<\/ol>\n<h2 id=\"-application-scenarios-and-cases-\"><strong>Scenari e casi di applicazione<\/strong><\/h2>\n<ul>\n<li><strong>Custodia del marchio<\/strong>: Cassettiere personalizzate con logo impresso in oro per marchi europei di gioielli di lusso, con fodera blu Tiffany, con una spedizione media mensile di oltre 50.000 pezzi.<\/li>\n<li><strong>Categorie applicabili<\/strong>anelli con diamanti, anelli di coppia con pietre preziose, fedi nuziali personalizzate, gioielli d'argento vintage, ecc. e possono essere estesi anche a collane, orecchini e altre confezioni combinate multi-categoria.<\/li>\n<\/ul>\n<p><strong>Processo di cooperazione<\/strong>: comunicazione della domanda \u2192 prova di progettazione \u2192 conferma del progetto \u2192 produzione in serie \u2192 ispezione di qualit\u00e0 e spedizione (ciclo 7-15 giorni).\u00a0<strong>Quantit\u00e0 minima ordinabile<\/strong>: 500 pezzi.<\/p>\n<p>Se avete bisogno di saperne di pi\u00f9 sui dettagli del prodotto o di ottenere un preventivo, contattate il servizio clienti per fornire bozze di progetto e requisiti di personalizzazione. Troveremo la soluzione migliore per voi entro 24 ore!<\/p>\n<h2 id=\"-reference-process-and-material-examples-\"><strong>Esempi di processi e materiali di riferimento<\/strong><\/h2>\n<table>\n<thead>\n<tr>\n<th>Tipo di processo<\/th>\n<th>Effetto applicabile<\/th>\n<th>Scenario consigliato<\/th>\n<\/tr>\n<\/thead>\n<tbody>\n<tr>\n<td>Stampa a caldo\/argento<\/td>\n<td>Lucentezza metallica, valorizzazione del logo del marchio<\/td>\n<td>Beni di lusso di alta gamma, serie matrimoniali<\/td>\n<\/tr>\n<tr>\n<td>Goffratura + UV<\/td>\n<td>Tatto tridimensionale, resistenza ai graffi del modello<\/td>\n<td>Articoli di moda di lusso leggeri<\/td>\n<\/tr>\n<tr>\n<td>Serigrafia + floccatura<\/td>\n<td>Struttura opaca, rivestimento morbido<\/td>\n<td>Gioielli d'epoca, accessori fatti a mano<\/td>\n<\/tr>\n<\/tbody>\n<\/table>\n<p>Grazie alla personalizzazione professionale, il packaging diventa un'estensione del valore del marchio!<\/p>","protected":false},"excerpt":{"rendered":"<p>1. Design a cassetto della scatola di carta, la scatola interna pu\u00f2 essere estratta come un cassetto, comodo per estrarre ed esporre i prodotti.<br \/>\n2. La superficie \u00e8 stampata con la macchina da stampa Heidelberg, il contenuto \u00e8 chiaro e luminoso e il colore \u00e8 caldo.<br \/>\n3. Il materiale \u00e8 costituito da un cartoncino grigio da 1200 GSM e da una carta patinata da 157 GSM, che non si deforma durante il trasporto.<\/p>","protected":false},"featured_media":8954,"template":"","meta":[],"product_brand":[],"product_cat":[30,415,31,426],"product_tag":[890,1025,1026],"class_list":{"0":"post-8953","1":"product","2":"type-product","3":"status-publish","4":"has-post-thumbnail","6":"product_cat-by-industry","7":"product_cat-custom-jewelry-boxes-by-industry","8":"product_cat-paper-box-style","9":"product_cat-paper-drawer-boxes","10":"product_tag-custom-jewelry-packaging","11":"product_tag-ring-packaging-boxes","12":"product_tag-ring-packaging-wholesale","14":"first","15":"instock","16":"shipping-taxable","17":"product-type-simple"},"_links":{"self":[{"href":"https:\/\/zojopackaging.com\/it\/wp-json\/wp\/v2\/product\/8953","targetHints":{"allow":["GET"]}}],"collection":[{"href":"https:\/\/zojopackaging.com\/it\/wp-json\/wp\/v2\/product"}],"about":[{"href":"https:\/\/zojopackaging.com\/it\/wp-json\/wp\/v2\/types\/product"}],"version-history":[{"count":1,"href":"https:\/\/zojopackaging.com\/it\/wp-json\/wp\/v2\/product\/8953\/revisions"}],"predecessor-version":[{"id":8967,"href":"https:\/\/zojopackaging.com\/it\/wp-json\/wp\/v2\/product\/8953\/revisions\/8967"}],"wp:featuredmedia":[{"embeddable":true,"href":"https:\/\/zojopackaging.com\/it\/wp-json\/wp\/v2\/media\/8954"}],"wp:attachment":[{"href":"https:\/\/zojopackaging.com\/it\/wp-json\/wp\/v2\/media?parent=8953"}],"wp:term":[{"taxonomy":"product_brand","embeddable":true,"href":"https:\/\/zojopackaging.com\/it\/wp-json\/wp\/v2\/product_brand?post=8953"},{"taxonomy":"product_cat","embeddable":true,"href":"https:\/\/zojopackaging.com\/it\/wp-json\/wp\/v2\/product_cat?post=8953"},{"taxonomy":"product_tag","embeddable":true,"href":"https:\/\/zojopackaging.com\/it\/wp-json\/wp\/v2\/product_tag?post=8953"}],"curies":[{"name":"wp","href":"https:\/\/api.w.org\/{rel}","templated":true}]}}