{"id":8960,"date":"2025-03-31T19:52:18","date_gmt":"2025-03-31T11:52:18","guid":{"rendered":"https:\/\/zojopackaging.com\/?post_type=product&#038;p=8960"},"modified":"2025-03-31T20:09:28","modified_gmt":"2025-03-31T12:09:28","slug":"custom-saudi-arabia-unisex-perfume-folding-carton-box-fragrance-wholesale","status":"publish","type":"product","link":"https:\/\/zojopackaging.com\/it\/product\/custom-saudi-arabia-unisex-perfume-folding-carton-box-fragrance-wholesale\/","title":{"rendered":"Personalizzato Arabia Saudita Unisex profumo pieghevole scatola di cartone fragranza all'ingrosso"},"content":{"rendered":"<h3 id=\"-1-single-powder-card-material-four-color-printing-restore-the-original-color-of-the-design-balance-texture-and-cost-\"><strong>1. Materiale del cartoncino a polvere singola + stampa in quadricromia: ripristina il colore originale del disegno, equilibra struttura e costi.<\/strong><\/h3>\n<p>Utilizzando carta in cartoncino monopolvere da 350 g (come il cartoncino di prima scelta Invercote), la superficie \u00e8 liscia e delicata e la struttura a diamante verde chiaro e il motivo complesso arancione sono accuratamente ripristinati dalla stampa in quadricromia Heidelberg. L'errore di saturazione del colore \u00e8 \u22643%, garantendo che il testo \"DELICATEPERFUME\" e \"THE FRAGRANCE OF FLOWERS\" siano chiari e nitidi, adatti ai requisiti elevati dei marchi di profumi di fascia alta per i dettagli visivi.<\/p>\n<h3 id=\"-2-matt-film-full-page-uv-process-visual-collision-of-matte-and-gloss-\"><strong>2. Pellicola opaca + processo UV a tutta pagina: collisione visiva tra opaco e lucido<\/strong><\/h3>\n<p>La superficie \u00e8 ricoperta da una pellicola opaca per esaltare la delicatezza al tatto, mentre il rivestimento UV a tutta pagina \u00e8 utilizzato per migliorare la brillantezza del motivo. Ad esempio, il motivo arancione sul lato destro della scatola forma un riflesso locale sullo sfondo opaco, simulando l'effetto coinvolgente della \"nebulizzazione del profumo\", il tocco \u00e8 liscio come la seta e la resistenza ai graffi \u00e8 migliorata di 50%.<\/p>\n<h3 id=\"-3-flat-pack-shipping-design-save-up-to-30-of-logistics-costs-\"><strong>3. Design della spedizione flat-pack: Risparmio fino a 30% di costi logistici.<\/strong><\/h3>\n<p>La scatola di carte adotta un design a struttura pieghevole. Quando \u00e8 aperta, \u00e8 una scatola tridimensionale. Quando \u00e8 piegata, lo spessore \u00e8 solo 1\/3 del volume originale. Con il sistema di stoccaggio automatizzato, il volume di trasporto in una sola volta \u00e8 raddoppiato. Ad esempio, la fabbrica ha personalizzato 100.000 set di scatole piatte per i clienti europei e il costo del trasporto \u00e8 stato di 28% inferiore a quello delle scatole tradizionali.<\/p>\n<h3 id=\"-4-daily-production-capacity-of-60-000-boxes-7-day-fast-delivery-seize-the-market-opportunity-\"><strong>4. Capacit\u00e0 produttiva giornaliera di 60.000 scatole: Consegna rapida in 7 giorni, per cogliere le opportunit\u00e0 del mercato.<\/strong><\/h3>\n<p>La linea di produzione intelligente di propriet\u00e0 \u00e8 dotata di fustellatrici completamente automatiche e di attrezzature per la stampa digitale, con una produzione giornaliera di 60.000 pezzi, in grado di supportare la personalizzazione di piccoli lotti (ordine minimo di 500 pezzi) e di impiegare solo 5-7 giorni lavorativi dalla conferma del progetto alla spedizione, soddisfacendo le esigenze di promozione della stagione di punta del marchio o di lancio di nuovi prodotti.<\/p>\n<h3 id=\"-5-diamond-texture-clock-element-details-convey-brand-story-\"><strong>5. Texture diamantata + elemento orologio: i dettagli trasmettono la storia del marchio<\/strong><\/h3>\n<p>La texture a diamante sulla superficie sinistra della scatola presenta un tocco tridimensionale grazie alla tecnologia di incisione laser concava e convessa, mentre il motivo arancione sulla destra \u00e8 combinato con il motivo dell'orologio (numeri romani come \u216a, \u216b e \u2160), che riecheggia il testo \"Questo \u00e8 un momento affascinante per te\", trasmettendo il concetto del marchio di \"momenti preziosi\" e aumentando la risonanza emotiva dei consumatori.<\/p>\n<h3 id=\"-6-environmental-certification-endorsement-fsc-material-is-suitable-for-the-international-market-\"><strong>6. Approvazione della certificazione ambientale: Il materiale FSC \u00e8 adatto al mercato internazionale<\/strong><\/h3>\n<p>L'uso di cartone certificato FSC e di vernici a base d'acqua soddisfa gli standard di protezione ambientale REACH dell'UE, mentre il processo UV opaco riduce l'inquinamento volatile dell'inchiostro, aiutando il marchio a creare il concetto di \"lusso sostenibile\" e a soddisfare i severi requisiti dei mercati europei e americani per i materiali di imballaggio.<\/p>\n<h3 id=\"-7-professional-team-support-full-link-service-from-design-to-implementation-\"><strong>7. Supporto di un team professionale: servizio completo dalla progettazione all'implementazione.<\/strong><\/h3>\n<p>Il team di progettazione del packaging, con 20 anni di esperienza, supporta la modifica del file sorgente CDR\/AI e fornisce gratuitamente 3 serie di schemi di colore. Ad esempio, il colore della texture del diamante (come l'oro champagne e il blu foschia) viene regolato in base alla tonalit\u00e0 di colore del LOGO del cliente, per garantire che il design e la produzione siano altamente compatibili.<\/p>","protected":false},"excerpt":{"rendered":"<p>Questo design \u00e8 stato personalizzato per un marchio di profumi da salone di fascia alta del Medio Oriente. La struttura piatta ha permesso di risparmiare 15% di costi di spedizione e il processo UV a pagina intera ha reso il motivo della scatola altamente riconoscibile anche nell'ambiente di forte luce del deserto, aumentando il tasso di riacquisto dei clienti di 30%.<\/p>","protected":false},"featured_media":8965,"template":"","meta":[],"product_brand":[],"product_cat":[30,417,430,31],"product_tag":[1028,1027,1029],"class_list":{"0":"post-8960","1":"product","2":"type-product","3":"status-publish","4":"has-post-thumbnail","6":"product_cat-by-industry","7":"product_cat-custom-perfume-boxes-by-industry","8":"product_cat-folding-cartons","9":"product_cat-paper-box-style","10":"product_tag-box-fragrance-wholesale","11":"product_tag-custom-unisex-perfume-box","12":"product_tag-folding-carton-box-fragrance","14":"first","15":"instock","16":"shipping-taxable","17":"product-type-grouped"},"_links":{"self":[{"href":"https:\/\/zojopackaging.com\/it\/wp-json\/wp\/v2\/product\/8960","targetHints":{"allow":["GET"]}}],"collection":[{"href":"https:\/\/zojopackaging.com\/it\/wp-json\/wp\/v2\/product"}],"about":[{"href":"https:\/\/zojopackaging.com\/it\/wp-json\/wp\/v2\/types\/product"}],"version-history":[{"count":1,"href":"https:\/\/zojopackaging.com\/it\/wp-json\/wp\/v2\/product\/8960\/revisions"}],"predecessor-version":[{"id":8975,"href":"https:\/\/zojopackaging.com\/it\/wp-json\/wp\/v2\/product\/8960\/revisions\/8975"}],"wp:featuredmedia":[{"embeddable":true,"href":"https:\/\/zojopackaging.com\/it\/wp-json\/wp\/v2\/media\/8965"}],"wp:attachment":[{"href":"https:\/\/zojopackaging.com\/it\/wp-json\/wp\/v2\/media?parent=8960"}],"wp:term":[{"taxonomy":"product_brand","embeddable":true,"href":"https:\/\/zojopackaging.com\/it\/wp-json\/wp\/v2\/product_brand?post=8960"},{"taxonomy":"product_cat","embeddable":true,"href":"https:\/\/zojopackaging.com\/it\/wp-json\/wp\/v2\/product_cat?post=8960"},{"taxonomy":"product_tag","embeddable":true,"href":"https:\/\/zojopackaging.com\/it\/wp-json\/wp\/v2\/product_tag?post=8960"}],"curies":[{"name":"wp","href":"https:\/\/api.w.org\/{rel}","templated":true}]}}