{"id":8976,"date":"2025-03-31T20:11:06","date_gmt":"2025-03-31T12:11:06","guid":{"rendered":"https:\/\/zojopackaging.com\/?post_type=product&#038;p=8976"},"modified":"2025-03-31T20:26:03","modified_gmt":"2025-03-31T12:26:03","slug":"personalized-custom-luxury-perfume-folding-carton-box-whosale","status":"publish","type":"product","link":"https:\/\/zojopackaging.com\/it\/product\/personalized-custom-luxury-perfume-folding-carton-box-whosale\/","title":{"rendered":"Personalizzato Custom lusso profumo pieghevole scatola di cartone Whosale"},"content":{"rendered":"<h4 id=\"-1-material-upgrade-thickened-cardboard-matt-film-protection-to-create-a-invisible-armor-for-perfume-\"><strong>1. Aggiornamento del materiale: cartone ispessito + pellicola protettiva opaca per creare una \"armatura invisibile\" per il profumo.<\/strong><\/h4>\n<p>Utilizzare un cartone monopolvere da 350 g (come il cartoncino Invercote Grade 1) come materiale di base, con una pellicola opaca sulla superficie, che ha sia resistenza agli urti che all'umidit\u00e0. Lo strato di pellicola opaca pu\u00f2 ridurre la perdita di attrito nel trasporto, isolando al contempo l'umidit\u00e0 dall'erosione del profumo, garantendo che il prodotto sia intatto dalla fabbrica al terminale.<\/p>\n<h4 id=\"-2-ergonomic-box-type-double-open-card-box-internal-card-fixation-elegant-one-hand-pick-up-\"><strong>2. Tipo di scatola ergonomica: Scatola per carte a doppia apertura + fissaggio interno delle carte, elegante presa con una sola mano.<\/strong><\/h4>\n<p>Il design della scatola a doppia apertura \u00e8 dotato di un alloggiamento fisso per la carta, adatto per bottiglie a piena capacit\u00e0 da 10ml-100ml, e l'operazione di apertura e chiusura pu\u00f2 essere completata con una sola mano. Le linee del corpo della scatola sono state ottimizzate dalla meccanica dei fluidi, con una presa completa e un centro di gravit\u00e0 visivo stabile, che \u00e8 sia funzionale che ornamentale.<\/p>\n<h4 id=\"-3-technological-innovation-seven-color-overprinting-hot-stamping-starburst-replicating-an-artistic-visual-feast-\"><strong>3. Innovazione tecnologica: sovrastampa a sette colori + stampa a caldo a raggiera, che riproduce una festa visiva artistica.<\/strong><\/h4>\n<p>La superficie della scatola utilizza la tecnologia di sovrastampa a sette colori per ottenere il gradiente dei colori popolari annuali di Pantone (come l'arancione corallo \u2192 il viola elettrico), mentre il processo di stampa a caldo fa s\u00ec che il LOGO del marchio presenti un effetto a stella sotto la luce. La scatola di sinistra si ispira al giardino di Monet, mentre quella di destra riproduce la concezione artistica delle montagne di inchiostro e di lavaggio, rispondendo alle esigenze di espressione artistica dei profumi di alta gamma.<\/p>\n<h4 id=\"-4-visual-aesthetics-a-fusion-of-eastern-and-western-aesthetics-pantone-colors-calligraphy-to-create-an-immersive-experience-\"><strong>4. Estetica visiva: fusione di estetica orientale e occidentale, colori Pantone e calligrafia per creare un'esperienza coinvolgente.<\/strong><\/h4>\n<p>Il corpo della scatola di sinistra richiama l'estetica moderna con vivaci blocchi di colore sfumati, mentre il tono principale in bianco e nero di destra \u00e8 abbinato al nome del marchio calligrafico, che trasmette lo zen orientale attraverso lo spazio vuoto e la stratificazione. Il team di progettazione supporta l'importazione diretta di file sorgente CDR\/AI e l'iterazione pi\u00f9 rapida della soluzione viene completata in 24 ore.<\/p>\n<h4 id=\"-5-factory-endorsement-iso-certification-12-quality-inspections-transportation-loss-rate-0-3-\"><strong>5. Approvazione della fabbrica: Certificazione ISO + 12 ispezioni di qualit\u00e0, tasso di perdita del trasporto \u2264 0,3%<\/strong><\/h4>\n<p>La fabbrica ha superato la certificazione ISO 9001 ed \u00e8 stata sottoposta a 12 processi di ispezione della qualit\u00e0, dalla selezione dei materiali ai prodotti finiti, tra cui il test di umidit\u00e0 per 24 ore (errore \u00b1 5%) e il test di caduta (altezza 1,2 metri). I dati del 2024 dimostrano che il tasso di rottura delle confezioni regalo realizzate con questo processo \u00e8 solo 1\/5 della media del settore.<\/p>\n<h4 id=\"-6-vip-customization-service-30-box-type-database-deep-process-customization-\"><strong>6. Servizio di personalizzazione VIP: 30+ database di tipi di scatola + personalizzazione profonda del processo<\/strong><\/h4>\n<p>Fornisce oltre 30 database di tipi di scatole, come quelle a doppia porta, a cassetto, magnetiche, ecc. e supporta una profonda personalizzazione, come la stampa a caldo del testo, i motivi in rilievo e la stampa a tinte piatte. Ad esempio, un marchio europeo ha raggiunto un tasso di premio del prodotto di 40% grazie alla tecnologia di stampa a caldo calligrafica personalizzata.<\/p>\n<h4 id=\"-7-intelligent-production-line-heidelberg-printing-machine-automatic-lamination-daily-production-capacity-of-60-000-pieces-\"><strong>7. Linea di produzione intelligente: Macchina da stampa Heidelberg + laminazione automatica, capacit\u00e0 produttiva giornaliera di 60.000 pezzi.<\/strong><\/h4>\n<p>Dotata di attrezzature avanzate a livello internazionale come Heidelberg CD102 e Komori Lithrone G40, combinate con il sistema ERP per realizzare la digitalizzazione dell'intero processo di progettazione, prova e produzione. Rispetto alle fabbriche tradizionali, l'errore di peso al grammo \u00e8 controllato entro 0,1 mm e pu\u00f2 completare il processo dalla prova di stampa alla consegna dei lotti in 7 giorni.<\/p>","protected":false},"excerpt":{"rendered":"<p>Questa confezione regalo \u00e8 stata personalizzata per un marchio internazionale di profumi da salone. Grazie al processo di sfumatura a sette colori e al design del coperchio magnetico, \u00e8 diventato un successo sui social media durante la Settimana della moda di Parigi 2024 e il tasso di riacquisto \u00e8 aumentato del 35%.<\/p>","protected":false},"featured_media":8978,"template":"","meta":[],"product_brand":[],"product_cat":[30,417,430,31],"product_tag":[1034,992,1033],"class_list":{"0":"post-8976","1":"product","2":"type-product","3":"status-publish","4":"has-post-thumbnail","6":"product_cat-by-industry","7":"product_cat-custom-perfume-boxes-by-industry","8":"product_cat-folding-cartons","9":"product_cat-paper-box-style","10":"product_tag-luxury-perfume-folding-carton-box","11":"product_tag-perfume-folding-carton-box","12":"product_tag-personalized-custom-box","14":"first","15":"instock","16":"shipping-taxable","17":"product-type-grouped"},"_links":{"self":[{"href":"https:\/\/zojopackaging.com\/it\/wp-json\/wp\/v2\/product\/8976","targetHints":{"allow":["GET"]}}],"collection":[{"href":"https:\/\/zojopackaging.com\/it\/wp-json\/wp\/v2\/product"}],"about":[{"href":"https:\/\/zojopackaging.com\/it\/wp-json\/wp\/v2\/types\/product"}],"version-history":[{"count":1,"href":"https:\/\/zojopackaging.com\/it\/wp-json\/wp\/v2\/product\/8976\/revisions"}],"predecessor-version":[{"id":8990,"href":"https:\/\/zojopackaging.com\/it\/wp-json\/wp\/v2\/product\/8976\/revisions\/8990"}],"wp:featuredmedia":[{"embeddable":true,"href":"https:\/\/zojopackaging.com\/it\/wp-json\/wp\/v2\/media\/8978"}],"wp:attachment":[{"href":"https:\/\/zojopackaging.com\/it\/wp-json\/wp\/v2\/media?parent=8976"}],"wp:term":[{"taxonomy":"product_brand","embeddable":true,"href":"https:\/\/zojopackaging.com\/it\/wp-json\/wp\/v2\/product_brand?post=8976"},{"taxonomy":"product_cat","embeddable":true,"href":"https:\/\/zojopackaging.com\/it\/wp-json\/wp\/v2\/product_cat?post=8976"},{"taxonomy":"product_tag","embeddable":true,"href":"https:\/\/zojopackaging.com\/it\/wp-json\/wp\/v2\/product_tag?post=8976"}],"curies":[{"name":"wp","href":"https:\/\/api.w.org\/{rel}","templated":true}]}}