{"id":8984,"date":"2025-03-31T20:20:06","date_gmt":"2025-03-31T12:20:06","guid":{"rendered":"https:\/\/zojopackaging.com\/?post_type=product&#038;p=8984"},"modified":"2025-03-31T20:33:34","modified_gmt":"2025-03-31T12:33:34","slug":"custom-luxury-skincare-cosmetic-packaging-boxes-wholesale","status":"publish","type":"product","link":"https:\/\/zojopackaging.com\/it\/product\/custom-luxury-skincare-cosmetic-packaging-boxes-wholesale\/","title":{"rendered":"Personalizzato lusso Skincare cosmetici imballaggio scatole all'ingrosso"},"content":{"rendered":"<h2 id=\"1-aesthetic-design-concept-\">1.\u00a0<strong>Concetto di design estetico<\/strong><\/h2>\n<ol>\n<li><strong>Estetica classica a contrasto di colore<\/strong>\u00a0Il corpo della scatola adotta un design bicolore bianco all'esterno e nero all'interno. La texture bianca opaca all'esterno simboleggia il concetto di purezza del marchio, mentre il materiale satinato nero all'interno crea una sensazione misteriosa e nobile. Il nastro di raso nero \u00e8 abbinato a una targhetta metallica personalizzata con il logo per migliorare il senso della cerimonia e il livello visivo dell'apertura della scatola.<\/li>\n<li><strong>Design strutturale umanizzato<\/strong>\u00a0Adottando una struttura flip-top integrata, il coperchio della scatola e il corpo della scatola sono collegati senza soluzione di continuit\u00e0 e l'angolo di apertura e chiusura raggiunge i 120\u00b0, mostrando perfettamente l'effetto espositivo del prodotto. La cerniera \u00e8 dotata di una lamiera d'acciaio elastica, che non si \u00e8 deformata dopo migliaia di test di apertura e chiusura, ed \u00e8 adatta all'esposizione al banco e alle scene di regalo.<\/li>\n<\/ol>\n<h2 id=\"2-professional-material-technology-\">2.\u00a0<strong>Tecnologia professionale dei materiali<\/strong><\/h2>\n<ol>\n<li><strong>Materiale protettivo di livello militare<\/strong><\/li>\n<li><strong>Struttura principale<\/strong>: Cartone grigio ad alta densit\u00e0 da 1200 GSM + pressatura composita di carta patinata da 157 GSM, con una resistenza alla compressione di 80 kg\/\u33a1, di gran lunga superiore agli standard del settore.<\/li>\n<li><strong>Trattamento della superficie<\/strong>: La scatola esterna \u00e8 rivestita di vernice UV per evitare graffi, mentre il processo di floccaggio della parete interna \u00e8 delicato e ha superato la certificazione ambientale REACH dell'UE.<\/li>\n<li><strong>Sistema di rivestimento intelligente<\/strong>\u00a0Vassoio interno in materiale composito EVA+satinico personalizzato in base ai dati di scansione 3D del prodotto, con una tolleranza di posizionamento precisa \u22640,3 mm, e il test antisismico dimostra che il tasso di danni da trasporto pu\u00f2 essere ridotto a meno di 0,5%.<\/li>\n<\/ol>\n<h2 id=\"iii-brand-empowerment-value-\">3. <strong>Valore di potenziamento del marchio<\/strong><\/h2>\n<ol>\n<li><strong>Adattabilit\u00e0 alle scene di alto livello<\/strong>\u00a0Progettato per le categorie di fascia alta, come i set di essenze, le confezioni regalo in polvere liofilizzata, i profumi in edizione limitata, ecc., supporta oltre 20 tipi di personalizzazione del processo, come la stampa a caldo, l'incisione a rilievo e l'incisione a laser, contribuendo ad aumentare il premio del marchio di 30%-50%.<\/li>\n<li><strong>Garanzia di servizio full-link<\/strong><\/li>\n<li><strong>16 anni di esperienza nella produzione intelligente<\/strong>2000\u33a1 fabbrica standardizzata, 50 team di professionisti, e il ciclo di consegna dalla prova di progettazione alla produzione di massa \u00e8 ridotto a 15 giorni (la media del settore \u00e8 di 25 giorni).<\/li>\n<li><strong>Sistema di approvvigionamento del commercio estero<\/strong>: Ha superato l'ispezione di fabbrica e la certificazione di Amazon, AliExpress e altre piattaforme, fornendo imballaggi certificati FSC, modelli speciali transfrontalieri e servizi di nesting manuale multilingue.<\/li>\n<\/ol>\n<h2 id=\"iv-cooperation-process-\">4. <strong>Processo di cooperazione<\/strong><\/h2>\n<ol>\n<li><strong>Comunicazione della domanda<\/strong>: Fornire dati sulle dimensioni\/peso\/ambiente di trasporto del prodotto \u2192 Modellazione 3D<\/li>\n<li><strong>Conferma della prova di stampa<\/strong>: Inviare i campioni fisici entro 5 giorni lavorativi (comprese le 3 soluzioni di rivestimento).<\/li>\n<li><strong>Consegna della produzione di massa<\/strong>: Ordine minimo di 500 pezzi, supporto per la produzione accelerata in 48 ore, logistica globale DDP a domicilio.<\/li>\n<\/ol>","protected":false},"excerpt":{"rendered":"<p>1. Il corpo della scatola \u00e8 bianco all'esterno e nero all'interno. La combinazione di colori bianco e nero \u00e8 semplice ed elegante, ed \u00e8 pi\u00f9 raffinata con un nastro nero.<br \/>\n2. Il coperchio della scatola \u00e8 collegato al corpo della scatola con un design pieghevole, che consente di esporre perfettamente il prodotto.<br \/>\n3. Il materiale \u00e8 costituito da un cartone grigio da 1200 GSM e da una carta patinata da 157 GSM, che \u00e8 dura e pu\u00f2 proteggere meglio il prodotto.<br \/>\n4. La fodera \u00e8 progettata in base alla forma del prodotto e l'imbottitura in raso svolge un ruolo di fissaggio per evitare scosse e urti durante il trasporto.<\/p>","protected":false},"featured_media":8987,"template":"","meta":[],"product_brand":[],"product_cat":[30,390,424,31],"product_tag":[1037,1035,1036],"class_list":{"0":"post-8984","1":"product","2":"type-product","3":"status-publish","4":"has-post-thumbnail","6":"product_cat-by-industry","7":"product_cat-custom-cosmetics-boxes","8":"product_cat-magnetic-closure-boxes","9":"product_cat-paper-box-style","10":"product_tag-cosmetic-packaging-boxes-wholesale","11":"product_tag-custom-skincare-packaging","12":"product_tag-luxury-cosmetic-packaging","14":"first","15":"instock","16":"shipping-taxable","17":"product-type-simple"},"_links":{"self":[{"href":"https:\/\/zojopackaging.com\/it\/wp-json\/wp\/v2\/product\/8984","targetHints":{"allow":["GET"]}}],"collection":[{"href":"https:\/\/zojopackaging.com\/it\/wp-json\/wp\/v2\/product"}],"about":[{"href":"https:\/\/zojopackaging.com\/it\/wp-json\/wp\/v2\/types\/product"}],"version-history":[{"count":1,"href":"https:\/\/zojopackaging.com\/it\/wp-json\/wp\/v2\/product\/8984\/revisions"}],"predecessor-version":[{"id":8998,"href":"https:\/\/zojopackaging.com\/it\/wp-json\/wp\/v2\/product\/8984\/revisions\/8998"}],"wp:featuredmedia":[{"embeddable":true,"href":"https:\/\/zojopackaging.com\/it\/wp-json\/wp\/v2\/media\/8987"}],"wp:attachment":[{"href":"https:\/\/zojopackaging.com\/it\/wp-json\/wp\/v2\/media?parent=8984"}],"wp:term":[{"taxonomy":"product_brand","embeddable":true,"href":"https:\/\/zojopackaging.com\/it\/wp-json\/wp\/v2\/product_brand?post=8984"},{"taxonomy":"product_cat","embeddable":true,"href":"https:\/\/zojopackaging.com\/it\/wp-json\/wp\/v2\/product_cat?post=8984"},{"taxonomy":"product_tag","embeddable":true,"href":"https:\/\/zojopackaging.com\/it\/wp-json\/wp\/v2\/product_tag?post=8984"}],"curies":[{"name":"wp","href":"https:\/\/api.w.org\/{rel}","templated":true}]}}