{"id":8991,"date":"2025-03-31T20:29:01","date_gmt":"2025-03-31T12:29:01","guid":{"rendered":"https:\/\/zojopackaging.com\/?post_type=product&#038;p=8991"},"modified":"2025-03-31T21:02:13","modified_gmt":"2025-03-31T13:02:13","slug":"oem-cardboard-box-perfume-luxury-packaging-box-manufacturer","status":"publish","type":"product","link":"https:\/\/zojopackaging.com\/it\/product\/oem-cardboard-box-perfume-luxury-packaging-box-manufacturer\/","title":{"rendered":"OEM scatola di cartone profumo scatola di imballaggio di lusso Fornitore"},"content":{"rendered":"<h4 id=\"-1-material-upgrade-350g-white-card-four-color-printing-environmental-protection-and-texture-are-both-excellent-\"><strong>1. Aggiornamento del materiale: cartoncino bianco da 350 g + stampa in quadricromia, protezione dell'ambiente e texture eccellenti.<\/strong><\/h4>\n<p>Utilizzando il cartoncino bianco da 350 g, la stampa in quadricromia, nitida e rispettosa dell'ambiente, pu\u00f2 proteggere efficacemente la bottiglia di profumo, con un tocco delicato ed elegante.<\/p>\n<h4 id=\"-2-double-card-box-structure-convenient-opening-and-closing-transportation-protection-\"><strong>2. Struttura a doppia scheda: comoda apertura e chiusura + protezione per il trasporto.<\/strong><\/h4>\n<p>Il tipo di scatola adotta una struttura a doppia scheda con coperchio superiore e inferiore. Il coperchio e il corpo della scatola sono collegati da una precisa fessura per la carta e possono essere aperti e chiusi elegantemente con una sola mano. L'errore nel processo di fustellatura \u00e8 di \u22640,1 mm, adatto per bottiglie a piena capacit\u00e0 da 30ml-100ml, e la resistenza alla compressione durante il trasporto \u00e8 aumentata di 25%.<\/p>\n<h4 id=\"-3-process-innovation-gradient-color-embossed-embossing-dual-upgrade-of-vision-and-touch-\"><strong>3. Innovazione di processo: colore sfumato + goffratura in rilievo, doppio aggiornamento della vista e del tatto<\/strong><\/h4>\n<p>Il colore sfumato \u00e8 sognante e la stampa chiara restituisce con precisione questa caratteristica. Il colore a destra \u00e8 chiaro e bello, e pu\u00f2 essere utilizzato come stile tematico del profumo estivo.<\/p>\n<h4 id=\"-4-flexible-size-full-capacity-adaptation-to-meet-diversified-needs-\"><strong>4. Dimensioni flessibili: adattamento completo della capacit\u00e0 per soddisfare esigenze diversificate.<\/strong><\/h4>\n<p>La dimensione pu\u00f2 essere personalizzata in base alla bottiglia di profumo per garantire la giusta dimensione e la stabilit\u00e0 della bottiglia. Vi aiutiamo a inviare la bottiglia alla fabbrica, e faremo una scatola campione bianca gratuitamente per testare la dimensione e la stabilit\u00e0.<\/p>\n<h4 id=\"-5-factory-strength-iso-certification-daily-production-capacity-of-60-000-pieces-\"><strong>5. Forza della fabbrica: Certificazione ISO + capacit\u00e0 produttiva giornaliera di 60.000 pezzi<\/strong><\/h4>\n<p>La fabbrica di propriet\u00e0 ha superato la certificazione del sistema di gestione della qualit\u00e0 ISO 9001, \u00e8 dotata di una macchina da stampa Heidelberg XL7508+1, di una macchina per la produzione di scatole intelligenti completamente automatica e di altre attrezzature, con una produzione giornaliera di 60.000 pezzi, e completa dalla prova di stampa alla consegna del lotto in 7 giorni.<\/p>\n<h4 id=\"-6-vip-customization-service-full-link-support-to-help-brand-upgrade-\"><strong>6. Servizio di personalizzazione VIP: supporto completo per aiutare l'aggiornamento del marchio.<\/strong><\/h4>\n<p>Fornisce 30+ database di tipi di scatole, supporta una personalizzazione profonda come la stampa a caldo del testo, la stampa a tinte piatte e i motivi in rilievo. Ad esempio, un marchio europeo ha raggiunto un tasso di premio del prodotto di 40% grazie alla tecnologia di stampa a caldo calligrafica personalizzata.<\/p>\n<h4 id=\"-7-full-process-quality-inspection-from-paper-strength-to-color-calibration-\"><strong>7. Ispezione della qualit\u00e0 dell'intero processo: dalla resistenza della carta alla calibrazione del colore<\/strong><\/h4>\n<p>Eseguire 12 procedure di ispezione della qualit\u00e0, tra cui il test di umidit\u00e0 per 24 ore (errore \u00b15%), il test di caduta (altezza 1,2 metri) e la calibrazione dell'errore CMYK del colore \u22643%, per garantire che il tasso di perdita nel trasporto sia \u22640,3%.<\/p>","protected":false},"excerpt":{"rendered":"<p>Questa scatola \u00e8 stata personalizzata per un marchio internazionale di profumi da salone. Grazie al processo di colorazione sfumata, \u00e8 diventata un successo sui social media durante la Settimana della moda di Parigi 2024 e il tasso di riacquisto \u00e8 aumentato del 35%.<\/p>","protected":false},"featured_media":8994,"template":"","meta":[],"product_brand":[],"product_cat":[30,417,430,31],"product_tag":[934,1038,1039],"class_list":{"0":"post-8991","1":"product","2":"type-product","3":"status-publish","4":"has-post-thumbnail","6":"product_cat-by-industry","7":"product_cat-custom-perfume-boxes-by-industry","8":"product_cat-folding-cartons","9":"product_cat-paper-box-style","10":"product_tag-box-manufacturer","11":"product_tag-oem-cardboard-box","12":"product_tag-perfume-luxury-packaging-box","14":"first","15":"instock","16":"shipping-taxable","17":"product-type-grouped"},"_links":{"self":[{"href":"https:\/\/zojopackaging.com\/it\/wp-json\/wp\/v2\/product\/8991","targetHints":{"allow":["GET"]}}],"collection":[{"href":"https:\/\/zojopackaging.com\/it\/wp-json\/wp\/v2\/product"}],"about":[{"href":"https:\/\/zojopackaging.com\/it\/wp-json\/wp\/v2\/types\/product"}],"version-history":[{"count":1,"href":"https:\/\/zojopackaging.com\/it\/wp-json\/wp\/v2\/product\/8991\/revisions"}],"predecessor-version":[{"id":9007,"href":"https:\/\/zojopackaging.com\/it\/wp-json\/wp\/v2\/product\/8991\/revisions\/9007"}],"wp:featuredmedia":[{"embeddable":true,"href":"https:\/\/zojopackaging.com\/it\/wp-json\/wp\/v2\/media\/8994"}],"wp:attachment":[{"href":"https:\/\/zojopackaging.com\/it\/wp-json\/wp\/v2\/media?parent=8991"}],"wp:term":[{"taxonomy":"product_brand","embeddable":true,"href":"https:\/\/zojopackaging.com\/it\/wp-json\/wp\/v2\/product_brand?post=8991"},{"taxonomy":"product_cat","embeddable":true,"href":"https:\/\/zojopackaging.com\/it\/wp-json\/wp\/v2\/product_cat?post=8991"},{"taxonomy":"product_tag","embeddable":true,"href":"https:\/\/zojopackaging.com\/it\/wp-json\/wp\/v2\/product_tag?post=8991"}],"curies":[{"name":"wp","href":"https:\/\/api.w.org\/{rel}","templated":true}]}}