{"id":9008,"date":"2025-03-31T21:02:51","date_gmt":"2025-03-31T13:02:51","guid":{"rendered":"https:\/\/zojopackaging.com\/?post_type=product&#038;p=9008"},"modified":"2025-03-31T21:27:31","modified_gmt":"2025-03-31T13:27:31","slug":"custom-logo-soft-touch-cardboard-stock-perfume-paper-box-supplier","status":"publish","type":"product","link":"https:\/\/zojopackaging.com\/it\/product\/custom-logo-soft-touch-cardboard-stock-perfume-paper-box-supplier\/","title":{"rendered":"Fornitore su ordinazione della scatola di carta del profumo di riserva del cartone di tocco morbido di logo"},"content":{"rendered":"<h3 id=\"-1-high-quality-white-card-material-firm-box-type-stable-support-\"><strong>1. Materiale in cartoncino bianco di alta qualit\u00e0: tipo di scatola solida, supporto stabile.<\/strong><\/h3>\n<p>Utilizzando come materiale di base un cartoncino monopolvere da 350 g (come il cartoncino di prima scelta Invercote), la superficie \u00e8 liscia e delicata, il colore del disegno \u00e8 accuratamente ripristinato dalla stampa in quadricromia e la rigidit\u00e0 \u00e8 aumentata da 40%. Il cartone \u00e8 certificato FSC e soddisfa gli standard di protezione ambientale REACH dell'UE. \u00c8 delicato come la seta e protegge efficacemente la bottiglia di profumo.<\/p>\n<h3 id=\"-2-compact-box-design-space-utilization-rate-reaches-95-\"><strong>2. Design compatto del box: il tasso di utilizzo dello spazio raggiunge 95%<\/strong><\/h3>\n<p>Il tipo di scatola adotta una struttura a doppia scheda con coperchio superiore e inferiore. Il coperchio e il corpo della scatola sono collegati da una precisa fessura per le schede. \u00c8 adatto al tipo di bottiglia a piena capacit\u00e0 da 30ml-100ml e il tasso di utilizzo dello spazio \u00e8 aumentato di 20% rispetto al tipo di scatola tradizionale. L'errore del processo di fustellatura \u00e8 \u2264 0,1 mm, la resistenza alla compressione \u00e8 aumentata di 25% durante il trasporto.<\/p>\n<h3 id=\"-3-matt-film-coating-process-waterproof-and-wear-resistant-protect-printed-patterns-\"><strong>3. Processo di rivestimento con film opaco: impermeabile e resistente all'usura, protegge i modelli stampati.<\/strong><\/h3>\n<p>La pellicola opaca sulla superficie esalta la delicatezza al tatto, mentre il rivestimento UV migliora la lucentezza del disegno, simulando l'effetto immersivo della \"nebulizzazione della fragranza\", il tatto \u00e8 liscio come la seta e la resistenza ai graffi \u00e8 aumentata di 50%.<\/p>\n<h3 id=\"-4-professional-mold-customization-adapt-to-diverse-needs-\"><strong>4. Personalizzazione professionale dello stampo: adattarsi alle diverse esigenze<\/strong><\/h3>\n<p>La fabbrica di propriet\u00e0 \u00e8 dotata di attrezzature di fustellatura completamente automatiche, supporta 30+ chiamate di database di tipi di scatole e pu\u00f2 personalizzare profondamente il testo della stampa a caldo, i modelli in rilievo, la stampa a colori spot, ecc. Ad esempio, un marchio europeo ha raggiunto un tasso di premio del prodotto di 40% grazie alla tecnologia di stampa a caldo calligrafica personalizzata.<\/p>\n<h3 id=\"-5-simple-gradient-design-elegance-and-romance-coexist-\"><strong>5. Design semplice e sfumato: eleganza e romanticismo coesistono<\/strong><\/h3>\n<p>Il design complessivo si basa su un morbido gradiente di colori annuali popolari Pantone (come l'arancione corallo \u2192 viola elettrico) come colore principale, con un nome del marchio calligrafico, che trasmette il concetto di \"momenti preziosi\", in linea con la tonalit\u00e0 estetica dei profumi di fascia alta.<\/p>\n<h3 id=\"-6-clear-capacity-label-enhanced-information-transmission-function-\"><strong>6. Etichetta di capacit\u00e0 chiara: funzione di trasmissione delle informazioni migliorata<\/strong><\/h3>\n<p>Il corpo della scatola \u00e8 contrassegnato da un'etichetta con capacit\u00e0 di 50 ml e il processo di stampa a caldo fa s\u00ec che il carattere rifletta l'effetto stella sotto la luce, in modo che i consumatori possano identificare rapidamente le specifiche del prodotto e migliorare l'esperienza di acquisto.<\/p>\n<h3 id=\"-7-full-process-after-sales-service-first-line-response-worry-free-quality-\"><strong>7. Servizio post-vendita completo: risposta in prima linea, qualit\u00e0 senza preoccupazioni.<\/strong><\/h3>\n<p>Vengono eseguite 12 procedure di ispezione della qualit\u00e0, tra cui il test di umidit\u00e0 per 24 ore (errore \u00b1 5%) e il test di caduta (altezza 1,2 metri), e il tasso di rottura \u00e8 \u2264 0,3%. Forniamo il risarcimento dei danni, l'assicurazione di qualit\u00e0 e altre garanzie e rispondiamo ai problemi post-vendita entro 48 ore.<\/p>","protected":false},"excerpt":{"rendered":"<p>Questa scatola \u00e8 stata personalizzata per un marchio di profumi da salone di fascia alta del Medio Oriente. La pellicola opaca rende la superficie della scatola ancora ben riconoscibile sotto la forte luce del deserto e il tasso di riacquisto da parte dei clienti \u00e8 aumentato di 30%.<\/p>","protected":false},"featured_media":9013,"template":"","meta":[],"product_brand":[],"product_cat":[30,417,430,31],"product_tag":[1040,1041,864],"class_list":{"0":"post-9008","1":"product","2":"type-product","3":"status-publish","4":"has-post-thumbnail","6":"product_cat-by-industry","7":"product_cat-custom-perfume-boxes-by-industry","8":"product_cat-folding-cartons","9":"product_cat-paper-box-style","10":"product_tag-custom-logo-paper-box","11":"product_tag-paper-box-supplier","12":"product_tag-perfume-paper-box","14":"first","15":"instock","16":"shipping-taxable","17":"product-type-grouped"},"_links":{"self":[{"href":"https:\/\/zojopackaging.com\/it\/wp-json\/wp\/v2\/product\/9008","targetHints":{"allow":["GET"]}}],"collection":[{"href":"https:\/\/zojopackaging.com\/it\/wp-json\/wp\/v2\/product"}],"about":[{"href":"https:\/\/zojopackaging.com\/it\/wp-json\/wp\/v2\/types\/product"}],"version-history":[{"count":1,"href":"https:\/\/zojopackaging.com\/it\/wp-json\/wp\/v2\/product\/9008\/revisions"}],"predecessor-version":[{"id":9015,"href":"https:\/\/zojopackaging.com\/it\/wp-json\/wp\/v2\/product\/9008\/revisions\/9015"}],"wp:featuredmedia":[{"embeddable":true,"href":"https:\/\/zojopackaging.com\/it\/wp-json\/wp\/v2\/media\/9013"}],"wp:attachment":[{"href":"https:\/\/zojopackaging.com\/it\/wp-json\/wp\/v2\/media?parent=9008"}],"wp:term":[{"taxonomy":"product_brand","embeddable":true,"href":"https:\/\/zojopackaging.com\/it\/wp-json\/wp\/v2\/product_brand?post=9008"},{"taxonomy":"product_cat","embeddable":true,"href":"https:\/\/zojopackaging.com\/it\/wp-json\/wp\/v2\/product_cat?post=9008"},{"taxonomy":"product_tag","embeddable":true,"href":"https:\/\/zojopackaging.com\/it\/wp-json\/wp\/v2\/product_tag?post=9008"}],"curies":[{"name":"wp","href":"https:\/\/api.w.org\/{rel}","templated":true}]}}