{"id":9017,"date":"2025-03-31T21:41:20","date_gmt":"2025-03-31T13:41:20","guid":{"rendered":"https:\/\/zojopackaging.com\/?post_type=product&#038;p=9017"},"modified":"2025-03-31T21:55:07","modified_gmt":"2025-03-31T13:55:07","slug":"custom-printing-perfume-matt-finishing-paper-box-manufacturer","status":"publish","type":"product","link":"https:\/\/zojopackaging.com\/it\/product\/custom-printing-perfume-matt-finishing-paper-box-manufacturer\/","title":{"rendered":"Personalizzato stampa profumo opaco finitura scatola di carta Fornitore"},"content":{"rendered":"<h3 id=\"-1-single-powder-card-material-single-sided-coating-balance-between-printing-accuracy-and-cost-\"><strong>1. Materiale della carta a polvere singola + rivestimento su un solo lato: equilibrio tra precisione di stampa e costi<\/strong><\/h3>\n<p>Utilizzando carta in cartoncino monopolvere da 350 g (come il cartoncino di prima scelta Invercote), la superficie \u00e8 ricoperta da una patinatura opaca, adatta alla stampa in quadricromia ad alta precisione, che garantisce che l'orologio e i numeri romani (XII\/I\/VIII, ecc.) stampati a caldo siano chiari e nitidi. Il processo di verniciatura su un solo lato non solo riduce i costi di stampa, ma migliora anche la delicatezza del tocco, che si adatta al tono di alto livello di slogan di marca come \"PERFUME OF YOU\".<\/p>\n<h3 id=\"-2-hot-stamping-uv-mirror-process-double-the-visual-impact-\"><strong>2. Stampa a caldo + processo di specchiatura UV: doppio impatto visivo<\/strong><\/h3>\n<p>La scatola di sinistra utilizza la stampa a caldo per presentare un orologio che scorre e un motivo a vite, e l'oro riflette l'effetto stella sullo sfondo opaco; la scatola di destra utilizza la tecnologia a specchio UV, e il colore sfumato arancione-rosa \u00e8 tridimensionale come la nebulizzazione del profumo, e il tocco \u00e8 liscio come la seta. Entrambi i processi hanno superato la certificazione tedesca del Reno e la resistenza all'usura raggiunge il livello IP54, assicurando che il motivo non si usuri durante il trasporto.<\/p>\n<h3 id=\"-3-full-dimensional-customization-of-perfume-card-boxes-flexible-adaptation-of-size-material-process-\"><strong>3. Personalizzazione a tutto tondo delle scatole di cartone per profumi: adattamento flessibile di dimensioni\/materiale\/processo<\/strong><\/h3>\n<p>Supporta la personalizzazione di tipi di bottiglie da 30ml-100ml e l'errore di dimensione della scatola \u00e8 \u2264\u00b11mm. Il materiale pu\u00f2 essere scelto tra il cartoncino bianco da 350 g o la carta ecologica in polpa di bamb\u00f9, mentre il processo comprende la goffratura, la stampa a colori, ecc. Ad esempio, una scatola magnetica personalizzata da un marchio europeo riproduce il disegno della stella del LOGO del marchio attraverso la tecnologia UV gradient, e il tasso di premio \u00e8 aumentato di 40%.<\/p>\n<h3 id=\"-4-zojo-print-16-years-of-industry-experience-paper-box-customization-expert-\"><strong>4. ZOJO Print 16 anni di esperienza nel settore: esperto di personalizzazione di scatole di carta<\/strong><\/h3>\n<p>Impegnata da 16 anni nel settore delle confezioni di profumi, serve pi\u00f9 di 500 marchi internazionali, come Dior, Jo Malone, ecc. La fabbrica di propriet\u00e0 \u00e8 dotata di una macchina da stampa Heidelberg XL7508+1 e di una linea di fustellatura completamente automatica, con una capacit\u00e0 produttiva giornaliera di 60.000 pezzi, e completa il processo dalla prova di stampa alla consegna in 7 giorni, e ha ottenuto la certificazione ISO 9001 e FSC.<\/p>\n<h3 id=\"-5-1-3-days-of-ultra-fast-proofing-seize-the-market-opportunity-\"><strong>5. 1-3 giorni di prova ultraveloce: cogliere l'opportunit\u00e0 del mercato<\/strong><\/h3>\n<p>Basandosi sul sistema di prestampa digitale, supporta la produzione diretta di file sorgente CDR\/AI e il campione pi\u00f9 veloce \u00e8 di 1 giorno. Ad esempio, per una scatola ambra sfumata nel deserto, personalizzata con urgenza da un marchio mediorientale, sono bastate 24 ore dalla conferma del progetto alla realizzazione della prova di stampa, con un'efficienza superiore di 300% rispetto alle fabbriche tradizionali.<\/p>\n<h3 id=\"-6-technical-sales-team-full-link-consultants-who-understand-production-processes-\"><strong>6. Team tecnico di vendita: consulenti full-link che comprendono i processi di produzione<\/strong><\/h3>\n<p>100% del team di vendita ha pi\u00f9 di 5 anni di esperienza nella produzione di scatole di carta ed \u00e8 in grado di fornire soluzioni per l'intero processo, dalla selezione dei materiali (come il film opaco o il rivestimento UV), all'ottimizzazione della struttura della scatola (come il coperchio superiore e inferiore o il tipo di cassetto), fino al controllo dei costi, per garantire che la progettazione e la produzione siano altamente compatibili.<\/p>\n<h3 id=\"-7-full-process-quality-inspection-12-processes-to-ensure-quality-\"><strong>7. Ispezione di qualit\u00e0 dell'intero processo: 12 processi per garantire la qualit\u00e0<\/strong><\/h3>\n<p>Eseguendo 12 processi di ispezione della qualit\u00e0 come la \"calibrazione del colore di stampa (errore CMYK \u22643%) \u2192 test di adesione alla stampa a caldo (esperimento di distacco del nastro) \u2192 test di caduta (1,2 metri di altezza) \u2192 test di umidit\u00e0 su 24 ore (errore \u00b15%)\", il tasso di perdita nel trasporto \u00e8 \u22640,3% e il tasso di reclamo dei clienti \u00e8 inferiore alla media del settore di 90%.<\/p>","protected":false},"excerpt":{"rendered":"<p>Una confezione regalo a tema \"Tempo e profumo\" personalizzata per un marchio francese di profumi da salone: -\u00a0<strong>Scatola a sinistra<\/strong>: L'orologio con numeri romani dorati (XII\/I\/VIII) \u00e8 abbinato a un rivestimento UV sfumato di rosa Morandi per trasmettere il concetto di \"eleganza eterna\"; - Il modello \u00e8 stato realizzato con una serie di elementi che lo rendono unico nel suo genere.\u00a0<strong>Box a destra<\/strong>: Il processo UV a specchio riproduce il LOGO del marchio a stella, combinato con motivi a vite in rilievo opachi, e il senso della cerimonia di unboxing \u00e8 pieno. Questo design \u00e8 stato lanciato durante il Festival di Cannes 2024, con oltre 2 milioni di esposizioni sui social media e un aumento del tasso di riacquisto di 35%.<\/p>","protected":false},"featured_media":9018,"template":"","meta":[],"product_brand":[],"product_cat":[30,417,430,31],"product_tag":[1045,243,1046],"class_list":{"0":"post-9017","1":"product","2":"type-product","3":"status-publish","4":"has-post-thumbnail","6":"product_cat-by-industry","7":"product_cat-custom-perfume-boxes-by-industry","8":"product_cat-folding-cartons","9":"product_cat-paper-box-style","10":"product_tag-custom-printing-box","11":"product_tag-paper-box-manufacturer","12":"product_tag-perfume-matte-paper-box","14":"first","15":"instock","16":"shipping-taxable","17":"product-type-grouped"},"_links":{"self":[{"href":"https:\/\/zojopackaging.com\/it\/wp-json\/wp\/v2\/product\/9017","targetHints":{"allow":["GET"]}}],"collection":[{"href":"https:\/\/zojopackaging.com\/it\/wp-json\/wp\/v2\/product"}],"about":[{"href":"https:\/\/zojopackaging.com\/it\/wp-json\/wp\/v2\/types\/product"}],"version-history":[{"count":1,"href":"https:\/\/zojopackaging.com\/it\/wp-json\/wp\/v2\/product\/9017\/revisions"}],"predecessor-version":[{"id":9033,"href":"https:\/\/zojopackaging.com\/it\/wp-json\/wp\/v2\/product\/9017\/revisions\/9033"}],"wp:featuredmedia":[{"embeddable":true,"href":"https:\/\/zojopackaging.com\/it\/wp-json\/wp\/v2\/media\/9018"}],"wp:attachment":[{"href":"https:\/\/zojopackaging.com\/it\/wp-json\/wp\/v2\/media?parent=9017"}],"wp:term":[{"taxonomy":"product_brand","embeddable":true,"href":"https:\/\/zojopackaging.com\/it\/wp-json\/wp\/v2\/product_brand?post=9017"},{"taxonomy":"product_cat","embeddable":true,"href":"https:\/\/zojopackaging.com\/it\/wp-json\/wp\/v2\/product_cat?post=9017"},{"taxonomy":"product_tag","embeddable":true,"href":"https:\/\/zojopackaging.com\/it\/wp-json\/wp\/v2\/product_tag?post=9017"}],"curies":[{"name":"wp","href":"https:\/\/api.w.org\/{rel}","templated":true}]}}