{"id":9051,"date":"2025-04-01T09:39:24","date_gmt":"2025-04-01T01:39:24","guid":{"rendered":"https:\/\/zojopackaging.com\/?post_type=product&#038;p=9051"},"modified":"2025-04-01T09:56:44","modified_gmt":"2025-04-01T01:56:44","slug":"oem-odm-order-custom-press-on-nail-packaging-boxes-in-bulk","status":"publish","type":"product","link":"https:\/\/zojopackaging.com\/it\/product\/oem-odm-order-custom-press-on-nail-packaging-boxes-in-bulk\/","title":{"rendered":"Ordine dell'OEM ODM Stampa personalizzata sulle scatole d'imballaggio del chiodo in massa"},"content":{"rendered":"<h2 id=\"oem-odm-customized-press-on-nail-packaging-box-product-description\">OEM ODM personalizzato Press-on Nail Packaging Box<\/h2>\n<h2 id=\"-1-innovative-box-design-double-sided-magnetic-box-\"><strong>1. Design innovativo della scatola: Scatola magnetica a doppia faccia<\/strong><\/h2>\n<p>Adottare\u00a0<strong>tecnologia di apertura e chiusura magnetica precisa<\/strong>\u00a0per garantire l'assorbimento senza soluzione di continuit\u00e0 tra il coperchio e il corpo della scatola, l'apertura e la chiusura senza inceppamenti e migliorare l'esperienza dell'utente. L'esclusivo design a doppia faccia della scatola magnetica combina\u00a0<strong>impatto visivo e funzionalit\u00e0<\/strong>che pu\u00f2 migliorare la riconoscibilit\u00e0 del marchio ed \u00e8 adatto a marchi di unghie di fascia alta o a prodotti in edizione limitata.<\/p>\n<h2 id=\"-2-minimalist-white-box-body-\"><strong>2. Corpo minimalista a scatola bianca<\/strong><\/h2>\n<p>Il corpo della scatola utilizza\u00a0<strong>substrato bianco puro<\/strong>\u00a0per massimizzare la chiarezza e la saturazione del colore dei contenuti stampati, particolarmente adatti per la visualizzazione di loghi di marca, motivi artistici o informazioni sui prodotti, creando una \"attrazione a prima vista\" per i consumatori.<\/p>\n<h2 id=\"-3-environmentally-friendly-material-combination-\"><strong>3. Combinazione di materiali rispettosi dell'ambiente<\/strong><\/h2>\n<p>Adottare\u00a0<strong>Carta patinata C2S da 157 g + cartone rigido da 1200 g<\/strong>tenendo conto sia della resistenza che della consistenza. La superficie della carta C2S \u00e8 delicata e liscia, adatta per la stampa ad alta precisione; il cartone rigido garantisce la resistenza alla pressione, si conforma alla\u00a0<strong>tendenza dell'imballaggio sostenibile<\/strong>\u00a0(riciclabile e degradabile) e soddisfa i requisiti di certificazione ambientale dei mercati europei e americani.<\/p>\n<h2 id=\"-4-luxury-hot-stamping-process-\"><strong>4. Processo di stampa a caldo di lusso<\/strong><\/h2>\n<p>Attraverso\u00a0<strong>processo di stampa a caldo personalizzato<\/strong>\u00a0(oro\/argento\/oro rosa e altri colori opzionali), l'effetto di lucentezza metallica si ottiene nelle aree chiave della superficie della scatola (come il LOGO del marchio, il bordo), migliorando la\u00a0<strong>texture e livello visivo di alto livello<\/strong>\u00a0della confezione, che \u00e8 adatta per i marchi di unghie di lusso leggero o per le confezioni regalo per le vacanze.<\/p>\n<h2 id=\"-5-flexible-customization-service-\"><strong>5. Servizio di personalizzazione flessibile<\/strong><\/h2>\n<ul>\n<li><strong>Sviluppo a scatola chiusa<\/strong>: Supportare progetti strutturali speciali, come scatole e cassettiere di forma speciale, e sviluppare\u00a0<strong>Tipi di scatola brevettati<\/strong>\u00a0in base alle esigenze del marchio per migliorare la competitivit\u00e0 differenziata.<\/li>\n<li><strong>Fodera in EVA<\/strong>: Personalizzazione\u00a0<strong>fodera in EVA con precisione<\/strong>\u00a0in base alle dimensioni e alla forma dei prodotti per unghie push-on per fissare il prodotto e prevenire l'usura da trasporto, ottimizzando l'utilizzo dello spazio e riducendo i costi del volume di imballaggio.<\/li>\n<li><strong>Personalizzazione completa dei parametri<\/strong>: dimensioni, colore, materiale, effetto di stampa (come vernice UV locale, goffratura) possono essere adattati per soddisfare le esigenze delle diverse linee di prodotto.<\/li>\n<\/ul>\n<h2 id=\"-6-advantages-of-the-source-factory-\"><strong>6. Vantaggi della fabbrica sorgente<\/strong><\/h2>\n<p>In qualit\u00e0 di fabbrica di origine della personalizzazione degli imballaggi di fascia alta in Cina, fornisce\u00a0<strong>Servizi ODM\/OEM one-stop<\/strong>:<\/p>\n<ul>\n<li><strong>Competitivit\u00e0 dei prezzi<\/strong>: Linea di produzione propria e acquisti su larga scala per garantire costi ottimali.<\/li>\n<li><strong>Garanzia di qualit\u00e0<\/strong>: Ha superato la certificazione del sistema di gestione della qualit\u00e0 ISO 9001 e il rigoroso processo di controllo della qualit\u00e0.<\/li>\n<li><strong>Prova rapida<\/strong>: Fornire campioni fisici entro 3-5 giorni lavorativi per abbreviare il ciclo di lancio del prodotto.<\/li>\n<\/ul>\n<p>(Nota: la soluzione sopra descritta pu\u00f2 essere adattata in modo flessibile a prodotti come smalti per unghie, unghie indossabili, strumenti per nail art, ecc., supportare un ordine minimo di 500 pezzi e soddisfare le esigenze di produzione di prova di piccoli e medi lotti).<\/p>\n<p>Se avete bisogno di comunicare ulteriormente la soluzione del tipo di scatola o di ottenere un preventivo, contattate il nostro team di progettazione.<\/p>","protected":false},"excerpt":{"rendered":"<p><strong>\"Capacit\u00e0 di personalizzazione a tutto tondo, dalla progettazione alla consegna\".<\/strong>: Grazie alla banca dati di tipo scatolare sviluppata in proprio e alla linea di produzione flessibile, siamo in grado di soddisfare le esigenze dei nostri clienti.\u00a0<strong>tipo di scatola magnetica ad alta precisione, materiali ecocompatibili, processo di stampaggio a caldo<\/strong>\u00a0e altre esigenze di base, ma anche di combinare il posizionamento del marchio e le tendenze del mercato per sviluppare\u00a0<strong>Tipo di scatola brevettato e struttura innovativa<\/strong>\u00a0(come il meccanismo di aspirazione magnetica che pu\u00f2 essere aperto e chiuso ripetutamente, il sistema di rivestimento modulare), per aiutare i marchi ad affermarsi.\u00a0<strong>punti di memoria visiva e barriere dell'esperienza utente<\/strong> nel mercato della nail art<\/p>","protected":false},"featured_media":9060,"template":"","meta":[],"product_brand":[],"product_cat":[30,413,428,31],"product_tag":[1056,1057,1055],"class_list":{"0":"post-9051","1":"product","2":"type-product","3":"status-publish","4":"has-post-thumbnail","6":"product_cat-by-industry","7":"product_cat-consumer-electronics-boxes","8":"product_cat-irregular-shaped-gift-boxes","9":"product_cat-paper-box-style","10":"product_tag-custom-press-on-nail-packaging","11":"product_tag-oem-odm-press-on-nail-boxes","12":"product_tag-press-on-nail-packaging-boxes","14":"first","15":"instock","16":"shipping-taxable","17":"product-type-simple"},"_links":{"self":[{"href":"https:\/\/zojopackaging.com\/it\/wp-json\/wp\/v2\/product\/9051","targetHints":{"allow":["GET"]}}],"collection":[{"href":"https:\/\/zojopackaging.com\/it\/wp-json\/wp\/v2\/product"}],"about":[{"href":"https:\/\/zojopackaging.com\/it\/wp-json\/wp\/v2\/types\/product"}],"version-history":[{"count":1,"href":"https:\/\/zojopackaging.com\/it\/wp-json\/wp\/v2\/product\/9051\/revisions"}],"predecessor-version":[{"id":9063,"href":"https:\/\/zojopackaging.com\/it\/wp-json\/wp\/v2\/product\/9051\/revisions\/9063"}],"wp:featuredmedia":[{"embeddable":true,"href":"https:\/\/zojopackaging.com\/it\/wp-json\/wp\/v2\/media\/9060"}],"wp:attachment":[{"href":"https:\/\/zojopackaging.com\/it\/wp-json\/wp\/v2\/media?parent=9051"}],"wp:term":[{"taxonomy":"product_brand","embeddable":true,"href":"https:\/\/zojopackaging.com\/it\/wp-json\/wp\/v2\/product_brand?post=9051"},{"taxonomy":"product_cat","embeddable":true,"href":"https:\/\/zojopackaging.com\/it\/wp-json\/wp\/v2\/product_cat?post=9051"},{"taxonomy":"product_tag","embeddable":true,"href":"https:\/\/zojopackaging.com\/it\/wp-json\/wp\/v2\/product_tag?post=9051"}],"curies":[{"name":"wp","href":"https:\/\/api.w.org\/{rel}","templated":true}]}}