{"id":9064,"date":"2025-04-01T09:57:02","date_gmt":"2025-04-01T01:57:02","guid":{"rendered":"https:\/\/zojopackaging.com\/?post_type=product&#038;p=9064"},"modified":"2025-04-01T10:13:42","modified_gmt":"2025-04-01T02:13:42","slug":"custom-luxury-perfume-packaging-gift-box-wholesale-supplier","status":"publish","type":"product","link":"https:\/\/zojopackaging.com\/it\/product\/custom-luxury-perfume-packaging-gift-box-wholesale-supplier\/","title":{"rendered":"Personalizzato lusso profumo imballaggio scatola regalo fornitore all'ingrosso"},"content":{"rendered":"<h2 id=\"customized-luxury-perfume-packaging-gift-box-wholesale-supplier-product-description\">Personalizzato profumo di lusso Packaging Gift Box Fornitore all'ingrosso Descrizione del prodotto<\/h2>\n<p>In qualit\u00e0 di fabbrica di imballaggi personalizzati di fascia alta in Cina, ci concentriamo sulla fornitura ai marchi di profumi di\u00a0<strong>confezioni regalo di lusso flip-top<\/strong>\u00a0che sono sia estetici che pratici, rispondendo alle diverse esigenze del marchio in termini di lusso, funzionalit\u00e0 ed efficienza produttiva. Di seguito sono riportati i punti salienti del prodotto:<\/p>\n<h2 id=\"1-one-handed-opening-and-closing-flip-design-efficient-and-convenient-\">1.\u00a0<strong>Design a ribalta per l'apertura e la chiusura con una sola mano, efficiente e conveniente<\/strong><\/h2>\n<p>Adottando un'innovativa struttura flip box, grazie alle cerniere di precisione e al design ergonomico delle scanalature, gli utenti devono solo spingere con una mano per aprire e chiudere rapidamente. Un feedback tattile (come un suono nitido) viene fornito quando il coperchio della scatola \u00e8 chiuso, per garantire un funzionamento intuitivo e affidabile. L'interno \u00e8 abbinato a un rivestimento in EVA personalizzato per fissare il corpo della bottiglia di profumo. Dopo l'apertura del coperchio, \u00e8 possibile estrarlo direttamente, evitando passaggi noiosi e adattandosi a scenari di consumo veloci.<\/p>\n<h2 id=\"2-pure-black-background-color-enhanced-visual-clarity-\">2.\u00a0<strong>Colore di sfondo nero puro, maggiore chiarezza visiva<\/strong><\/h2>\n<p>Il corpo principale della confezione regalo adotta un substrato nero di elevata purezza (come il cartoncino grigio in carta doppio rame da 157 g o il cartone speciale), e il contrasto \u00e8 migliorato dal trattamento opaco\/lucido. Lo sfondo nero pu\u00f2 massimizzare i dettagli del testo stampato a caldo, del logo del marchio o del motivo in rilievo, ed \u00e8 particolarmente adatto per la visualizzazione di un design artistico complesso o di informazioni di alta precisione sul marchio. La combinazione di nero e oro, ad esempio, pu\u00f2 aumentare l'impatto visivo di 40%, attirando cos\u00ec pi\u00f9 facilmente l'attenzione dei consumatori nell'esposizione a scaffale.<\/p>\n<h2 id=\"3-hot-stamping-technology-luxurious-texture-upgrade-\">3. Oro h<strong>tecnologia della lamina di stampaggio, aggiornamento della texture di lusso<\/strong><\/h2>\n<p>Grazie alla tecnologia di stampa a caldo in oro 3D, la lamina metallica viene accuratamente trasferita sulla superficie della scatola attraverso l'alta temperatura e l'alta pressione per formare una texture tridimensionale (come il LOGO del marchio, il rilievo del fiore). Il contrasto tra la lucentezza metallica e lo sfondo nero crea un effetto di <strong>\"doratura della notte oscura\"<\/strong>\u00a0delicato, resistente all'usura e ai graffi. Supporta la stampa a caldo multicolore (oro\/argento\/oro rosa) e il design parzialmente vuoto per soddisfare le esigenze di tonalit\u00e0 differenziate del marchio.<\/p>\n<h2 id=\"4-spot-uv-ink-technology-to-improve-production-efficiency-\">4.\u00a0<strong>Tecnologia di inchiostro UV spot per migliorare l'efficienza di produzione<\/strong><\/h2>\n<p>Grazie alla tecnologia di velatura UV locale, l'inchiostro viene rapidamente polimerizzato dai raggi ultravioletti e il tempo di asciugatura si riduce di 70% rispetto ai processi tradizionali. Questa tecnologia supporta il collegamento continuo tra la stampa continua e la post-elaborazione (come la stampa a caldo e la goffratura), con una capacit\u00e0 produttiva giornaliera fino a 10.000 pezzi, riducendo significativamente il ciclo di consegna. Allo stesso tempo, la verniciatura UV pu\u00f2 migliorare selettivamente la lucentezza del motivo (ad esempio alternando l'opaco al lucido), arricchendo la stratificazione dell'imballaggio.<\/p>\n<h2 id=\"5-full-dimensional-customization-service-precise-adaptation-to-needs-\">5.\u00a0<strong>Servizio di personalizzazione full-dimensionale, adattamento preciso alle esigenze<\/strong><\/h2>\n<ul>\n<li><strong>Dimensione flessibile<\/strong>: Personalizzare il diametro interno della confezione regalo in base all'altezza e al diametro della bottiglia di profumo, con un controllo dell'errore di \u00b11 mm.<\/li>\n<li><strong>Materiali opzionali<\/strong>: Fornisce fino a 12 materiali ecocompatibili come la carta doppio rame 157, il cartone grigio, la pelle speciale, ecc. e supporta la stampa con carta riciclata e inchiostro di soia.<\/li>\n<li><strong>Ottimizzazione delle funzioni<\/strong>: Il rivestimento in EVA \u00e8 modellato in base alla forma della bottiglia, le prestazioni di ammortizzazione sono migliorate di 50% e il tasso di utilizzo dello spazio \u00e8 di 95%.<\/li>\n<li><strong>Tecnologia di superficie<\/strong>: Pi\u00f9 di 20 effetti come la stampa a caldo, la goffratura, il laser, ecc. sono opzionali e supportano la progettazione di modelli esclusivi per il marchio.<\/li>\n<\/ul>\n<h2 id=\"6-advantages-of-the-source-factory-both-quality-and-cost-\">6.\u00a0<strong>Vantaggi della fabbrica di origine, sia in termini di qualit\u00e0 che di costi<\/strong><\/h2>\n<p>In qualit\u00e0 di produttore locale di imballaggi di fascia alta in Cina, integriamo le risorse della catena di fornitura, adottiamo linee di produzione automatizzate (produzione giornaliera di 1.000.000 di pezzi), riduciamo la differenza di prezzo degli intermediari e forniamo ai clienti quotazioni all'ingrosso.\u00a0<strong>15%-20% inferiore al prezzo di mercato<\/strong>. Allo stesso tempo, abbiamo superato il sistema di certificazione della qualit\u00e0 ISO per garantire il controllo di qualit\u00e0 dell'intero processo, dalla prova di stampa (consegna in 3 giorni) alla produzione di massa (7-15 giorni).<\/p>","protected":false},"excerpt":{"rendered":"<p><strong>Modello \"Fornitura diretta dalla fabbrica di origine + personalizzazione full-link\".<\/strong>: In qualit\u00e0 di produttore di imballaggi personalizzati di fascia alta in Cina, abbiamo ottenuto\u00a0<strong>\"prestazioni ad alto costo + risposta rapida\"<\/strong>\u00a0doppio passo avanti grazie a basi produttive autocostruite e servizi integrati (design \u2192 proofing \u2192 produzione \u2192 logistica). I clienti possono godere di una connessione senza soluzione di continuit\u00e0 dalla creativit\u00e0 al prodotto finito, affidandosi alla produzione su larga scala per ridurre i costi e garantendo che ogni confezione regalo di profumo abbia una consistenza di lusso e un'efficienza di livello industriale.<\/p>","protected":false},"featured_media":9065,"template":"","meta":[],"product_brand":[],"product_cat":[30,417,424,31],"product_tag":[498,342,1058],"class_list":{"0":"post-9064","1":"product","2":"type-product","3":"status-publish","4":"has-post-thumbnail","6":"product_cat-by-industry","7":"product_cat-custom-perfume-boxes-by-industry","8":"product_cat-magnetic-closure-boxes","9":"product_cat-paper-box-style","10":"product_tag-custom-perfume-packaging","11":"product_tag-perfume-gift-box","12":"product_tag-perfume-packaging","14":"first","15":"instock","16":"shipping-taxable","17":"product-type-simple"},"_links":{"self":[{"href":"https:\/\/zojopackaging.com\/it\/wp-json\/wp\/v2\/product\/9064","targetHints":{"allow":["GET"]}}],"collection":[{"href":"https:\/\/zojopackaging.com\/it\/wp-json\/wp\/v2\/product"}],"about":[{"href":"https:\/\/zojopackaging.com\/it\/wp-json\/wp\/v2\/types\/product"}],"version-history":[{"count":1,"href":"https:\/\/zojopackaging.com\/it\/wp-json\/wp\/v2\/product\/9064\/revisions"}],"predecessor-version":[{"id":9071,"href":"https:\/\/zojopackaging.com\/it\/wp-json\/wp\/v2\/product\/9064\/revisions\/9071"}],"wp:featuredmedia":[{"embeddable":true,"href":"https:\/\/zojopackaging.com\/it\/wp-json\/wp\/v2\/media\/9065"}],"wp:attachment":[{"href":"https:\/\/zojopackaging.com\/it\/wp-json\/wp\/v2\/media?parent=9064"}],"wp:term":[{"taxonomy":"product_brand","embeddable":true,"href":"https:\/\/zojopackaging.com\/it\/wp-json\/wp\/v2\/product_brand?post=9064"},{"taxonomy":"product_cat","embeddable":true,"href":"https:\/\/zojopackaging.com\/it\/wp-json\/wp\/v2\/product_cat?post=9064"},{"taxonomy":"product_tag","embeddable":true,"href":"https:\/\/zojopackaging.com\/it\/wp-json\/wp\/v2\/product_tag?post=9064"}],"curies":[{"name":"wp","href":"https:\/\/api.w.org\/{rel}","templated":true}]}}