{"id":9072,"date":"2025-04-01T10:14:11","date_gmt":"2025-04-01T02:14:11","guid":{"rendered":"https:\/\/zojopackaging.com\/?post_type=product&#038;p=9072"},"modified":"2025-04-01T10:24:16","modified_gmt":"2025-04-01T02:24:16","slug":"luxury-custom-cosmetic-skin-care-packaging-boxes-wholesale","status":"publish","type":"product","link":"https:\/\/zojopackaging.com\/it\/product\/luxury-custom-cosmetic-skin-care-packaging-boxes-wholesale\/","title":{"rendered":"Lusso Custom cosmetici cura della pelle imballaggio scatole all'ingrosso"},"content":{"rendered":"<h2 id=\"-product-features-and-core-advantages-\"><strong>Caratteristiche del prodotto e vantaggi principali<\/strong><\/h2>\n<ol>\n<li><strong>Design piatto e pieghevole, trasporto efficiente e riduzione dei costi<\/strong>\u00a0L'innovativa struttura pieghevole pu\u00f2 essere appiattita a 1\/5 del volume originale quando viene spedita, riducendo notevolmente lo spazio occupato per il trasporto e i costi logistici. Ad esempio, analogamente alla logica di ottimizzazione dei contenitori pieghevoli, questa scatola di imballaggio \u00e8 adatta al caricamento di pallet standard dopo la piegatura, riducendo il costo del ritorno della scatola vuota e risparmiando pi\u00f9 di 20% di costi di trasporto.<\/li>\n<li><strong>Chiusura magnetica, comoda e divertente<\/strong>\u00a0Il coperchio \u00e8 dotato di un componente magnetico incorporato di alta precisione, che si apre e si chiude in modo fluido e stabile, dando agli utenti un'esperienza di \"senso del rituale\". Ad esempio, dopo che una certa marca di cosmetici ha adottato la stessa confezione regalo magnetica, i clienti hanno riferito che la comodit\u00e0 di apertura \u00e8 aumentata di 50% e il tasso di riacquisto \u00e8 aumentato in modo significativo.<\/li>\n<li><strong>Corpo della scatola completamente nero + processo di stampa a caldo, che interpreta un'estetica lussuosa<\/strong>\u00a0Il corpo della scatola utilizza un cartone speciale nero opaco o una pelle PU, combinata con un processo di stampa a caldo in oro vero a 24 carati, presentando un impatto visivo di basso profilo e lusso. Il logo stampato a caldo rifrange la lucentezza a diversi angoli di luce, rafforza il riconoscimento del marchio e si adatta al posizionamento dei cosmetici di fascia alta.<\/li>\n<li><strong>Servizio altamente personalizzato, corrispondenza precisa delle esigenze del prodotto<\/strong><\/li>\n<li><strong>Adattamento delle dimensioni<\/strong>: Supporta la personalizzazione di precisione a livello di 0,5 cm, si adatta perfettamente a prodotti di forma speciale come lo smalto a pressione e la polvere liofilizzata e riduce lo spreco di spazio interno dell'imballaggio.<\/li>\n<li><strong>Materiale e processo<\/strong>: Cartone bianco opzionale, cartone oro e argento, pelle speciale e altri materiali, combinati con stampa UV, goffratura, laser e altri processi per soddisfare le esigenze di immagine differenziata del marchio.<\/li>\n<li><strong>Colore e struttura<\/strong>: Fornisce la personalizzazione dei colori speciali Pantone, supporta diversi tipi di scatole, come il coperchio superiore e inferiore, il tipo di cassetto, il coperchio a ribalta magnetico, ecc.<\/li>\n<li><strong>Fornitura diretta dalla fabbrica di origine, doppia garanzia di qualit\u00e0 e prestazioni di costo<\/strong>\u00a0In qualit\u00e0 di produttore di imballaggi personalizzati di fascia alta in Cina, dispone di 2.000 metri quadrati di edifici di fabbrica standardizzati e di un team di professionisti di 50 persone, che integrano le risorse della catena di fornitura per ottenere 15-20 giorni di consegna estremamente rapida dalla progettazione alla produzione di massa. Grazie alla produzione su larga scala e alla gestione raffinata, il prezzo \u00e8 15%-30% inferiore al mercato con la stessa qualit\u00e0.<\/li>\n<\/ol>","protected":false},"excerpt":{"rendered":"<p><strong>Doppio vantaggio: \"design pieghevole + fornitura diretta dalla fabbrica di origine\".<\/strong>: Grazie al trasporto in piano, il costo logistico si riduce di 30% e l'approvvigionamento diretto delle materie prime da parte della fabbrica e la produzione su larga scala si combinano per ottenere un prezzo unitario della scatola di imballaggio terminale inferiore alla media del settore. Allo stesso tempo, sono garantite le ispezioni di qualit\u00e0 standard ISO e la capacit\u00e0 di consegna in loco in 48-72 ore, fornendo ai clienti una soluzione unica di\u00a0<strong>\"prestazioni ad alto costo senza compromettere la qualit\u00e0\"<\/strong>.<\/p>","protected":false},"featured_media":9076,"template":"","meta":[],"product_brand":[],"product_cat":[30,414,424,31],"product_tag":[1059,1061,1060],"class_list":{"0":"post-9072","1":"product","2":"type-product","3":"status-publish","4":"has-post-thumbnail","6":"product_cat-by-industry","7":"product_cat-custom-apparel-boxes","8":"product_cat-magnetic-closure-boxes","9":"product_cat-paper-box-style","10":"product_tag-cosmetic-packaging","11":"product_tag-custom-cosmetic-boxes-wholesale","12":"product_tag-skin-care-packaging-boxes","14":"first","15":"instock","16":"shipping-taxable","17":"product-type-simple"},"_links":{"self":[{"href":"https:\/\/zojopackaging.com\/it\/wp-json\/wp\/v2\/product\/9072","targetHints":{"allow":["GET"]}}],"collection":[{"href":"https:\/\/zojopackaging.com\/it\/wp-json\/wp\/v2\/product"}],"about":[{"href":"https:\/\/zojopackaging.com\/it\/wp-json\/wp\/v2\/types\/product"}],"version-history":[{"count":1,"href":"https:\/\/zojopackaging.com\/it\/wp-json\/wp\/v2\/product\/9072\/revisions"}],"predecessor-version":[{"id":9079,"href":"https:\/\/zojopackaging.com\/it\/wp-json\/wp\/v2\/product\/9072\/revisions\/9079"}],"wp:featuredmedia":[{"embeddable":true,"href":"https:\/\/zojopackaging.com\/it\/wp-json\/wp\/v2\/media\/9076"}],"wp:attachment":[{"href":"https:\/\/zojopackaging.com\/it\/wp-json\/wp\/v2\/media?parent=9072"}],"wp:term":[{"taxonomy":"product_brand","embeddable":true,"href":"https:\/\/zojopackaging.com\/it\/wp-json\/wp\/v2\/product_brand?post=9072"},{"taxonomy":"product_cat","embeddable":true,"href":"https:\/\/zojopackaging.com\/it\/wp-json\/wp\/v2\/product_cat?post=9072"},{"taxonomy":"product_tag","embeddable":true,"href":"https:\/\/zojopackaging.com\/it\/wp-json\/wp\/v2\/product_tag?post=9072"}],"curies":[{"name":"wp","href":"https:\/\/api.w.org\/{rel}","templated":true}]}}