{"id":9080,"date":"2025-04-01T10:24:32","date_gmt":"2025-04-01T02:24:32","guid":{"rendered":"https:\/\/zojopackaging.com\/?post_type=product&#038;p=9080"},"modified":"2025-04-01T10:36:15","modified_gmt":"2025-04-01T02:36:15","slug":"luxury-custom-logo-printed-apparel-clothing-packaging-box","status":"publish","type":"product","link":"https:\/\/zojopackaging.com\/it\/product\/luxury-custom-logo-printed-apparel-clothing-packaging-box\/","title":{"rendered":"Lusso Logo personalizzato stampato Abbigliamento Packaging Box"},"content":{"rendered":"<h2 id=\"1-foldable-flat-design-to-optimize-transportation-efficiency-\">1. Pieghevole<strong>\u00a0design piatto per ottimizzare l'efficienza del trasporto<\/strong><\/h2>\n<p>Adottando un'innovativa struttura pieghevole, lo spessore della scatola vuota dopo la piegatura \u00e8 solo 25% delle dimensioni originali, con un notevole risparmio di spazio per lo stoccaggio e il trasporto. Il materiale di cartone ad alta resistenza da 1200 g garantisce la resistenza alla pressione e agli urti durante il trasporto e riduce il tasso di rottura. La modalit\u00e0 di spedizione piatta pu\u00f2 ridurre i costi logistici di oltre 40% ed \u00e8 adatta a vari scenari di trasporto, come il trasporto marittimo e aereo.<\/p>\n<h2 id=\"2-magnetic-flip-top-fun-opening-and-closing-\">2.\u00a0<strong>Scatole con chiusura magnetica<\/strong><\/h2>\n<p>Il coperchio \u00e8 dotato di un forte dispositivo magnetico incorporato (forza magnetica superiore a 5N), che pu\u00f2 essere facilmente aperto e chiuso con una sola mano, accompagnato da un nitido effetto sonoro di adsorbimento, che aumenta il senso di rituale del disimballaggio. La struttura magnetica adotta un design nascosto e la superficie \u00e8 rivestita con carta patinata C2S da 157 g, che ha un tocco delicato e non influisce sull'effetto di stampa. Rispetto al tradizionale imballaggio a scatto, il design magnetico pu\u00f2 ridurre le perdite di apertura e chiusura ripetute di 30%.<\/p>\n<h2 id=\"3-full-dimensional-color-management-system-\">3.\u00a0<strong>Sistema di gestione del colore a dimensione completa<\/strong><\/h2>\n<p>Forniamo tinte piatte Pantone, stampa in quadricromia e processi di sfumatura metallica e supportiamo la personalizzazione dei colori principali in base al tono del marchio:<\/p>\n<ul>\n<li><strong>Mercato di fascia alta<\/strong>: bianco dorato\/perlato\/nero ossidiano, con processo di stampa a caldo\/goffratura UV<\/li>\n<li><strong>Tendenza giovane<\/strong>: arancione fluorescente\/blu elettro-ottico, utilizzando la tecnologia di stampa 3D stereo<\/li>\n<li><strong>Concetto di protezione ambientale<\/strong>: colore originale del legno, stampato con inchiostro di soia e contrassegnato dal logo della certificazione ambientale FSC.<\/li>\n<\/ul>\n<h2 id=\"4-aesthetic-details-strengthen-brand-recognition-\">4.\u00a0<strong>I dettagli estetici rafforzano il riconoscimento del marchio<\/strong><\/h2>\n<ul>\n<li><strong>Accessori per nastri<\/strong>: seta opzionale, filato di neve o materiali in poliestere riciclato, supporto incisione laser LOGO di marca<\/li>\n<li><strong>Design della fodera<\/strong>: Strato di tamponamento in EVA da 3 mm + panno floccato, protegge gli indumenti senza sgualcirli, scheda storia del marchio incorporata<\/li>\n<li><strong>Trattamento della superficie<\/strong>Rivestimento opaco\/lucido\/tattile, antimpronta e antigraffio.<\/li>\n<\/ul>\n<h2 id=\"5-full-link-deep-customization-service-\">5.\u00a0<strong>Servizio di personalizzazione profonda di tutti i link<\/strong><\/h2>\n<ul>\n<li><strong>Tipo di scatola<\/strong>: Sono disponibili 12 tipi di scatole, tra cui coperchio superiore e inferiore, scatola a forma di libro, scatola a cassetto, ecc., adatte a diverse forme di abbigliamento come abiti, cheongsam, abbigliamento sportivo, ecc.<\/li>\n<li><strong>Dimensione<\/strong>: Supporta la personalizzazione a grandezza naturale da 50\u00d730\u00d75 cm a 120\u00d780\u00d725 cm, con un errore di \u22640,5 mm.<\/li>\n<li><strong>Processo di stampa<\/strong>: 20 combinazioni di effetti come stampa a freddo, UV parziale, serigrafia, laser olografico, ecc.<\/li>\n<\/ul>\n<h2 id=\"vii-advantages-of-direct-supply-from-chinese-source-factories-\">6. <strong>Vantaggi della fornitura diretta da parte delle fabbriche cinesi<\/strong><\/h2>\n<ul>\n<li><strong>Prova di stampa gratuita<\/strong>: Consegna dei campioni fisici entro 3-5 giorni lavorativi<\/li>\n<li><strong>0 yuan design<\/strong>: Un team di professionisti fornisce soluzioni di integrazione VI, l'intelligenza artificiale genera rendering 3D<\/li>\n<li><strong>Preventivo per la scala<\/strong>: La quantit\u00e0 minima ordinabile \u00e8 di 500 pezzi e il prezzo unitario \u00e8 15%-20% inferiore al prezzo medio di mercato.<\/li>\n<\/ul>","protected":false},"excerpt":{"rendered":"<p>Grazie all'integrazione del design dell'interazione magnetica, dei materiali ecologici e dei servizi personalizzati full-link, il tasso di conversione delle scatole da imballaggio \u00e8 migliorato, rendendo il processo di disimballaggio del cliente un punto di contatto chiave per la trasmissione del valore del marchio. Prendendo come esempio un marchio di abbigliamento femminile di lusso leggero, dopo aver utilizzato scatole magnetiche placcate in oro rosa + nastri di seta, il tasso di riacquisto \u00e8 aumentato di 19% e il numero di video di unboxing sui social media ha superato i 5 milioni di volte.<\/p>","protected":false},"featured_media":9081,"template":"","meta":[],"product_brand":[],"product_cat":[30,414,424,31],"product_tag":[1063,1062,1064],"class_list":{"0":"post-9080","1":"product","2":"type-product","3":"status-publish","4":"has-post-thumbnail","6":"product_cat-by-industry","7":"product_cat-custom-apparel-boxes","8":"product_cat-magnetic-closure-boxes","9":"product_cat-paper-box-style","10":"product_tag-clothing-packaging-box","11":"product_tag-custom-apparel-box","12":"product_tag-luxury-clothing-box","14":"first","15":"instock","16":"shipping-taxable","17":"product-type-simple"},"_links":{"self":[{"href":"https:\/\/zojopackaging.com\/it\/wp-json\/wp\/v2\/product\/9080","targetHints":{"allow":["GET"]}}],"collection":[{"href":"https:\/\/zojopackaging.com\/it\/wp-json\/wp\/v2\/product"}],"about":[{"href":"https:\/\/zojopackaging.com\/it\/wp-json\/wp\/v2\/types\/product"}],"version-history":[{"count":1,"href":"https:\/\/zojopackaging.com\/it\/wp-json\/wp\/v2\/product\/9080\/revisions"}],"predecessor-version":[{"id":9086,"href":"https:\/\/zojopackaging.com\/it\/wp-json\/wp\/v2\/product\/9080\/revisions\/9086"}],"wp:featuredmedia":[{"embeddable":true,"href":"https:\/\/zojopackaging.com\/it\/wp-json\/wp\/v2\/media\/9081"}],"wp:attachment":[{"href":"https:\/\/zojopackaging.com\/it\/wp-json\/wp\/v2\/media?parent=9080"}],"wp:term":[{"taxonomy":"product_brand","embeddable":true,"href":"https:\/\/zojopackaging.com\/it\/wp-json\/wp\/v2\/product_brand?post=9080"},{"taxonomy":"product_cat","embeddable":true,"href":"https:\/\/zojopackaging.com\/it\/wp-json\/wp\/v2\/product_cat?post=9080"},{"taxonomy":"product_tag","embeddable":true,"href":"https:\/\/zojopackaging.com\/it\/wp-json\/wp\/v2\/product_tag?post=9080"}],"curies":[{"name":"wp","href":"https:\/\/api.w.org\/{rel}","templated":true}]}}