{"id":9124,"date":"2025-04-01T11:50:04","date_gmt":"2025-04-01T03:50:04","guid":{"rendered":"https:\/\/zojopackaging.com\/?post_type=product&#038;p=9124"},"modified":"2025-04-01T15:05:13","modified_gmt":"2025-04-01T07:05:13","slug":"wholesale-cardboard-paper-packaging-boxes-for-perfume-box-maker","status":"publish","type":"product","link":"https:\/\/zojopackaging.com\/it\/product\/wholesale-cardboard-paper-packaging-boxes-for-perfume-box-maker\/","title":{"rendered":"Scatole d'imballaggio di carta di cartone all'ingrosso per il fabbricante di scatole di profumo"},"content":{"rendered":"<h3 id=\"1-environmentally-friendly-material-selection-the-perfect-combination-of-single-powder-card-and-special-paper-\">1.\u00a0<strong>Scelta di materiali ecologici: la perfetta combinazione di cartoncino a polvere singola e carta speciale<\/strong><\/h3>\n<p>I produttori di scatole per profumi forniscono come materiale di base il cartoncino in polvere singolo (superiore a 250g\/m\u00b2). Le sue caratteristiche di spessore e croccantezza possono migliorare la consistenza dell'imballaggio, rispettando al contempo gli standard ambientali. Inoltre, la carta speciale pu\u00f2 essere personalizzata in base alle richieste.<\/p>\n<h3 id=\"2-warm-color-design-the-first-choice-for-gentle-ladies-\">2.\u00a0<strong>Design a colori caldi: la prima scelta per le signore gentili<\/strong><\/h3>\n<p>Le confezioni sono principalmente di colori caldi (come il rosa pesca e l'oro rosa), con linee semplici o motivi floreali, che si adattano alle preferenze estetiche delle consumatrici. Per esempio, la scatola di profumo Cherish di Lancome utilizza il rosa caldo come colore principale per trasmettere un temperamento gentile; la scatola di profumo Green di Chanel combina il verde chiaro con l'oro champagne per creare un'atmosfera di foresta fresca. I colori caldi sono pi\u00f9 morbidi sotto la luce e aumentano l'affinit\u00e0 del prodotto.<\/p>\n<h3 id=\"3-hot-silver-technology-metallic-texture-and-visual-focus-\">3.\u00a0<strong>Tecnologia hot silver: texture metallica e focus visivo<\/strong><\/h3>\n<p>Aggiungendo loghi del marchio, motivi e altri elementi al corpo o al rivestimento della scatola attraverso la tecnologia dell'argento caldo, \u00e8 possibile ottenere l'effetto di riflettere e brillare al sole. Ad esempio, il tappo della bottiglia e il coperchio della scatola di profumi Lianxiang adottano la tecnologia dell'argento caldo, combinata con un design cavo, che \u00e8 al tempo stesso moderno e semplice. Il costo di questa tecnologia \u00e8 controllabile e pu\u00f2 migliorare significativamente la qualit\u00e0 del prodotto.<\/p>\n<h3 id=\"4-full-page-uv-superposition-design-level-and-three-dimensional-sense-\">4.\u00a0<strong>Sovrapposizione UV a tutta pagina: livello di progettazione e senso tridimensionale<\/strong><\/h3>\n<p>La tecnologia UV a tutta pagina \u00e8 in grado di esaltare il senso tridimensionale e la lucentezza del disegno, adatto a illustrazioni complesse o al LOGO del marchio. Ad esempio, la scatola di profumo Gucci mette in risalto la trama floreale grazie al rivestimento UV e conferisce un senso di lusso con la tecnologia di stampa a caldo. Questa tecnologia pu\u00f2 anche migliorare la resistenza all'usura e l'impermeabilit\u00e0 dell'imballaggio.<\/p>\n<h3 id=\"5-card-box-type-economical-and-functional-balance-\">5.\u00a0<strong>Tipo di scatola: equilibrio economico e funzionale<\/strong><\/h3>\n<p>La scatola di cartoncino utilizza carta di rame singola da 350 g, che tiene conto sia della resistenza che del costo. Rispetto alle scatole di legno o di metallo, le scatole di cartone sono leggere e riciclabili, adatte alle vendite online e alla logistica transfrontaliera.<\/p>\n<h3 id=\"6-zojo-print-quality-assurance-of-leading-manufacturers-\">6.\u00a0<strong>ZOJO Print: Garanzia di qualit\u00e0 dei produttori leader<\/strong><\/h3>\n<p>In qualit\u00e0 di leader dell'industria cinese degli imballaggi, ZOJO Print dispone di uno stabilimento di 6.000 metri quadrati e di un sistema di gestione ERP, con una produzione giornaliera di 60.000 scatole di cartone e supporta la produzione personalizzata. Il suo rigoroso processo di ispezione della qualit\u00e0 copre le materie prime, la stampa, la fustellatura e altri anelli per garantire che ogni lotto di prodotti sia conforme agli standard internazionali (come l'ISO 9001) e fornisce servizi di restituzione e sostituzione senza preoccupazioni dopo la vendita.<\/p>\n<h3 id=\"7-high-production-capacity-matches-brand-needs-\">7.\u00a0<strong>L'elevata capacit\u00e0 produttiva soddisfa le esigenze del marchio<\/strong><\/h3>\n<p>Per gli ordini di medie e grandi dimensioni, ZOJO Print riesce a programmare la produzione in modo flessibile grazie a linee di produzione automatizzate e a consegnare in soli 7 giorni. Ad esempio, un marchio di bellezza ha personalizzato 50.000 set di confezioni regalo di profumi in stile cinese attraverso la fabbrica, utilizzando la tecnologia dell'argento a caldo e il design UV a pagina intera, e le vendite sono aumentate di 40% dopo la quotazione. La sua capacit\u00e0 produttiva pu\u00f2 coprire le esigenze dell'intero ciclo di vita, dai marchi in fase di avviamento ai marchi internazionali.<\/p>","protected":false},"excerpt":{"rendered":"<p>Le scatole di cartone sono diventate la prima scelta per i marchi di profumi grazie alla loro protezione ambientale, ai vantaggi in termini di costi e alla diversit\u00e0 del design. Grazie all'aggiornamento della stampa a caldo, dei processi UV e di altri processi e al supporto della capacit\u00e0 produttiva dei principali produttori, gli imballaggi per profumi possono non solo trasmettere il tono del marchio, ma anche formare una competitivit\u00e0 differenziata nel mercato dei terminali.<\/p>","protected":false},"featured_media":9150,"template":"","meta":[],"product_brand":[],"product_cat":[30,417,430,31],"product_tag":[1088,1089,1087],"class_list":{"0":"post-9124","1":"product","2":"type-product","3":"status-publish","4":"has-post-thumbnail","6":"product_cat-by-industry","7":"product_cat-custom-perfume-boxes-by-industry","8":"product_cat-folding-cartons","9":"product_cat-paper-box-style","10":"product_tag-paper-packaging-boxes-for-perfume","11":"product_tag-perfume-box-maker","12":"product_tag-wholesale-cardboard-paper-boxes","14":"first","15":"instock","16":"shipping-taxable","17":"product-type-grouped"},"_links":{"self":[{"href":"https:\/\/zojopackaging.com\/it\/wp-json\/wp\/v2\/product\/9124","targetHints":{"allow":["GET"]}}],"collection":[{"href":"https:\/\/zojopackaging.com\/it\/wp-json\/wp\/v2\/product"}],"about":[{"href":"https:\/\/zojopackaging.com\/it\/wp-json\/wp\/v2\/types\/product"}],"version-history":[{"count":1,"href":"https:\/\/zojopackaging.com\/it\/wp-json\/wp\/v2\/product\/9124\/revisions"}],"predecessor-version":[{"id":9172,"href":"https:\/\/zojopackaging.com\/it\/wp-json\/wp\/v2\/product\/9124\/revisions\/9172"}],"wp:featuredmedia":[{"embeddable":true,"href":"https:\/\/zojopackaging.com\/it\/wp-json\/wp\/v2\/media\/9150"}],"wp:attachment":[{"href":"https:\/\/zojopackaging.com\/it\/wp-json\/wp\/v2\/media?parent=9124"}],"wp:term":[{"taxonomy":"product_brand","embeddable":true,"href":"https:\/\/zojopackaging.com\/it\/wp-json\/wp\/v2\/product_brand?post=9124"},{"taxonomy":"product_cat","embeddable":true,"href":"https:\/\/zojopackaging.com\/it\/wp-json\/wp\/v2\/product_cat?post=9124"},{"taxonomy":"product_tag","embeddable":true,"href":"https:\/\/zojopackaging.com\/it\/wp-json\/wp\/v2\/product_tag?post=9124"}],"curies":[{"name":"wp","href":"https:\/\/api.w.org\/{rel}","templated":true}]}}