{"id":9134,"date":"2025-04-01T12:11:38","date_gmt":"2025-04-01T04:11:38","guid":{"rendered":"https:\/\/zojopackaging.com\/?post_type=product&#038;p=9134"},"modified":"2025-04-01T14:04:39","modified_gmt":"2025-04-01T06:04:39","slug":"custom-exquisite-sculpture-figure-statue-ceramic-gift-box","status":"publish","type":"product","link":"https:\/\/zojopackaging.com\/it\/product\/custom-exquisite-sculpture-figure-statue-ceramic-gift-box\/","title":{"rendered":"Personalizzato Scultura squisita Figura Statua Scatola regalo in ceramica"},"content":{"rendered":"<h2 id=\"-core-advantages-\"><strong>Vantaggi principali<\/strong><\/h2>\n<h2 id=\"1-magnetic-closure-design-no-damage-to-surface-aesthetics-\">1.\u00a0<strong>Design a chiusura magnetica, non danneggia l'estetica della superficie<\/strong><\/h2>\n<ul>\n<li>La struttura magnetica brevettata (blocco magnetico + parti magnetiche nascoste) non richiede l'incollaggio o la piegatura tradizionale, l'apertura e la chiusura sono fluide e la chiusura \u00e8 salda, evitando di graffiare la superficie della scatola. Il processo di smorzamento anti-rimbalzo incorporato si adatta alla fragilit\u00e0 delle sculture in ceramica per garantire l'assenza di allentamenti durante il trasporto.<\/li>\n<li>L'area magnetica \u00e8 incastonata con precisione nel corpo della scatola e non presenta alcuna sporgenza all'esterno, mantenendo la bellezza visiva della scatola d'imballaggio, semplice e uniforme.<\/li>\n<\/ul>\n<h2 id=\"2-foldable-transportation-packaging-efficient-space-saving-\">2.\u00a0<strong>Imballaggio pieghevole per il trasporto, efficiente risparmio di spazio<\/strong><\/h2>\n<ul>\n<li>Il volume si riduce di oltre 60% dopo la piegatura, il che si adatta alle dimensioni standard dei pallet logistici e riduce i costi di stoccaggio e trasporto.<\/li>\n<li>Il corpo della scatola \u00e8 realizzato in cartone ondulato ad alta resistenza + materiale composito in fibra di bamb\u00f9, con una resistenza alla compressione di 10 kg\/cm\u00b2, e ha superato il test di caduta e la verifica della tolleranza all'umidit\u00e0.<\/li>\n<\/ul>\n<h2 id=\"3-precise-lining-customization-zero-displacement-protection-\">3.\u00a0<strong>Personalizzazione precisa del rivestimento, protezione a spostamento zero<\/strong><\/h2>\n<ul>\n<li>La fodera utilizza cotone ammortizzante EVA o carta alveolare degradabile, che viene tagliata in base alla scansione 3D del contorno della statua per ottenere un fissaggio \"full wrapping\".<\/li>\n<li>Supporta un design a strati, adatto a sculture complesse, e migliora le prestazioni sismiche di 50%.<\/li>\n<\/ul>\n<h2 id=\"4-highly-customized-service-\">4.\u00a0<strong>Servizio altamente personalizzato<\/strong><\/h2>\n<ul>\n<li><strong>Dimensione<\/strong>: Supporta imballaggi di scultura da 10 cm a 150 cm, e le scatole di forma speciale (come quelle a forma di libro, con coperture superiori e inferiori) possono essere personalizzate.<\/li>\n<li><strong>Design visivo<\/strong>: Il colore principale \u00e8 l'oro opaco, con tecnologia di stampa\/impressione a caldo, e si possono scegliere motivi tradizionali come nuvole di buon auspicio e Huiwen, o linee geometriche minimaliste.<\/li>\n<li><strong>Materiale<\/strong>: Fornire opzioni ecologiche come la carta in polpa di bamb\u00f9 (degradabile), il cartone in fibra di canna da zucchero (leggero) e la carta grigia riciclata (ad alta resistenza).<\/li>\n<li><strong>Processo di stampa<\/strong>: UV locale, incisione laser, inchiostro anticontraffazione a variazione di temperatura, ecc., supportano loghi di marca e slogan culturali Presentazione personalizzata.<\/li>\n<\/ul>\n<h2 id=\"5-fusion-of-oriental-aesthetics-and-minimalism-\">5.\u00a0<strong>Fusione di estetica orientale e minimalismo<\/strong><\/h2>\n<ul>\n<li>La tonalit\u00e0 principale dorata simboleggia prosperit\u00e0 e nobilt\u00e0, mentre la texture opaca evita l'esagerazione. Si abbina a grate di finestre cave o a disegni vuoti per evidenziare la tensione artistica delle sculture in ceramica.<\/li>\n<li>La linea delle scatole \u00e8 semplice e ordinata, adatta alla moderna esposizione domestica e alle scene di lavoro, tenendo conto dell'eredit\u00e0 culturale e del senso della moda.<\/li>\n<\/ul>\n<h2 id=\"6-sustainable-environmental-protection-concept-\">6.\u00a0<strong>Concetto di protezione ambientale sostenibile<\/strong><\/h2>\n<ul>\n<li>Il materiale ha superato la certificazione forestale FSC, la fodera \u00e8 rimovibile e riciclabile e la stampa \u00e8 a base d'acqua.<\/li>\n<li>Al termine del ciclo di vita dell'imballaggio, questo pu\u00f2 essere degradato o trasformato in una scatola per il riutilizzo, riducendo l'impronta di carbonio di 30%.<\/li>\n<\/ul>\n<h3 id=\"-craftsmanship-and-guarantee-\"><strong>Artigianato e garanzia<\/strong><\/h3>\n<ul>\n<li><strong>16 anni di precipitazione professionale<\/strong>: La fabbrica dispone di macchine fustellatrici completamente automatiche, attrezzature per l'incisione laser e sistema di controllo qualit\u00e0 ISO, con una capacit\u00e0 produttiva giornaliera di oltre 2 milioni di pezzi.<\/li>\n<li><strong>Servizio unico<\/strong>: Dalla modellazione 3D, alle prove di stampa e ai test, fino alla produzione di massa, con consegna entro 7-15 giorni e supporto per il monitoraggio della logistica globale e le richieste di risarcimento danni.<\/li>\n<\/ul>\n<h2 id=\"-application-scenarios-\"><strong>Scenari di applicazione<\/strong><\/h2>\n<ul>\n<li><strong>Collezione d'arte<\/strong>: Protezione di livello museale, adatta ad oggetti fragili come statue di Buddha e sculture umane.<\/li>\n<li><strong>Regalo d'affari<\/strong>: Personalizzazione dei loghi e dei saluti aziendali per aumentare il valore culturale del marchio.<\/li>\n<li><strong>Commercio elettronico transfrontaliero<\/strong>: Superare gli standard ambientali dell'UE e adattarsi alle esigenze di trasporto internazionali.<\/li>\n<\/ul>","protected":false},"excerpt":{"rendered":"<p>Questa confezione regalo \u00e8 stata progettata per opere d'arte di scultura in ceramica di alto livello, integrando l'estetica orientale e l'artigianato moderno. Si basa su una struttura pieghevole magnetica, su materiali ecologici e su servizi altamente personalizzati, fornendo una gamma completa di soluzioni di protezione per le fragili statue di ceramica, dal trasporto all'esposizione. Creato da una fabbrica di scatole da imballaggio con 16 anni di esperienza, soddisfa le esigenze della collezione d'arte, dei regali aziendali, della comunicazione culturale e di altri scenari in un'unica soluzione.<\/p>","protected":false},"featured_media":9136,"template":"","meta":[],"product_brand":[],"product_cat":[30,427,423,31],"product_tag":[1082,1080,1081],"class_list":{"0":"post-9134","1":"product","2":"type-product","3":"status-publish","4":"has-post-thumbnail","6":"product_cat-by-industry","7":"product_cat-collapsible-gift-boxes","8":"product_cat-custom-presentation-boxes-by-industry","9":"product_cat-paper-box-style","10":"product_tag-ceramic-gift-box","11":"product_tag-custom-sculpture-gift-box","12":"product_tag-figure-statue-gift-box","14":"first","15":"instock","16":"shipping-taxable","17":"product-type-simple"},"_links":{"self":[{"href":"https:\/\/zojopackaging.com\/it\/wp-json\/wp\/v2\/product\/9134","targetHints":{"allow":["GET"]}}],"collection":[{"href":"https:\/\/zojopackaging.com\/it\/wp-json\/wp\/v2\/product"}],"about":[{"href":"https:\/\/zojopackaging.com\/it\/wp-json\/wp\/v2\/types\/product"}],"version-history":[{"count":1,"href":"https:\/\/zojopackaging.com\/it\/wp-json\/wp\/v2\/product\/9134\/revisions"}],"predecessor-version":[{"id":9140,"href":"https:\/\/zojopackaging.com\/it\/wp-json\/wp\/v2\/product\/9134\/revisions\/9140"}],"wp:featuredmedia":[{"embeddable":true,"href":"https:\/\/zojopackaging.com\/it\/wp-json\/wp\/v2\/media\/9136"}],"wp:attachment":[{"href":"https:\/\/zojopackaging.com\/it\/wp-json\/wp\/v2\/media?parent=9134"}],"wp:term":[{"taxonomy":"product_brand","embeddable":true,"href":"https:\/\/zojopackaging.com\/it\/wp-json\/wp\/v2\/product_brand?post=9134"},{"taxonomy":"product_cat","embeddable":true,"href":"https:\/\/zojopackaging.com\/it\/wp-json\/wp\/v2\/product_cat?post=9134"},{"taxonomy":"product_tag","embeddable":true,"href":"https:\/\/zojopackaging.com\/it\/wp-json\/wp\/v2\/product_tag?post=9134"}],"curies":[{"name":"wp","href":"https:\/\/api.w.org\/{rel}","templated":true}]}}