{"id":9141,"date":"2025-04-01T14:05:03","date_gmt":"2025-04-01T06:05:03","guid":{"rendered":"https:\/\/zojopackaging.com\/?post_type=product&#038;p=9141"},"modified":"2025-04-01T14:27:26","modified_gmt":"2025-04-01T06:27:26","slug":"custom-magnetic-essential-oil-cosmetic-packaging-gift-box","status":"publish","type":"product","link":"https:\/\/zojopackaging.com\/it\/product\/custom-magnetic-essential-oil-cosmetic-packaging-gift-box\/","title":{"rendered":"Scatola regalo d'imballaggio cosmetico dell'olio essenziale magnetico personalizzato"},"content":{"rendered":"<h2 id=\"-1-magnetic-embedded-design-upgraded-safety-protection-\"><strong>1. Design magnetico incorporato, protezione di sicurezza migliorata<\/strong><\/h2>\n<p>Adottando la struttura brevettata del coperchio magnetico, il magnete \u00e8 incorporato attraverso il guscio di ferro e la lamiera di ferro zincata per evitare che il magnete sia esposto e usurato, migliorando al contempo la forza di adsorbimento unilaterale. Progettato per le fragili bottiglie di olio essenziale, si apre e si chiude in modo fluido e stabile, riducendo la perdita di magneti causata dalle frequenti aperture e prolungando la durata della confezione. Il rivestimento \u00e8 realizzato in materiale floccato EVA ad alta densit\u00e0, combinato con la tecnologia di tamponamento magnetico per disperdere l'impatto del trasporto e proteggere la bottiglia di olio essenziale in vetro dai danni delle vibrazioni in tutte le direzioni.<\/p>\n<h2 id=\"-2-double-sided-visual-enhancement-accurate-communication-of-brand-and-ingredients-\"><strong>2. Miglioramento visivo su entrambi i lati, comunicazione accurata del marchio e degli ingredienti.<\/strong><\/h2>\n<ul>\n<li><strong>Design frontale<\/strong>: Utilizzare la tecnologia di stampa offset ad alta precisione per presentare il LOGO del marchio e gli elementi visivi principali, e abbinare il processo di stampa a caldo\/UV per evidenziare la texture di lusso.<\/li>\n<li><strong>Design del dorso<\/strong>: Visualizzazione dell'elenco degli ingredienti del prodotto, delle istruzioni per l'uso e del logo della certificazione ambientale in uno stile minimalista, con stampa a tinte piatte per garantire che il testo sia chiaro e senza sbavature. Il design differenziato su due lati tiene conto sia dell'acquisizione di informazioni da parte del consumatore sia della memoria dell'immagine del marchio e aumenta l'attrattiva dell'esposizione a scaffale.<\/li>\n<\/ul>\n<h2 id=\"-3-red-and-black-contrast-aesthetics-classic-and-tense-\"><strong>3. Estetica a contrasto rosso e nero, classica e tesa.<\/strong><\/h2>\n<ul>\n<li><strong>Abbinamento dei colori<\/strong>: Il colore principale \u00e8 il rosso cinese nero opaco, con il nero opaco come colore di abbellimento, formando un forte contrasto visivo.<\/li>\n<li><strong>Prestazioni del materiale<\/strong>: La parte nera utilizza carta patinata C2S da 157 g con pellicola opaca, mentre l'area rossa utilizza la serigrafia e la vernice locale per migliorare il senso di stratificazione e le differenze tattili, in linea con la ricerca di squisitezza dell'industria cosmetica.<\/li>\n<\/ul>\n<h2 id=\"-4-precise-printing-process-rigorous-quality-endorsement-\"><strong>4. Processo di stampa preciso, rigoroso controllo della qualit\u00e0<\/strong><\/h2>\n<p>Adottando la macchina da stampa tedesca Heidelberg a 6 colori, il controllo della differenza di colore \u00e8 \u0394E\u22641,5 (di gran lunga inferiore allo standard industriale \u0394E\u22643), supporta le tinte piatte Pantone e le modalit\u00e0 di miscelazione a quattro colori. Tutti i collegamenti di stampa sono calibrati e ispezionati completamente 3 volte per garantire che i bordi del modello siano nitidi e la saturazione del colore sia coerente, trasmettendo il rigoroso controllo dei dettagli del marchio e rafforzando la fiducia dei consumatori.<\/p>\n<h2 id=\"-5-highly-flexible-customization-to-meet-diverse-needs-\"><strong>5. Personalizzazione altamente flessibile per soddisfare le diverse esigenze<\/strong><\/h2>\n<ul>\n<li><strong>Selezione del tipo di scatola<\/strong>: Sono disponibili 12 tipi di scatole di base, tra cui scatola a ribalta, scatola per libri, scatola per cassetti, ecc. ed \u00e8 supportata la personalizzazione di strutture di forma speciale (come la porta di aspirazione magnetica a forma di arco o la finestra vuota).<\/li>\n<li><strong>Combinazione di materiali<\/strong>: L'involucro esterno \u00e8 costituito da un cartone grigio rigido da 1200 g (resistenza alla compressione \u2265800N), la fodera \u00e8 in cotone perlato EPE degradabile e la superficie \u00e8 ricoperta da una vernice ecologica a base d'acqua, conforme alle norme REACH dell'UE.<\/li>\n<li><strong>Espansione del processo<\/strong>: Sono disponibili oltre 20 processi di trattamento della superficie, come la stampa a caldo, la goffratura e l'incisione laser, e sono supportati materiali come la carta opaca\/lucida\/testurizzata per adattarsi alle diverse tonalit\u00e0 dei prodotti.<\/li>\n<\/ul>\n<h2 id=\"-6-precision-lining-cutting-zero-displacement-protection-\"><strong>6. Taglio di precisione del rivestimento, protezione dallo spostamento zero<\/strong><\/h2>\n<p>Grazie alla tecnologia di modellazione 3D e di taglio laser, il rivestimento viene modellato 1:1 in base alla forma della bottiglia di olio essenziale, con una tolleranza controllata di \u00b10,1 mm per ottenere un \"fissaggio incorporato\". Per i set di combinazioni di pi\u00f9 bottiglie, \u00e8 possibile progettare a strati gli alloggiamenti per le carte indipendenti e la disposizione pu\u00f2 essere regolata liberamente con partizioni magnetiche per garantire l'assenza di scosse durante il trasporto.<\/p>\n<h2 id=\"-7-environmentally-friendly-and-sustainable-packaging-practicing-green-responsibility-\"><strong>7. Imballaggi ecologici e sostenibili, per una responsabilit\u00e0 verde.<\/strong><\/h2>\n<ul>\n<li><strong>Materiale principale<\/strong>: 157 g di carta patinata C2S (certificata FSC) + 1200 g di cartone grigio riciclato (tasso di riciclaggio \u226585%), l'imballaggio complessivo \u00e8 completamente degradabile.<\/li>\n<li><strong>Inchiostro<\/strong>: Viene utilizzato un inchiostro ecologico a base di soia, privo di metalli pesanti e di emissioni VOC, che ha superato i test e la certificazione dello SGS.<\/li>\n<li><strong>Design a riduzione di plastica<\/strong>: L'aspirazione magnetica su carta sostituisce le tradizionali fibbie in plastica, riducendo l'impronta di carbonio di 40%.<\/li>\n<\/ul>\n<h2 id=\"-8-direct-supply-from-the-source-factory-efficient-service-guarantee-\"><strong>8. Fornitura diretta dalla fabbrica di origine, garanzia di servizio efficiente<\/strong><\/h2>\n<ul>\n<li><strong>Vantaggi del servizio<\/strong>: Collegamento diretto con la fabbrica di origine in Cina, supporto alla progettazione gratuita, produzione di campioni in 3 giorni,<\/li>\n<li><strong>Supporto completo ai processi<\/strong>: Dalla comunicazione della domanda, alla selezione dei materiali, fino alla produzione in serie, con un team di project manager e di controllo qualit\u00e0 esclusivi, che offrono 15 giorni di restituzione e sostituzione e una garanzia autentica.<\/li>\n<\/ul>","protected":false},"excerpt":{"rendered":"<p>\ud83d\udfe0 Brand Amplifier - Trasformate il packaging in uno storytelling tattile con un lusso abbinato.<br \/>\n\ud83e\uddf2 Eleganza funzionale - Il sigillo magnetico sicuro impedisce le fuoriuscite durante il trasporto e la conservazione.<br \/>\n\ud83c\udf3f Design incentrato sul profumo - Il rivestimento in velluto protegge gli oli delicati e completa i viaggi di aromaterapia.<br \/>\n\ud83d\udce6 B2B Ready - Preconfigurato per ordini di grandi quantit\u00e0 (MOQ 500 unit\u00e0) con tempi rapidi di consegna di 14 giorni.<br \/>\n\u267b\ufe0f Green Prestige - I materiali certificati FSC soddisfano gli standard di conformit\u00e0 all'ingrosso a livello globale.<\/p>","protected":false},"featured_media":9142,"template":"","meta":[],"product_brand":[],"product_cat":[30,390,424,31],"product_tag":[1083,775,616],"class_list":{"0":"post-9141","1":"product","2":"type-product","3":"status-publish","4":"has-post-thumbnail","6":"product_cat-by-industry","7":"product_cat-custom-cosmetics-boxes","8":"product_cat-magnetic-closure-boxes","9":"product_cat-paper-box-style","10":"product_tag-cosmetic-packaging-gift-box","11":"product_tag-custom-cosmetic-packaging","12":"product_tag-essential-oil-packaging","14":"first","15":"instock","16":"shipping-taxable","17":"product-type-simple"},"_links":{"self":[{"href":"https:\/\/zojopackaging.com\/it\/wp-json\/wp\/v2\/product\/9141","targetHints":{"allow":["GET"]}}],"collection":[{"href":"https:\/\/zojopackaging.com\/it\/wp-json\/wp\/v2\/product"}],"about":[{"href":"https:\/\/zojopackaging.com\/it\/wp-json\/wp\/v2\/types\/product"}],"version-history":[{"count":1,"href":"https:\/\/zojopackaging.com\/it\/wp-json\/wp\/v2\/product\/9141\/revisions"}],"predecessor-version":[{"id":9155,"href":"https:\/\/zojopackaging.com\/it\/wp-json\/wp\/v2\/product\/9141\/revisions\/9155"}],"wp:featuredmedia":[{"embeddable":true,"href":"https:\/\/zojopackaging.com\/it\/wp-json\/wp\/v2\/media\/9142"}],"wp:attachment":[{"href":"https:\/\/zojopackaging.com\/it\/wp-json\/wp\/v2\/media?parent=9141"}],"wp:term":[{"taxonomy":"product_brand","embeddable":true,"href":"https:\/\/zojopackaging.com\/it\/wp-json\/wp\/v2\/product_brand?post=9141"},{"taxonomy":"product_cat","embeddable":true,"href":"https:\/\/zojopackaging.com\/it\/wp-json\/wp\/v2\/product_cat?post=9141"},{"taxonomy":"product_tag","embeddable":true,"href":"https:\/\/zojopackaging.com\/it\/wp-json\/wp\/v2\/product_tag?post=9141"}],"curies":[{"name":"wp","href":"https:\/\/api.w.org\/{rel}","templated":true}]}}