{"id":9182,"date":"2025-04-01T15:52:07","date_gmt":"2025-04-01T07:52:07","guid":{"rendered":"https:\/\/zojopackaging.com\/?post_type=product&#038;p=9182"},"modified":"2025-04-01T16:10:43","modified_gmt":"2025-04-01T08:10:43","slug":"quality-custom-children-newborn-baby-clothing-packaging-box","status":"publish","type":"product","link":"https:\/\/zojopackaging.com\/it\/product\/quality-custom-children-newborn-baby-clothing-packaging-box\/","title":{"rendered":"Qualit\u00e0 Scatola d'imballaggio su ordinazione dell'abbigliamento neonatale dei bambini"},"content":{"rendered":"<h2 id=\"-1-magnetic-opening-and-closing-system-convenience-and-quality-\"><strong>1. Sistema di apertura e chiusura magnetica - convenienza e qualit\u00e0<\/strong><\/h2>\n<p>- Grazie all'utilizzo di un dispositivo magnetico ad alta precisione, il coperchio viene allineato e adsorbito automaticamente. Pu\u00f2 essere facilmente aperto e chiuso con una sola mano, evitando l'ingombrante operazione dell'imballaggio tradizionale. \u00c8 particolarmente adatto ai genitori dei neonati per prendere rapidamente i vestiti. - La forza di aspirazione magnetica pu\u00f2 essere regolata per garantire un'esperienza fluida dopo molteplici utilizzi, evidenziando l'estrema ricerca dei dettagli del marchio.<\/p>\n<h2 id=\"-2-healing-macaron-color-system-conveying-a-gentle-first-impression-\"><strong>2. Sistema di colori per macaron curativi: trasmettere una prima impressione delicata<\/strong><\/h2>\n<p>- Colori macaron selezionati a bassa saturazione (blu rosa, giallo oca, verde menta, ecc.), attraverso la psicologia del colore per ridurre l'oppressione visiva, creare un'atmosfera pura e calda del marchio. - Supporto per la personalizzazione del numero di colore Pantone, per un'accurata corrispondenza con il sistema VI del marchio e per migliorare l'unit\u00e0 visiva.<\/p>\n<h2 id=\"-3-aesthetic-upgrade-exquisite-balance-of-ribbon-and-window-\"><strong>3. Aggiornamento estetico - squisito equilibrio tra nastro e finestra<\/strong><\/h2>\n<p>- Il corpo della scatola \u00e8 abbinato a un nastro opaco, che pu\u00f2 essere personalizzato con colori e texture esclusivi del marchio. La posizione di stampa a caldo del logo \u00e8 riservata alla fibbia per migliorare il senso della cerimonia di disimballaggio e il riconoscimento del marchio. - Il design della finestra trasparente in PET alimentare consente di visualizzare a 360\u00b0 i dettagli dell'abbigliamento, isolando al contempo la polvere e il contatto con le mani, garantendo la sicurezza e l'igiene degli indumenti dei neonati.<\/p>\n<h2 id=\"-4-deep-customized-service-comprehensive-empowerment-from-function-to-emotion-\"><strong>4. Servizio personalizzato e completo, dalla funzione all'emozione.<\/strong><\/h2>\n<ul>\n<li><strong>Tipo e struttura della scatola<\/strong>: Fornisce 10+ tipi di scatole, come il coperchio superiore e inferiore, la scatola a forma di libro, la scatola a cassetto, ecc., supporta il taglio a forma speciale e la progettazione di scatole interne multistrato per soddisfare le esigenze dei set di scatole regalo.<\/li>\n<li><strong>Artigianato della fodera interna<\/strong>: Utilizzare la spugna EVA o il supporto interno in flanella, aprire con precisione lo stampo in base alle dimensioni dell'abbigliamento, fissare l'abbigliamento ed evitare che si sposti, e la superficie della fodera pu\u00f2 essere ricamata con il logo del marchio.<\/li>\n<li><strong>Stampa e artigianato<\/strong>: Supporto per la goffratura UV, la stampa a caldo, la goffratura e altri trattamenti superficiali, la superficie della scatola pu\u00f2 essere stampata con le illustrazioni della storia del marchio o con le sfumature personalizzate dal cliente per creare una scatola regalo commemorativa unica.<\/li>\n<\/ul>\n<h2 id=\"-5-emotional-value-added-design-let-the-packaging-become-a-carrier-of-thoughts-\"><strong>5. Design a valore aggiunto emozionale - lasciare che la confezione diventi un vettore di pensieri<\/strong><\/h2>\n<p>- \u00c8 dotata di uno slot per biglietti d'auguri staccabili, di biglietti d'auguri in rilievo in carta patinata, supporta applet del marchio con collegamento a codici QR o benedizioni vocali personalizzate e migliora l'interazione con gli utenti e la comunicazione sociale. - Lo strato interno della confezione regalo pu\u00f2 essere progettato con citazioni nascoste di benedizioni o consigli per la cura del neonato, per trasmettere il calore e la professionalit\u00e0 del marchio.<\/p>\n<h2 id=\"-supply-chain-advantages-\"><strong>Vantaggi della catena di approvvigionamento<\/strong><\/h2>\n<p>\u2705\u00a0<strong>Shenzhen Smart Manufacturing-Standard globale<\/strong>: Fabbrica intelligente da 20.000\u33a1 autocostruita, ha superato la certificazione ambientale ISO9001 e FSC, i materiali possono essere cartone bianco, carta ondulata, PLA degradabile, tenendo conto sia della struttura che della protezione ambientale. \u2705\u00a0<strong>Prestazioni ad alto costo - Risposta rapida<\/strong>: Facendo affidamento sul cluster della catena di fornitura della Greater Bay Area, il prezzo \u00e8 15% inferiore a quello del settore, supportando la prova di 48 ore, la consegna espressa in 7 giorni e il servizio clienti esclusivo 24 ore su 24 per risolvere i problemi di personalizzazione. \u2705\u00a0<strong>Servizio senza preoccupazioni<\/strong>: Forniamo una soluzione unica di progettazione-produzione di massa-logistica, magazzino e distribuzione gratuiti, per aiutarvi a operare con zero scorte.<\/p>\n<h2 id=\"-application-scenarios-\"><strong>Scenari di applicazione<\/strong><\/h2>\n<p>\u2728 Confezione regalo di marca per abbigliamento neonatale di alta gamma \u2728 Regalo di luna piena, banchetto dei cento giorni e altri regali di celebrazione \u2728 Modelli personalizzati di marca per mamma e bambino<\/p>","protected":false},"excerpt":{"rendered":"<p>Creiamo confezioni regalo personalizzate di alto livello per i marchi di abbigliamento per neonati, integrando funzioni pratiche e valori estetici con un design ingegnoso per migliorare l'immagine del marchio e l'esperienza dell'utente sotto tutti gli aspetti. Dai materiali ecologici ai dettagli emozionali, ogni design trasmette una delicata attenzione per la vita dei neonati, creando un'indimenticabile \"cerimonia di unboxing\" per i vostri clienti.<\/p>","protected":false},"featured_media":9184,"template":"","meta":[],"product_brand":[],"product_cat":[30,414,424,31],"product_tag":[1091,477,1090],"class_list":{"0":"post-9182","1":"product","2":"type-product","3":"status-publish","4":"has-post-thumbnail","6":"product_cat-by-industry","7":"product_cat-custom-apparel-boxes","8":"product_cat-magnetic-closure-boxes","9":"product_cat-paper-box-style","10":"product_tag-baby-clothing-packaging-box","11":"product_tag-custom-clothing-packaging","12":"product_tag-newborn-clothing-packaging-box","14":"first","15":"instock","16":"shipping-taxable","17":"product-type-simple"},"_links":{"self":[{"href":"https:\/\/zojopackaging.com\/it\/wp-json\/wp\/v2\/product\/9182","targetHints":{"allow":["GET"]}}],"collection":[{"href":"https:\/\/zojopackaging.com\/it\/wp-json\/wp\/v2\/product"}],"about":[{"href":"https:\/\/zojopackaging.com\/it\/wp-json\/wp\/v2\/types\/product"}],"version-history":[{"count":1,"href":"https:\/\/zojopackaging.com\/it\/wp-json\/wp\/v2\/product\/9182\/revisions"}],"predecessor-version":[{"id":9189,"href":"https:\/\/zojopackaging.com\/it\/wp-json\/wp\/v2\/product\/9182\/revisions\/9189"}],"wp:featuredmedia":[{"embeddable":true,"href":"https:\/\/zojopackaging.com\/it\/wp-json\/wp\/v2\/media\/9184"}],"wp:attachment":[{"href":"https:\/\/zojopackaging.com\/it\/wp-json\/wp\/v2\/media?parent=9182"}],"wp:term":[{"taxonomy":"product_brand","embeddable":true,"href":"https:\/\/zojopackaging.com\/it\/wp-json\/wp\/v2\/product_brand?post=9182"},{"taxonomy":"product_cat","embeddable":true,"href":"https:\/\/zojopackaging.com\/it\/wp-json\/wp\/v2\/product_cat?post=9182"},{"taxonomy":"product_tag","embeddable":true,"href":"https:\/\/zojopackaging.com\/it\/wp-json\/wp\/v2\/product_tag?post=9182"}],"curies":[{"name":"wp","href":"https:\/\/api.w.org\/{rel}","templated":true}]}}