{"id":9190,"date":"2025-04-01T16:13:49","date_gmt":"2025-04-01T08:13:49","guid":{"rendered":"https:\/\/zojopackaging.com\/?post_type=product&#038;p=9190"},"modified":"2025-04-01T16:44:15","modified_gmt":"2025-04-01T08:44:15","slug":"wholesale-order-makeup-brush-cosmetic-set-packaging-boxes","status":"publish","type":"product","link":"https:\/\/zojopackaging.com\/it\/product\/wholesale-order-makeup-brush-cosmetic-set-packaging-boxes\/","title":{"rendered":"Ordine all'ingrosso Pennello trucco cosmetico Set scatole d'imballaggio"},"content":{"rendered":"<h2 id=\"-product-highlights-ingenious-design-quality-first-\"><strong>Punti di forza del prodotto: design ingegnoso, qualit\u00e0 al primo posto<\/strong><\/h2>\n<h3 id=\"1-magnetic-box-design-high-end-opening-and-closing-experience-\">1.\u00a0<strong>Design della scatola con chiusura magnetica, esperienza di apertura e chiusura di alto livello<\/strong><\/h3>\n<p>La struttura con magnete incorporato e il design della chiusura magnetica nascosta evitano l'usura del magnete e la chiusura \u00e8 stabile e liscia, mostrando un elegante senso di rituale tra apertura e chiusura. La texture opaca combinata con le linee morbide conferisce alla scatola un temperamento di lusso e di basso profilo.<\/p>\n<h3 id=\"2-deep-black-box-body-interpreting-the-brand-style-\">2.\u00a0<strong>Corpo a scatola nera profonda, che interpreta lo stile del marchio<\/strong><\/h3>\n<p>Il corpo della scatola utilizza i classici toni del nero puro, con un rivestimento delicato al tatto, visivamente calmo e misterioso, di fascia alta e dal tocco delicato. Il nero, colore simbolo del packaging di lusso, pu\u00f2 rafforzare il posizionamento di fascia alta del marchio, trasmettere arte e qualit\u00e0 e creare un'esperienza di \"sorpresa all'apertura della scatola\" per i consumatori.<\/p>\n<h3 id=\"3-environmentally-friendly-materials-both-sturdy-and-sustainable-\">3.\u00a0<strong>Materiali ecocompatibili, robusti e sostenibili<\/strong><\/h3>\n<p>Il materiale principale \u00e8\u00a0<strong>Carta patinata C2S da 157 g + cartone rigido da 1200 g<\/strong>che presenta elevate propriet\u00e0 di rigidit\u00e0 e protezione ambientale. La carta \u00e8 certificata FSC, riciclabile e degradabile, in linea con gli standard ambientali internazionali, aiutando i marchi ad adempiere alle loro responsabilit\u00e0 sociali e garantendo al contempo che l'imballaggio sia forte in termini di capacit\u00e0 di carico, resistente alla pressione e non si deformi.<\/p>\n<h3 id=\"4-eva-lining-protection-comprehensive-product-protection-\">4.\u00a0<strong>Protezione della fodera in EVA, protezione completa del prodotto<\/strong><\/h3>\n<p>La fodera personalizzata in EVA, morbida e altamente elastica, si adatta perfettamente alla forma dei pennelli da trucco e dei cosmetici, attutisce efficacemente le vibrazioni e le estrusioni durante il trasporto e impedisce lo spostamento, la deformazione o l'usura dei prodotti. La fodera pu\u00f2 essere progettata in modo flessibile come struttura a strati, adatta alla combinazione di pennelli di diverse specifiche, e migliora il senso di ordine nell'esposizione dei prodotti.<\/p>\n<h2 id=\"-core-advantage-deep-customization-empowering-brand-value-\"><strong>Vantaggio principale: profonda personalizzazione, valore del marchio potenziato<\/strong><\/h2>\n<h3 id=\"5-all-round-customization-service-to-meet-personalized-needs-\">5.\u00a0<strong>Servizio di personalizzazione a tutto tondo per soddisfare esigenze personalizzate<\/strong><\/h3>\n<ul>\n<li><strong>Tipo di scatola<\/strong>Supporto per la personalizzazione di vari tipi di scatole, come la scatola a ribalta, la scatola a libro, la scatola a cassetto, ecc;<\/li>\n<li><strong>Dimensione<\/strong>: progettazione accurata in base alla quantit\u00e0 e alle specifiche del prodotto per ottimizzare l'utilizzo dello spazio;<\/li>\n<li><strong>Artigianato<\/strong>: fornisce trattamenti superficiali quali stampa a caldo, goffratura, UV, serigrafia, ecc. con effetti opachi\/lucidi opzionali;<\/li>\n<li><strong>Colore e materiale<\/strong>Oltre al nero standard, supporta la personalizzazione del colore Pantone spot, che pu\u00f2 essere aggiornato a carte speciali come la texture della pelle e la texture del metallo.<\/li>\n<\/ul>\n<h3 id=\"6-precise-adaptation-of-lining-to-strengthen-brand-memory-\">6.\u00a0<strong>Adattamento preciso del rivestimento per rafforzare la memoria del marchio<\/strong><\/h3>\n<p>In base alla lunghezza, al diametro e alla disposizione del set di pennelli da trucco, la disposizione delle scanalature di rivestimento \u00e8 personalizzata e il logo del marchio o lo slogan possono essere incorporati. Grazie al linguaggio visivo unificato e al design dei dettagli, il riconoscimento della professionalit\u00e0 del marchio da parte dei consumatori viene rafforzato e la fedelt\u00e0 all'acquisto viene migliorata.<\/p>","protected":false},"excerpt":{"rendered":"<ul>\n<li><strong>Prova di stampa gratuita<\/strong>: Fornire la consegna del campione entro 3-5 giorni lavorativi, sperimentare intuitivamente la qualit\u00e0;<\/li>\n<li><strong>Design gratuito<\/strong>: Un team di professionisti supporta il diagramma della struttura 3D e la personalizzazione grafica;<\/li>\n<li><strong>Prestazioni ad alto costo<\/strong>: Produzione su larga scala + catena di approvvigionamento di origine, il prezzo \u00e8 15% inferiore a quello dell'industria;<\/li>\n<li><strong>Risposta in 24 ore<\/strong>: Servizio clienti one-to-one durante tutto il processo, follow-up dalla progettazione alla consegna, supporto agli ordini accelerati.<\/li>\n<\/ul>","protected":false},"featured_media":9191,"template":"","meta":[],"product_brand":[],"product_cat":[30,390,424,31],"product_tag":[1099,1098,1100],"class_list":{"0":"post-9190","1":"product","2":"type-product","3":"status-publish","4":"has-post-thumbnail","6":"product_cat-by-industry","7":"product_cat-custom-cosmetics-boxes","8":"product_cat-magnetic-closure-boxes","9":"product_cat-paper-box-style","10":"product_tag-cosmetic-brush-set-packaging","11":"product_tag-makeup-brush-packaging","12":"product_tag-wholesale-makeup-brush-boxes","14":"first","15":"instock","16":"shipping-taxable","17":"product-type-simple"},"_links":{"self":[{"href":"https:\/\/zojopackaging.com\/it\/wp-json\/wp\/v2\/product\/9190","targetHints":{"allow":["GET"]}}],"collection":[{"href":"https:\/\/zojopackaging.com\/it\/wp-json\/wp\/v2\/product"}],"about":[{"href":"https:\/\/zojopackaging.com\/it\/wp-json\/wp\/v2\/types\/product"}],"version-history":[{"count":2,"href":"https:\/\/zojopackaging.com\/it\/wp-json\/wp\/v2\/product\/9190\/revisions"}],"predecessor-version":[{"id":9197,"href":"https:\/\/zojopackaging.com\/it\/wp-json\/wp\/v2\/product\/9190\/revisions\/9197"}],"wp:featuredmedia":[{"embeddable":true,"href":"https:\/\/zojopackaging.com\/it\/wp-json\/wp\/v2\/media\/9191"}],"wp:attachment":[{"href":"https:\/\/zojopackaging.com\/it\/wp-json\/wp\/v2\/media?parent=9190"}],"wp:term":[{"taxonomy":"product_brand","embeddable":true,"href":"https:\/\/zojopackaging.com\/it\/wp-json\/wp\/v2\/product_brand?post=9190"},{"taxonomy":"product_cat","embeddable":true,"href":"https:\/\/zojopackaging.com\/it\/wp-json\/wp\/v2\/product_cat?post=9190"},{"taxonomy":"product_tag","embeddable":true,"href":"https:\/\/zojopackaging.com\/it\/wp-json\/wp\/v2\/product_tag?post=9190"}],"curies":[{"name":"wp","href":"https:\/\/api.w.org\/{rel}","templated":true}]}}