{"id":9198,"date":"2025-04-01T16:44:23","date_gmt":"2025-04-01T08:44:23","guid":{"rendered":"https:\/\/zojopackaging.com\/?post_type=product&#038;p=9198"},"modified":"2025-04-01T17:04:27","modified_gmt":"2025-04-01T09:04:27","slug":"custom-stereo-earphone-bluetooth-earbuds-gift-box-packaging","status":"publish","type":"product","link":"https:\/\/zojopackaging.com\/it\/product\/custom-stereo-earphone-bluetooth-earbuds-gift-box-packaging\/","title":{"rendered":"Imballaggio su ordinazione della scatola regalo degli auricolari stereo Bluetooth Earbuds"},"content":{"rendered":"<h2 id=\"-i-design-concept-luxury-experience-all-in-the-moment-of-unboxing-\"><strong>1. Concetto di design: Esperienza di lusso, tutto nel momento dell'unboxing<\/strong><\/h2>\n<p>Questo prodotto \u00e8 stato progettato per cuffie stereo Bluetooth di fascia alta, il cui fulcro \u00e8 \"l'unboxing \u00e8 un senso di rituale\". Le coperture superiore e inferiore sono separate attraverso il\u00a0<strong>struttura a scatola dei coperchi superiore e inferiore<\/strong>e pu\u00f2 essere aperto elegantemente con una sola spinta della mano. Le linee della scatola sono semplici e pulite e il senso di smorzamento dell'apertura e della chiusura \u00e8 stato regolato con precisione per garantire che ogni unboxing sia pieno di aspettative, creando un'esperienza coinvolgente dalla vista al tatto per i clienti.<\/p>\n<h2 id=\"-ii-materials-and-craftsmanship-the-ultimate-balance-between-environmental-protection-and-quality-\"><strong>2. Materiali e artigianato: Il massimo equilibrio tra protezione dell'ambiente e qualit\u00e0<\/strong><\/h2>\n<ol>\n<li><strong>Substrato ecologico<\/strong><\/li>\n<li><strong>Scatola esterna<\/strong>: Viene utilizzato un cartone ad alta resistenza da 1200 g, resistente alla pressione e agli urti per garantire la sicurezza del trasporto.<\/li>\n<li><strong>Imbarcazioni di superficie<\/strong>: 157g C2S rivestimento in carta patinata ad alta lucentezza, tocco delicato, con\u00a0<strong>stampaggio a caldo oro rosso artigianato<\/strong>\u00a0(versione parziale\/piena opzionale), attraverso il forte contrasto tra la lucentezza metallica e il corpo della scatola completamente nero, per creare un focus visivo e trasmettere il posizionamento di fascia alta del marchio.<\/li>\n<li><strong>Corpo scatola completamente nero<\/strong>: La base nera opaca con rivestimento micro-perlato, la tecnologia low-key e moderna, combinata con la tecnologia di stampa a caldo, interpreta perfettamente la filosofia di design del \"lusso senza pubblicit\u00e0\".<\/li>\n<li><strong>Fodera ecologica<\/strong><\/li>\n<li>Fodera fustellata in cartone degradabile, adattata con precisione alle dimensioni degli auricolari, che fornisce un supporto stabile;<\/li>\n<li>Supporto\u00a0<strong>marca personalizzata incavo<\/strong>\u00a0(come la goffratura del logo e dello slogan), aumentano il senso di esclusivit\u00e0 del prodotto;<\/li>\n<li>La superficie della fodera \u00e8 ricoperta da un rivestimento ecologico a base d'acqua, resistente all'usura e facile da pulire.<\/li>\n<\/ol>\n<h2 id=\"-three-highly-customized-services-empowering-brands-\"><strong>3. Servizi altamente personalizzati: potenziamento dei marchi<\/strong><\/h2>\n<ol>\n<li><strong>Tipo e dimensione della scatola<\/strong><\/li>\n<li>Supporta una variet\u00e0 di strutture, come coperture superiori e inferiori, scatole a forma di libro, cassettiere, ecc. che possono abbinarsi agli auricolari, alle cuffie e ad altri prodotti TWS;<\/li>\n<li>Regolazione flessibile delle dimensioni, precisione dell'errore \u22640,5 mm, adattamento perfetto al prodotto.<\/li>\n<li><strong>Personalizzazione visiva e tattile<\/strong><\/li>\n<li><strong>Colore<\/strong>: Oltre al classico nero, forniamo soluzioni personalizzate come colori speciali Pantone, UV sfumato e rivestimento perlato;<\/li>\n<li><strong>Effetto superficie<\/strong>: Libera combinazione di stampa a caldo\/argento\/laser, goffratura, serigrafia, verniciatura locale e altri processi;<\/li>\n<li><strong>Funzione di rivestimento interno<\/strong>: Pu\u00f2 essere aggiornato con spugna EVA, vassoio interno floccato e compatibile con accessori come il vano di ricarica wireless.<\/li>\n<li><strong>Impianto approfondito del marchio<\/strong><\/li>\n<li>L'interno del coperchio della scatola pu\u00f2 essere stampato con storie del marchio o guide per l'utente, mentre sul fondo della scatola esterna viene aggiunto un codice di tracciabilit\u00e0 anticontraffazione;<\/li>\n<li>Supporto del design \"una scatola per pi\u00f9 usi\", come la presenza di slot per gli auricolari di ricambio e di strati per la conservazione degli accessori, per migliorare l'aderenza dell'utente.<\/li>\n<\/ol>\n<h2 id=\"-fourth-supply-chain-advantages-one-stop-service-in-shenzhen-factory-\"><strong>4. Vantaggi della catena di fornitura: servizio one-stop nello stabilimento di Shenzhen<\/strong><\/h2>\n<ul>\n<li><strong>Prova di stampa gratuita<\/strong>: Fornire la consegna del campione entro 3-5 giorni lavorativi, ci\u00f2 che si vede \u00e8 ci\u00f2 che si ottiene;<\/li>\n<li><strong>Vantaggio di prezzo<\/strong>: La produzione su larga scala riduce i costi e la quantit\u00e0 minima ordinabile per scatola \u00e8 di soli 500 pezzi;<\/li>\n<li><strong>Garanzia di qualit\u00e0<\/strong>: Certificazione ISO 9001 superata, rapporto di prova di protezione ambientale di supporto SGS;<\/li>\n<li><strong>Risposta rapida<\/strong>Servizio clienti esclusivo 24 ore su 24, progettazione, produzione e monitoraggio dei processi logistici.<\/li>\n<\/ul>","protected":false},"excerpt":{"rendered":"<p>\u2705\u00a0<strong>Rituale di apertura della scatola con una sola mano<\/strong> \u2192 Migliorare l'esperienza dell'utente<br \/>\n\u2705\u00a0<strong>Materiali ecologici + fodera precisa<\/strong>\u00a0\u2192 Approvazione della responsabilit\u00e0 sociale del marchio<br \/>\n\u2705\u00a0<strong>Profonda personalizzazione + risposta rapida<\/strong>\u00a0\u2192 Ridurre i costi di sviluppo del marchio<\/p>","protected":false},"featured_media":9199,"template":"","meta":[],"product_brand":[],"product_cat":[30,413,425,31],"product_tag":[1102,1103,1101],"class_list":{"0":"post-9198","1":"product","2":"type-product","3":"status-publish","4":"has-post-thumbnail","6":"product_cat-by-industry","7":"product_cat-consumer-electronics-boxes","8":"product_cat-lid-and-base-gift-box","9":"product_cat-paper-box-style","10":"product_tag-cable-earphone-box-paper-packaging","11":"product_tag-custom-earbuds-lid-and-base-box","12":"product_tag-stereo-earphones-packaging-boxes","14":"first","15":"instock","16":"shipping-taxable","17":"product-type-simple"},"_links":{"self":[{"href":"https:\/\/zojopackaging.com\/it\/wp-json\/wp\/v2\/product\/9198","targetHints":{"allow":["GET"]}}],"collection":[{"href":"https:\/\/zojopackaging.com\/it\/wp-json\/wp\/v2\/product"}],"about":[{"href":"https:\/\/zojopackaging.com\/it\/wp-json\/wp\/v2\/types\/product"}],"version-history":[{"count":1,"href":"https:\/\/zojopackaging.com\/it\/wp-json\/wp\/v2\/product\/9198\/revisions"}],"predecessor-version":[{"id":9213,"href":"https:\/\/zojopackaging.com\/it\/wp-json\/wp\/v2\/product\/9198\/revisions\/9213"}],"wp:featuredmedia":[{"embeddable":true,"href":"https:\/\/zojopackaging.com\/it\/wp-json\/wp\/v2\/media\/9199"}],"wp:attachment":[{"href":"https:\/\/zojopackaging.com\/it\/wp-json\/wp\/v2\/media?parent=9198"}],"wp:term":[{"taxonomy":"product_brand","embeddable":true,"href":"https:\/\/zojopackaging.com\/it\/wp-json\/wp\/v2\/product_brand?post=9198"},{"taxonomy":"product_cat","embeddable":true,"href":"https:\/\/zojopackaging.com\/it\/wp-json\/wp\/v2\/product_cat?post=9198"},{"taxonomy":"product_tag","embeddable":true,"href":"https:\/\/zojopackaging.com\/it\/wp-json\/wp\/v2\/product_tag?post=9198"}],"curies":[{"name":"wp","href":"https:\/\/api.w.org\/{rel}","templated":true}]}}