{"id":9205,"date":"2025-04-01T16:52:52","date_gmt":"2025-04-01T08:52:52","guid":{"rendered":"https:\/\/zojopackaging.com\/?post_type=product&#038;p=9205"},"modified":"2025-04-01T17:28:33","modified_gmt":"2025-04-01T09:28:33","slug":"customization-logo-perfume-foil-folding-carton-boxes-manufacturer","status":"publish","type":"product","link":"https:\/\/zojopackaging.com\/it\/product\/customization-logo-perfume-foil-folding-carton-boxes-manufacturer\/","title":{"rendered":"Personalizzazione Logo profumo Foil pieghevole scatole di cartone Fornitore"},"content":{"rendered":"<p>In qualit\u00e0 di azienda di riferimento nel settore dell'imballaggio cinese, ZOJO Print si concentra sulla fornitura di soluzioni di cartone personalizzate per i marchi di fascia alta. Di seguito sono riportati i 7 vantaggi principali del cartone pieghevole in foglio di alluminio per profumi, combinati con gli standard tecnici del settore e i concetti di design:<\/p>\n<h3 id=\"1-four-color-printing-hot-stamping-process-visual-expression-of-high-end-image-\">1.\u00a0<strong>Stampa in quadricromia + processo di stampa a caldo: espressione visiva dell'immagine di alto livello<\/strong><\/h3>\n<p>La tecnologia di stampa in quadricromia \u00e8 utilizzata per ottenere una riproduzione accurata dei colori CMYK, mentre il processo di stampa a caldo \u00e8 utilizzato per aggiungere loghi del marchio, motivi e altri elementi al corpo della scatola o al rivestimento, e la texture metallica brilla alla luce. La superficie del cartone bianco \u00e8 liscia e l'inchiostro ha una forte adesione, garantendo che il disegno sia delicato e senza sbavature. Ad esempio, un marchio internazionale di profumi ha aumentato il tasso di premio dei suoi prodotti di 25% dopo averli inseriti in questo processo.<\/p>\n<h3 id=\"2-application-of-color-psychology-emotional-visual-experience-\">2.\u00a0<strong>Applicazione della psicologia del colore: esperienza visiva emozionale<\/strong><\/h3>\n<p>Creare un'atmosfera calda attraverso toni caldi a bassa saturazione (come l'oro ambrato e il rosa dei fiori di ciliegio) e un design di transizione a gradi. La gerarchia dei colori segue i principi della psicologia del colore FPA, che non solo trasmette il tono del marchio, ma soddisfa anche le preferenze estetiche delle consumatrici. I dati sperimentali dimostrano che le confezioni dai toni tenui aumentano il tempo di permanenza dei consumatori di 37%.<\/p>\n<h3 id=\"3-innovation-of-card-insertion-structure-interactive-opening-and-closing-experience-\">3.\u00a0<strong>Innovazione della struttura di inserimento della carta: esperienza di apertura e chiusura interattiva<\/strong><\/h3>\n<p>Superando il tradizionale tipo di scatola flip-top, adotta una struttura a doppio inserimento di carte: la scatola esterna \u00e8 fissata mediante aspirazione magnetica o fibbia nascosta, mentre il metodo di apertura a inserimento di carte della scatola interna mantiene il senso della cerimonia ed \u00e8 facile da visualizzare. Il coperchio della scatola \u00e8 collegato alla piastra posteriore con un design ergonomico e l'angolo di apertura a destra \u00e8 ottimizzato a 110\u00b0, adatto a 90% di utenti.<\/p>\n<h3 id=\"4-350g-white-card-material-the-golden-balance-of-strength-and-cost-\">4.\u00a0<strong>Materiale in cartoncino bianco da 350 g: il giusto equilibrio tra resistenza e costo<\/strong><\/h3>\n<p>\u00c8 stata scelta una carta importata in cartoncino bianco da 350g\/m\u00b2, con una resistenza alla pressione anulare di 800N\/m, in grado di resistere al test di caduta verticale delle bottiglie di profumo (del peso di circa 100g). Rispetto alle scatole di metallo, riduce il peso di 60%, i costi logistici di 35% e supera la certificazione FSC per soddisfare gli standard ambientali dell'UE.<\/p>\n<h3 id=\"5-modular-size-customization-precise-adaptation-to-product-characteristics-\">5.\u00a0<strong>Personalizzazione modulare delle dimensioni: adattamento preciso alle caratteristiche del prodotto<\/strong><\/h3>\n<p>Supporta la personalizzazione con tolleranza di \u00b10,5 mm e genera rapidamente disegni strutturali attraverso sistemi di modellazione digitale. Ad esempio, la scatola per mini-bottiglie da 15 ml personalizzata per un marchio di profumi di nicchia adotta una dimensione compatta di 175\u00d780\u00d745 mm e il tasso di utilizzo dello spazio \u00e8 aumentato di 40%.<\/p>\n<h3 id=\"6-box-design-language-visual-carrier-of-brand-assets-\">6.\u00a0<strong>Box design language: vettore visivo degli asset del marchio<\/strong><\/h3>\n<p>Adotta in modo innovativo il tipo di scatola \"bottiglia galleggiante\": il vassoio interno \u00e8 sospeso per ridurre le collisioni, mentre la scatola esterna presenta un effetto di luci e ombre sfumate grazie al rivestimento UV. Un marchio di lusso ha vinto il Red Dot Award per questo design e il tasso di riacquisto degli utenti \u00e8 aumentato del 22%.<\/p>\n<h3 id=\"7-multi-functional-inner-tray-system-double-guarantee-of-safety-and-aesthetics-\">7.\u00a0<strong>Sistema di vassoi interni multifunzionali: doppia garanzia di sicurezza ed estetica<\/strong><\/h3>\n<p>Il vassoio interno in carta ondulata, che avvolge il prodotto su sei lati, ha un effetto ammortizzante e garantisce una percentuale di superamento del test di caduta del 99,7%.<\/p>","protected":false},"excerpt":{"rendered":"<p>ZOJO Print offre ai marchi di profumi una soluzione completa, dal concetto alla produzione di massa, grazie a una profonda combinazione di scienza dei materiali, ergonomia ed estetica del marchio. La sua capacit\u00e0 produttiva giornaliera di oltre 60.000 pezzi e il sistema di certificazione ISO 9001 sono in grado di soddisfare le esigenze di personalizzazione dei marchi start-up e dei marchi internazionali, aiutando i clienti a stabilire una competitivit\u00e0 differenziata nel mercato dei terminali.<\/p>","protected":false},"featured_media":9212,"template":"","meta":[],"product_brand":[],"product_cat":[30,417,430,31],"product_tag":[1104,1105,1106],"class_list":{"0":"post-9205","1":"product","2":"type-product","3":"status-publish","4":"has-post-thumbnail","6":"product_cat-by-industry","7":"product_cat-custom-perfume-boxes-by-industry","8":"product_cat-folding-cartons","9":"product_cat-paper-box-style","10":"product_tag-customization-logo-boxes","11":"product_tag-folding-carton-boxes-manufacturer","12":"product_tag-perfume-foil-folding-carton-boxes","14":"first","15":"instock","16":"shipping-taxable","17":"product-type-grouped"},"_links":{"self":[{"href":"https:\/\/zojopackaging.com\/it\/wp-json\/wp\/v2\/product\/9205","targetHints":{"allow":["GET"]}}],"collection":[{"href":"https:\/\/zojopackaging.com\/it\/wp-json\/wp\/v2\/product"}],"about":[{"href":"https:\/\/zojopackaging.com\/it\/wp-json\/wp\/v2\/types\/product"}],"version-history":[{"count":1,"href":"https:\/\/zojopackaging.com\/it\/wp-json\/wp\/v2\/product\/9205\/revisions"}],"predecessor-version":[{"id":9220,"href":"https:\/\/zojopackaging.com\/it\/wp-json\/wp\/v2\/product\/9205\/revisions\/9220"}],"wp:featuredmedia":[{"embeddable":true,"href":"https:\/\/zojopackaging.com\/it\/wp-json\/wp\/v2\/media\/9212"}],"wp:attachment":[{"href":"https:\/\/zojopackaging.com\/it\/wp-json\/wp\/v2\/media?parent=9205"}],"wp:term":[{"taxonomy":"product_brand","embeddable":true,"href":"https:\/\/zojopackaging.com\/it\/wp-json\/wp\/v2\/product_brand?post=9205"},{"taxonomy":"product_cat","embeddable":true,"href":"https:\/\/zojopackaging.com\/it\/wp-json\/wp\/v2\/product_cat?post=9205"},{"taxonomy":"product_tag","embeddable":true,"href":"https:\/\/zojopackaging.com\/it\/wp-json\/wp\/v2\/product_tag?post=9205"}],"curies":[{"name":"wp","href":"https:\/\/api.w.org\/{rel}","templated":true}]}}