{"id":9221,"date":"2025-04-01T17:28:52","date_gmt":"2025-04-01T09:28:52","guid":{"rendered":"https:\/\/zojopackaging.com\/?post_type=product&#038;p=9221"},"modified":"2025-04-01T17:47:19","modified_gmt":"2025-04-01T09:47:19","slug":"soft-touch-custom-printing-folding-cartons-perfume-box-supplier","status":"publish","type":"product","link":"https:\/\/zojopackaging.com\/it\/product\/soft-touch-custom-printing-folding-cartons-perfume-box-supplier\/","title":{"rendered":"Morbido tocco Custom stampa pieghevole cartoni profumo Box Fornitore"},"content":{"rendered":"<h3 id=\"1-clear-green-tone-and-luxurious-craftsmanship-\">1.\u00a0<strong>Tonalit\u00e0 verde chiaro e lussuosa lavorazione artigianale<\/strong><\/h3>\n<p>Il corpo della scatola adotta il colore verde chiaro come colore principale e la stampa in quadricromia realizza una riproduzione accurata dei colori CMYK. La lucentezza della superficie \u00e8 migliorata dalla tecnologia di laminazione del film PET e il logo del marchio \u00e8 impreziosito dalla tecnologia locale dell'argento a caldo. La texture metallica presenta un delicato effetto tridimensionale sotto la luce. I dati sperimentali dimostrano che questo tipo di tecnologia aumenta il tasso di premio del prodotto di 28%.<\/p>\n<h3 id=\"2-dual-card-structure-is-sturdy-\">2.\u00a0<strong>La struttura a doppia scheda \u00e8 robusta<\/strong><\/h3>\n<p>Adottando un design unico a doppia tessera, il coperchio della scatola \u00e8 strettamente collegato alla tessera su entrambi i lati, la struttura \u00e8 stabile e il prodotto pu\u00f2 essere fissato in tutte le direzioni.<\/p>\n<h3 id=\"3-400g-white-card-material-graded-customization-\">3.\u00a0<strong>Materiale in cartoncino bianco da 400 g con personalizzazione graduata<\/strong><\/h3>\n<p>\u00c8 stata selezionata una carta importata da 400g\/m\u00b2 in cartoncino bianco, la cui resistenza alla pressione dell'anello raggiunge i 1000N\/m, \u00e8 certificata FSC e soddisfa gli standard ambientali dell'UE. Fornisce soluzioni di regolazione del peso in base al peso del prodotto: - fragranza 100-200g: 400g versione base - 200-300g fragranza forte: 450g versione potenziata - 300g+ fragranza personalizzata: 500g versione speciale<\/p>\n<h3 id=\"4-different-structural-lining-adaptation-system-\">4.\u00a0<strong>Diversi sistemi di adattamento del rivestimento strutturale<\/strong><\/h3>\n<p>La fodera pu\u00f2 scegliere il materiale appropriato in base alla forma specifica del prodotto, in modo che la scatola possa adattarsi perfettamente. Previene i danni da scuotimento durante il trasporto.<\/p>\n<h3 id=\"5-high-end-brand-empowerment-design-\">5.\u00a0<strong>Design di alta gamma per il potenziamento del marchio<\/strong><\/h3>\n<p>Il tipo di scatola a doppio inserto si adatta alle esigenze di confezionamento di lusso: -\u00a0<strong>Miglioramento visivo<\/strong>: Il design della scatola sospesa aumenta l'area di esposizione dei prodotti di 40%.\u00a0<strong>Aggiornamento touch<\/strong>: Il coperchio della scatola \u00e8 rivestito con una pellicola lucida da 0,3 mm e il coefficiente di smorzamento in apertura e chiusura \u00e8 controllato a 0,5-0,8N-m.\u00a0<strong>Narrazione culturale<\/strong>: Supporta l'incisione laser di storie storiche del marchio e riproduce elementi estetici orientali come \"Il racconto di Genji\".<\/p>\n<h3 id=\"6-full-link-service-guarantee-\">6.\u00a0<strong>Garanzia di servizio full-link<\/strong><\/h3>\n<p>La fabbrica di origine, con 16 anni di esperienza nel settore dell'imballaggio, \u00e8 in grado di fornire servizi professionali one-stop. Dal rendering allo stampaggio del prodotto finale e alla spedizione, ci sono persone dedicate responsabili. .<\/p>\n<h3 id=\"7-global-transportation-solution-\">7.\u00a0<strong>Soluzione di trasporto globale<\/strong><\/h3>\n<p>Basandosi su 15 anni di esperienza nell'esportazione, abbiamo costruito tre importanti sistemi logistici: -\u00a0<strong>Linea dedicata al trasporto aereo<\/strong>: Utilizzo del sacco a colonna d'aria EPE + tecnologia del corpo sottovuoto (resistenza alla compressione aumentata di 60%).\u00a0<strong>Armadio completo di trasporto via mare<\/strong>: Scatola esterna in cartone ondulato impermeabile su misura + chip di monitoraggio della temperatura e dell'umidit\u00e0 -.\u00a0<strong>Pubblicit\u00e0 diretta transfrontaliera<\/strong>: Progettazione indipendente dell'imballaggio in linea con la certificazione CE\/FDA Il tasso di danni da trasporto \u00e8 controllato al di sotto di 0,03%.<\/p>","protected":false},"excerpt":{"rendered":"<p>ZOJO Print offre ai marchi di profumi una soluzione completa, dall'idea al terminale, attraverso l'aggiornamento tridimensionale dell'innovazione dei materiali (carta bianca da 400 g + rivestimento intelligente), dell'ingegneria strutturale (sistema di compressione a doppia carta) e del servizio al marchio (personalizzazione full-link). La sua capacit\u00e0 produttiva giornaliera di oltre 60.000 unit\u00e0 e il sistema di certificazione ISO 9001 possono soddisfare le esigenze di personalizzazione di marchi start-up e internazionali, aiutando i clienti a stabilire una competitivit\u00e0 differenziata nel mercato dei terminali.<\/p>","protected":false},"featured_media":9222,"template":"","meta":[],"product_brand":[],"product_cat":[30,417,430,31],"product_tag":[1111,913,1110],"class_list":{"0":"post-9221","1":"product","2":"type-product","3":"status-publish","4":"has-post-thumbnail","6":"product_cat-by-industry","7":"product_cat-custom-perfume-boxes-by-industry","8":"product_cat-folding-cartons","9":"product_cat-paper-box-style","10":"product_tag-custom-printing-folding-cartons","11":"product_tag-perfume-box-supplier","12":"product_tag-soft-touch-box","14":"first","15":"instock","16":"shipping-taxable","17":"product-type-grouped"},"_links":{"self":[{"href":"https:\/\/zojopackaging.com\/it\/wp-json\/wp\/v2\/product\/9221","targetHints":{"allow":["GET"]}}],"collection":[{"href":"https:\/\/zojopackaging.com\/it\/wp-json\/wp\/v2\/product"}],"about":[{"href":"https:\/\/zojopackaging.com\/it\/wp-json\/wp\/v2\/types\/product"}],"version-history":[{"count":1,"href":"https:\/\/zojopackaging.com\/it\/wp-json\/wp\/v2\/product\/9221\/revisions"}],"predecessor-version":[{"id":9237,"href":"https:\/\/zojopackaging.com\/it\/wp-json\/wp\/v2\/product\/9221\/revisions\/9237"}],"wp:featuredmedia":[{"embeddable":true,"href":"https:\/\/zojopackaging.com\/it\/wp-json\/wp\/v2\/media\/9222"}],"wp:attachment":[{"href":"https:\/\/zojopackaging.com\/it\/wp-json\/wp\/v2\/media?parent=9221"}],"wp:term":[{"taxonomy":"product_brand","embeddable":true,"href":"https:\/\/zojopackaging.com\/it\/wp-json\/wp\/v2\/product_brand?post=9221"},{"taxonomy":"product_cat","embeddable":true,"href":"https:\/\/zojopackaging.com\/it\/wp-json\/wp\/v2\/product_cat?post=9221"},{"taxonomy":"product_tag","embeddable":true,"href":"https:\/\/zojopackaging.com\/it\/wp-json\/wp\/v2\/product_tag?post=9221"}],"curies":[{"name":"wp","href":"https:\/\/api.w.org\/{rel}","templated":true}]}}