{"id":9231,"date":"2025-04-01T17:31:48","date_gmt":"2025-04-01T09:31:48","guid":{"rendered":"https:\/\/zojopackaging.com\/?post_type=product&#038;p=9231"},"modified":"2025-04-01T17:48:14","modified_gmt":"2025-04-01T09:48:14","slug":"custom-printed-scented-hair-growth-oil-packaging-box-factory","status":"publish","type":"product","link":"https:\/\/zojopackaging.com\/it\/product\/custom-printed-scented-hair-growth-oil-packaging-box-factory\/","title":{"rendered":"Fabbrica della scatola d'imballaggio dell'olio di crescita dei capelli profumato stampato su ordinazione"},"content":{"rendered":"<h2 id=\"-1-humanized-magnetic-box-design-taking-into-account-convenience-and-display-\"><strong>1. Design umanizzato della scatola a chiusura magnetica, che tiene conto della praticit\u00e0 e dell'esposizione.<\/strong><\/h2>\n<p>Adottando un'innovativa struttura di apertura e chiusura magnetica, pu\u00f2 essere aperta con un tocco leggero e il funzionamento \u00e8 fluido. Stampo di rivestimento in EVA ad alta densit\u00e0, posizionamento e fissaggio precisi del corpo della bottiglia, antiurto e resistente alla pressione, per garantire la sicurezza del trasporto e dell'esposizione.<\/p>\n<h2 id=\"-2-high-strength-composite-material-double-protection-guarantee-\"><strong>2. Materiale composito ad alta resistenza, doppia protezione garantita<\/strong><\/h2>\n<p>Il materiale di base \u00e8 selezionato come\u00a0<strong>157 g di carta patinata C2S + 1200 g di cartone rigido<\/strong>\u00a0combinazione, la superficie \u00e8 delicata e liscia, lo strato inferiore ha una forte resistenza agli urti e non si deforma dopo aver superato il test di pressione statica di 10 kg. Il processo composito conferisce al corpo della scatola un'eccellente rigidit\u00e0, resiste efficacemente all'estrusione di forze esterne e fornisce una protezione completa per i prodotti liquidi di alto valore.<\/p>\n<h2 id=\"-3-double-sided-high-precision-printing-technology-to-enhance-brand-penetration-\"><strong>3. Tecnologia di stampa ad alta precisione su entrambi i lati per migliorare la penetrazione del marchio.<\/strong><\/h2>\n<p>Stampa UV a colori su entrambi i lati, supporta 4 colori + tinte piatte + gamma di colori Pantone, con una risoluzione di 300 dpi e disegni nitidi senza sbavature. \u00c8 in grado di organizzare in modo flessibile informazioni multidimensionali come l'efficacia del prodotto, la descrizione degli ingredienti, la storia del marchio e cos\u00ec via, aumentando il valore dei punti di contatto con i consumatori e riducendo i costi del marketing secondario.<\/p>\n<h2 id=\"-4-customization-of-brand-visual-system-optimization-of-blue-tone-aesthetics-\"><strong>4. Personalizzazione del sistema visivo del marchio, ottimizzazione dell'estetica dei toni blu.<\/strong><\/h2>\n<p>Il colore principale adotta il blu standard Pantone 2945C e la differenza di colore tra i lotti \u00e8 \u22640,5\u0394E dopo 6 processi di calibrazione del colore. Con il processo di goffratura parziale dell'argento a caldo, la lucentezza metallica \u00e8 evidenziata nella texture opaca, trasmettendo un senso di tecnologia e una tonalit\u00e0 di fascia alta, e la riconoscibilit\u00e0 a scaffale \u00e8 aumentata di 40%.<\/p>\n<h2 id=\"-5-modular-compatible-structure-cross-category-adaptation-solution-\"><strong>5. Struttura modulare compatibile, soluzione di adattamento trasversale alla categoria<\/strong><\/h2>\n<p>Lo spazio interno supporta la personalizzazione di flaconi da 30ml-150ml, adatti a cosmetici come olio per la crescita dei capelli, essenze e creme. Gli accessori, come le fibbie e i nastri per profumi, possono essere ampliati per soddisfare le esigenze di molteplici scenari, come i prodotti per la cura della pelle e le confezioni regalo di lusso leggero, e ridurre i costi di sviluppo delle SKU dei clienti.<\/p>\n<h2 id=\"-6-precision-die-cutting-process-details-create-high-end-experience-\"><strong>6. Processo di fustellatura di precisione, i dettagli creano un'esperienza di alto livello<\/strong><\/h2>\n<p>Sistema di fustellatura laser tedesco Heidelberg, tolleranza di taglio \u00b10,15 mm, angoli R arrotondati e senza bave. Grazie alla tecnologia di indentazione senza colla, la durata di apertura della scatola supera le 500 volte, la scorrevolezza al tatto soddisfa lo standard europeo EN13432 e lo spazio premium \u00e8 aumentato di 25%.<\/p>\n<h2 id=\"-7-16-years-of-smart-manufacturing-experience-full-link-service-guarantee-\"><strong>7. 16 anni di esperienza di produzione intelligente, garanzia di servizio full-link<\/strong><\/h2>\n<p>In qualit\u00e0 di impresa con doppia certificazione ISO9001\/14001 nell'industria dell'imballaggio cinese, integriamo l'intero processo di progettazione-prova-produzione-ispezione di qualit\u00e0-logistica, 7 giorni di prova rapida, 15 giorni di consegna in lotti e una quantit\u00e0 minima di ordine di 500pz. Forniamo servizi di ottimizzazione della catena di fornitura 1-to-1 e il costo complessivo \u00e8 18% inferiore al mercato.<\/p>\n<h2 id=\"-technical-parameters-\"><strong>Parametri tecnici<\/strong><\/h2>\n<table>\n<thead>\n<tr>\n<th>Progetto<\/th>\n<th>Specifiche<\/th>\n<\/tr>\n<\/thead>\n<tbody>\n<tr>\n<td>Materiale<\/td>\n<td>Carta patinata da 157 g + cartone da 1200 g<\/td>\n<\/tr>\n<tr>\n<td>Processo di stampa<\/td>\n<td>Stampa fronte\/retro<\/td>\n<\/tr>\n<tr>\n<td>Ciclo di consegna<\/td>\n<td>7-14 giorni lavorativi (a seconda del volume dell'ordine)<\/td>\n<\/tr>\n<tr>\n<td>Standard ambientali<\/td>\n<td>Inchiostro biodegradabile certificato FSC<\/td>\n<\/tr>\n<\/tbody>\n<\/table>","protected":false},"excerpt":{"rendered":"<ul>\n<li><strong>Costo controllabile<\/strong>: base di carta autoprodotta + linea di produzione completamente automatica, trasparenza dei prezzi industria TOP3<\/li>\n<li><strong>Impegno per la qualit\u00e0<\/strong>: ispezione completa del primo pezzo + campionamento del lotto, tasso di rendimento 99,2%<\/li>\n<li><strong>Personalizzazione flessibile<\/strong>Supporto del codice QR AR, della microcapsula di fragranza e di altre tecnologie di imballaggio intelligenti.<\/li>\n<\/ul>","protected":false},"featured_media":9232,"template":"","meta":[],"product_brand":[],"product_cat":[30,390,424,31],"product_tag":[1112,1114,1113],"class_list":{"0":"post-9231","1":"product","2":"type-product","3":"status-publish","4":"has-post-thumbnail","6":"product_cat-by-industry","7":"product_cat-custom-cosmetics-boxes","8":"product_cat-magnetic-closure-boxes","9":"product_cat-paper-box-style","10":"product_tag-custom-scented-packaging","11":"product_tag-growth-oil-packaging-box","12":"product_tag-hair-oil-packaging","14":"first","15":"instock","16":"shipping-taxable","17":"product-type-simple"},"_links":{"self":[{"href":"https:\/\/zojopackaging.com\/it\/wp-json\/wp\/v2\/product\/9231","targetHints":{"allow":["GET"]}}],"collection":[{"href":"https:\/\/zojopackaging.com\/it\/wp-json\/wp\/v2\/product"}],"about":[{"href":"https:\/\/zojopackaging.com\/it\/wp-json\/wp\/v2\/types\/product"}],"version-history":[{"count":1,"href":"https:\/\/zojopackaging.com\/it\/wp-json\/wp\/v2\/product\/9231\/revisions"}],"predecessor-version":[{"id":9238,"href":"https:\/\/zojopackaging.com\/it\/wp-json\/wp\/v2\/product\/9231\/revisions\/9238"}],"wp:featuredmedia":[{"embeddable":true,"href":"https:\/\/zojopackaging.com\/it\/wp-json\/wp\/v2\/media\/9232"}],"wp:attachment":[{"href":"https:\/\/zojopackaging.com\/it\/wp-json\/wp\/v2\/media?parent=9231"}],"wp:term":[{"taxonomy":"product_brand","embeddable":true,"href":"https:\/\/zojopackaging.com\/it\/wp-json\/wp\/v2\/product_brand?post=9231"},{"taxonomy":"product_cat","embeddable":true,"href":"https:\/\/zojopackaging.com\/it\/wp-json\/wp\/v2\/product_cat?post=9231"},{"taxonomy":"product_tag","embeddable":true,"href":"https:\/\/zojopackaging.com\/it\/wp-json\/wp\/v2\/product_tag?post=9231"}],"curies":[{"name":"wp","href":"https:\/\/api.w.org\/{rel}","templated":true}]}}