{"id":9246,"date":"2025-04-01T18:03:26","date_gmt":"2025-04-01T10:03:26","guid":{"rendered":"https:\/\/zojopackaging.com\/?post_type=product&#038;p=9246"},"modified":"2025-04-01T18:17:59","modified_gmt":"2025-04-01T10:17:59","slug":"manufacture-black-perfume-folding-cardboard-box-fast-delievery","status":"publish","type":"product","link":"https:\/\/zojopackaging.com\/it\/product\/manufacture-black-perfume-folding-cardboard-box-fast-delievery\/","title":{"rendered":"Fabbricazione profumo nero pieghevole scatola di cartone veloce Delievery"},"content":{"rendered":"<h3 id=\"1-350g-400g-white-card-material-smooth-touch-and-long-term-preservation-\">1.\u00a0<strong>Materiale in cartoncino bianco da 350g-400g: tatto morbido e conservazione a lungo termine<\/strong><\/h3>\n<p>\u00c8 stata scelta carta bianca importata (350g versione base\/400g versione migliorata), con una levigatezza superficiale di 85\u00b0 e un tocco setoso. Il contenuto di umidit\u00e0 della carta, che ha superato la certificazione ISO 9001, \u00e8 rigorosamente controllato a 5%\u00b11% per garantire una conservazione a lungo termine senza deformazioni. Rispetto alla normale carta grigia, l'adesione dell'inchiostro della carta bianca \u00e8 aumentata di 40% e il colore stampato \u00e8 pi\u00f9 duraturo.<\/p>\n<h3 id=\"2-minimalist-double-insert-card-box-shape-classic-design-and-multi-functional-adaptation-\">2.\u00a0<strong>Forma minimalista della scatola per carte a doppio inserto: design classico e adattamento multifunzionale<\/strong><\/h3>\n<p>Adottando una struttura a disco (fondo autobloccante nella parte inferiore), il coperchio della scatola \u00e8 collegato alla piastra posteriore in conformit\u00e0 con l'ergonomia e l'angolo di apertura a destra \u00e8 ottimizzato a 115\u00b0. Grazie al design modulare della linea di piegatura, \u00e8 adatto all'intera gamma di bottiglie di profumo da 30ml a 100ml e il corpo della bottiglia \u00e8 sospeso al centro per ridurre il rischio di collisione durante il trasporto. La resistenza alla compressione misurata \u00e8 di 1500N\/m\u00b2 e pu\u00f2 resistere a un test di caduta da un'altezza di 1,2 metri.<\/p>\n<h3 id=\"3-black-and-gold-contrasting-technology-visual-impact-and-light-luxury-aesthetics-\">3.\u00a0<strong>Tecnologia a contrasto nero e oro: impatto visivo ed estetica leggera e di lusso<\/strong><\/h3>\n<p>La stampa UV parziale combinata con la tecnologia a rilievo tridimensionale forma una texture con una differenza di altezza di 0,1 mm sul substrato nero, e la texture metallica presenta luci e ombre dinamiche come il cielo stellato. L'abbinamento dei colori nero e oro ha superato il test di psicologia del colore FPA, trasmettendo un senso di lusso misterioso e aumentando il tasso di qualit\u00e0 del prodotto di 32%.<\/p>\n<h3 id=\"4-heidelberg-four-color-printing-accurate-color-reproduction-\">4.\u00a0<strong>Stampa in quadricromia Heidelberg: riproduzione accurata dei colori<\/strong><\/h3>\n<p>Adottando la tecnologia di stampa in quadricromia CMYK, viene utilizzata la gestione del colore ICC per garantire che la differenza di colore \u0394E&lt;0,5, e il tasso di copertura dell&#039;inchiostro \u00e8 ottimizzato soprattutto per i substrati neri per evitare problemi di penetrazione dell&#039;inchiostro. Supporta la corrispondenza con le schede colori Pantone per ottenere un ripristino accurato del colore del marchio VI.<\/p>\n<h3 id=\"5-customized-brand-logo-strengthen-user-memory-points-\">5.\u00a0<strong>Logo del marchio personalizzato: Rafforzare i punti di memoria dell'utente<\/strong><\/h3>\n<p>Offre la doppia opzione di stampa a caldo\/argentatura a caldo e la posizione del LOGO supporta il design a doppia posizione del pannello anteriore e posteriore. Un marchio di lusso ha aumentato il riconoscimento del marchio di 45% e il tasso di riacquisto di 28% grazie a questa soluzione.<\/p>\n<h3 id=\"6-replaceable-lining-system-smart-packaging-upgrade-\">6.\u00a0<strong>Sistema di rivestimento sostituibile: aggiornamento intelligente dell'imballaggio<\/strong><\/h3>\n<p>Il rivestimento utilizza carta ondulata ecologica come carta interna, che consente un rapido smontaggio e sostituzione. Sono previste 5 soluzioni di adattamento: -\u00a0<strong>Modello base antiurto<\/strong>: superato il test ISTA 2A -\u00a0<strong>Modello di display<\/strong>: design della finestra in acrilico trasparente -\u00a0<strong>Modello ecologico e riciclabile<\/strong>: fodera in fibra vegetale di cotone -\u00a0<strong>Modello con LOGO personalizzato<\/strong>: storia del marchio di incisione laser<\/p>\n<h3 id=\"7-fast-delivery-system-full-link-production-guarantee-\">7.\u00a0<strong>Sistema di consegna veloce: garanzia di produzione full-link<\/strong><\/h3>\n<p>Affidarsi a processi di produzione standardizzati per raggiungere l'obiettivo:<\/p>\n<ol>\n<li>Modellazione 3D e simulazione strutturale (errore &lt;0,1 mm)<\/li>\n<li>8 prove di stampa a settimana (supporto all'ottimizzazione dei test in cieco)<\/li>\n<li>Macchina da stampa Heidelberg dedicata alla produzione in linea<\/li>\n<li>Sistema di controllo qualit\u00e0 ISO 9001 L'intero processo, dal rendering alla produzione di massa, pu\u00f2 essere completato in soli 7 giorni, con una capacit\u00e0 produttiva media giornaliera di oltre 120.000 unit\u00e0, supportando gli standard logistici Amazon FBA\/EURAMID.<\/li>\n<\/ol>","protected":false},"excerpt":{"rendered":"<p>ZOJO Print offre ai marchi di profumi una soluzione completa, dall'idea al terminale, attraverso aggiornamenti tridimensionali nell'innovazione dei materiali (tecnologia white card touch + black gold), nell'ingegneria strutturale (resistenza alla compressione della doppia carta) e nella produzione intelligente (fast proofing). La sua capacit\u00e0 produttiva giornaliera di oltre 120.000 unit\u00e0 e il sistema di certificazione ambientale ISO 14001 sono in grado di soddisfare le esigenze di personalizzazione dei marchi start-up e dei marchi internazionali, aiutando i clienti a stabilire una competitivit\u00e0 differenziata nel mercato dei terminali.<\/p>","protected":false},"featured_media":9260,"template":"","meta":[],"product_brand":[],"product_cat":[30,417,430,31],"product_tag":[1117,1118,1119],"class_list":{"0":"post-9246","1":"product","2":"type-product","3":"status-publish","4":"has-post-thumbnail","6":"product_cat-by-industry","7":"product_cat-custom-perfume-boxes-by-industry","8":"product_cat-folding-cartons","9":"product_cat-paper-box-style","10":"product_tag-black-perfume-folding-cardboard-box","11":"product_tag-folding-cardboard-box-fast-delievery","12":"product_tag-manufacture-box","14":"first","15":"instock","16":"shipping-taxable","17":"product-type-grouped"},"_links":{"self":[{"href":"https:\/\/zojopackaging.com\/it\/wp-json\/wp\/v2\/product\/9246","targetHints":{"allow":["GET"]}}],"collection":[{"href":"https:\/\/zojopackaging.com\/it\/wp-json\/wp\/v2\/product"}],"about":[{"href":"https:\/\/zojopackaging.com\/it\/wp-json\/wp\/v2\/types\/product"}],"version-history":[{"count":1,"href":"https:\/\/zojopackaging.com\/it\/wp-json\/wp\/v2\/product\/9246\/revisions"}],"predecessor-version":[{"id":9261,"href":"https:\/\/zojopackaging.com\/it\/wp-json\/wp\/v2\/product\/9246\/revisions\/9261"}],"wp:featuredmedia":[{"embeddable":true,"href":"https:\/\/zojopackaging.com\/it\/wp-json\/wp\/v2\/media\/9260"}],"wp:attachment":[{"href":"https:\/\/zojopackaging.com\/it\/wp-json\/wp\/v2\/media?parent=9246"}],"wp:term":[{"taxonomy":"product_brand","embeddable":true,"href":"https:\/\/zojopackaging.com\/it\/wp-json\/wp\/v2\/product_brand?post=9246"},{"taxonomy":"product_cat","embeddable":true,"href":"https:\/\/zojopackaging.com\/it\/wp-json\/wp\/v2\/product_cat?post=9246"},{"taxonomy":"product_tag","embeddable":true,"href":"https:\/\/zojopackaging.com\/it\/wp-json\/wp\/v2\/product_tag?post=9246"}],"curies":[{"name":"wp","href":"https:\/\/api.w.org\/{rel}","templated":true}]}}