{"id":9248,"date":"2025-04-01T18:03:53","date_gmt":"2025-04-01T10:03:53","guid":{"rendered":"https:\/\/zojopackaging.com\/?post_type=product&#038;p=9248"},"modified":"2025-04-01T18:19:04","modified_gmt":"2025-04-01T10:19:04","slug":"custom-printed-keyboard-packaging-rigid-boxes-wholesale","status":"publish","type":"product","link":"https:\/\/zojopackaging.com\/it\/product\/custom-printed-keyboard-packaging-rigid-boxes-wholesale\/","title":{"rendered":"Personalizzato stampato tastiera imballaggio scatole rigide all'ingrosso"},"content":{"rendered":"<h2 id=\"-i-design-concept-and-core-advantages-\"><strong>1. Concetto di design e vantaggi principali<\/strong><\/h2>\n<ol>\n<li><strong>Design estetico semplice<\/strong>\u00a0Questa scatola rigida per l'imballaggio della tastiera adotta un design minimalista, con una base di colori puri (come il nero, il bianco e il grigio) e linee semplici, che si adatta alla tendenza mainstream dell'imballaggio dei prodotti elettronici. Gli elementi visivi della superficie della scatola seguono il principio \"less is more\" e trasmettono un senso di tecnologia attraverso caratteri sans serif e figure geometriche, in linea con il linguaggio del packaging di fascia alta di marchi come Apple e Dyson.<\/li>\n<li><strong>Struttura del rivestimento adattata con precisione<\/strong>\u00a0Il rivestimento \u00e8 personalizzato in base al contorno della tastiera, utilizzando la tecnologia EVA ad alta densit\u00e0 o il vassoio blister, che si adatta perfettamente a forme diverse, come tastiere meccaniche e a membrana, e ammortizza efficacemente le vibrazioni del trasporto. Il divisorio interno pu\u00f2 fissare i tasti e i fili per evitare graffi e l'adattabilit\u00e0 \u00e8 migliore rispetto all'imballaggio generale.<\/li>\n<li><strong>Stampa di alta precisione ed esposizione del marchio<\/strong>\u00a0La superficie della scatola utilizza carta patinata da 157 GSM, combinata con la tecnologia di stampa offset, per presentare immagini ad alta definizione della tastiera e il LOGO del marchio. Le informazioni testuali (come i parametri del prodotto e gli slogan del marchio) sono evidenziate attraverso la tecnologia di stampa a caldo\/verniciatura locale UV per migliorare l'effetto pubblicitario. Supporta la stampa a colori, il controllo della differenza di colore \u22645%, garantendo la coerenza visiva.<\/li>\n<\/ol>\n<h2 id=\"-second-structure-and-material-details-\"><strong>2. Dettagli sulla struttura e sui materiali<\/strong><\/h2>\n<ol>\n<li><strong>Design umanizzato del coperchio superiore e inferiore<\/strong>\u00a0La confezione adotta una struttura con coperchio superiore e inferiore e il bordo del coperchio \u00e8 dotato di una scanalatura a forma di arco per la posizione delle dita. Lo smorzamento dell'apertura e della chiusura \u00e8 moderato e il prodotto pu\u00f2 essere facilmente preso e posizionato con una sola mano, soddisfacendo le esigenze di esposizione. L'errore di profondit\u00e0 della scatola interna \u00e8 \u22640,2 mm per garantire la tenuta della chiusura.<\/li>\n<li><strong>Combinazione di materiali ad alta resistenza<\/strong><\/li>\n<li><strong>Scatola esterna<\/strong>: Cartone grigio da 1200 GSM, resistenza alla compressione \u226550 kg, prestazione di carico 3 volte migliore rispetto alle normali scatole di carta ondulata.<\/li>\n<li><strong>Superficie<\/strong>: 157 carta patinata GSM ricoperta da una pellicola opaca, delicata al tatto e anti-impronta, il tasso di copertura della gamma di colori di stampa raggiunge 98%.<\/li>\n<li><strong>Protezione dell'ambiente<\/strong>: Il materiale \u00e8 certificato FSC, supporta opzioni degradabili e rispetta le normative ambientali europee e americane.<\/li>\n<\/ol>\n<h2 id=\"-iii-production-and-service-guarantee-\"><strong>3. Garanzia di produzione e di servizio<\/strong><\/h2>\n<ol>\n<li><strong>Resistenza di fabbrica di 16 anni<\/strong>\u00a0Basandosi su 15 anni di esperienza nella produzione di imballaggi professionali nel Guangdong, in Cina, la fabbrica \u00e8 dotata di macchine fustellatrici completamente automatiche, attrezzature per l'incisione di precisione CNC e sistema di gestione della qualit\u00e0 ISO, con una capacit\u00e0 produttiva annua di oltre 5 milioni di pezzi, e il prezzo unitario \u00e8 20%-30% inferiore a quello di prodotti simili sul mercato. Supporta un ordine minimo di 1.000 pezzi, 7-10 giorni per la consegna e un tasso di rendimento di \u226599%.<\/li>\n<li><strong>Soluzione unica per il commercio estero<\/strong><\/li>\n<li><strong>Supporto alla progettazione<\/strong>: Fornire prove di rendering 3D gratuite, completare le modifiche al design entro 72 ore ed essere compatibili con le specifiche visive di piattaforme come Amazon ed eBay.<\/li>\n<li><strong>Dalla produzione alla logistica<\/strong>: Integrare la catena di fornitura a Shenzhen e Dongguan, supportare il trasporto internazionale DDP\/DAP e fornire i documenti di certificazione CE e RoHS.<\/li>\n<li><strong>Servizio personalizzato<\/strong>: La stampa a caldo del LOGO, l'inserimento manuale multilingue, le etichette anticontraffazione e altri servizi a valore aggiunto sono opzionali per soddisfare le esigenze differenziate del commercio elettronico transfrontaliero.<\/li>\n<\/ol>\n<h2 id=\"-cooperation-process-\"><strong>Processo di cooperazione<\/strong>:<\/h2>\n<ol>\n<li><strong>Comunicazione della domanda<\/strong>: Fornire un diagramma delle dimensioni della tastiera o inviare campioni per confermare la struttura del rivestimento e il tipo di scatola.<\/li>\n<li><strong>Conferma del progetto<\/strong>: Uscita della bozza stampata entro 3 giorni lavorativi, supporto di 5 modifiche gratuite.<\/li>\n<li><strong>Produzione di massa<\/strong>: Utilizzo della macchina da stampa tedesca Heidelberg, ispezione e controllo qualit\u00e0 completi.<\/li>\n<li><strong>Consegna globale<\/strong>: Il nostro team logistico collabora con FedEx\/DHL e raggiunge direttamente i principali porti in Europa e negli Stati Uniti in 15 giorni.<\/li>\n<\/ol>\n<h2 id=\"-consult-now-\"><strong>Consulta ora<\/strong>:<\/h2>\n<ul>\n<li><strong>Vantaggi<\/strong>: 16 anni di certificazione di qualit\u00e0, fornitura speciale per il commercio estero, soglia minima d'ordine pari a zero.<\/li>\n<li><strong>Impegno<\/strong>: I difetti causati da problemi di materiale o di processo sono giustificati da una rilavorazione completa o da un rimborso.<\/li>\n<\/ul>\n<h2 id=\"-applicable-scenarios-\"><strong>Scenari applicabili<\/strong>:<\/h2>\n<ul>\n<li>Tastiera meccanica, personalizzazione delle periferiche per gli e-sport<\/li>\n<li>Commercio elettronico transfrontaliero (imballaggio conforme ad Amazon FBA)<\/li>\n<li>Cofanetti regalo, prodotti in edizione limitata e confezioni regalo di alto livello<\/li>\n<\/ul>\n<h2 id=\"-technical-parameters-\"><strong>Parametri tecnici<\/strong>:<\/h2>\n<table>\n<thead>\n<tr>\n<th>Progetto<\/th>\n<th>Specifiche tecniche<\/th>\n<\/tr>\n<\/thead>\n<tbody>\n<tr>\n<td>Materiale<\/td>\n<td>Cartone grigio da 1200 GSM + carta patinata da 157 GSM<\/td>\n<\/tr>\n<tr>\n<td>Processo di stampa<\/td>\n<td>Stampa offset\/serigrafia, stampa a caldo\/UV\/goffratura opzionale<\/td>\n<\/tr>\n<tr>\n<td>Tipo di rivestimento<\/td>\n<td>Personalizzazione EVA\/ vassoio blister\/ cotone perlato<\/td>\n<\/tr>\n<tr>\n<td>Quantit\u00e0 minima ordinabile<\/td>\n<td>500 pezzi<\/td>\n<\/tr>\n<tr>\n<td>Ciclo di consegna<\/td>\n<td>7-15 giorni (a seconda della complessit\u00e0)<\/td>\n<\/tr>\n<\/tbody>\n<\/table>","protected":false},"excerpt":{"rendered":"<p><strong>Protezione Premium<\/strong>: Il cartone resistente protegge le tastiere dagli urti durante la spedizione.<br \/>\n<strong>Design pronto per il marchio<\/strong>: Loghi, colori e testi personalizzati aumentano la visibilit\u00e0 del prodotto.<br \/>\n<strong>Efficienza degli ordini in blocco<\/strong>: Ideale per le partnership all'ingrosso e per i marchi ad alto volume.<\/p>","protected":false},"featured_media":9249,"template":"","meta":[],"product_brand":[],"product_cat":[30,413,425,31],"product_tag":[1120,1121,1122],"class_list":{"0":"post-9248","1":"product","2":"type-product","3":"status-publish","4":"has-post-thumbnail","6":"product_cat-by-industry","7":"product_cat-consumer-electronics-boxes","8":"product_cat-lid-and-base-gift-box","9":"product_cat-paper-box-style","10":"product_tag-custom-keyboard-boxes","11":"product_tag-keyboard-packaging-rigid-boxes","12":"product_tag-keyboard-packaging-wholesale","14":"first","15":"instock","16":"shipping-taxable","17":"product-type-simple"},"_links":{"self":[{"href":"https:\/\/zojopackaging.com\/it\/wp-json\/wp\/v2\/product\/9248","targetHints":{"allow":["GET"]}}],"collection":[{"href":"https:\/\/zojopackaging.com\/it\/wp-json\/wp\/v2\/product"}],"about":[{"href":"https:\/\/zojopackaging.com\/it\/wp-json\/wp\/v2\/types\/product"}],"version-history":[{"count":1,"href":"https:\/\/zojopackaging.com\/it\/wp-json\/wp\/v2\/product\/9248\/revisions"}],"predecessor-version":[{"id":9263,"href":"https:\/\/zojopackaging.com\/it\/wp-json\/wp\/v2\/product\/9248\/revisions\/9263"}],"wp:featuredmedia":[{"embeddable":true,"href":"https:\/\/zojopackaging.com\/it\/wp-json\/wp\/v2\/media\/9249"}],"wp:attachment":[{"href":"https:\/\/zojopackaging.com\/it\/wp-json\/wp\/v2\/media?parent=9248"}],"wp:term":[{"taxonomy":"product_brand","embeddable":true,"href":"https:\/\/zojopackaging.com\/it\/wp-json\/wp\/v2\/product_brand?post=9248"},{"taxonomy":"product_cat","embeddable":true,"href":"https:\/\/zojopackaging.com\/it\/wp-json\/wp\/v2\/product_cat?post=9248"},{"taxonomy":"product_tag","embeddable":true,"href":"https:\/\/zojopackaging.com\/it\/wp-json\/wp\/v2\/product_tag?post=9248"}],"curies":[{"name":"wp","href":"https:\/\/api.w.org\/{rel}","templated":true}]}}