{"id":9262,"date":"2025-04-01T18:18:10","date_gmt":"2025-04-01T10:18:10","guid":{"rendered":"https:\/\/zojopackaging.com\/?post_type=product&#038;p=9262"},"modified":"2025-04-01T18:35:59","modified_gmt":"2025-04-01T10:35:59","slug":"custom-logo-cardboard-box-50ml-perfume-packaging-boxes-manufacturer","status":"publish","type":"product","link":"https:\/\/zojopackaging.com\/it\/product\/custom-logo-cardboard-box-50ml-perfume-packaging-boxes-manufacturer\/","title":{"rendered":"Logo personalizzato scatola di cartone 50ML profumo imballaggio scatole Fornitore"},"content":{"rendered":"<h3 id=\"1-350g-400g-high-quality-white-card-material-high-end-and-easy-to-store-\">1.\u00a0<strong>350g-400g materiale di alta qualit\u00e0 in cartoncino bianco: di alta qualit\u00e0 e facile da conservare<\/strong><\/h3>\n<p>La scatola di cartoncini per profumi utilizza carta di cartoncino di alta qualit\u00e0. Grazie alla macchina da stampa Heidelberg, il colore complessivo della scatola di cartoncino \u00e8 abbagliante e brillante, in grado di evidenziare meglio il fascino del lusso e lo stile dei prodotti del cliente.<\/p>\n<h3 id=\"2-minimalist-double-insert-card-box-shape-convenient-operation-and-protection-function-coexist-\">2.\u00a0<strong>Forma minimalista della scatola di carte a doppio inserto: comoda operativit\u00e0 e funzione di protezione coesistono<\/strong><\/h3>\n<p>Adottando un comodo design a doppio inserto, l'operazione \u00e8 facile e gratuita e lo squisito layout del profumo interno viene immediatamente visualizzato.<\/p>\n<h3 id=\"3-customizable-size-design-exclusivity-and-light-luxury-aesthetics-\">3.\u00a0<strong>Dimensioni personalizzabili: esclusivit\u00e0 del design ed estetica leggera e di lusso<\/strong><\/h3>\n<p>Supporta una variet\u00e0 di dimensioni e la personalizzazione del processo, integrando perfettamente le caratteristiche del marchio del prodotto e i concetti di design.<\/p>\n<h3 id=\"4-perfect-structure-protect-perfume-\">4.\u00a0<strong>Struttura perfetta: protegge il profumo<\/strong><\/h3>\n<p>La scatola portaprofumi \u00e8 dotata di una struttura a fibbia per garantire la stabilit\u00e0 e la sicurezza della bottiglia di profumo ed evitare che scivoli accidentalmente durante il prelievo.<\/p>\n<h3 id=\"5-customized-brand-logo-strengthen-user-memory-points-\">5.\u00a0<strong>Logo del marchio personalizzato: Rafforzare i punti di memoria dell'utente<\/strong><\/h3>\n<p>Fornisce la doppia opzione di stampa a caldo\/argentatura a caldo e la posizione del LOGO supporta il design della doppia posizione di visualizzazione fronte\/retro. Grazie a questa soluzione, un marchio di lusso ha aumentato il proprio riconoscimento del marchio di 45% e il tasso di riacquisto di 28%.<\/p>\n<h3 id=\"6-replaceable-lining-system-smart-packaging-upgrade-\">6.\u00a0<strong>Sistema di rivestimento sostituibile: aggiornamento intelligente dell'imballaggio<\/strong><\/h3>\n<p>Il rivestimento pu\u00f2 essere personalizzato in base alle esigenze individuali e si pu\u00f2 scegliere il materiale pi\u00f9 adatto allo stile del profumo.<\/p>\n<h3 id=\"7-professional-self-owned-factory-double-guarantee-of-quality-and-service-\">7.\u00a0<strong>Fabbrica professionale di propriet\u00e0: doppia garanzia di qualit\u00e0 e servizio<\/strong><\/h3>\n<p>La fabbrica di stampa e imballaggio, che ha 16 anni, si estende su una superficie di 5.320 metri quadrati. Grazie all'eccellente qualit\u00e0 e ai prezzi accessibili, ha conquistato la fiducia e gli apprezzamenti del mercato degli imballaggi d'oltreoceano.<\/p>","protected":false},"excerpt":{"rendered":"<p>ZOJO Print offre ai marchi di profumi una soluzione completa, dal concetto al terminale, attraverso aggiornamenti tridimensionali dell'innovazione dei materiali (tocco della carta bianca + processo dell'oro nero), dell'ingegneria strutturale (resistenza alla compressione della doppia carta) e della produzione intelligente (prova rapida).<\/p>","protected":false},"featured_media":9273,"template":"","meta":[],"product_brand":[],"product_cat":[30,417,430,31],"product_tag":[1124,1123],"class_list":{"0":"post-9262","1":"product","2":"type-product","3":"status-publish","4":"has-post-thumbnail","6":"product_cat-by-industry","7":"product_cat-custom-perfume-boxes-by-industry","8":"product_cat-folding-cartons","9":"product_cat-paper-box-style","10":"product_tag-box-50ml-perfume","11":"product_tag-custom-logo-cardboard-box","13":"first","14":"instock","15":"shipping-taxable","16":"product-type-grouped"},"_links":{"self":[{"href":"https:\/\/zojopackaging.com\/it\/wp-json\/wp\/v2\/product\/9262","targetHints":{"allow":["GET"]}}],"collection":[{"href":"https:\/\/zojopackaging.com\/it\/wp-json\/wp\/v2\/product"}],"about":[{"href":"https:\/\/zojopackaging.com\/it\/wp-json\/wp\/v2\/types\/product"}],"version-history":[{"count":1,"href":"https:\/\/zojopackaging.com\/it\/wp-json\/wp\/v2\/product\/9262\/revisions"}],"predecessor-version":[{"id":9277,"href":"https:\/\/zojopackaging.com\/it\/wp-json\/wp\/v2\/product\/9262\/revisions\/9277"}],"wp:featuredmedia":[{"embeddable":true,"href":"https:\/\/zojopackaging.com\/it\/wp-json\/wp\/v2\/media\/9273"}],"wp:attachment":[{"href":"https:\/\/zojopackaging.com\/it\/wp-json\/wp\/v2\/media?parent=9262"}],"wp:term":[{"taxonomy":"product_brand","embeddable":true,"href":"https:\/\/zojopackaging.com\/it\/wp-json\/wp\/v2\/product_brand?post=9262"},{"taxonomy":"product_cat","embeddable":true,"href":"https:\/\/zojopackaging.com\/it\/wp-json\/wp\/v2\/product_cat?post=9262"},{"taxonomy":"product_tag","embeddable":true,"href":"https:\/\/zojopackaging.com\/it\/wp-json\/wp\/v2\/product_tag?post=9262"}],"curies":[{"name":"wp","href":"https:\/\/api.w.org\/{rel}","templated":true}]}}