{"id":9300,"date":"2025-04-01T20:03:57","date_gmt":"2025-04-01T12:03:57","guid":{"rendered":"https:\/\/zojopackaging.com\/?post_type=product&#038;p=9300"},"modified":"2025-04-01T20:15:53","modified_gmt":"2025-04-01T12:15:53","slug":"wholesale-tea-coffee-paper-tube-packaging-manufacturer","status":"publish","type":"product","link":"https:\/\/zojopackaging.com\/it\/product\/wholesale-tea-coffee-paper-tube-packaging-manufacturer\/","title":{"rendered":"Wholesale T\u00e8 caff\u00e8 carta tubo imballaggio Fornitore"},"content":{"rendered":"<p>In qualit\u00e0 di produttore di imballaggi con 16 anni di esperienza professionale, ci concentriamo sulla fornitura di soluzioni di imballaggio in tubi di carta cilindrici di alta qualit\u00e0 ai clienti globali, coprendo una variet\u00e0 di aree di prodotto come t\u00e8, caff\u00e8, spezie, ecc. Di seguito sono riportati i principali vantaggi e le descrizioni dei servizi del prodotto:<\/p>\n<h2 id=\"-core-design-features-of-the-product-\"><strong>Caratteristiche principali del prodotto<\/strong><\/h2>\n<ol>\n<li><strong>Struttura della scatola di imballaggio del tubo di carta e design di corrispondenza multicolore<\/strong>\u00a0Adottando la classica forma di scatola cilindrica, combinata con uno schema di abbinamento multicolore, attraverso\u00a0<strong>stampa in quadricromia + processo film opaco<\/strong>con la macchina da stampa Heidelberg, per garantire che il colore del modello sia brillante e vivido, resistente all'usura e ai graffi. La superficie pu\u00f2 essere personalizzata con stampa a caldo, UV, goffratura e altri processi per migliorare la stratificazione visiva e la texture di alto livello dell'imballaggio.<\/li>\n<li><strong>Struttura superiore e inferiore divisa, comoda e pratica<\/strong>\u00a0L'imballaggio \u00e8 composto da\u00a0<strong>coperchio della scatola indipendente e corpo della scatola<\/strong>. Il design diviso \u00e8 facile da aprire e chiudere e da riutilizzare, garantendo al contempo la tenuta. Ad esempio, il coperchio della scatola pu\u00f2 adottare una struttura a fibbia magnetica o a spina, stabile e a prova di umidit\u00e0; lo spazio interno del corpo della scatola \u00e8 regolare, adatto a diverse forme di prodotti come lattine di t\u00e8, bustine di caff\u00e8 in polvere e bottiglie di spezie.<\/li>\n<li><strong>Scenari applicativi multifunzionali<\/strong>\u00a0Il prodotto \u00e8 adatto per t\u00e8, caff\u00e8 in grani, spezie, frutta secca, cosmetici e altre categorie, tenendo conto sia della bellezza che della praticit\u00e0. L'interno pu\u00f2 essere configurato con\u00a0<strong>Vassoio interno in EVA, finestra in PVC o divisorio a strati<\/strong>che pu\u00f2 fissare efficacemente il contenuto e prevenire urti e pressioni.<\/li>\n<li><strong>Servizio altamente personalizzato<\/strong>\u00a0Supporto\u00a0<strong>personalizzazione completa del processo<\/strong>\u00a0dal formato, al colore, al processo di stampa:<\/li>\n<li><strong>Dimensione flessibile<\/strong>: Personalizzazione libera nell'intervallo di 2-232 mm di diametro e 2-50 mm di altezza per soddisfare le diverse esigenze di capacit\u00e0.<\/li>\n<li><strong>Diversi stili di design<\/strong>: Vengono forniti modelli in stile retr\u00f2, minimalista, cinese e di altro tipo; \u00e8 inoltre possibile realizzare un design esclusivo in base al marchio VI.<\/li>\n<li><strong>Materiali ecologici<\/strong>: La carta kraft alimentare, il cartone in fibra di bamb\u00f9 e il film composito in foglio di alluminio sono utilizzati per migliorare la resistenza all'umidit\u00e0 e soddisfare gli standard di protezione ambientale.<\/li>\n<\/ol>\n<h2 id=\"-production-process-and-quality-assurance-\"><strong>Processo di produzione e garanzia di qualit\u00e0<\/strong><\/h2>\n<ul>\n<li><strong>Tecnologia di stampa<\/strong>: La macchina da stampa Heidelberg viene utilizzata per ottenere una stampa in quadricromia di alta precisione, e il processo di film opaco viene sovrapposto per migliorare la saturazione del colore e la durata.<\/li>\n<li><strong>Ottimizzazione strutturale<\/strong>: Lo spazio interno viene suddiviso regolarmente attraverso il processo di fustellatura, supportando il design a strati, a cassetto o a vetrina, tenendo conto della funzionalit\u00e0 e dell'effetto espositivo.<\/li>\n<li><strong>Standard di ispezione della qualit\u00e0<\/strong>: La produzione automatizzata a processo completo, combinata con il sistema di rilevamento a infrarossi, garantisce un tasso di rendimento del prodotto superiore a 99%.<\/li>\n<\/ul>","protected":false},"excerpt":{"rendered":"<ul>\n<li><strong>Servizio completo, dalla progettazione alla consegna<\/strong>: progettazione di imballaggi, prove di stampa, produzione di lotti, ispezioni di qualit\u00e0 e logistica internazionale.<\/li>\n<li><strong>Capacit\u00e0 di risposta rapida<\/strong>: Il ciclo di personalizzazione dei campioni \u00e8 di 3-5 giorni e il ciclo di produzione su larga scala \u00e8 di 7-14 giorni. Supporta la consegna diretta dalle principali regioni del mondo (Europa, Nord America, Sud-Est asiatico, ecc.).<\/li>\n<li><strong>Vantaggio di costo<\/strong>: Basandosi sulla produzione su larga scala e sull'integrazione della catena di fornitura, offre un prezzo di partenza competitivo (500 unit\u00e0) e supporta l'esportazione transfrontaliera.<\/li>\n<\/ul>","protected":false},"featured_media":9301,"template":"","meta":[],"product_brand":[],"product_cat":[30,422,31,429],"product_tag":[1135,1136,1134],"class_list":{"0":"post-9300","1":"product","2":"type-product","3":"status-publish","4":"has-post-thumbnail","6":"product_cat-by-industry","7":"product_cat-custom-gourmet-boxes-by-industry","8":"product_cat-paper-box-style","9":"product_cat-paper-tube-boxes","10":"product_tag-coffee-paper-tube-packaging","11":"product_tag-custom-tea-coffee-manufacturer","12":"product_tag-tea-packaging","14":"first","15":"instock","16":"shipping-taxable","17":"product-type-simple"},"_links":{"self":[{"href":"https:\/\/zojopackaging.com\/it\/wp-json\/wp\/v2\/product\/9300","targetHints":{"allow":["GET"]}}],"collection":[{"href":"https:\/\/zojopackaging.com\/it\/wp-json\/wp\/v2\/product"}],"about":[{"href":"https:\/\/zojopackaging.com\/it\/wp-json\/wp\/v2\/types\/product"}],"version-history":[{"count":1,"href":"https:\/\/zojopackaging.com\/it\/wp-json\/wp\/v2\/product\/9300\/revisions"}],"predecessor-version":[{"id":9307,"href":"https:\/\/zojopackaging.com\/it\/wp-json\/wp\/v2\/product\/9300\/revisions\/9307"}],"wp:featuredmedia":[{"embeddable":true,"href":"https:\/\/zojopackaging.com\/it\/wp-json\/wp\/v2\/media\/9301"}],"wp:attachment":[{"href":"https:\/\/zojopackaging.com\/it\/wp-json\/wp\/v2\/media?parent=9300"}],"wp:term":[{"taxonomy":"product_brand","embeddable":true,"href":"https:\/\/zojopackaging.com\/it\/wp-json\/wp\/v2\/product_brand?post=9300"},{"taxonomy":"product_cat","embeddable":true,"href":"https:\/\/zojopackaging.com\/it\/wp-json\/wp\/v2\/product_cat?post=9300"},{"taxonomy":"product_tag","embeddable":true,"href":"https:\/\/zojopackaging.com\/it\/wp-json\/wp\/v2\/product_tag?post=9300"}],"curies":[{"name":"wp","href":"https:\/\/api.w.org\/{rel}","templated":true}]}}