{"id":9322,"date":"2025-04-01T20:29:07","date_gmt":"2025-04-01T12:29:07","guid":{"rendered":"https:\/\/zojopackaging.com\/?post_type=product&#038;p=9322"},"modified":"2025-04-01T20:52:21","modified_gmt":"2025-04-01T12:52:21","slug":"custom-cosmetic-skincare-makeup-remover-sliding-drawer-box","status":"publish","type":"product","link":"https:\/\/zojopackaging.com\/it\/product\/custom-cosmetic-skincare-makeup-remover-sliding-drawer-box\/","title":{"rendered":"Scatola del cassetto scorrevole di rimozione del trucco cosmetico su ordinazione della cura della pelle"},"content":{"rendered":"<h2 id=\"-customized-makeup-removal-sliding-drawer-box-\"><strong>Cassetto scorrevole personalizzato per la rimozione del trucco<\/strong><\/h2>\n<h2 id=\"-1-convenient-pull-out-opening-and-closing-design-\"><strong>1. Comodo cassetto di apertura e chiusura delle scatole di carta<\/strong><\/h2>\n<ul>\n<li>Con una struttura a guide di precisione, la cassettiera si apre e si chiude senza problemi e pu\u00f2 essere facilmente spinta e tirata con una sola mano.<\/li>\n<li>Grazie al design di montaggio senza attrezzi, gli utenti possono utilizzarlo subito dopo averlo tolto dalla scatola, migliorando l'esperienza dell'utente e la reputazione del marchio.<\/li>\n<\/ul>\n<h2 id=\"-2-hot-stamping-technology-enhances-visual-texture-\"><strong>2. La tecnologia di stampa a caldo dell'oro migliora la struttura visiva.<\/strong><\/h2>\n<ul>\n<li>La tecnologia di stampa a caldo (oro, argento, oro colorato o effetto laser opzionale) viene utilizzata sulla superficie per formare una lucentezza metallica sul LOGO o sul motivo sulla superficie della scatola, migliorando significativamente il riconoscimento del marchio e il lusso.<\/li>\n<li>Lo strato di stampa a caldo ha una forte adesione, resistenza all'usura e ai graffi, e rimane brillante e nuovo anche dopo un uso prolungato.<\/li>\n<\/ul>\n<h2 id=\"-3-creative-ribbon-decoration-details-\"><strong>3. Dettagli creativi per la decorazione del nastro<\/strong><\/h2>\n<ul>\n<li>La parte superiore o laterale \u00e8 abbinata a un nastro di raso\/tessuto, che offre un'elegante cerimonia di apertura e pu\u00f2 essere utilizzato come cinghia a mano per migliorare la portabilit\u00e0.<\/li>\n<li>Il colore del nastro \u00e8 personalizzabile, a contrasto o coordinato con il colore principale del corpo della scatola, migliorando la stratificazione del design complessivo.<\/li>\n<\/ul>\n<h2 id=\"-4-eva-lining-for-all-round-protection-\"><strong>4. Fodera in EVA per una protezione completa<\/strong><\/h2>\n<ul>\n<li>La fodera \u00e8 realizzata in schiuma EVA ad alta densit\u00e0 (pu\u00f2 essere floccata), con un'apertura precisa per adattarsi alla forma del prodotto, un'eccellente ammortizzazione e resistenza agli urti e un'efficace resistenza agli urti del trasporto e alla pressione di stoccaggio.<\/li>\n<li>Materiali non tossici ed ecologici, in linea con gli standard di sicurezza degli imballaggi cosmetici, riciclabili e degradabili.<\/li>\n<\/ul>\n<h2 id=\"-5-high-stability-material-combination-\"><strong>5. Combinazione di materiali ad alta stabilit\u00e0<\/strong><\/h2>\n<ul>\n<li><strong>Strato strutturale<\/strong>: Base in cartone grigio da 1200 GSM, la cui durezza raggiunge gli standard pi\u00f9 elevati del settore, la forte capacit\u00e0 di carico e la garanzia che il corpo della scatola non si deformi.<\/li>\n<li><strong>Strato superficiale<\/strong>: Carta patinata da 157 GSM, alta riproduzione dei colori, supporto per la stampa ad alta definizione di motivi di marca o effetti sfumati.<\/li>\n<\/ul>\n<h2 id=\"-6-highly-flexible-customization-service-\"><strong>6. Servizio di personalizzazione altamente flessibile<\/strong><\/h2>\n<ul>\n<li><strong>Dimensione<\/strong>: Supporta una personalizzazione illimitata, adatta a pi\u00f9 categorie come bottiglie di olio struccante, maschere per il viso, spazzole, ecc.<\/li>\n<li><strong>Colore<\/strong>: Fornisce una gamma completa di schede colore Pantone, supportando effetti speciali come i colori perlescenti e metallici.<\/li>\n<li><strong>Processo di stampa<\/strong>: Superficie lucida parziale UV opzionale, goffratura, rilievo e altri processi combinati per creare un tocco visivo differenziato.<\/li>\n<\/ul>\n<h2 id=\"-application-scenarios-\"><strong>Scenari di applicazione<\/strong><\/h2>\n<ul>\n<li><strong>Prodotti di alta gamma per la cura della pelle<\/strong>: Squisiti prodotti in bottiglia come essenze e creme.<\/li>\n<li><strong>Set per il trucco<\/strong>: Set di pi\u00f9 pezzi, come palette di ombretti e set di pennelli.<\/li>\n<li><strong>Consegna diretta e-commerce<\/strong>: Il design antisismico \u00e8 adatto alla logistica su lunghe distanze per ridurre il tasso di rottura.<\/li>\n<\/ul>\n<h3 id=\"-customization-process-\"><strong>Processo di personalizzazione<\/strong><\/h3>\n<ol>\n<li><strong>Comunicazione della domanda<\/strong>: Fornire le dimensioni del prodotto, la bozza di progetto e i requisiti di processo.<\/li>\n<li><strong>Prove di stampa 3D<\/strong>: Fornire la conferma della scatola di campioni fisici entro 48 ore.<\/li>\n<li><strong>Produzione di massa<\/strong>: La quantit\u00e0 minima ordinabile \u00e8 di 500 set, con supporto alla distribuzione logistica globale.<\/li>\n<\/ol>","protected":false},"excerpt":{"rendered":"<ul>\n<li><strong>16 anni di esperienza professionale<\/strong>: La fabbrica ha ottenuto la certificazione ISO per la gestione della qualit\u00e0, ed \u00e8 dotata di fustellatrici completamente automatiche, macchine per la stampa a caldo e attrezzature per il taglio di precisione dell'EVA per garantire l'accuratezza e l'efficienza della produzione.<\/li>\n<li><strong>Servizio di collegamento completo<\/strong>: Dalla prova di progettazione della struttura 3D \u2192 selezione del processo materiale \u2192 produzione di massa \u2192 ispezione della qualit\u00e0 e imballaggio, fornendo una soluzione unica, il primo campione pu\u00f2 essere consegnato in soli 7 giorni.<\/li>\n<\/ul>","protected":false},"featured_media":9265,"template":"","meta":[],"product_brand":[],"product_cat":[30,390,31,426],"product_tag":[1141,1143,1142],"class_list":{"0":"post-9322","1":"product","2":"type-product","3":"status-publish","4":"has-post-thumbnail","6":"product_cat-by-industry","7":"product_cat-custom-cosmetics-boxes","8":"product_cat-paper-box-style","9":"product_cat-paper-drawer-boxes","10":"product_tag-custom-cosmetic-box","11":"product_tag-makeup-remover-boxes","12":"product_tag-skincare-sliding-drawer-box","14":"first","15":"instock","16":"shipping-taxable","17":"product-type-simple"},"_links":{"self":[{"href":"https:\/\/zojopackaging.com\/it\/wp-json\/wp\/v2\/product\/9322","targetHints":{"allow":["GET"]}}],"collection":[{"href":"https:\/\/zojopackaging.com\/it\/wp-json\/wp\/v2\/product"}],"about":[{"href":"https:\/\/zojopackaging.com\/it\/wp-json\/wp\/v2\/types\/product"}],"version-history":[{"count":1,"href":"https:\/\/zojopackaging.com\/it\/wp-json\/wp\/v2\/product\/9322\/revisions"}],"predecessor-version":[{"id":9326,"href":"https:\/\/zojopackaging.com\/it\/wp-json\/wp\/v2\/product\/9322\/revisions\/9326"}],"wp:featuredmedia":[{"embeddable":true,"href":"https:\/\/zojopackaging.com\/it\/wp-json\/wp\/v2\/media\/9265"}],"wp:attachment":[{"href":"https:\/\/zojopackaging.com\/it\/wp-json\/wp\/v2\/media?parent=9322"}],"wp:term":[{"taxonomy":"product_brand","embeddable":true,"href":"https:\/\/zojopackaging.com\/it\/wp-json\/wp\/v2\/product_brand?post=9322"},{"taxonomy":"product_cat","embeddable":true,"href":"https:\/\/zojopackaging.com\/it\/wp-json\/wp\/v2\/product_cat?post=9322"},{"taxonomy":"product_tag","embeddable":true,"href":"https:\/\/zojopackaging.com\/it\/wp-json\/wp\/v2\/product_tag?post=9322"}],"curies":[{"name":"wp","href":"https:\/\/api.w.org\/{rel}","templated":true}]}}