{"id":9325,"date":"2025-04-01T20:40:17","date_gmt":"2025-04-01T12:40:17","guid":{"rendered":"https:\/\/zojopackaging.com\/?post_type=product&#038;p=9325"},"modified":"2025-04-01T21:52:15","modified_gmt":"2025-04-01T13:52:15","slug":"high-quality-custom-cardboard-boxes-for-perfume-box-manufacturer","status":"publish","type":"product","link":"https:\/\/zojopackaging.com\/it\/product\/high-quality-custom-cardboard-boxes-for-perfume-box-manufacturer\/","title":{"rendered":"Scatole di cartone su ordinazione di alta qualit\u00e0 per la scatola di profumo Fornitore"},"content":{"rendered":"<h3 id=\"1-four-color-printing-hot-stamping-process-visual-expression-of-high-end-image-\">1.\u00a0<strong>Stampa in quadricromia + processo di stampa a caldo: espressione visiva dell'immagine di alto livello<\/strong><\/h3>\n<p>La macchina da stampa in quadricromia Heidelberg CD102 \u00e8 utilizzata per ottenere una riproduzione accurata dei colori CMYK, sovrapporre il processo di stampa a caldo parziale\/argentatura, aggiungere loghi del marchio, motivi e altri elementi al corpo o al rivestimento della scatola, e la struttura metallica brilla alla luce. La levigatezza della superficie del cartone bianco raggiunge gli 85\u00b0 e l'adesione dell'inchiostro \u00e8 forte, garantendo che il disegno sia delicato e senza sbavature. Un marchio internazionale di profumi ha aumentato il tasso di premio del prodotto di 28% grazie a questo processo e ha vinto il Red Dot Design Award 2023.<\/p>\n<h3 id=\"2-application-of-color-psychology-emotional-visual-experience-\">2.\u00a0<strong>Applicazione della psicologia del colore: esperienza visiva emozionale<\/strong><\/h3>\n<p>Creare un'atmosfera calda attraverso toni caldi a bassa saturazione (come l'oro ambrato e il rosa dei fiori di ciliegio) e un design di transizione a gradi. La gerarchia dei colori segue il principio della psicologia del colore FPA, che non solo trasmette il tono del marchio, ma soddisfa anche le preferenze estetiche delle consumatrici. I dati sperimentali dimostrano che le confezioni dai toni tenui aumentano il tempo di permanenza dei consumatori di 37% e la soddisfazione del blind test raggiunge 92%.<\/p>\n<h3 id=\"3-card-box-structure-innovation-greatly-saves-freight-\">3.\u00a0<strong>Innovazione nella struttura della scatola di cartone: grande risparmio di trasporto<\/strong><\/h3>\n<p>La struttura della scatola di carta pu\u00f2 essere appiattita per la spedizione, con notevoli vantaggi in termini di riduzione dello spazio per la logistica e il trasporto transfrontalieri.<\/p>\n<h3 id=\"4-350g-white-card-material-the-golden-balance-of-strength-and-cost-\">4.\u00a0<strong>Materiale in cartoncino bianco da 350 g: il giusto equilibrio tra resistenza e costo<\/strong><\/h3>\n<p>\u00c8 stata scelta carta di cartone bianca importata da 350g\/m\u00b2, con una resistenza alla compressione dell'anello di 1000N\/m, che ha superato la certificazione FSC e soddisfa gli standard ambientali dell'UE. Rispetto alle scatole di metallo, riduce il peso di 60%, i costi logistici di 35%, migliora l'adesione dell'inchiostro di 40% e il colore stampato \u00e8 pi\u00f9 duraturo. La resistenza alla compressione misurata \u00e8 superiore di 50% a quella della normale carta grigia e il tasso di danni da trasporto \u00e8 &lt;0,03%.<\/p>\n<h3 id=\"5-modular-size-customization-precise-adaptation-to-product-features-\">5.\u00a0<strong>Personalizzazione modulare delle dimensioni: adattamento preciso alle caratteristiche del prodotto<\/strong><\/h3>\n<p>Supporta la personalizzazione delle dimensioni con tolleranza di \u00b10,5 mm e genera rapidamente diagrammi strutturali attraverso il sistema di modellazione digitale. Ad esempio, la scatola per mini-bottiglie da 15 ml personalizzata per un marchio di profumi di nicchia adotta una dimensione compatta di 175\u00d780\u00d745 mm, che aumenta l'utilizzo dello spazio di 40%. Fornisce 5 librerie di tipi di scatole standardizzate (coperchio a ribalta\/cassetto\/doppio tappo\/sospensione\/aspirazione magnetica) e produce diagrammi strutturali 3D in 24 ore.<\/p>\n<h3 id=\"6-box-design-language-visual-carrier-of-brand-assets-\">6.\u00a0<strong>Box design language: vettore visivo degli asset del marchio<\/strong><\/h3>\n<p>Adotta il tipo di scatola \"a corpo di bottiglia sospeso\": il supporto interno \u00e8 sospeso per ridurre le collisioni e la scatola esterna presenta un effetto di luce e ombra sfumata grazie al rivestimento UV. Un marchio di lusso ha vinto il Red Dot Award per questo design e il tasso di riacquisto da parte degli utenti \u00e8 aumentato del 22%. La struttura della scatola \u00e8 stata ottimizzata attraverso l'analisi agli elementi finiti, migliorando contemporaneamente la resistenza alla compressione e la scorrevolezza di apertura e chiusura.<\/p>\n<h3 id=\"7-multi-function-inner-support-system-double-guarantee-of-safety-and-aesthetics-\">7.\u00a0<strong>Sistema di sostegno interno multifunzione: doppia garanzia di sicurezza ed estetica<\/strong><\/h3>\n<p>Fornisce 4 soluzioni di supporto interno: -\u00a0<strong>Modello base antiurto<\/strong>: Schiuma poliuretanica da 3 mm + cuscinetto composito in foglio di alluminio da 1 mm (ha superato il test ISTA 2A).\u00a0<strong>Modello di display<\/strong>: design a finestra in acrilico trasparente (da visualizzare all'apertura della scatola) -\u00a0<strong>Modello di protezione ambientale<\/strong>: carta a nido d'ape degradabile + cotone in fibra vegetale (certificato FSC) -\u00a0<strong>Modello con LOGO personalizzato<\/strong>: storia del marchio di incisione laser.<\/p>","protected":false},"excerpt":{"rendered":"<p>ZOJO Print offre ai marchi di profumi una soluzione completa, dall'ideazione alla produzione di massa, grazie all'aggiornamento tridimensionale dell'innovazione dei materiali (350 g di carta bianca + processo di oro nero), all'ingegneria strutturale (resistenza alla compressione della doppia carta) e alla produzione intelligente (prova rapida). La sua capacit\u00e0 produttiva giornaliera di oltre 120.000 unit\u00e0 e il sistema di certificazione ISO 9001 sono in grado di soddisfare le esigenze di personalizzazione dei marchi start-up e dei marchi internazionali, aiutando i clienti a stabilire una competitivit\u00e0 differenziata nel mercato dei terminali.<\/p>","protected":false},"featured_media":9342,"template":"","meta":[],"product_brand":[],"product_cat":[30,417,430,31],"product_tag":[1148,1147,702],"class_list":{"0":"post-9325","1":"product","2":"type-product","3":"status-publish","4":"has-post-thumbnail","6":"product_cat-by-industry","7":"product_cat-custom-perfume-boxes-by-industry","8":"product_cat-folding-cartons","9":"product_cat-paper-box-style","10":"product_tag-cardboard-boxes-for-perfume","11":"product_tag-high-quality-custom-box","12":"product_tag-perfume-box-manufacturer","14":"first","15":"instock","16":"shipping-taxable","17":"product-type-grouped"},"_links":{"self":[{"href":"https:\/\/zojopackaging.com\/it\/wp-json\/wp\/v2\/product\/9325","targetHints":{"allow":["GET"]}}],"collection":[{"href":"https:\/\/zojopackaging.com\/it\/wp-json\/wp\/v2\/product"}],"about":[{"href":"https:\/\/zojopackaging.com\/it\/wp-json\/wp\/v2\/types\/product"}],"version-history":[{"count":1,"href":"https:\/\/zojopackaging.com\/it\/wp-json\/wp\/v2\/product\/9325\/revisions"}],"predecessor-version":[{"id":9347,"href":"https:\/\/zojopackaging.com\/it\/wp-json\/wp\/v2\/product\/9325\/revisions\/9347"}],"wp:featuredmedia":[{"embeddable":true,"href":"https:\/\/zojopackaging.com\/it\/wp-json\/wp\/v2\/media\/9342"}],"wp:attachment":[{"href":"https:\/\/zojopackaging.com\/it\/wp-json\/wp\/v2\/media?parent=9325"}],"wp:term":[{"taxonomy":"product_brand","embeddable":true,"href":"https:\/\/zojopackaging.com\/it\/wp-json\/wp\/v2\/product_brand?post=9325"},{"taxonomy":"product_cat","embeddable":true,"href":"https:\/\/zojopackaging.com\/it\/wp-json\/wp\/v2\/product_cat?post=9325"},{"taxonomy":"product_tag","embeddable":true,"href":"https:\/\/zojopackaging.com\/it\/wp-json\/wp\/v2\/product_tag?post=9325"}],"curies":[{"name":"wp","href":"https:\/\/api.w.org\/{rel}","templated":true}]}}