{"id":9335,"date":"2025-04-01T21:13:56","date_gmt":"2025-04-01T13:13:56","guid":{"rendered":"https:\/\/zojopackaging.com\/?post_type=product&#038;p=9335"},"modified":"2025-04-01T21:56:12","modified_gmt":"2025-04-01T13:56:12","slug":"custom-consumer-electronic-packaging-gift-boxes-wholesale","status":"publish","type":"product","link":"https:\/\/zojopackaging.com\/it\/product\/custom-consumer-electronic-packaging-gift-boxes-wholesale\/","title":{"rendered":"Scatole regalo personalizzate per l'imballaggio elettronico dei consumatori all'ingrosso"},"content":{"rendered":"<h2 id=\"-core-functions-and-design-highlights-\"><strong>Funzioni principali e caratteristiche del design<\/strong><\/h2>\n<ol>\n<li><strong>Vibranti motivi astratti e personalizzazione del marchio<\/strong>\u00a0Il processo di superficie utilizza carta patinata C2S da 157 g combinata con la tecnologia di stampa RISO per supportare l'effetto artistico astratto della sovrapposizione casuale di pi\u00f9 colori. Il processo di verniciatura locale UV regola la durezza della superficie di collisione attraverso una frequenza di 2000-3000Hz per ottenere un miglioramento sinergico del feedback tattile e della lucentezza visiva; il processo di stampa a caldo utilizza materiali di contatto in lega d'argento, che aumentano la resistenza alla corrosione di 50%, garantendo l'integrit\u00e0 del disegno dopo l'apertura e la chiusura ad alta frequenza. Supporta la serigrafia di precisione a 300 dpi, pu\u00f2 ripristinare pi\u00f9 di 95% della gamma di colori della speciale libreria di colori Pantone e si adatta alla personalizzazione del sistema VI.<\/li>\n<li><strong>Servizio di personalizzazione full-dimensional<\/strong><\/li>\n<li><strong>Innovazione del tipo di scatola<\/strong>: Supporta lo sviluppo di scatole di forma speciale, come gli angoli a cuore o arrotondati, utilizza la modellazione parametrica CAD per ottenere una simulazione strutturale 1:1 e riduce il ciclo di prova a 72 ore.<\/li>\n<li><strong>Materiali ecologici<\/strong>: Il materiale di base utilizza cartone certificato FSC + stampa con inchiostro di soia,<\/li>\n<li><strong>Combinazione di processi<\/strong>: Supporta i processi di collegamento tra rilievo 3D e goffratura laser per ottenere effetti dinamici di luce e ombra.<\/li>\n<\/ol>\n<h2 id=\"-service-advantages-\"><strong>Vantaggi del servizio<\/strong><\/h2>\n<ul>\n<li><strong>Conformit\u00e0 transfrontaliera<\/strong>: Fornisce una serie completa di documenti di certificazione RoHS CE FSC e supporta un pre-calcolo intelligente delle tariffe in Cina, Stati Uniti ed Europa secondo i termini del DDP.<\/li>\n<li><strong>Controllo dei costi<\/strong>: Ottenere vantaggi economici completi grazie all'ottimizzazione della disposizione degli anelli magnetici e alla progettazione del nesting della fustellatura del cartone.<\/li>\n<\/ul>\n<h2 id=\"-customization-process-\"><strong>Processo di personalizzazione<\/strong><\/h2>\n<ol>\n<li><strong>Digitalizzazione della domanda<\/strong>: Presentate online i modelli di prodotto 3D e gli algoritmi di intelligenza artificiale generano automaticamente soluzioni di ottimizzazione della topologia della struttura del buffer.<\/li>\n<li><strong>Prototipazione virtuale<\/strong>: Fornire rendering 3D interattivi WebGL entro 48 ore e supportare l'esperienza di unboxing virtuale AR.<\/li>\n<li><strong>Produzione agile<\/strong>: Il sistema MES \u00e8 collegato all'ERP e 500 lotti di ordini possono essere consegnati a livello globale entro 7 giorni.<\/li>\n<\/ol>","protected":false},"excerpt":{"rendered":"<p>1. La scatola di chiusura magnetica si apre in pochi secondi grazie all'adsorbimento magnetico, senza strumenti complicati o passaggi fissi, risparmiando tempo di funzionamento.<br \/>\n2. Questa scatola da imballaggio dal vivace motivo astratto pu\u00f2 migliorare l'esperienza di unboxing del vostro marchio.<br \/>\n3. Progettato specificamente per l'elettronica di consumo, combina una bellezza audace con una potente protezione.<br \/>\n4. La forma della scatola, le dimensioni, il colore, il materiale e l'effetto di stampa superficiale possono essere altamente personalizzati per adattarsi all'imballaggio dell'elettronica di consumo.<\/p>","protected":false},"featured_media":9336,"template":"","meta":[],"product_brand":[],"product_cat":[30,413,424,31],"product_tag":[1151,1149,1150],"class_list":{"0":"post-9335","1":"product","2":"type-product","3":"status-publish","4":"has-post-thumbnail","6":"product_cat-by-industry","7":"product_cat-consumer-electronics-boxes","8":"product_cat-magnetic-closure-boxes","9":"product_cat-paper-box-style","10":"product_tag-consumer-electronic-boxes-wholesale","11":"product_tag-consumer-electronic-packaging","12":"product_tag-electronic-packaging-gift-boxes","14":"first","15":"instock","16":"shipping-taxable","17":"product-type-simple"},"_links":{"self":[{"href":"https:\/\/zojopackaging.com\/it\/wp-json\/wp\/v2\/product\/9335","targetHints":{"allow":["GET"]}}],"collection":[{"href":"https:\/\/zojopackaging.com\/it\/wp-json\/wp\/v2\/product"}],"about":[{"href":"https:\/\/zojopackaging.com\/it\/wp-json\/wp\/v2\/types\/product"}],"version-history":[{"count":1,"href":"https:\/\/zojopackaging.com\/it\/wp-json\/wp\/v2\/product\/9335\/revisions"}],"predecessor-version":[{"id":9348,"href":"https:\/\/zojopackaging.com\/it\/wp-json\/wp\/v2\/product\/9335\/revisions\/9348"}],"wp:featuredmedia":[{"embeddable":true,"href":"https:\/\/zojopackaging.com\/it\/wp-json\/wp\/v2\/media\/9336"}],"wp:attachment":[{"href":"https:\/\/zojopackaging.com\/it\/wp-json\/wp\/v2\/media?parent=9335"}],"wp:term":[{"taxonomy":"product_brand","embeddable":true,"href":"https:\/\/zojopackaging.com\/it\/wp-json\/wp\/v2\/product_brand?post=9335"},{"taxonomy":"product_cat","embeddable":true,"href":"https:\/\/zojopackaging.com\/it\/wp-json\/wp\/v2\/product_cat?post=9335"},{"taxonomy":"product_tag","embeddable":true,"href":"https:\/\/zojopackaging.com\/it\/wp-json\/wp\/v2\/product_tag?post=9335"}],"curies":[{"name":"wp","href":"https:\/\/api.w.org\/{rel}","templated":true}]}}