{"id":9349,"date":"2025-04-01T21:56:20","date_gmt":"2025-04-01T13:56:20","guid":{"rendered":"https:\/\/zojopackaging.com\/?post_type=product&#038;p=9349"},"modified":"2025-04-01T22:27:11","modified_gmt":"2025-04-01T14:27:11","slug":"custom-pet-dog-leash-collar-product-packaging-box-wholesale","status":"publish","type":"product","link":"https:\/\/zojopackaging.com\/it\/product\/custom-pet-dog-leash-collar-product-packaging-box-wholesale\/","title":{"rendered":"Custom Pet cane guinzaglio collare prodotto Packaging Box all'ingrosso"},"content":{"rendered":"<h2 id=\"-i-core-product-advantages-\"><strong>1. Vantaggi del prodotto principale<\/strong><\/h2>\n<h3 id=\"1-high-quality-environmentally-friendly-materials-\">1.\u00a0<strong>Materiali ecologici di alta qualit\u00e0<\/strong><\/h3>\n<ul>\n<li><strong>Materiale<\/strong>: Realizzato in cartone ecologico ad alta densit\u00e0 (certificato FSC), con uno spessore opzionale di 1,5-3 mm e una resistenza alla compressione di 10-15 kg, che garantisce la resistenza alla caduta e alla deformazione durante il trasporto.<\/li>\n<li><strong>Protezione dell'ambiente<\/strong>: Conforme agli standard REACH dell'UE, 100% riciclabile, adatto al commercio elettronico transfrontaliero e ai mercati dei marchi di animali domestici di fascia alta.<\/li>\n<\/ul>\n<h3 id=\"2-waterproof-matte-coating-technology-\">2.\u00a0<strong>Tecnologia di rivestimento opaco impermeabile<\/strong><\/h3>\n<ul>\n<li><strong>Trattamento della superficie<\/strong>: Lo strato esterno \u00e8 ricoperto da un rivestimento impermeabile opaco, a prova di umidit\u00e0 e anti-fouling, in grado di resistere a temperature e umidit\u00e0 estreme, da -20\u00b0C a 60\u00b0C, proteggendo i prodotti interni (come i collari in poliestere e le corde di trazione in nylon) da eventuali danni durante lo stoccaggio e il trasporto.<\/li>\n<li><strong>Texture opaca<\/strong>: Un tocco delicato che esalta l'immagine di alta gamma del marchio.<\/li>\n<\/ul>\n<h3 id=\"3-customized-design-solutions-\">3.\u00a0<strong>Soluzioni di design personalizzate<\/strong><\/h3>\n<ul>\n<li><strong>Design dei modelli<\/strong>: Supporta le tecnologie di stampa UV a colori, stampa a caldo\/argento e goffratura. Pu\u00f2 incorporare elementi di animali domestici (come impronte di zampe, ossa, cani dei cartoni animati) o IP del marchio ed \u00e8 adatto alle preferenze del mercato, come lo stile minimalista europeo e americano, lo stile carino giapponese e coreano.<\/li>\n<li><strong>Abbinamento dei colori<\/strong>: Fornisce un'accurata corrispondenza dei colori con le schede colori Pantone, supporta i colori sfumati e gli effetti di verniciatura locale.<\/li>\n<\/ul>\n<h3 id=\"4-multifunctional-internal-structure-\">4.\u00a0<strong>Struttura interna multifunzionale<\/strong><\/h3>\n<ul>\n<li><strong>Versione di estensione<\/strong>: Supporta un design di separazione a strati, compatibile con piccoli accessori (come sacchetti per la cacca, sacchetti per gli snack).<\/li>\n<li><strong>Progettazione del buffer<\/strong>: Rivestimento opzionale in EVA o vassoio di carta a nido d'ape, resistente agli urti e agli impatti.<\/li>\n<\/ul>\n<h3 id=\"5-highly-flexible-customized-service-\">5.\u00a0<strong>Servizio personalizzato altamente flessibile<\/strong><\/h3>\n<ul>\n<li><strong>Selezione del tipo di scatola<\/strong>: Coperchio superiore e inferiore, tipo cassetto, Mailer Box pieghevole, adatto a diverse linee di prodotti (come scatole regalo per un singolo prodotto, combinazioni di set).<\/li>\n<li><strong>Tecnologia di superficie<\/strong>: Stampa a caldo\/argento, goffratura, incavatura laser, supporta la serigrafia del LOGO del marchio o la stampa stereo 3D.<\/li>\n<li><strong>Funzioni aggiuntive<\/strong>: \u00c8 possibile integrare etichette con codice QR, adesivi anticontraffazione e slot per carte regalo per migliorare l'interazione con i clienti.<\/li>\n<\/ul>\n<h2 id=\"-ii-cooperation-process-and-support-policy-\"><strong>2. Processo di cooperazione e politica di sostegno<\/strong><\/h2>\n<p id=\"1-free-design-service-provide-ai-design-template-library-and-professional-art-team-and-complete-the-first-draft-confirmation-within-3-working-days-\">1.\u00a0<strong>Servizio di progettazione gratuito<\/strong>: Forniamo una libreria di modelli di design AI e un team artistico professionale e completiamo la prima bozza di conferma entro 3 giorni lavorativi.<\/p>\n<p id=\"2-logistics-guarantee-provide-fba-labels-neutral-packaging-or-branded-color-boxes-support-global-direct-mail-and-consignment-\">2.\u00a0<strong>Garanzia logistica<\/strong>: Fornire etichette FBA, imballaggi neutri o scatole colorate di marca, supportare la posta diretta globale e la spedizione.<\/p>\n<p id=\"3-after-sales-commitment-free-reprinting-for-quality-problems-provide-1-year-warranty-and-warehousing-and-custody-services-\">3.\u00a0<strong>Impegno post-vendita<\/strong>: Ristampa gratuita per problemi di qualit\u00e0, garanzia di 1 anno e servizi di stoccaggio e custodia.<\/p>","protected":false},"excerpt":{"rendered":"<ul>\n<li>Piattaforma di e-commerce: Adeguarsi all'\"unboxing experience marketing\" delle principali piattaforme di e-commerce e attirare i giovani proprietari di animali domestici attraverso scatole di forma speciale.<\/li>\n<li>Vendita al dettaglio offline: per soddisfare le esigenze espositive dei negozi di animali, \u00e8 possibile utilizzare una finestra trasparente opzionale per esporre i prodotti in modo intuitivo.<\/li>\n<\/ul>","protected":false},"featured_media":9350,"template":"","meta":[],"product_brand":[],"product_cat":[30,423,31,433],"product_tag":[1154,1153,1152],"class_list":{"0":"post-9349","1":"product","2":"type-product","3":"status-publish","4":"has-post-thumbnail","6":"product_cat-by-industry","7":"product_cat-custom-presentation-boxes-by-industry","8":"product_cat-paper-box-style","9":"product_cat-shipping-mailer-boxes","10":"product_tag-custom-pet-dog-leash-box-wholesale","11":"product_tag-dog-collar-packaging","12":"product_tag-pet-leash-packaging-box","14":"first","15":"instock","16":"shipping-taxable","17":"product-type-simple"},"_links":{"self":[{"href":"https:\/\/zojopackaging.com\/it\/wp-json\/wp\/v2\/product\/9349","targetHints":{"allow":["GET"]}}],"collection":[{"href":"https:\/\/zojopackaging.com\/it\/wp-json\/wp\/v2\/product"}],"about":[{"href":"https:\/\/zojopackaging.com\/it\/wp-json\/wp\/v2\/types\/product"}],"version-history":[{"count":1,"href":"https:\/\/zojopackaging.com\/it\/wp-json\/wp\/v2\/product\/9349\/revisions"}],"predecessor-version":[{"id":9357,"href":"https:\/\/zojopackaging.com\/it\/wp-json\/wp\/v2\/product\/9349\/revisions\/9357"}],"wp:featuredmedia":[{"embeddable":true,"href":"https:\/\/zojopackaging.com\/it\/wp-json\/wp\/v2\/media\/9350"}],"wp:attachment":[{"href":"https:\/\/zojopackaging.com\/it\/wp-json\/wp\/v2\/media?parent=9349"}],"wp:term":[{"taxonomy":"product_brand","embeddable":true,"href":"https:\/\/zojopackaging.com\/it\/wp-json\/wp\/v2\/product_brand?post=9349"},{"taxonomy":"product_cat","embeddable":true,"href":"https:\/\/zojopackaging.com\/it\/wp-json\/wp\/v2\/product_cat?post=9349"},{"taxonomy":"product_tag","embeddable":true,"href":"https:\/\/zojopackaging.com\/it\/wp-json\/wp\/v2\/product_tag?post=9349"}],"curies":[{"name":"wp","href":"https:\/\/api.w.org\/{rel}","templated":true}]}}