{"id":9358,"date":"2025-04-01T22:27:43","date_gmt":"2025-04-01T14:27:43","guid":{"rendered":"https:\/\/zojopackaging.com\/?post_type=product&#038;p=9358"},"modified":"2025-04-02T10:05:52","modified_gmt":"2025-04-02T02:05:52","slug":"luxury-premium-hair-wig-extension-gift-boxes-manufacturer","status":"publish","type":"product","link":"https:\/\/zojopackaging.com\/it\/product\/luxury-premium-hair-wig-extension-gift-boxes-manufacturer\/","title":{"rendered":"Lusso Premium capelli parrucca estensione scatole regalo Fornitore"},"content":{"rendered":"<h2>Lusso Premium capelli parrucca estensione scatole regalo Fornitore<\/h2>\n<h3 id=\"1-selected-materials-\">1.\u00a0<strong>Materiali selezionati<\/strong><\/h3>\n<ul>\n<li><strong>Combinazione di materiali di base<\/strong>: Carta patinata C2S da 157 g + cartoncino rigido da 1200 g, con una superficie liscia e delicata e un'elevata riproduzione dei colori, per garantire che il disegno stampato sia chiaro e luminoso e che il tatto sia di alto livello.<\/li>\n<li><strong>Propriet\u00e0 ambientali<\/strong>: Il materiale cartaceo \u00e8 conforme al concetto di sostenibilit\u00e0, \u00e8 riciclabile e degradabile ed \u00e8 in linea con la proposta di tutela ambientale del marchio.<\/li>\n<\/ul>\n<h3 id=\"2-hot-stamping-process-\">2.\u00a0<strong>Processo di stampa a caldo<\/strong><\/h3>\n<ul>\n<li>Grazie alla tecnologia di stampa a caldo tridimensionale, la superficie della scatola riceve una texture in rilievo e una lucentezza metallica che migliora notevolmente la stratificazione visiva e attira l'attenzione dei consumatori. \u00c8 adatto per il LOGO del marchio, i motivi o i modelli personalizzati.<\/li>\n<\/ul>\n<h2 id=\"-appearance-and-structural-design-\"><strong>Aspetto e design strutturale<\/strong><\/h2>\n<h3 id=\"1-color-and-emotional-expression-\">1.\u00a0<strong>Colore ed espressione emotiva<\/strong><\/h3>\n<ul>\n<li><strong>Marrone classico<\/strong>: Il corpo della scatola adotta il marrone caldo per trasmettere sensazioni calde e nostalgiche. \u00c8 adatto alle immagini dei marchi che enfatizzano i concetti di naturalezza, artigianalit\u00e0 o protezione ambientale e aumenta la risonanza emotiva dei consumatori.<\/li>\n<\/ul>\n<h3 id=\"2-foldable-function-\">2.\u00a0<strong>Funzione pieghevole<\/strong><\/h3>\n<ul>\n<li>Dopo la piegatura, il volume si riduce di 50%, riducendo i costi di stoccaggio e di trasporto, particolarmente adatti alle esigenze di esportazione transfrontaliera di prodotti sfusi del commercio elettronico.<\/li>\n<li>La struttura \u00e8 stabile e priva di giunture dopo il dispiegamento, per garantire la sicurezza del trasporto del prodotto.<\/li>\n<\/ul>\n<h3 id=\"3-functional-size-optimization-\">3.\u00a0<strong>Ottimizzazione delle dimensioni funzionali<\/strong><\/h3>\n<ul>\n<li>Lo spazio interno \u00e8 progettato in base alle caratteristiche dei prodotti per l'estensione delle parrucche, in grado di ospitare parrucche, set di capelli e accessori (come reti per capelli, prodotti per la cura), ed \u00e8 compatibile con una variet\u00e0 di specifiche (come la lunghezza della parrucca da 8 a 30 pollici).<\/li>\n<\/ul>\n<h2 id=\"-customized-service-\"><strong>Servizio personalizzato<\/strong><\/h2>\n<h3 id=\"1-flexible-customization-options-\">1.\u00a0<strong>Opzioni di personalizzazione flessibili<\/strong><\/h3>\n<ul>\n<li><strong>Tipo e dimensione della scatola<\/strong>: Supporta una variet\u00e0 di strutture come scatole quadrate, a cassetto, a forma di libro, ecc. e le dimensioni possono essere regolate con precisione in base alle esigenze del cliente.<\/li>\n<li><strong>Effetto stampa<\/strong>: \u00c8 possibile fornire trattamenti superficiali opachi, lucidi, parzialmente UV, in rilievo e di altro tipo per adattarsi al sistema visivo del marchio.<\/li>\n<\/ul>\n<h3 id=\"2-one-stop-support-\">2.\u00a0<strong>Assistenza unica<\/strong><\/h3>\n<ul>\n<li><strong>Design gratuito<\/strong>: Un team di professionisti fornisce servizi di progettazione completi, dall'idea alla bozza, e formula soluzioni basate sulle tendenze del settore (come lo stile minimalista europeo e americano, l'estetica dei colori africani).<\/li>\n<li><strong>Campioni gratuiti<\/strong>: Il ciclo di campionamento \u00e8 di 3-5 giorni, per garantire ai clienti la conferma dell'effetto reale prima della produzione in serie.<\/li>\n<\/ul>\n<h2 id=\"-production-and-quality-assurance-\"><strong>Produzione e garanzia di qualit\u00e0<\/strong><\/h2>\n<h3 id=\"1-source-factory-advantages-\">1.\u00a0<strong>Vantaggi della fabbrica di origine<\/strong><\/h3>\n<ul>\n<li><strong>16 anni di esperienza<\/strong>: Fornitura diretta dalla fabbrica di imballaggi di origine cinese, con una catena di fornitura matura e capacit\u00e0 di produzione su larga scala, costi controllabili e quantit\u00e0 minima d'ordine flessibile (supporto per ordini di prova di piccoli lotti).<\/li>\n<li><strong>Ispezione di qualit\u00e0 rigorosa<\/strong>: Certificato ISO, ogni lotto di prodotti \u00e8 sottoposto a test di compressione, resistenza all'usura e umidit\u00e0 per garantire la tolleranza al trasporto e la stabilit\u00e0 di stoccaggio a lungo termine.<\/li>\n<\/ul>\n<h3 id=\"2-price-and-service-\">2.\u00a0<strong>Prezzo e servizio<\/strong><\/h3>\n<ul>\n<li><strong>Prezzo basso per l'industria<\/strong>: Operazione diretta in fabbrica senza intermediari, il prezzo \u00e8 20% inferiore al mercato a parit\u00e0 di qualit\u00e0.<\/li>\n<li><strong>Post vendita senza preoccupazioni<\/strong>: Fornire un supporto come la sostituzione dei danni e l'aggiunta di ordini urgenti per soddisfare le esigenze dinamiche del commercio elettronico transfrontaliero e dei grossisti.<\/li>\n<\/ul>\n<h2 id=\"-applicable-scenarios-\"><strong>Scenari applicabili<\/strong><\/h2>\n<ul>\n<li><strong>Marchi di parrucche di alta gamma<\/strong>: Come i prodotti per l'estensione dei capelli umani, che mettono in risalto la texture naturale.<\/li>\n<li><strong>Scatole regalo per il festival<\/strong>: Abbinate a parrucche a tema Halloween e Natale per aumentare il fascino del marketing delle feste.<\/li>\n<li><strong>Esclusivo transfrontaliero<\/strong>: Adattarsi a piattaforme come Amazon e stazioni indipendenti e conquistare i mercati europei, americani e africani grazie a un packaging differenziato.<\/li>\n<\/ul>","protected":false},"excerpt":{"rendered":"<p>Questo prodotto \u00e8 stato appositamente progettato per il mercato delle extension per parrucche di fascia alta. Grazie alla protezione dell'ambiente e alla texture lussuosa, combinate con 16 anni di esperienza nel settore dell'imballaggio e della stampa, fornisce soluzioni personalizzate che sono sia funzionali che artistiche. Il design della confezione regalo combina sensazioni retr\u00f2 e artigianato moderno ed \u00e8 adatto a marchi di parrucche, saloni di bellezza, e-commerce transfrontaliero e altri scenari, aiutando i marchi ad aumentare il valore aggiunto.<\/p>","protected":false},"featured_media":9377,"template":"","meta":[],"product_brand":[],"product_cat":[30,421,424,31],"product_tag":[879,1160,1161],"class_list":{"0":"post-9358","1":"product","2":"type-product","3":"status-publish","4":"has-post-thumbnail","6":"product_cat-by-industry","7":"product_cat-custom-hair-extension-boxes","8":"product_cat-magnetic-closure-boxes","9":"product_cat-paper-box-style","10":"product_tag-hair-extension-boxes-wholesale","11":"product_tag-hair-wig-gift-boxes","12":"product_tag-luxury-hair-wig-extension-gift-boxes","14":"first","15":"instock","16":"shipping-taxable","17":"product-type-simple"},"_links":{"self":[{"href":"https:\/\/zojopackaging.com\/it\/wp-json\/wp\/v2\/product\/9358","targetHints":{"allow":["GET"]}}],"collection":[{"href":"https:\/\/zojopackaging.com\/it\/wp-json\/wp\/v2\/product"}],"about":[{"href":"https:\/\/zojopackaging.com\/it\/wp-json\/wp\/v2\/types\/product"}],"version-history":[{"count":2,"href":"https:\/\/zojopackaging.com\/it\/wp-json\/wp\/v2\/product\/9358\/revisions"}],"predecessor-version":[{"id":9384,"href":"https:\/\/zojopackaging.com\/it\/wp-json\/wp\/v2\/product\/9358\/revisions\/9384"}],"wp:featuredmedia":[{"embeddable":true,"href":"https:\/\/zojopackaging.com\/it\/wp-json\/wp\/v2\/media\/9377"}],"wp:attachment":[{"href":"https:\/\/zojopackaging.com\/it\/wp-json\/wp\/v2\/media?parent=9358"}],"wp:term":[{"taxonomy":"product_brand","embeddable":true,"href":"https:\/\/zojopackaging.com\/it\/wp-json\/wp\/v2\/product_brand?post=9358"},{"taxonomy":"product_cat","embeddable":true,"href":"https:\/\/zojopackaging.com\/it\/wp-json\/wp\/v2\/product_cat?post=9358"},{"taxonomy":"product_tag","embeddable":true,"href":"https:\/\/zojopackaging.com\/it\/wp-json\/wp\/v2\/product_tag?post=9358"}],"curies":[{"name":"wp","href":"https:\/\/api.w.org\/{rel}","templated":true}]}}