{"id":9359,"date":"2025-04-02T01:24:34","date_gmt":"2025-04-01T17:24:34","guid":{"rendered":"https:\/\/zojopackaging.com\/?post_type=product&#038;p=9359"},"modified":"2025-04-02T01:49:14","modified_gmt":"2025-04-01T17:49:14","slug":"customized-luxury-recyclable-packaging-box-for-perfume-supplier","status":"publish","type":"product","link":"https:\/\/zojopackaging.com\/it\/product\/customized-luxury-recyclable-packaging-box-for-perfume-supplier\/","title":{"rendered":"Personalizzato lusso riciclabile Packaging Box per profumo Fornitore"},"content":{"rendered":"<p>&nbsp;<\/p>\n<ol>\n<li><strong>Materiale di cartone di alta qualit\u00e0, forte durata<\/strong>\u00a0Realizzata in cartone di alta qualit\u00e0, attraverso processi di taglio e piegatura di precisione, garantisce una struttura stabile e una forte resistenza alla pressione. Il cartone stesso \u00e8 leggero e flessibile e ha buone prestazioni di ammortizzazione, in grado di proteggere efficacemente la bottiglia di profumo.<\/li>\n<li><strong>Processo di stampa ultrafine, effetto visivo eccellente<\/strong>\u00a0Grazie all'utilizzo della tecnologia di stampa digitale per ottenere linee ultra-fini e una riproduzione del colore ad alta precisione dei motivi, combinata con la tecnologia di laminazione del film opaco, il tocco \u00e8 delicato e la lucentezza \u00e8 morbida, presentando una texture opaca di alto livello. In alcuni casi, ad esempio, si utilizza la tecnologia di stampa a caldo per delineare linee dorate che esaltano il lusso visivo.<\/li>\n<li><strong>Design ecologico e riciclabile, in linea con gli standard internazionali<\/strong>\u00a0Il materiale della scatola di imballaggio \u00e8 costituito da legno certificato FSC o da materiale PET riciclabile, e l'uso della colla \u00e8 ridotto grazie al processo di assemblaggio meccanico per migliorare la riciclabilit\u00e0. Il rivestimento interno che assorbe gli urti utilizza materiali degradabili a base di amido di mais per ottenere la protezione dell'ambiente durante tutto il processo.<\/li>\n<li><strong>Attrezzature al top e sistema di ispezione della qualit\u00e0 rigoroso<\/strong>\u00a0La fabbrica \u00e8 dotata di una base di produzione standardizzata di 5.320 metri quadrati, che supera molteplici controlli di qualit\u00e0 come il test di caduta da 1 metro e il test di resistenza all'invecchiamento per garantire che i prodotti soddisfino gli elevati standard dell'industria dei profumi. Il team di professionisti segue l'andamento della produzione in tempo reale per garantire la stabilit\u00e0 delle consegne.<\/li>\n<li><strong>Team di progettazione alla moda, servizio personalizzato<\/strong>\u00a0Il team di progettazione fornisce servizi completi, dall'estrazione del concetto di marchio ai rendering 3D, supporta la goffratura dei LOGO, la verniciatura UV e altri processi ed \u00e8 in grado di rispondere rapidamente alle tendenze del mercato. Ad esempio, strutture innovative come le coperture in cristallo bicomponente sono state personalizzate per i marchi di bellezza.<\/li>\n<li><strong>Produzione su scala e consegna rapida<\/strong>\u00a0La capacit\u00e0 produttiva media giornaliera raggiunge le decine di migliaia di pezzi, supporta la regolazione flessibile di 500 quantit\u00e0 minime d'ordine e realizza prove di stampa in 24 ore e consegne in lotti di 13 giorni attraverso processi standardizzati per soddisfare le esigenze di risposta rapida dell'industria dei profumi.<\/li>\n<\/ol>","protected":false},"excerpt":{"rendered":"<p>La lussuosa confezione di profumo riciclabile personalizzata per il negozio di scatole di carta ZOJO Print combina i concetti di protezione ambientale con l'artigianato di alto livello per fornire ai marchi soluzioni che combinano texture di lusso e sostenibilit\u00e0.<\/p>","protected":false},"featured_media":9364,"template":"","meta":[],"product_brand":[],"product_cat":[30,417,430,31],"product_tag":[1157,1155,1156],"class_list":{"0":"post-9359","1":"product","2":"type-product","3":"status-publish","4":"has-post-thumbnail","6":"product_cat-by-industry","7":"product_cat-custom-perfume-boxes-by-industry","8":"product_cat-folding-cartons","9":"product_cat-paper-box-style","10":"product_tag-box-for-perfume-supplier","11":"product_tag-customized-packaging-box","12":"product_tag-packaging-box-for-perfume","14":"first","15":"instock","16":"shipping-taxable","17":"product-type-grouped"},"_links":{"self":[{"href":"https:\/\/zojopackaging.com\/it\/wp-json\/wp\/v2\/product\/9359","targetHints":{"allow":["GET"]}}],"collection":[{"href":"https:\/\/zojopackaging.com\/it\/wp-json\/wp\/v2\/product"}],"about":[{"href":"https:\/\/zojopackaging.com\/it\/wp-json\/wp\/v2\/types\/product"}],"version-history":[{"count":1,"href":"https:\/\/zojopackaging.com\/it\/wp-json\/wp\/v2\/product\/9359\/revisions"}],"predecessor-version":[{"id":9367,"href":"https:\/\/zojopackaging.com\/it\/wp-json\/wp\/v2\/product\/9359\/revisions\/9367"}],"wp:featuredmedia":[{"embeddable":true,"href":"https:\/\/zojopackaging.com\/it\/wp-json\/wp\/v2\/media\/9364"}],"wp:attachment":[{"href":"https:\/\/zojopackaging.com\/it\/wp-json\/wp\/v2\/media?parent=9359"}],"wp:term":[{"taxonomy":"product_brand","embeddable":true,"href":"https:\/\/zojopackaging.com\/it\/wp-json\/wp\/v2\/product_brand?post=9359"},{"taxonomy":"product_cat","embeddable":true,"href":"https:\/\/zojopackaging.com\/it\/wp-json\/wp\/v2\/product_cat?post=9359"},{"taxonomy":"product_tag","embeddable":true,"href":"https:\/\/zojopackaging.com\/it\/wp-json\/wp\/v2\/product_tag?post=9359"}],"curies":[{"name":"wp","href":"https:\/\/api.w.org\/{rel}","templated":true}]}}