{"id":9368,"date":"2025-04-02T01:49:24","date_gmt":"2025-04-01T17:49:24","guid":{"rendered":"https:\/\/zojopackaging.com\/?post_type=product&#038;p=9368"},"modified":"2025-04-02T02:02:50","modified_gmt":"2025-04-01T18:02:50","slug":"vintage-design-folding-carton-box-for-perfume-packaging-box-wholesale","status":"publish","type":"product","link":"https:\/\/zojopackaging.com\/it\/product\/vintage-design-folding-carton-box-for-perfume-packaging-box-wholesale\/","title":{"rendered":"Scatola di cartone pieghevole di progettazione d'epoca per la scatola d'imballaggio del profumo all'ingrosso"},"content":{"rendered":"<h3 id=\"-1-high-quality-white-cardboard-substrate-environmentally-friendly-and-durable-\"><strong>1. Supporto in cartone bianco di alta qualit\u00e0, ecologico e durevole.<\/strong><\/h3>\n<p>Scegliete un cartone bianco certificato FSC con una grammatura superiore a 300g\/m\u00b2 e migliorate la resistenza alla compressione grazie alla tecnologia di rinforzo delle fibre, in grado di resistere a un test di caduta da 3 metri durante il trasporto. La superficie del cartone \u00e8 trattata con un rivestimento a prova di umidit\u00e0 per garantire che rimanga dritto in un ambiente con umidit\u00e0 variabile, in linea con gli standard di protezione ambientale REACH dell'UE.<\/p>\n<h3 id=\"-2-high-precision-printing-technology-to-restore-retro-aesthetic-details-\"><strong>2. Tecnologia di stampa ad alta precisione per ripristinare i dettagli estetici retr\u00f2.<\/strong><\/h3>\n<p>Utilizza la macchina da stampa Heidelberg CD102 a sei colori, con inchiostro Pantone spot color, per ottenere una precisione di stampa a linee sottili di 0,1 mm. In considerazione delle esigenze dello stile retr\u00f2, la trasparenza dell'inchiostro \u00e8 appositamente ottimizzata per rendere chiaramente stratificata la vecchia texture, la stampa a caldo in rilievo e altri processi, e il grado di ripristino del colore raggiunge pi\u00f9 di 98%.<\/p>\n<h3 id=\"-3-multi-layer-lamination-process-upgraded-touch-and-protection-\"><strong>3. Processo di laminazione multistrato, per migliorare il tocco e la protezione.<\/strong><\/h3>\n<p>La superficie \u00e8 ricoperta da una pellicola in PET opaca di 0,15 mm di spessore e lo strato di pellicola e il cartone sono uniti senza soluzione di continuit\u00e0 attraverso un processo composito di pressatura a caldo. Questo processo non solo migliora la resistenza ai graffi di 30%, ma conferisce anche un tocco delicato e setoso, mantenendo la consistenza naturale della carta, ottenendo un equilibrio tra opacit\u00e0 visiva e morbidezza al tatto.<\/p>\n<h3 id=\"-4-uv-local-three-dimensional-process-to-strengthen-the-brand-logo-\"><strong>4. Processo tridimensionale locale UV per rafforzare il logo del marchio<\/strong><\/h3>\n<p>L'area LOGO utilizza un processo di colla a goccia UV 3D, che forma un effetto tridimensionale in rilievo di 1,2 mm dopo l'indurimento. Con un rivestimento UV in metallo a specchio, i toni retr\u00f2 come l'oro e l'oro rosa presentano una texture fluida. Rispetto al processo di goffratura tradizionale, il 50% aumenta la resistenza all'usura e favorisce gli effetti di contrasto locale, lucido e opaco.<\/p>\n<h3 id=\"-5-intelligent-production-system-quality-control-throughout-the-process-\"><strong>5. Sistema di produzione intelligente, controllo della qualit\u00e0 durante l'intero processo.<\/strong><\/h3>\n<p>Dotato del sistema di ispezione visiva tedesco Sick, \u00e8 in grado di rilevare automaticamente 12 parametri come la deviazione della sovrastampa e la densit\u00e0 del colore ogni 0,8 secondi. Stabilisce 13 processi di ispezione della qualit\u00e0, dall'ingresso delle materie prime in fabbrica fino all'uscita dei prodotti finiti dal magazzino. Gli algoritmi di ispezione della qualit\u00e0 AI sono utilizzati nei processi chiave e il tasso di accuratezza del riconoscimento dei difetti raggiunge il 99,7%.<\/p>\n<h3 id=\"-6-retro-design-institute-customized-solutions-\"><strong>6. Retro Design Institute, soluzioni personalizzate<\/strong><\/h3>\n<p>Guidati da un team di designer con oltre 10 anni di esperienza, sono stati creati 8 database in stile retr\u00f2, tra cui Art Deco, manoscritti medievali e vecchi poster cinematografici. Supportiamo la personalizzazione completa, dalla progettazione strutturale (ad esempio coperture superiori e inferiori\/cassetti), alla tecnologia di superficie, al rivestimento dell'imballaggio, e forniamo soluzioni di rendering 3D in 72 ore.<\/p>\n<h3 id=\"-7-flexible-production-base-fast-response-to-market-demand-\"><strong>7. Base produttiva flessibile, risposta rapida alla domanda del mercato<\/strong><\/h3>\n<p>La fabbrica intelligente di 5.320\u33a1 \u00e8 dotata di 8 linee di fustellatura completamente automatiche, con una capacit\u00e0 produttiva giornaliera di 200.000 pezzi. Il sistema ERP realizza la tracciabilit\u00e0 degli ordini in tutto il processo, supporta una quantit\u00e0 minima d'ordine di 5.000 pezzi, la consegna in 7 giorni degli ordini regolari, la consegna in 48 ore degli ordini urgenti e un tasso di rotazione delle scorte leader nel settore.<\/p>","protected":false},"excerpt":{"rendered":"<p>ZOJO Print crea soluzioni di packaging per marchi di profumi che combinano la pesantezza storica con l'estetica contemporanea attraverso l'innovazione dei materiali, l'innovazione dei processi e il potenziamento del design. Dall'arte della rilegatura del Rinascimento al moderno stile minimalista e retr\u00f2, utilizziamo le nostre capacit\u00e0 professionali per consolidare le storie dei marchi in uno spazio ridotto e aiutare i prodotti ad affermarsi in modo differenziato nel mercato del lusso.<\/p>","protected":false},"featured_media":9372,"template":"","meta":[],"product_brand":[],"product_cat":[30,417,430,31],"product_tag":[820,1159,1158],"class_list":{"0":"post-9368","1":"product","2":"type-product","3":"status-publish","4":"has-post-thumbnail","6":"product_cat-by-industry","7":"product_cat-custom-perfume-boxes-by-industry","8":"product_cat-folding-cartons","9":"product_cat-paper-box-style","10":"product_tag-folding-carton-box","11":"product_tag-perfume-packaging-box-wholesale","12":"product_tag-vintage-design-box","14":"first","15":"instock","16":"shipping-taxable","17":"product-type-grouped"},"_links":{"self":[{"href":"https:\/\/zojopackaging.com\/it\/wp-json\/wp\/v2\/product\/9368","targetHints":{"allow":["GET"]}}],"collection":[{"href":"https:\/\/zojopackaging.com\/it\/wp-json\/wp\/v2\/product"}],"about":[{"href":"https:\/\/zojopackaging.com\/it\/wp-json\/wp\/v2\/types\/product"}],"version-history":[{"count":1,"href":"https:\/\/zojopackaging.com\/it\/wp-json\/wp\/v2\/product\/9368\/revisions"}],"predecessor-version":[{"id":9375,"href":"https:\/\/zojopackaging.com\/it\/wp-json\/wp\/v2\/product\/9368\/revisions\/9375"}],"wp:featuredmedia":[{"embeddable":true,"href":"https:\/\/zojopackaging.com\/it\/wp-json\/wp\/v2\/media\/9372"}],"wp:attachment":[{"href":"https:\/\/zojopackaging.com\/it\/wp-json\/wp\/v2\/media?parent=9368"}],"wp:term":[{"taxonomy":"product_brand","embeddable":true,"href":"https:\/\/zojopackaging.com\/it\/wp-json\/wp\/v2\/product_brand?post=9368"},{"taxonomy":"product_cat","embeddable":true,"href":"https:\/\/zojopackaging.com\/it\/wp-json\/wp\/v2\/product_cat?post=9368"},{"taxonomy":"product_tag","embeddable":true,"href":"https:\/\/zojopackaging.com\/it\/wp-json\/wp\/v2\/product_tag?post=9368"}],"curies":[{"name":"wp","href":"https:\/\/api.w.org\/{rel}","templated":true}]}}