{"id":9395,"date":"2025-04-02T10:30:55","date_gmt":"2025-04-02T02:30:55","guid":{"rendered":"https:\/\/zojopackaging.com\/?post_type=product&#038;p=9395"},"modified":"2025-04-02T10:55:43","modified_gmt":"2025-04-02T02:55:43","slug":"custom-printed-beverage-baking-soda-packaging-box-wholesale","status":"publish","type":"product","link":"https:\/\/zojopackaging.com\/it\/product\/custom-printed-beverage-baking-soda-packaging-box-wholesale\/","title":{"rendered":"Personalizzato stampato bevanda bicarbonato di sodio Packaging Box all'ingrosso"},"content":{"rendered":"<h2 id=\"-1-flexible-customization-of-box-types-to-meet-diverse-needs-\"><strong>1. Personalizzazione flessibile dei tipi di scatola per soddisfare le diverse esigenze<\/strong><\/h2>\n<p>Forniamo\u00a0<strong>Servizi di personalizzazione del tipo di scatola a categoria completa<\/strong>che coprono pi\u00f9 di dieci stili principali, come scatole con coperchio superiore e inferiore, scatole a cassetto, scatole a ribalta e scatole di forma speciale, e supportano i clienti a progettare\u00a0<strong>tipi di box esclusivi<\/strong>\u00a0in base al posizionamento del prodotto o al tono del marchio. Ad esempio:<\/p>\n<ul>\n<li><strong>Tipo di cassetto tipo box<\/strong>: Adatto per confezionare prodotti che richiedono una separazione multistrato, facile da esporre e conservare.<\/li>\n<li><strong>Scatola magnetica a ribalta<\/strong>: Con la tecnologia di stampa a caldo, rafforza il senso della cerimonia di apertura della scatola e migliora l'esperienza di alto livello.<\/li>\n<li><strong>Scatola di taglio di forma speciale<\/strong>: Grazie alla tecnologia dell'incisione laser o della fustellatura, \u00e8 possibile ottenere forme artistiche come incavature e onde per migliorare l'attrattiva visiva.<\/li>\n<\/ul>\n<h2 id=\"-2-black-box-body-design-to-create-a-calm-and-high-end-texture-\"><strong>2. Design del corpo a scatola nera per creare una texture calma e di alto livello.<\/strong><\/h2>\n<h3 id=\"1-material-selection-use-high-weight-black-cardboard-or-matte-art-paper-as-the-base-material-to-present-a-deep-matte-or-delicate-texture-effect-to-avoid-cheap-reflective-feeling-\">1.\u00a0<strong>Selezione del materiale<\/strong>: Utilizzo\u00a0<strong>cartone nero ad alta grammatura<\/strong>\u00a0o\u00a0<strong>carta artistica opaca<\/strong>\u00a0come materiale di base per presentare un effetto opaco profondo o una texture delicata, per evitare una sensazione di riflesso a buon mercato.<\/h3>\n<h3 id=\"2-technology-details-\">2.\u00a0<strong>Dettagli sulla tecnologia<\/strong>:<\/h3>\n<ul>\n<li><strong>Stampaggio a caldo\/argento caldo<\/strong>: Applicare localmente una lucentezza metallica sul LOGO del marchio o sul motivo per contrastare con il nero ed evidenziare la squisitezza.<\/li>\n<li><strong>Goffratura in rilievo<\/strong>: Attraverso il processo di goffratura tridimensionale, aggiungere totem del marchio o texture geometriche sulla superficie della scatola per migliorare il livello tattile.<br \/>\n<h3 id=\"3-environmental-certification-the-black-ink-uses-food-grade-environmentally-friendly-water-based-paint-which-complies-with-the-eu-rohs-standard-to-ensure-safety-and-sustainability-\">3.\u00a0<strong>Certificazione ambientale<\/strong>: L'inchiostro nero utilizza\u00a0<strong>vernice ecologica a base d'acqua per alimenti<\/strong>che rispetta lo standard RoHS dell'UE per garantire sicurezza e sostenibilit\u00e0.<\/h3>\n<\/li>\n<\/ul>\n<h2 id=\"-third-surface-printing-effect-convey-brand-humanistic-care-\"><strong>3. Effetto di stampa superficiale: trasmettere la cura umanistica del marchio<\/strong><\/h2>\n<h3 id=\"1-high-definition-printing-technology-use-6-color-fully-automatic-offset-printing-machine-to-accurately-restore-brand-colors-and-illustration-details-for-example-\">1.\u00a0<strong>Tecnologia di stampa ad alta definizione<\/strong>: Utilizzo\u00a0<strong>Macchina da stampa offset a 6 colori completamente automatica<\/strong>\u00a0per ripristinare con precisione i colori del marchio e i dettagli delle illustrazioni. Ad esempio:<\/h3>\n<ul>\n<li><strong>Colore caldo sfumato<\/strong>: Stampare un motivo a gradiente giallo-arancio sul lato della scatola per richiamare le propriet\u00e0 dell'ingrediente naturale del bicarbonato di sodio.<\/li>\n<li><strong>Illustrazione dipinta a mano<\/strong>: Incorporare scene di famiglia o elementi naturali per trasmettere un concetto di vita calda e sana.<br \/>\n<h3 id=\"2-text-design-use-rounded-or-serif-fonts-to-present-brand-stories-or-product-descriptions-and-match-them-with-hot-stamping-technology-to-enhance-affinity-and-recognition-\">2.\u00a0<strong>Design del testo<\/strong>: Utilizzo\u00a0<strong>caratteri arrotondati o serif<\/strong>\u00a0per presentare le storie del marchio o le descrizioni dei prodotti, e abbinarli alla tecnologia di stampa a caldo per aumentare l'affinit\u00e0 e il riconoscimento.<\/h3>\n<\/li>\n<\/ul>\n<h2 id=\"-iv-eva-lining-customization-precise-adaptation-and-transportation-protection-\"><strong>4. Personalizzazione della fodera in EVA: adattamento preciso e protezione del trasporto.<\/strong><\/h2>\n<h3 id=\"1-material-characteristics-use-high-density-eva-foam-which-has-both-soft-cushioning-and-compressive-strength-and-can-bear-1-10kg-\">1.\u00a0<strong>Caratteristiche del materiale<\/strong>: Utilizza schiuma EVA ad alta densit\u00e0, che ha un'ammortizzazione morbida e una resistenza alla compressione e pu\u00f2 sopportare da 1 a 10 kg.<\/h3>\n<h3 id=\"2-structural-design-\">2.\u00a0<strong>Progettazione strutturale<\/strong>:<\/h3>\n<ul>\n<li><strong>Fodera in rete<\/strong>: Personalizzare la scanalatura in base alle dimensioni della bottiglia e una singola griglia pu\u00f2 ospitare bottiglie di bicarbonato di sodio da 30-500 ml, con un controllo dell'errore entro \u00b10,5 mm.<\/li>\n<li><strong>Modulo rimovibile<\/strong>: Supporta la progettazione di rivestimenti combinati, si adatta alle esigenze di carico misto di pi\u00f9 specifiche di prodotti e migliora l'utilizzo dello spazio di oltre 20%.<br \/>\n<h3 id=\"3-function-extension-the-surface-of-the-lining-is-covered-with-food-grade-pe-film-which-can-directly-contact-the-product-and-supports-printing-of-brand-logo-or-usage-tips-\">3.\u00a0<strong>Estensione della funzione<\/strong>: La superficie del rivestimento \u00e8 ricoperta da\u00a0<strong>film PE alimentare<\/strong>che pu\u00f2 entrare direttamente in contatto con il prodotto e supporta la stampa del LOGO del marchio o dei consigli d'uso.<\/h3>\n<\/li>\n<\/ul>\n<h2 id=\"-v-highly-customized-service-all-round-adaptation-from-size-to-material-\"><strong>5. Servizio altamente personalizzato: adattamento a tutto tondo, dalle dimensioni al materiale.<\/strong><\/h2>\n<ul>\n<li><strong>Gamma di dimensioni<\/strong>: La scatola da imballaggio supporta una regolazione flessibile delle dimensioni ed \u00e8 adatta a diverse specifiche, come l'imballaggio per famiglie e l'imballaggio di confezioni regalo.<\/li>\n<li><strong>Espansione del colore<\/strong>: Oltre al colore nero principale,\u00a0<strong>Personalizzazione della scheda colori Pantone<\/strong>\u00a0\u00e8 disponibile un servizio che supporta effetti di contrasto parziale o di sfumatura.<\/li>\n<li><strong>Aggiornamento del materiale<\/strong>:\u00a0<strong>Carta in similpelle<\/strong>,\u00a0<strong>Carta con venature del legno<\/strong>\u00a0o\u00a0<strong>Materiale composito metallico<\/strong>\u00a0sono opzionali per soddisfare le esigenze del packaging di lusso.<\/li>\n<\/ul>\n<h2 id=\"-vi-recycling-design-extend-the-life-cycle-of-packaging-\"><strong>6. Progettazione del riciclo: Estendere il ciclo di vita degli imballaggi<\/strong><\/h2>\n<h3 id=\"1-structural-reinforcement-the-box-body-adopts-double-layer-corrugated-cardboard-eva-reinforced-corners-which-increases-the-load-bearing-performance-by-30-and-can-be-reused-more-than-5-times-\">1.\u00a0<strong>Rinforzo strutturale<\/strong>: Il corpo della scatola adotta\u00a0<strong>cartone ondulato a doppio strato + angoli rinforzati in EVA<\/strong>che aumenta le prestazioni di portata di 30% e pu\u00f2 essere riutilizzato pi\u00f9 di 5 volte.<\/h3>\n<h3 id=\"2-function-transformation-\">2.\u00a0<strong>Trasformazione della funzione<\/strong>:<\/h3>\n<ul>\n<li><strong>Scatola di immagazzinaggio<\/strong>: La fodera \u00e8 rimovibile, adatta per riporre piccoli oggetti come cancelleria e gioielli.<\/li>\n<li><strong>Cassetta per piante fai da te<\/strong>: Il corpo della scatola \u00e8 stato progettato con fori d'aria riservati per guidare i consumatori ad utilizzarla per la coltivazione di piante verdi e trasmettere il concetto di protezione ambientale.<\/li>\n<\/ul>\n<h2 id=\"-vii-production-and-service-advantages-the-source-factory-guarantees-quality-and-cost-\"><strong>7. Vantaggi della produzione e del servizio: La fabbrica di origine garantisce qualit\u00e0 e costi<\/strong><\/h2>\n<h3 id=\"1-16-years-of-printing-experience-with-iso9001-quality-management-system-certification-\">1.\u00a0<strong>16 anni di esperienza nella stampa<\/strong>: Con\u00a0<strong>Certificazione del sistema di gestione della qualit\u00e0 ISO9001<\/strong>,<\/h3>\n<h3 id=\"2-zero-cost-support-\">2.\u00a0<strong>Supporto a costo zero<\/strong>:<\/h3>\n<ul>\n<li><strong>Design gratuito<\/strong>: Un team di professionisti fornisce 3 serie di soluzioni di design e consegna la prima bozza entro 72 ore.<\/li>\n<li><strong>Campioni gratuiti<\/strong>: Il ciclo di prova \u00e8 di 3-5 giorni e SF Express \u00e8 supportato per la spedizione gratuita.<br \/>\n<h3 id=\"3-price-advantage-through-large-scale-raw-material-procurement-and-automated-production-lines-the-price-is-15-20-lower-than-the-market-with-the-same-quality-and-the-minimum-order-is-500-pieces-\">3.\u00a0<strong>Vantaggio di prezzo<\/strong>: Attraverso\u00a0<strong>approvvigionamento di materie prime su larga scala<\/strong>\u00a0e\u00a0<strong>linee di produzione automatizzate<\/strong>, il prezzo \u00e8 15%-20% inferiore al mercato con la stessa qualit\u00e0, e l'ordine minimo \u00e8 di 500 pezzi.<\/h3>\n<\/li>\n<\/ul>","protected":false},"excerpt":{"rendered":"<ul>\n<li id=\"1-demand-communication-provide-product-size-design-intention-or-competitive-product-reference-pictures-\">1.\u00a0<strong>Comunicazione della domanda<\/strong>: Fornire le dimensioni del prodotto, le intenzioni di progettazione o le immagini di riferimento dei prodotti della concorrenza.<\/li>\n<li id=\"2-scheme-design-output-3d-renderings-and-material-samples-within-3-working-days-\">2.\u00a0<strong>Progettazione dello schema<\/strong>: Produzione di rendering 3D e campioni di materiale entro 3 giorni lavorativi.<\/li>\n<li id=\"3-sample-confirmation-sign-a-mass-production-contract-after-modification-to-satisfaction-\">3.\u00a0<strong>Conferma del campione<\/strong>: Firmare un contratto di produzione di massa dopo aver apportato modifiche soddisfacenti.<\/li>\n<li>4.\u00a0<strong>Produzione di massa<\/strong>: 7-15 giorni per la consegna (a seconda della quantit\u00e0 ordinata).<\/li>\n<\/ul>","protected":false},"featured_media":9396,"template":"","meta":[],"product_brand":[],"product_cat":[30,419,424,31,433],"product_tag":[1165,1164,1166],"class_list":{"0":"post-9395","1":"product","2":"type-product","3":"status-publish","4":"has-post-thumbnail","6":"product_cat-by-industry","7":"product_cat-custom-wines-spirits-boxes","8":"product_cat-magnetic-closure-boxes","9":"product_cat-paper-box-style","10":"product_cat-shipping-mailer-boxes","11":"product_tag-baking-soda-packaging","12":"product_tag-custom-beverage-packaging","13":"product_tag-custom-beverage-soda-packaging-box","15":"first","16":"instock","17":"shipping-taxable","18":"product-type-simple"},"_links":{"self":[{"href":"https:\/\/zojopackaging.com\/it\/wp-json\/wp\/v2\/product\/9395","targetHints":{"allow":["GET"]}}],"collection":[{"href":"https:\/\/zojopackaging.com\/it\/wp-json\/wp\/v2\/product"}],"about":[{"href":"https:\/\/zojopackaging.com\/it\/wp-json\/wp\/v2\/types\/product"}],"version-history":[{"count":1,"href":"https:\/\/zojopackaging.com\/it\/wp-json\/wp\/v2\/product\/9395\/revisions"}],"predecessor-version":[{"id":9402,"href":"https:\/\/zojopackaging.com\/it\/wp-json\/wp\/v2\/product\/9395\/revisions\/9402"}],"wp:featuredmedia":[{"embeddable":true,"href":"https:\/\/zojopackaging.com\/it\/wp-json\/wp\/v2\/media\/9396"}],"wp:attachment":[{"href":"https:\/\/zojopackaging.com\/it\/wp-json\/wp\/v2\/media?parent=9395"}],"wp:term":[{"taxonomy":"product_brand","embeddable":true,"href":"https:\/\/zojopackaging.com\/it\/wp-json\/wp\/v2\/product_brand?post=9395"},{"taxonomy":"product_cat","embeddable":true,"href":"https:\/\/zojopackaging.com\/it\/wp-json\/wp\/v2\/product_cat?post=9395"},{"taxonomy":"product_tag","embeddable":true,"href":"https:\/\/zojopackaging.com\/it\/wp-json\/wp\/v2\/product_tag?post=9395"}],"curies":[{"name":"wp","href":"https:\/\/api.w.org\/{rel}","templated":true}]}}