{"id":9403,"date":"2025-04-02T10:56:05","date_gmt":"2025-04-02T02:56:05","guid":{"rendered":"https:\/\/zojopackaging.com\/?post_type=product&#038;p=9403"},"modified":"2025-04-02T14:35:01","modified_gmt":"2025-04-02T06:35:01","slug":"custom-printed-press-on-nail-polish-oil-packaging-wholesale","status":"publish","type":"product","link":"https:\/\/zojopackaging.com\/it\/product\/custom-printed-press-on-nail-polish-oil-packaging-wholesale\/","title":{"rendered":"Stampa personalizzata sull'imballaggio dell'olio dello smalto per unghie all'ingrosso"},"content":{"rendered":"<h2 id=\"-i-embedded-magnetic-design-simple-aesthetics-and-practical-innovation-\"><strong>1. Design magnetico incorporato: estetica semplice e innovazione pratica<\/strong><\/h2>\n<ul>\n<li><strong>Struttura magnetica nascosta<\/strong>: Viene utilizzata la tecnologia magnetica incorporata e il magnete \u00e8 completamente incapsulato all'interno del corpo della scatola, evitando il problema della facile usura e ossidazione dei tradizionali fogli magnetici esposti e migliorando la durata di vita. La forza di aspirazione \u00e8 uniforme quando il coperchio \u00e8 chiuso e la sensazione di apertura e chiusura \u00e8 uniforme, rendendo l'aspetto visivo pi\u00f9 semplice e avanzato.<\/li>\n<li><strong>Garanzia di precisione del processo<\/strong>: Il modulo magnetico \u00e8 incorporato con precisione attraverso l'iniezione nello stampo per garantire un adattamento perfetto al corpo della scatola, in linea con gli standard di protezione ambientale RoHS dell'UE e senza rischio di inquinamento da metalli pesanti.<\/li>\n<\/ul>\n<h2 id=\"-ii-all-black-box-body-customized-logo-to-enhance-brand-recognition-\"><strong>2. Corpo della scatola completamente nero + LOGO personalizzato per migliorare il riconoscimento del marchio<\/strong><\/h2>\n<ul>\n<li><strong>Presentazione visiva minimalista<\/strong>: Il corpo della scatola adotta un substrato completamente nero, mentre il LOGO del marchio \u00e8 messo in evidenza attraverso\u00a0<strong>Processo di rotocalco UV\/stampa a caldo<\/strong>e il contrasto \u00e8 aumentato di 300%. Supporta effetti speciali come la goffratura, il laser e la verniciatura locale per ottenere un impatto visivo \"splendente nella notte buia\".<\/li>\n<li><strong>Adattamento a pi\u00f9 scene<\/strong>: Il substrato nero pu\u00f2 essere abbinato a soluzioni LOGO come colori metallici e fluorescenti, adatti a linee di lusso, linee di lusso leggero e linee di massa. Tutte le categorie di posizionamento.<\/li>\n<\/ul>\n<h2 id=\"-iii-intelligent-window-design-intuitive-display-and-upgraded-consumer-experience-\"><strong>3. Design intelligente della finestra: visualizzazione intuitiva e miglioramento dell'esperienza del consumatore.<\/strong><\/h2>\n<ul>\n<li><strong>Finestra acrilica ad alta trasparenza<\/strong>: L'area della finestra utilizza acrilico alimentare di 3 mm di spessore, con una trasmittanza luminosa di \u226592% e un aumento della resistenza agli urti di 50%. Supporta tagli di forma speciale (circolare, ad arco, a diamante), per visualizzare con precisione la curva della boccetta di smalto o il colore del campione di nail art.<\/li>\n<li><strong>Tecnologia di tenuta a prova di polvere<\/strong>: Il bordo della finestra \u00e8 avvolto da una colla morbida in TPU, abbinata a un trattamento anti-impronta con nano-rivestimento per garantire un utilizzo a lungo termine senza graffi e accumuli di nebbia.<\/li>\n<\/ul>\n<h2 id=\"-iv-functional-internal-grid-system-safety-protection-and-space-management-\"><strong>4. Sistema funzionale di rete interna: protezione della sicurezza e gestione dello spazio<\/strong><\/h2>\n<ul>\n<li><strong>Fodera a griglia in EVA<\/strong>: Spugna EVA ad alta densit\u00e0 personalizzata (densit\u00e0 25-90g\/cm\u00b3) in base al tipo di bottiglia, con una precisione della griglia di \u00b10,5 mm, per ottenere il posizionamento indipendente di una singola bottiglia. Il test di resistenza ai terremoti dimostra che \u00e8 in grado di resistere a una pressione verticale di 10 kg e a un impatto di caduta di 1,5 metri.<\/li>\n<li><strong>Combinazione modulare<\/strong>Supporta il layout a strati \"bottiglia principale + accessori\" (come la bottiglia di smalto, il pennello, la partizione adesiva decorativa), la fodera pu\u00f2 essere smontata e riorganizzata, adatta ai set di prodotti multipli in edizione limitata per le vacanze.<\/li>\n<\/ul>\n<h2 id=\"-v-full-dimensional-customization-service-a-one-stop-solution-from-design-to-mass-production-\"><strong>5. Servizio di personalizzazione full-dimensionale: una soluzione unica, dalla progettazione alla produzione in serie.<\/strong><\/h2>\n<h3 id=\"1-flexible-matching-of-size-and-material-\">1.\u00a0<strong>Flessibilit\u00e0 nell'abbinamento di dimensioni e materiali<\/strong><\/h3>\n<ul>\n<li>Le dimensioni della scatola coprono da 5 ml di mini flacone a 50 ml di confezione familiare e supportano la personalizzazione non standard (errore \u22640,2 mm).<\/li>\n<\/ul>\n<h3 id=\"2-surface-treatment-process-library-\">2.\u00a0<strong>Biblioteca dei processi di trattamento delle superfici<\/strong><\/h3>\n<table>\n<thead>\n<tr>\n<th>Tipo di processo<\/th>\n<th>Esempio di effetto<\/th>\n<th>Scenari applicabili<\/th>\n<\/tr>\n<\/thead>\n<tbody>\n<tr>\n<td>Serigrafia + goffratura parziale UV<\/td>\n<td>LOGO touch tridimensionale<\/td>\n<td>Logo del marchio di fascia alta<\/td>\n<\/tr>\n<tr>\n<td>Processo di argento caldo\/nero caldo<\/td>\n<td>Festoni scuri con motivo a gradiente<\/td>\n<td>Confezioni limitate per le vacanze<\/td>\n<\/tr>\n<tr>\n<td>Stampa digitale a getto d'inchiostro<\/td>\n<td>Restauro ad alta definizione di modelli complessi<\/td>\n<td>Modelli comuni, serie di cooperazione tra artisti<\/td>\n<\/tr>\n<\/tbody>\n<\/table>\n<h3 id=\"3-intelligent-production-system-\">3.\u00a0<strong>Sistema di produzione intelligente<\/strong><\/h3>\n<ul>\n<li><strong>Prova di 48 ore<\/strong>: Grazie alla linea di stampa UV a 7 colori Heidelberg, alla fustellatrice completamente automatica e ad altre attrezzature, la quantit\u00e0 minima ordinabile \u00e8 di soli 100 pezzi.<\/li>\n<li><strong>Triplo controllo di qualit\u00e0<\/strong>: Ispezione all'ingresso delle materie prime (certificazione SGS) + ispezione AI del processo produttivo (tasso di riconoscimento dei difetti 99,9%) + test di temperatura e umidit\u00e0 costante per 48 ore prima della spedizione.<\/li>\n<\/ul>","protected":false},"excerpt":{"rendered":"<ul>\n<li><strong>Zero differenze di prezzo tra gli intermediari<\/strong>: Proprie 50.000\u33a1 base di produzione, capacit\u00e0 di produzione giornaliera di 2 milioni di pezzi, il prezzo della stessa qualit\u00e0 \u00e8 30% inferiore al mercato.<\/li>\n<li><strong>Servizio a valore aggiunto gratuito<\/strong>:<\/li>\n<li><strong>Pre-presentazione della modellazione 3D<\/strong>: Fornire rendering dell'imballaggio, diagrammi di esplosione strutturale e campionari di materiali.<\/li>\n<li><strong>Supporto logistico globale<\/strong>: Logistica dedicata Europa\/Nord America, integrazione sdoganamento DDP.<\/li>\n<\/ul>","protected":false},"featured_media":9415,"template":"","meta":[],"product_brand":[],"product_cat":[30,390,424,31],"product_tag":[1168,1167,639],"class_list":{"0":"post-9403","1":"product","2":"type-product","3":"status-publish","4":"has-post-thumbnail","6":"product_cat-by-industry","7":"product_cat-custom-cosmetics-boxes","8":"product_cat-magnetic-closure-boxes","9":"product_cat-paper-box-style","10":"product_tag-custom-press-on-nail-packaging-wholesale","11":"product_tag-nail-polish-oil-packaging","12":"product_tag-press-on-nail-packaging","14":"first","15":"instock","16":"shipping-taxable","17":"product-type-simple"},"_links":{"self":[{"href":"https:\/\/zojopackaging.com\/it\/wp-json\/wp\/v2\/product\/9403","targetHints":{"allow":["GET"]}}],"collection":[{"href":"https:\/\/zojopackaging.com\/it\/wp-json\/wp\/v2\/product"}],"about":[{"href":"https:\/\/zojopackaging.com\/it\/wp-json\/wp\/v2\/types\/product"}],"version-history":[{"count":1,"href":"https:\/\/zojopackaging.com\/it\/wp-json\/wp\/v2\/product\/9403\/revisions"}],"predecessor-version":[{"id":9418,"href":"https:\/\/zojopackaging.com\/it\/wp-json\/wp\/v2\/product\/9403\/revisions\/9418"}],"wp:featuredmedia":[{"embeddable":true,"href":"https:\/\/zojopackaging.com\/it\/wp-json\/wp\/v2\/media\/9415"}],"wp:attachment":[{"href":"https:\/\/zojopackaging.com\/it\/wp-json\/wp\/v2\/media?parent=9403"}],"wp:term":[{"taxonomy":"product_brand","embeddable":true,"href":"https:\/\/zojopackaging.com\/it\/wp-json\/wp\/v2\/product_brand?post=9403"},{"taxonomy":"product_cat","embeddable":true,"href":"https:\/\/zojopackaging.com\/it\/wp-json\/wp\/v2\/product_cat?post=9403"},{"taxonomy":"product_tag","embeddable":true,"href":"https:\/\/zojopackaging.com\/it\/wp-json\/wp\/v2\/product_tag?post=9403"}],"curies":[{"name":"wp","href":"https:\/\/api.w.org\/{rel}","templated":true}]}}