{"id":9428,"date":"2025-04-02T15:05:47","date_gmt":"2025-04-02T07:05:47","guid":{"rendered":"https:\/\/zojopackaging.com\/?post_type=product&#038;p=9428"},"modified":"2025-04-02T15:30:57","modified_gmt":"2025-04-02T07:30:57","slug":"custom-apparel-t-shirt-clothing-paper-tube-packaging-factory","status":"publish","type":"product","link":"https:\/\/zojopackaging.com\/it\/product\/custom-apparel-t-shirt-clothing-paper-tube-packaging-factory\/","title":{"rendered":"Fabbrica d'imballaggio della metropolitana di carta dell'abbigliamento della maglietta su ordinazione"},"content":{"rendered":"<h2 id=\"-1-innovative-structural-design-upper-and-lower-split-cylindrical-box-one-handed-opening-and-closing-is-more-convenient-\"><strong>1. Design strutturale innovativo: scatola cilindrica superiore e inferiore divisa, apertura e chiusura con una sola mano, pi\u00f9 conveniente.<\/strong><\/h2>\n<ol>\n<li><strong>Struttura divisa brevettata<\/strong>: Il design cilindrico diviso tra la parte superiore e inferiore, combinato con scanalature di guida e meccanismi di fissaggio di precisione, pu\u00f2 essere facilmente aperto e chiuso con una sola mano, evitando l'ingombrante operazione delle scatole da imballaggio tradizionali e migliorando l'esperienza di disimballaggio dei consumatori.<\/li>\n<li><strong>Forte adattabilit\u00e0<\/strong>: Lo spazio interno pu\u00f2 essere regolato in modo flessibile per adattarsi a diversi tipi di abbigliamento come maniche corte, giacche, maglioni, gonne, ecc. e il design di stoccaggio a strati o piegato assicura che i vestiti siano piatti e senza pieghe.<\/li>\n<li><strong>Ottimizzazione dei dettagli<\/strong>: Il bordo del corpo della scatola adotta una tecnologia di taglio ad alta precisione, liscia e priva di sbavature, mentre la pellicola opaca che la ricopre rende il tocco delicato, trasmettendo la texture di alta gamma del marchio.<\/li>\n<\/ol>\n<h2 id=\"-2-printing-and-technology-professional-equipment-customized-technology-double-improvement-of-quality-and-visual-\"><strong>2. Stampa e tecnologia: attrezzature professionali + tecnologia personalizzata, doppio miglioramento della qualit\u00e0 e dell'immagine.<\/strong><\/h2>\n<ol>\n<li><strong>Stampa in quadricromia + tecnologia della pellicola opaca<\/strong>: Adotta la macchina da stampa Heidelberg in quadricromia, il restauro accurato dei colori CMYK, il trattamento del film opaco sovrapposto, la saturazione del colore aumentata da 30% e le propriet\u00e0 antigraffio e antimpronta.<\/li>\n<li><strong>Opzioni di processo avanzate<\/strong>:<\/li>\n<li><strong>Stampaggio a caldo\/stampaggio dell'argento<\/strong>: adatto per il logo o il motivo del marchio, per migliorare l'impatto visivo (come l'effetto lucido di lusso).<\/li>\n<li><strong>Goffrato\/goffrato<\/strong>: evidenziare i dettagli del design attraverso la tecnologia di goffratura tridimensionale, con livelli di tocco distinti, adatti al posizionamento del marchio di fascia alta.<\/li>\n<li><strong>Certificazione ambientale<\/strong>: La carta utilizza carta doppio rame da 230 g o carta kraft riciclata, ha superato certificazioni ambientali internazionali come SGS e BV e tiene conto sia della consistenza che della sostenibilit\u00e0.<\/li>\n<\/ol>\n<h2 id=\"-iii-design-service-diverse-styles-precise-matching-of-brand-tone-\"><strong>3. Servizio di design: stili diversi, corrispondenza precisa con il tono del marchio.<\/strong><\/h2>\n<ol>\n<li><strong>Supporto per la progettazione completa del case<\/strong>: Fornire servizi di progettazione in CDR, AI e altri file sorgente, coprendo una variet\u00e0 di stili come la semplicit\u00e0, la tendenza nazionale, il minimalismo, il business, ecc. e personalizzare immagini esclusive in combinazione con le caratteristiche dei prodotti di abbigliamento (ad esempio, colori vivaci per le T-shirt, texture eleganti per i maglioni).<\/li>\n<li><strong>Potenziamento culturale<\/strong>: Pu\u00f2 integrare storie del marchio, elementi regionali o disegni congiunti IP, come motivi di ricamo in stile nazionale, illustrazioni di tendenza, ecc. per aumentare la risonanza emotiva.<\/li>\n<li><strong>Prova intelligente<\/strong>: Fornire rendering 3D e campioni fisici entro 48 ore per garantire che il grado di restauro del progetto raggiunga pi\u00f9 di 98%.<\/li>\n<\/ol>\n<h2 id=\"-iv-production-and-delivery-16-years-of-foreign-trade-experience-one-stop-worry-free-service-\"><strong>4. Produzione e consegna: 16 anni di esperienza nel commercio estero, servizio one-stop senza preoccupazioni.<\/strong><\/h2>\n<ol>\n<li><strong>Controllo completo del processo<\/strong>: Dalla progettazione alla selezione dei materiali, dalla produzione alla logistica, l'intero processo \u00e8 monitorato dal sistema di gestione della qualit\u00e0 ISO, con una quantit\u00e0 minima d'ordine di 3.000 pezzi e la possibilit\u00e0 di personalizzare piccoli lotti.<\/li>\n<li><strong>Competenza nel commercio estero<\/strong>: Conosce gli standard di mercato di Europa, America, Sud-Est asiatico, ecc. e fornisce soluzioni di imballaggio per l'esportazione, come la certificazione FSC e il trattamento antiumidit\u00e0, con una capacit\u00e0 produttiva annuale di oltre 5 milioni di pezzi.<\/li>\n<li><strong>Consegna efficiente<\/strong>: Gli ordini regolari possono essere completati in 7-10 giorni, gli ordini urgenti possono essere accelerati a 5 giorni e supportano la spedizione diretta globale\/il trasporto aereo.<\/li>\n<\/ol>\n<h2 id=\"-v-case-and-value-core-partner-to-enhance-brand-added-value-\"><strong>5. Caso e valore: Il partner principale per migliorare il valore aggiunto del marchio<\/strong><\/h2>\n<ul>\n<li><strong>Caso di riferimento<\/strong>: Imballaggio in tubo di carta pieghevole ed ecologico personalizzato per un marchio internazionale di fast fashion, che ha ridotto i costi logistici di 20% e aumentato il tasso di riacquisto di 15% grazie alla tecnologia di stampa a caldo.<\/li>\n<li><strong>Estensione del valore<\/strong>: Le scatole da imballaggio possono essere riutilizzate come oggetti da esposizione e conservazione per estendere il ciclo di esposizione del marchio.<\/li>\n<\/ul>","protected":false},"excerpt":{"rendered":"<p>1. La scatola da imballaggio Yuantong adotta una struttura divisa, che pu\u00f2 essere aperta e chiusa con una sola mano, il che \u00e8 comodo per prendere e migliorare l'esperienza di unboxing.<br \/>\n2. Adatto a vari tipi di prodotti di abbigliamento, come camicie a maniche corte, giacche, maglioni, gonne, ecc.<br \/>\n3. Stampa in quadricromia + pellicola opaca, stampa con macchina Heidelberg, colori brillanti e vivaci.<br \/>\n4. Vari stili di design possono essere personalizzati in base alle esigenze per abbinare perfettamente i prodotti di abbigliamento.<\/p>","protected":false},"featured_media":9429,"template":"","meta":[],"product_brand":[],"product_cat":[30,414,31,429],"product_tag":[1174,1172,1173],"class_list":{"0":"post-9428","1":"product","2":"type-product","3":"status-publish","4":"has-post-thumbnail","6":"product_cat-by-industry","7":"product_cat-custom-apparel-boxes","8":"product_cat-paper-box-style","9":"product_cat-paper-tube-boxes","10":"product_tag-clothing-packaging-boxes-factory","11":"product_tag-custom-apparel-packaging","12":"product_tag-t-shirt-paper-tube-packaging","14":"first","15":"instock","16":"shipping-taxable","17":"product-type-simple"},"_links":{"self":[{"href":"https:\/\/zojopackaging.com\/it\/wp-json\/wp\/v2\/product\/9428","targetHints":{"allow":["GET"]}}],"collection":[{"href":"https:\/\/zojopackaging.com\/it\/wp-json\/wp\/v2\/product"}],"about":[{"href":"https:\/\/zojopackaging.com\/it\/wp-json\/wp\/v2\/types\/product"}],"version-history":[{"count":1,"href":"https:\/\/zojopackaging.com\/it\/wp-json\/wp\/v2\/product\/9428\/revisions"}],"predecessor-version":[{"id":9435,"href":"https:\/\/zojopackaging.com\/it\/wp-json\/wp\/v2\/product\/9428\/revisions\/9435"}],"wp:featuredmedia":[{"embeddable":true,"href":"https:\/\/zojopackaging.com\/it\/wp-json\/wp\/v2\/media\/9429"}],"wp:attachment":[{"href":"https:\/\/zojopackaging.com\/it\/wp-json\/wp\/v2\/media?parent=9428"}],"wp:term":[{"taxonomy":"product_brand","embeddable":true,"href":"https:\/\/zojopackaging.com\/it\/wp-json\/wp\/v2\/product_brand?post=9428"},{"taxonomy":"product_cat","embeddable":true,"href":"https:\/\/zojopackaging.com\/it\/wp-json\/wp\/v2\/product_cat?post=9428"},{"taxonomy":"product_tag","embeddable":true,"href":"https:\/\/zojopackaging.com\/it\/wp-json\/wp\/v2\/product_tag?post=9428"}],"curies":[{"name":"wp","href":"https:\/\/api.w.org\/{rel}","templated":true}]}}