{"id":9463,"date":"2025-04-02T16:20:54","date_gmt":"2025-04-02T08:20:54","guid":{"rendered":"https:\/\/zojopackaging.com\/?post_type=product&#038;p=9463"},"modified":"2025-04-02T16:55:28","modified_gmt":"2025-04-02T08:55:28","slug":"custom-necklace-earring-ring-jewelry-gift-boxes-manufacturer","status":"publish","type":"product","link":"https:\/\/zojopackaging.com\/it\/product\/custom-necklace-earring-ring-jewelry-gift-boxes-manufacturer\/","title":{"rendered":"Collana personalizzata Orecchino Anello Gioielli Scatole regalo Fornitore"},"content":{"rendered":"<h2 id=\"-1-box-type-structure-of-top-and-bottom-lid-precise-closure-to-protect-jewelry-safety-\"><strong>1. Struttura a scatola della scatola superiore e inferiore: chiusura precisa per proteggere la sicurezza dei gioielli.<\/strong><\/h2>\n<ul>\n<li><strong>Design di precisione delle dimensioni<\/strong>: Grazie alla tecnologia di taglio degli stampi ad alta precisione, il coperchio superiore e quello inferiore si adattano perfettamente alla chiusura, impedendo efficacemente gli urti esterni e l'estrusione. L'esclusiva struttura brevettata \"quadrata all'esterno e di forma speciale all'interno\" (ad esempio, la scatola esterna \u00e8 quadrata per facilitare l'impilamento e la cavit\u00e0 interna \u00e8 a forma di cuore per adattarsi al profilo dei gioielli) riduce il rischio di scosse durante il trasporto e d\u00e0 un senso di rituale all'apertura della scatola.<\/li>\n<\/ul>\n<h2 id=\"-2-1200g-rigid-cardboard-high-load-bearing-and-anti-deformation-guarantee-\"><strong>2. Cartone rigido da 1200 g: garanzia di elevata capacit\u00e0 di carico e antideformazione.<\/strong><\/h2>\n<ul>\n<li><strong>Vantaggio materiale<\/strong>:\u00a0<strong>Cartone rigido ad alta densit\u00e0 da 1200 g<\/strong>\u00a0\u00e8 selezionato, che pu\u00f2 sopportare\u00a0<strong>pi\u00f9 di 5 kg<\/strong>\u00a0peso dei gioielli dopo la prova di compressione, assicurando\u00a0<strong>deformazione zero<\/strong>\u00a0durante il trasporto o lo stoccaggio su lunghe distanze.<\/li>\n<li><strong>Certificazione ambientale<\/strong>: Il materiale \u00e8 conforme alla certificazione forestale FSC e agli standard ambientali REACH dell'UE, tenendo conto dei concetti di durata e sviluppo sostenibile.<\/li>\n<\/ul>\n<h2 id=\"-three-romantic-pink-design-visual-impact-and-brand-premium-\"><strong>3. Design rosa romantico: impatto visivo e premio del marchio<\/strong><\/h2>\n<ul>\n<li><strong>Applicazione della psicologia del colore<\/strong>: Utilizzare toni ad alta saturazione come\u00a0<strong>Morandi rosa<\/strong>\u00a0o\u00a0<strong>oro rosa<\/strong>in combinazione con la tecnologia di stampa a caldo e goffratura, per trasmettere un senso di romanticismo e lusso. Ad esempio, il portagioie in pelle bovina pieno fiore rosa del marchio francese le tanneur aumenta il premio del prodotto di oltre 30% grazie alla combinazione di colore e materiale.<\/li>\n<li><strong>Abbinamento di colori personalizzato<\/strong>: Supporta il ripristino accurato dei numeri di colore Pantone per soddisfare le esigenze di uniformit\u00e0 del sistema di marca.<\/li>\n<\/ul>\n<h2 id=\"-four-heart-shaped-box-type-dual-innovation-in-shape-and-function-\"><strong>4. Scatola a forma di cuore: doppia innovazione nella forma e nella funzione.<\/strong><\/h2>\n<ul>\n<li><strong>Struttura brevettata<\/strong>: Ad esempio, la tecnologia della \"scatola regalo a forma di cuore personalizzata per le vacanze\": la scatola esterna \u00e8 quadrata per facilitare l'impilamento, mentre la cavit\u00e0 interna \u00e8 a forma di cuore per adattarsi a collane, orecchini e altri gioielli di forma speciale, il che \u00e8 sia bello che pratico.<\/li>\n<li><strong>Partizione funzionale<\/strong>: Il design interno \u00e8 dotato di scomparti e ganci staccabili per adattarsi alle diverse dimensioni dei gioielli e migliorare l'utilizzo dello spazio.<\/li>\n<\/ul>\n<h2 id=\"-v-replaceable-lining-system-flexible-protection-solution-\"><strong>5. Sistema di rivestimento sostituibile: soluzione di protezione flessibile<\/strong><\/h2>\n<ul>\n<li><strong>Design modulare<\/strong>velluto, spugna, scanalature in EVA e altri materiali di rivestimento.\u00a0<strong>sostituzione su richiesta<\/strong>\u00a0\u00e8 supportato. Ad esempio, l'area della collana utilizza scanalature in velluto antiscivolo e l'area degli orecchini \u00e8 dotata di posizioni indipendenti per i perni.<\/li>\n<\/ul>\n<h2 id=\"-vi-box-type-development-capabilities-full-process-support-from-concept-to-mass-production-\"><strong>6. Capacit\u00e0 di sviluppo del tipo a scatola: supporto completo del processo, dall'ideazione alla produzione di massa.<\/strong><\/h2>\n<ul>\n<li><strong>Servizio di progettazione<\/strong>: Il team di professionisti fornisce la modellazione 3D e la prova dei campioni, e supporta\u00a0<strong>personalizzazione dei disegni campione<\/strong>\u00a0o sviluppo originale. Ad esempio, la \"scatola di aspirazione magnetica a forma di libro\" progettata per un marchio di gioielli combina il LOGO del marchio e i motivi in rilievo per diventare una confezione popolare.<\/li>\n<li><strong>Iterazione veloce<\/strong>: Bastano 7<strong>-14 giorni<\/strong>\u00a0dalla conferma del progetto alla consegna della produzione di massa, adattandosi ai rapidi cambiamenti del mercato.<\/li>\n<\/ul>\n<h2 id=\"-vii-china-s-source-factory-efficient-delivery-and-cost-advantages-\"><strong>7. Fabbrica di origine cinese: consegna efficiente e vantaggi di costo<\/strong><\/h2>\n<ul>\n<li><strong>Integrazione della catena di fornitura<\/strong>: Situata nelle cinture industriali del Delta del Fiume delle Perle e del Delta del Fiume Yangtze, con una fabbrica propria e un modello di catena di fornitura collaborativa, supporta\u00a0<strong>500 set di ordini<\/strong>e il prezzo unitario \u00e8 40% inferiore a quello dei produttori d'oltremare.<\/li>\n<li><strong>Risposta rapida<\/strong>: 7<em>Il servizio clienti 24 ore su 24 e il magazzino locale garantiscono la consegna del campione entro 3 giorni.<\/em> e la produzione di massa entro 7-14 giorni, aiutando i marchi a cogliere le opportunit\u00e0 del mercato.<\/li>\n<\/ul>","protected":false},"excerpt":{"rendered":"<p>Non siamo soltanto un produttore di imballaggi, ma anche un\u00a0<strong>creatore di valore del marchio<\/strong>. Attraverso\u00a0<strong>struttura del coperchio e della base<\/strong>,\u00a0<strong>materiale pesante<\/strong>,\u00a0<strong>Design estetico a forma di cuore<\/strong>\u00a0e\u00a0<strong>sistema di rivestimento flessibile<\/strong>Aiutiamo i clienti a distinguersi nel mercato ferocemente competitivo della gioielleria. Abbiamo servito pi\u00f9 di 500 aziende e i nostri prodotti sono esportati in pi\u00f9 di 30 paesi, tra cui Europa, America e Sud-Est asiatico.<\/p>","protected":false},"featured_media":9466,"template":"","meta":[],"product_brand":[],"product_cat":[30,415,425,31],"product_tag":[1185,1186,1187],"class_list":{"0":"post-9463","1":"product","2":"type-product","3":"status-publish","4":"has-post-thumbnail","6":"product_cat-by-industry","7":"product_cat-custom-jewelry-boxes-by-industry","8":"product_cat-lid-and-base-gift-box","9":"product_cat-paper-box-style","10":"product_tag-custom-necklace-gift-boxes","11":"product_tag-earring-ring-gift-boxes","12":"product_tag-jewelry-gift-boxes-manufacturer","14":"first","15":"instock","16":"shipping-taxable","17":"product-type-simple"},"_links":{"self":[{"href":"https:\/\/zojopackaging.com\/it\/wp-json\/wp\/v2\/product\/9463","targetHints":{"allow":["GET"]}}],"collection":[{"href":"https:\/\/zojopackaging.com\/it\/wp-json\/wp\/v2\/product"}],"about":[{"href":"https:\/\/zojopackaging.com\/it\/wp-json\/wp\/v2\/types\/product"}],"version-history":[{"count":2,"href":"https:\/\/zojopackaging.com\/it\/wp-json\/wp\/v2\/product\/9463\/revisions"}],"predecessor-version":[{"id":9479,"href":"https:\/\/zojopackaging.com\/it\/wp-json\/wp\/v2\/product\/9463\/revisions\/9479"}],"wp:featuredmedia":[{"embeddable":true,"href":"https:\/\/zojopackaging.com\/it\/wp-json\/wp\/v2\/media\/9466"}],"wp:attachment":[{"href":"https:\/\/zojopackaging.com\/it\/wp-json\/wp\/v2\/media?parent=9463"}],"wp:term":[{"taxonomy":"product_brand","embeddable":true,"href":"https:\/\/zojopackaging.com\/it\/wp-json\/wp\/v2\/product_brand?post=9463"},{"taxonomy":"product_cat","embeddable":true,"href":"https:\/\/zojopackaging.com\/it\/wp-json\/wp\/v2\/product_cat?post=9463"},{"taxonomy":"product_tag","embeddable":true,"href":"https:\/\/zojopackaging.com\/it\/wp-json\/wp\/v2\/product_tag?post=9463"}],"curies":[{"name":"wp","href":"https:\/\/api.w.org\/{rel}","templated":true}]}}