{"id":9464,"date":"2025-04-02T16:20:58","date_gmt":"2025-04-02T08:20:58","guid":{"rendered":"https:\/\/zojopackaging.com\/?post_type=product&#038;p=9464"},"modified":"2025-04-02T16:49:06","modified_gmt":"2025-04-02T08:49:06","slug":"custom-print-parfum-box-folding-carton-boxes-supplier-from-china","status":"publish","type":"product","link":"https:\/\/zojopackaging.com\/it\/product\/custom-print-parfum-box-folding-carton-boxes-supplier-from-china\/","title":{"rendered":"Personalizzato stampa Parfum Box pieghevole scatole di cartone Fornitore Da Porcellana"},"content":{"rendered":"<h3 id=\"-1-environmentally-friendly-materials-sustainable-choice-of-brand-white-card-and-kraft-paper-\"><strong>1. Materiali ecocompatibili: scelta sostenibile del cartoncino bianco e della carta kraft.<\/strong><\/h3>\n<p>Diamo priorit\u00e0 a\u00a0<strong>Carta bianca certificata FSC<\/strong>\u00a0(come le serie \"Xiangsi\" e \"Bowang\" della Asia Pacific Senbo) e\u00a0<strong>carta kraft riciclata<\/strong>che sono al tempo stesso resistenti e rispettosi dell'ambiente. La grammatura della carta bianca \u00e8 di 200-400 g e il processo di intreccio delle fibre \u00e8 utilizzato per ottenere resistenza alla compressione e alla deformazione, con una capacit\u00e0 di carico superiore a 5 kg; la carta kraft utilizza una tecnologia di collatura a base d'acqua e le prestazioni di resistenza all'umidit\u00e0 sono migliorate di 40%, oltre a essere degradabile di 100% (fare riferimento alle caratteristiche di protezione ambientale della carta bianca). Il tipo di scatola adotta\u00a0<strong>struttura a mortasa e tenone<\/strong>\u00a0o\u00a0<strong>design pieghevole<\/strong>\u00a0per ridurre la quantit\u00e0 di colla e rispettare le norme REACH dell'UE.<\/p>\n<h3 id=\"-2-gradient-printing-and-matte-film-technology-dual-upgrade-of-vision-and-touch-\"><strong>2. Stampa a gradi e tecnologia della pellicola opaca: doppio aggiornamento della vista e del tatto.<\/strong><\/h3>\n<p>Introduzione\u00a0<strong>Sistema di gestione del colore Pantone<\/strong>\u00a0e\u00a0<strong>Macchina da stampa Heidelberg a sei colori<\/strong>ottenendo una transizione sfumata con una precisione di 0,1 mm (come l'effetto sfumato dall'oro champagne al nero opaco). Il trattamento superficiale adotta\u00a0<strong>pellicola opaca ecologica<\/strong>\u00a0(spessore 12-18\u03bcm), riducendo la riflettivit\u00e0 di 60% e creando una texture opaca di alta qualit\u00e0; la combinazione parziale di\u00a0<strong>Tecnologia di goffratura UV<\/strong>\u00a0rende il LOGO delicato come la seta (si veda l'applicazione della tecnologia UV nel packaging di lusso). Dopo i test, questa combinazione pu\u00f2 aumentare l'attrattiva visiva dello scaffale di 50%.<\/p>\n<h3 id=\"-3-flexible-customization-full-size-coverage-from-micro-perfume-to-limited-gift-box-\"><strong>3. Personalizzazione flessibile: copertura completa, dal microprofumo alla confezione regalo limitata.<\/strong><\/h3>\n<p>-\u00a0<strong>Flessibilit\u00e0 delle dimensioni<\/strong>Supporta un minimo di 5cm\u00d75cm (mini profumo) a un massimo di 30cm\u00d720cm (scatola di lusso), e lo spessore pu\u00f2 essere personalizzato di 0,5-3cm. -\u00a0<strong>Adattamento strutturale<\/strong>: Fornisce pi\u00f9 di 20 tipi di scatole, come il coperchio superiore e inferiore, il tipo di cassetto, la scatola magnetica di aspirazione, ecc. -\u00a0<strong>Risposta rapida<\/strong>: Completare la modellazione 3D e la prova di stampa in 8 ore e ridurre il ciclo di produzione di massa a 7-9 giorni.<\/p>\n<h3 id=\"-4-double-insert-card-box-design-balance-between-ritual-sense-and-practicality-\"><strong>4. Design della scatola di carte a doppio inserto: equilibrio tra senso del rituale e praticit\u00e0<\/strong><\/h3>\n<p>Facendo riferimento alla struttura della scatola di profumo a doppio strato brevettata a livello internazionale, abbiamo ottimizzato e lanciato il\u00a0<strong>scatola per carte a doppio inserto<\/strong>: -\u00a0<strong>Metodo di apertura innovativo<\/strong>: Apertura scorrevole sincrona su entrambi i lati, con carta interna ondulata e prestazioni antiurto migliorate di 2 volte. -\u00a0<strong>Utilizzo dello spazio<\/strong>: Risparmio di 30% di volume di imballaggio grazie al meccanismo di piegatura e riduzione dei costi di trasporto di 25%. -\u00a0<strong>Esperienza utente<\/strong>: Incorporato\u00a0<strong>Chip NFC<\/strong>\u00a0(opzionale), toccare per riprodurre l'audio della storia del marchio (fare riferimento al trend del packaging intelligente).<\/p>\n<h3 id=\"-5-unique-design-empowerment-creative-escort-from-concept-to-mass-production-\"><strong>5. Potenziamento del design unico: scorta creativa dall'ideazione alla produzione di massa<\/strong><\/h3>\n<p>-\u00a0<strong>Team di progettazione transfrontaliero<\/strong>: composto da 5 designer di packaging senior, che integrano\u00a0<strong>elementi di tendenza nazionale<\/strong>\u00a0(ad esempio, sbavature di inchiostro, smalto colorato) e\u00a0<strong>minimalista<\/strong>\u00a0stile. -\u00a0<strong>Sistema di anteprima 3D<\/strong>: i clienti possono utilizzare la tecnologia AR per visualizzare l'effetto di dispiegamento del corpo della scatola in tempo reale, sostenendo\u00a0<strong>Regolazione dei dettagli a 360\u00b0<\/strong>\u00a0(come la posizione della stampa a caldo, la densit\u00e0 della texture). -\u00a0<strong>Protezione dei brevetti<\/strong>: Fornire un servizio di richiesta di brevetto per l'aspetto estetico per garantire l'esclusivit\u00e0 del design (si veda il caso del brevetto della scatola di profumi).<\/p>\n<h3 id=\"-6-flat-shipping-design-logistics-innovation-to-reduce-costs-and-increase-efficiency-\"><strong>6. Design della spedizione piatta: innovazione logistica per ridurre i costi e aumentare l'efficienza<\/strong><\/h3>\n<p>-\u00a0<strong>Processo di piegatura<\/strong>: Utilizzo\u00a0<strong>pre-crease + tampone a colonna d'aria<\/strong>\u00a0tecnologia, il volume dopo la piegatura \u00e8 solo 1\/5 dello stato dispiegato, con un risparmio di 40% di trasporto. -\u00a0<strong>Struttura portatile<\/strong>: incorporato\u00a0<strong>maniglia staccabile<\/strong>\u00a0(portante 2 kg) e\u00a0<strong>fibbia antifurto<\/strong>adatto agli scenari di consegna diretta e di viaggio dell'e-commerce. -\u00a0<strong>Dettagli sulla protezione ambientale<\/strong>: Il coperchio e il corpo della scatola sono collegati da una\u00a0<strong>collegamento a linguetta<\/strong>Non \u00e8 necessaria alcuna colla e possono essere riciclati completamente dopo il disimballaggio (fare riferimento agli standard di imballaggio sostenibile).<\/p>\n<h3 id=\"-7-one-stop-smart-manufacturing-vertical-integration-capabilities-of-the-5320-super-factory-\"><strong>7. Produzione intelligente one-stop: le capacit\u00e0 di integrazione verticale della superfabbrica 5320\u33a1<\/strong><\/h3>\n<p>-\u00a0<strong>Controllo completo del processo<\/strong>: Dalla selezione della carta, alla stampa, alla fustellatura degli imballaggi,\u00a0<strong>tracciabilit\u00e0 digitale<\/strong>\u00a0(il codice QR \u00e8 associato a ciascun lotto di prodotti). -\u00a0<strong>Copertura del servizio<\/strong>: Supporto per la personalizzazione di piccoli lotti (ordine minimo di 500 pezzi) fino alla produzione di massa a livello di milioni di pezzi e consegna rapida in 48 ore per gli ordini urgenti.<\/p>","protected":false},"excerpt":{"rendered":"<p>Sull'onda della ricerca dell'individualit\u00e0 e dello sviluppo sostenibile nel mercato globale della bellezza, l'industria cinese della produzione di imballaggi sta diventando il partner preferito dei marchi internazionali grazie alla sua tecnologia innovativa e ai vantaggi dell'intera catena industriale. In qualit\u00e0 di fornitore cinese profondamente impegnato nel campo della personalizzazione delle scatole di profumo, ZOJO Print prende\u00a0<strong>materiali ecologici, processi intelligenti e produzione flessibile<\/strong>\u00a0come sua principale competitivit\u00e0 per fornire ai clienti globali soluzioni di scatole per profumi di alta gamma con valore estetico e funzionalit\u00e0.<\/p>","protected":false},"featured_media":9472,"template":"","meta":[],"product_brand":[],"product_cat":[30,417,430,31],"product_tag":[1184,1182,1183],"class_list":{"0":"post-9464","1":"product","2":"type-product","3":"status-publish","4":"has-post-thumbnail","6":"product_cat-by-industry","7":"product_cat-custom-perfume-boxes-by-industry","8":"product_cat-folding-cartons","9":"product_cat-paper-box-style","10":"product_tag-carton-boxes-supplier","11":"product_tag-custom-print-parfum-box","12":"product_tag-folding-carton-boxes","14":"first","15":"instock","16":"shipping-taxable","17":"product-type-grouped"},"_links":{"self":[{"href":"https:\/\/zojopackaging.com\/it\/wp-json\/wp\/v2\/product\/9464","targetHints":{"allow":["GET"]}}],"collection":[{"href":"https:\/\/zojopackaging.com\/it\/wp-json\/wp\/v2\/product"}],"about":[{"href":"https:\/\/zojopackaging.com\/it\/wp-json\/wp\/v2\/types\/product"}],"version-history":[{"count":1,"href":"https:\/\/zojopackaging.com\/it\/wp-json\/wp\/v2\/product\/9464\/revisions"}],"predecessor-version":[{"id":9477,"href":"https:\/\/zojopackaging.com\/it\/wp-json\/wp\/v2\/product\/9464\/revisions\/9477"}],"wp:featuredmedia":[{"embeddable":true,"href":"https:\/\/zojopackaging.com\/it\/wp-json\/wp\/v2\/media\/9472"}],"wp:attachment":[{"href":"https:\/\/zojopackaging.com\/it\/wp-json\/wp\/v2\/media?parent=9464"}],"wp:term":[{"taxonomy":"product_brand","embeddable":true,"href":"https:\/\/zojopackaging.com\/it\/wp-json\/wp\/v2\/product_brand?post=9464"},{"taxonomy":"product_cat","embeddable":true,"href":"https:\/\/zojopackaging.com\/it\/wp-json\/wp\/v2\/product_cat?post=9464"},{"taxonomy":"product_tag","embeddable":true,"href":"https:\/\/zojopackaging.com\/it\/wp-json\/wp\/v2\/product_tag?post=9464"}],"curies":[{"name":"wp","href":"https:\/\/api.w.org\/{rel}","templated":true}]}}