{"id":9480,"date":"2025-04-02T16:57:45","date_gmt":"2025-04-02T08:57:45","guid":{"rendered":"https:\/\/zojopackaging.com\/?post_type=product&#038;p=9480"},"modified":"2025-04-02T18:20:12","modified_gmt":"2025-04-02T10:20:12","slug":"new-style-double-open-door-bracelet-necklace-ring-gift-boxes","status":"publish","type":"product","link":"https:\/\/zojopackaging.com\/it\/product\/new-style-double-open-door-bracelet-necklace-ring-gift-boxes\/","title":{"rendered":"Nuovo stile Doppia porta aperta Bracciale Collana Anello Scatole regalo"},"content":{"rendered":"<h2 id=\"1-innovative-structure-and-design-highlights-\">1.\u00a0<strong>Struttura e design innovativi<\/strong><\/h2>\n<ol>\n<li><strong>Tipo di cassetta di sollevamento a due porte<\/strong>\u00a0Adottando una struttura di sollevamento brevettata, il vassoio incorporato si solleva lentamente con l'anta della porta quando si apre la scatola, formando un effetto espositivo \"da palcoscenico\". Il design a doppia anta con un ampio angolo di apertura e chiusura (fino a 180\u00b0) non solo migliora l'impatto visivo, ma rende pi\u00f9 facile per i clienti apprezzare i dettagli dei gioielli in tutte le direzioni. Il bordo dell'anta \u00e8 dotato di chiusure magnetiche per garantire una chiusura stabile e un'apertura e una chiusura senza problemi.<\/li>\n<\/ol>\n<h2 id=\"2-high-strength-material-and-load-bearing-performance-\">2.\u00a0<strong>Materiale ad alta resistenza e prestazioni di carico<\/strong><\/h2>\n<ol>\n<li><strong>Struttura in carta composita<\/strong>\u00a0Lo strato esterno utilizza carta patinata C2S da 157 g (texture opaca anti-impronta), mentre lo strato interno \u00e8 abbinato a cartone rigido da 1200 g per formare una struttura \"sandwich\" resistente alla compressione. Secondo i test di laboratorio, la scatola vuota pu\u00f2 sopportare fino a 15 kg e resistere a pi\u00f9 di 30 cadute da 1,5 metri a pieno carico, soddisfacendo le esigenze del trasporto transfrontaliero.<\/li>\n<li><strong>Garanzia di certificazione ambientale<\/strong>\u00a0Il materiale ha superato la certificazione forestale FSC e lo strato di cartone utilizza adesivi a base d'acqua, che soddisfano gli standard di protezione ambientale REACH dell'UE e possono essere 100% riciclati e degradati.<\/li>\n<\/ol>\n<h2 id=\"3-precision-protection-system-\">3.\u00a0<strong>Sistema di protezione di precisione<\/strong><\/h2>\n<ol>\n<li><strong>Fodera in EVA personalizzata<\/strong>\u00a0Grazie alla tecnologia di incisione laser 3D, il rivestimento in EVA antiurto viene tagliato con precisione in base alle dimensioni dei gioielli. La densit\u00e0 della fodera \u00e8 di 45\u00b15 Shore C, che offre un'ammortizzazione e un sostegno morbidi e pu\u00f2 fissare gioielli a catena sottili 0,5 mm per evitare l'impigliamento. La superficie interna \u00e8 ricoperta da uno strato di floccaggio di 0,2 mm per evitare graffi al metallo.<\/li>\n<li><strong>Progettazione della partizione a pi\u00f9 livelli<\/strong>\u00a0Supporto della combinazione modulare:<\/li>\n<li><strong>Area dell'anello<\/strong>: Slot per schede in silicone regolabile da 12 a 25 mm di diametro<\/li>\n<li><strong>Area collana<\/strong>: Scanalatura antiscivolo a U + fibbia di fissaggio magnetica<\/li>\n<li><strong>Area del braccialetto<\/strong>: divisorio telescopico, adatto a una circonferenza polso di 14-22 cm<\/li>\n<\/ol>\n<h2 id=\"iv-visual-aesthetics-and-customization-scheme-\">4. <strong>Estetica visiva e schema di personalizzazione<\/strong><\/h2>\n<ol>\n<li><strong>Design di colori e texture<\/strong>\u00a0Il colore principale \u00e8 il marrone #8B4513, con tecnologia di imitazione delle venature del legno in rilievo, che trasmette una sensazione naturale e semplice. Tecnologia opzionale di stampaggio a caldo\/argentatura a caldo (come la struttura delle venature delle foglie, le linee geometriche), o verniciatura UV locale di schiarimento.<\/li>\n<li><strong>Servizio di personalizzazione approfondito<\/strong><\/li>\n<li><strong>Dimensione flessibile<\/strong>: Modello base 18\u00d712\u00d78 cm, supporta la regolazione dell'intervallo di \u00b15 cm.<\/li>\n<li><strong>Processo di stampa<\/strong>: Fornisce 12 effetti come la stampa a freddo, la serigrafia, il rilievo e la goffratura<\/li>\n<li><strong>Espansione della funzione<\/strong>: Pu\u00f2 essere dotato di striscia luminosa a LED dell'atmosfera (72 ore di durata della batteria), etichetta di tracciabilit\u00e0 con chip NFC<\/li>\n<\/ol>\n<h2 id=\"v-production-strength-and-quality-assurance-\">5. <strong>Forza produttiva e garanzia di qualit\u00e0<\/strong><\/h2>\n<ol>\n<li><strong>Sistema di produzione intelligente in scala<\/strong>\u00a0Con una fabbrica automatizzata di 5320\u33a1, dotata di macchina da stampa offset Heidelberg CD102-8+L e di una linea di produzione di fustellatura completamente automatica, la capacit\u00e0 produttiva giornaliera raggiunge le 30.000 scatole. La certificazione del sistema di gestione della qualit\u00e0 ISO9001 \u00e8 stata superata e il tasso di difettosit\u00e0 \u00e8 controllato al di sotto di 0,3%.<\/li>\n<li><strong>Esperienza di servizio transfrontaliero<\/strong>\u00a0Fornisce soluzioni full-link \"design-produzione-logistica\" per canali come Amazon e stazioni indipendenti, supporta termini commerciali DDP\/DDU e ha servito pi\u00f9 di 200 marchi di gioielli europei e americani.<\/li>\n<\/ol>\n<h2 id=\"-technical-parameters-\"><strong>Parametri tecnici<\/strong><\/h2>\n<table>\n<thead>\n<tr>\n<th>Progetto<\/th>\n<th>Specifiche tecniche<\/th>\n<\/tr>\n<\/thead>\n<tbody>\n<tr>\n<td>Dimensione di base<\/td>\n<td>Personalizzabile<\/td>\n<\/tr>\n<tr>\n<td>Capacit\u00e0 di carico<\/td>\n<td>\u226415 kg (statico)<\/td>\n<\/tr>\n<tr>\n<td>Orari di apertura e chiusura<\/td>\n<td>\u22655000 cicli testati senza guasti<\/td>\n<\/tr>\n<tr>\n<td>Quantit\u00e0 minima ordinabile<\/td>\n<td>500 pezzi (supporta colori e stili misti)<\/td>\n<\/tr>\n<tr>\n<td>Ciclo di consegna<\/td>\n<td>7-10 giorni lavorativi (entro 3000pz)<\/td>\n<\/tr>\n<\/tbody>\n<\/table>","protected":false},"excerpt":{"rendered":"<p>1. Scatola di sollevamento a doppia porta, design speciale della scatola, nuovo e unico, in grado di attirare l'attenzione dei clienti.<br \/>\n2. La carta patinata C2S da 157 g + il cartone rigido da 1200 g conferiscono alla scatola a doppia porta una capacit\u00e0 di carico che consente di trasportare bracciali, collane e anelli e di garantire un trasporto a lungo termine senza deformazioni.<br \/>\n3. La fodera in EVA pu\u00f2 essere tagliata in base alle dimensioni di bracciali, collane e anelli per adattarsi completamente alle dimensioni, garantire l'assenza di movimenti e proteggere bracciali, collane e anelli dai graffi durante il trasporto.<\/p>","protected":false},"featured_media":9481,"template":"","meta":[],"product_brand":[],"product_cat":[30,415,428,31],"product_tag":[1193,1191,1192],"class_list":{"0":"post-9480","1":"product","2":"type-product","3":"status-publish","4":"has-post-thumbnail","6":"product_cat-by-industry","7":"product_cat-custom-jewelry-boxes-by-industry","8":"product_cat-irregular-shaped-gift-boxes","9":"product_cat-paper-box-style","10":"product_tag-bracelet-gift-boxes","11":"product_tag-double-open-door-bracelet-gift-boxes","12":"product_tag-necklace-ring-gift-boxes","14":"first","15":"instock","16":"shipping-taxable","17":"product-type-grouped"},"_links":{"self":[{"href":"https:\/\/zojopackaging.com\/it\/wp-json\/wp\/v2\/product\/9480","targetHints":{"allow":["GET"]}}],"collection":[{"href":"https:\/\/zojopackaging.com\/it\/wp-json\/wp\/v2\/product"}],"about":[{"href":"https:\/\/zojopackaging.com\/it\/wp-json\/wp\/v2\/types\/product"}],"version-history":[{"count":1,"href":"https:\/\/zojopackaging.com\/it\/wp-json\/wp\/v2\/product\/9480\/revisions"}],"predecessor-version":[{"id":9487,"href":"https:\/\/zojopackaging.com\/it\/wp-json\/wp\/v2\/product\/9480\/revisions\/9487"}],"wp:featuredmedia":[{"embeddable":true,"href":"https:\/\/zojopackaging.com\/it\/wp-json\/wp\/v2\/media\/9481"}],"wp:attachment":[{"href":"https:\/\/zojopackaging.com\/it\/wp-json\/wp\/v2\/media?parent=9480"}],"wp:term":[{"taxonomy":"product_brand","embeddable":true,"href":"https:\/\/zojopackaging.com\/it\/wp-json\/wp\/v2\/product_brand?post=9480"},{"taxonomy":"product_cat","embeddable":true,"href":"https:\/\/zojopackaging.com\/it\/wp-json\/wp\/v2\/product_cat?post=9480"},{"taxonomy":"product_tag","embeddable":true,"href":"https:\/\/zojopackaging.com\/it\/wp-json\/wp\/v2\/product_tag?post=9480"}],"curies":[{"name":"wp","href":"https:\/\/api.w.org\/{rel}","templated":true}]}}