{"id":9488,"date":"2025-04-02T17:39:29","date_gmt":"2025-04-02T09:39:29","guid":{"rendered":"https:\/\/zojopackaging.com\/?post_type=product&#038;p=9488"},"modified":"2025-04-02T18:18:37","modified_gmt":"2025-04-02T10:18:37","slug":"luxury-velvet-jewelry-necklace-box-wholesale-with-logo","status":"publish","type":"product","link":"https:\/\/zojopackaging.com\/it\/product\/luxury-velvet-jewelry-necklace-box-wholesale-with-logo\/","title":{"rendered":"Lusso velluto gioielli collana scatola all'ingrosso con logo"},"content":{"rendered":"<h2 id=\"1-magnetic-opening-and-closing-system-\">1.\u00a0<strong>Sistema di apertura e chiusura magnetica<\/strong><\/h2>\n<p>L'aspirazione magnetica ad alta precisione \u00e8 utilizzata per l'allineamento e l'adsorbimento automatico. La corsa magnetica \u00e8 controllata a 0,3-0,5 mm e l'apertura e la chiusura possono essere completate con un solo tocco. Il funzionamento \u00e8 fluido e il feedback tattile \u00e8 chiaro, dando al prodotto un senso di tecnologia e rituale di alto livello.<\/p>\n<h2 id=\"2-zero-color-difference-printing-process-\">2.\u00a0<strong>Processo di stampa a differenza zero di colore<\/strong><\/h2>\n<p>Grazie alle apparecchiature di stampa offset ad alta precisione e ai processi di gestione del colore standardizzati, viene utilizzato un inchiostro a base d'acqua ecologico per garantire che il modello stampato sia chiaro e non presenti differenze di colore. La deviazione del colore \u00e8 calibrata attraverso un sistema di monitoraggio online in tempo reale e l'errore \u00e8 controllato entro \u00b11%, presentando perfettamente il logo del marchio e i dettagli del design, migliorando il riconoscimento visivo e la fiducia degli utenti.<\/p>\n<h2 id=\"3-calming-pink-tone-design-\">3.\u00a0<strong>Design rilassante in tonalit\u00e0 rosa<\/strong><\/h2>\n<p>Viene utilizzato il rivestimento in velluto rosa Morandi, che \u00e8 stato sperimentalmente verificato ridurre la frequenza cardiaca di 8%-12% e alleviare l'ansia. La superficie adotta la tecnologia di floccaggio opaco, morbida e delicata al tatto, che combina valore estetico e funzione di guarigione emotiva e si adatta al tono elegante dei gioielli di alta gamma.<\/p>\n<h2 id=\"-customized-production-system-\"><strong>Sistema di produzione personalizzato<\/strong><\/h2>\n<ul>\n<li><strong>Tipo e dimensione della scatola<\/strong>: Supporta la personalizzazione di scatole quadrate, rotonde, a forma di cuore e di altre forme speciali, con una gamma di dimensioni da 5\u00d75 cm a 30\u00d730 cm, adatte a collane, ciondoli, braccialetti e altri tipi di gioielli.<\/li>\n<li><strong>Materiali e superfici artigianali<\/strong>: Velluto opzionale, velluto o pelle riciclata ecologica, la superficie supporta la stampa a caldo, la goffratura, la goffratura UV e altri lavori artigianali per migliorare il senso del tatto e la gerarchia visiva.<\/li>\n<li><strong>Struttura del rivestimento interno<\/strong>: Fodera dello scomparto personalizzata in base alle dimensioni dei gioielli, con cuscini in memory foam o floccatura, con fibbie regolabili per garantire la stabilit\u00e0 durante il trasporto e l'esposizione.<\/li>\n<\/ul>","protected":false},"excerpt":{"rendered":"<p>1. La scatola con chiusura magnetica si allinea e si adsorbe automaticamente. \u00c8 facile da aprire e chiudere e da utilizzare con una sola mano, il che esalta la squisitezza e il senso della moda del prodotto.<br \/>\n2. Il rosa ha un notevole effetto calmante, che pu\u00f2 abbassare la frequenza cardiaca e la pressione sanguigna, alleviare l'ansia e le emozioni aggressive.<br \/>\n3. Il tipo di scatola, le dimensioni, il colore, il materiale e l'effetto di stampa superficiale possono essere altamente personalizzati per adattarsi all'imballaggio della vostra collana di gioielli.<\/p>","protected":false},"featured_media":9489,"template":"","meta":[],"product_brand":[],"product_cat":[30,415,424,31],"product_tag":[1188,1189,1190],"class_list":{"0":"post-9488","1":"product","2":"type-product","3":"status-publish","4":"has-post-thumbnail","6":"product_cat-by-industry","7":"product_cat-custom-jewelry-boxes-by-industry","8":"product_cat-magnetic-closure-boxes","9":"product_cat-paper-box-style","10":"product_tag-luxury-jewelry-box","11":"product_tag-necklace-box-wholesale","12":"product_tag-velvet-jewelry-necklace-packaging-box","14":"first","15":"instock","16":"shipping-taxable","17":"product-type-grouped"},"_links":{"self":[{"href":"https:\/\/zojopackaging.com\/it\/wp-json\/wp\/v2\/product\/9488","targetHints":{"allow":["GET"]}}],"collection":[{"href":"https:\/\/zojopackaging.com\/it\/wp-json\/wp\/v2\/product"}],"about":[{"href":"https:\/\/zojopackaging.com\/it\/wp-json\/wp\/v2\/types\/product"}],"version-history":[{"count":1,"href":"https:\/\/zojopackaging.com\/it\/wp-json\/wp\/v2\/product\/9488\/revisions"}],"predecessor-version":[{"id":9496,"href":"https:\/\/zojopackaging.com\/it\/wp-json\/wp\/v2\/product\/9488\/revisions\/9496"}],"wp:featuredmedia":[{"embeddable":true,"href":"https:\/\/zojopackaging.com\/it\/wp-json\/wp\/v2\/media\/9489"}],"wp:attachment":[{"href":"https:\/\/zojopackaging.com\/it\/wp-json\/wp\/v2\/media?parent=9488"}],"wp:term":[{"taxonomy":"product_brand","embeddable":true,"href":"https:\/\/zojopackaging.com\/it\/wp-json\/wp\/v2\/product_brand?post=9488"},{"taxonomy":"product_cat","embeddable":true,"href":"https:\/\/zojopackaging.com\/it\/wp-json\/wp\/v2\/product_cat?post=9488"},{"taxonomy":"product_tag","embeddable":true,"href":"https:\/\/zojopackaging.com\/it\/wp-json\/wp\/v2\/product_tag?post=9488"}],"curies":[{"name":"wp","href":"https:\/\/api.w.org\/{rel}","templated":true}]}}