{"id":9495,"date":"2025-04-02T18:06:32","date_gmt":"2025-04-02T10:06:32","guid":{"rendered":"https:\/\/zojopackaging.com\/?post_type=product&#038;p=9495"},"modified":"2025-04-02T18:27:39","modified_gmt":"2025-04-02T10:27:39","slug":"minimalist-perfume-folding-box-custom-branding-cardboard-manufacturer","status":"publish","type":"product","link":"https:\/\/zojopackaging.com\/it\/product\/minimalist-perfume-folding-box-custom-branding-cardboard-manufacturer\/","title":{"rendered":"Minimalista profumo scatola pieghevole Custom Branding cartone Produttore"},"content":{"rendered":"<h3 id=\"-1-material-revolution-environmental-philosophy-of-fsc-certified-cardboard-\"><strong>1. Rivoluzione materiale: Filosofia ambientale del cartone certificato FSC<\/strong><\/h3>\n<p>Selezioniamo\u00a0<strong>Cartoncino bianco ad alta densit\u00e0 da 350 g<\/strong>\u00a0e\u00a0<strong>carta kraft riciclata<\/strong>che hanno superato la certificazione forestale FSC e la doppia certificazione del sistema di gestione della qualit\u00e0 ISO 9001. Utilizzi del cartone bianco\u00a0<strong>fibra di cellulosa originale<\/strong>\u00a0tecnologia di tessitura, con una resistenza alla compressione di 5,2kN\/m\u00b2 e una capacit\u00e0 di carico di 5kg senza deformazioni; la carta kraft \u00e8 trattata con\u00a0<strong>nano-rivestimento a base d'acqua<\/strong>La sua resistenza all'umidit\u00e0 \u00e8 aumentata di 40% ed \u00e8 compostabile e degradabile per 100% (consultare le caratteristiche di protezione ambientale del cartone kraft di alta gamma).<\/p>\n<h3 id=\"-2-printing-aesthetics-micron-level-precision-and-color-management-\"><strong>2. Estetica di stampa: precisione a livello di micron e gestione del colore<\/strong><\/h3>\n<p>Introduzione\u00a0<strong>Macchina da stampa a sei colori Heidelberg CD102<\/strong>\u00a0e\u00a0<strong>Sistema di gestione del colore GMG<\/strong>ottenendo una riproduzione dei colori ultraprecisa di \u0394E\u22641,2. Per soddisfare le esigenze di un design minimalista: -\u00a0<strong>Controllo della linea<\/strong>: Tecnologia di stampa a linee sottili da 0,05 mm per garantire bordi nitidi del LOGO senza sbavature.\u00a0<strong>Transizione graduale<\/strong>: Inchiostro sfumato Pantone + processo di sovrastampa multicolore per ottenere una sfumatura omogenea di trasparenza 0-100%.\u00a0<strong>Effetti speciali<\/strong>: Locale\u00a0<strong>UV opaco<\/strong>\u00a0e\u00a0<strong>inchiostro bianco perlato<\/strong>\u00a0sono sovrapposti per creare una texture opaca di alta qualit\u00e0.<\/p>\n<h3 id=\"-3-matt-film-process-dual-dimensional-enhancement-of-touch-and-vision-\"><strong>3. Processo con pellicola opaca: potenziamento bidimensionale del tatto e della vista<\/strong><\/h3>\n<p>Adottare\u00a0<strong>Pellicola opaca tedesca Henkel XL800<\/strong>Con uno spessore di 18\u03bcm e una velatura di 85%, la riflettivit\u00e0 si riduce a meno di 12%. Attraverso\u00a0<strong>tecnologia di pretrattamento al plasma<\/strong>\u00a0per migliorare l'adesione dello strato di pellicola, in combinazione con\u00a0<strong>tecnologia di stampaggio a freddo e a caldo<\/strong>\u00a0(Le linee dorate presentano un effetto tridimensionale in rilievo di 0,3 mm sulla base opaca e il tocco \u00e8 delicato come la seta.<\/p>\n<h3 id=\"-4-hot-stamping-philosophy-luxurious-expression-in-restraint-\"><strong>4. Filosofia della stampa a caldo: espressione di lusso con moderazione<\/strong><\/h3>\n<p>Seguendo il principio minimalista del \"meno \u00e8 meglio\", applichiamo in modo innovativo\u00a0<strong>nano micro stampa a caldo<\/strong>\u00a0tecnologia: -\u00a0<strong>Controllo dello spessore<\/strong>: Lo spessore della lamina d'oro \u00e8 di soli 3\u03bcm e consente di ottenere una linea ultra-fine di 0,08 mm per la stampa a caldo.\u00a0<strong>Precisione di posizionamento<\/strong>: L'errore di realizzazione della lastra laser \u00e8 di \u22640,02 mm, in modo da garantire che il LOGO sia perfettamente allineato con il bordo della scatola.\u00a0<strong>Gestione del colore<\/strong>: Adottare\u00a0<strong>oro rosa\/oro champagne<\/strong>\u00a0scheda colore personalizzata, differenza di colore \u0394E\u22640,8 (fare riferimento agli standard del processo di stampa a caldo).<\/p>\n<h3 id=\"-5-smart-manufacturing-matrix-industrial-4-0-production-system-\"><strong>5. Matrice di produzione intelligente: Sistema di produzione Industria 4.0<\/strong><\/h3>\n<p>-\u00a0<strong>Cluster di apparecchiature<\/strong>: Dotata di 23 dispositivi intelligenti come la fustellatrice tedesca BOBST e la goffratrice italiana Sacmi, in grado di supportare tagli di forma speciale con precisione di 0,1 mm.\u00a0<strong>Centro digitale<\/strong>: Il sistema MES monitora la temperatura e l'umidit\u00e0 (\u00b11,5%), la pressione (\u00b10,02MPa) e altri parametri in tempo reale, e il tasso di difettosit\u00e0 \u00e8 controllato al di sotto di 0,2%.\u00a0<strong>Risposta rapida<\/strong>: La modellazione 3D e la prova di stampa vengono completate in 8 ore e il ciclo di produzione di massa si riduce a 7-9 giorni.<\/p>\n<h3 id=\"-6-design-empowerment-infinite-possibilities-of-minimalist-aesthetics-\"><strong>6. Potenziamento del design: le infinite possibilit\u00e0 dell'estetica minimalista<\/strong><\/h3>\n<p>Il team guidato da tre vincitori di premi internazionali di packaging design fornisce tre strategie di design principali: -\u00a0<strong>Semplicit\u00e0 strutturale<\/strong>: Sviluppare 12 strutture pieghevoli brevettate (come le coperture magnetiche superiori e inferiori) per ridurre le parti ridondanti.\u00a0<strong>Sottrazione visiva<\/strong>: Utilizzare l'arte vuota e il design dello spazio negativo per ridurre la densit\u00e0 di informazioni di 40%; -\u00a0<strong>Innovazione interattiva<\/strong>: Incorporare il chip NFC (opzionale), scansionare il codice per ottenere la storia della fragranza e la scena AR del marchio (fare riferimento alle tendenze del packaging intelligente).<\/p>\n<h3 id=\"-7-industrial-cornerstone-vertical-integration-of-the-5-320-super-factory-\"><strong>7. Pietra angolare dell'industria: integrazione verticale della superfabbrica da 5.320\u33a1.<\/strong><\/h3>\n<p>-\u00a0<strong>Layout spaziale<\/strong>: suddiviso in tre laboratori intelligenti per la stampa, la fustellatura e il confezionamento, dotati di sistema di movimentazione senza operatore AGV; -\u00a0<strong>Configurazione della capacit\u00e0<\/strong>Capacit\u00e0 di produzione giornaliera di 200.000 pezzi, in grado di supportare ordini da 500 pezzi fino alla produzione di massa di un milione di pezzi, e consegna di ordini di emergenza in 24 ore.\u00a0<strong>Sistema di controllo della qualit\u00e0<\/strong>: Certificato ISO 9001\/BSCI, ogni lotto di prodotti \u00e8 sottoposto a 12 test distruttivi (resistenza alla pressione\/goccia\/alta e bassa temperatura).<\/p>","protected":false},"excerpt":{"rendered":"<p>Oggi, mentre la tendenza al minimalismo travolge il mercato globale della bellezza, le confezioni dei profumi hanno superato da tempo i contenitori funzionali e sono diventate un vettore artistico con cui i marchi comunicano con i consumatori. In qualit\u00e0 di azienda di riferimento nel settore della personalizzazione della carta di fascia alta in Cina, ZOJO Print prende\u00a0<strong>design minimalista, artigianato di ultima generazione e qualit\u00e0 di ultima generazione<\/strong>\u00a0fornendo ai clienti di tutto il mondo soluzioni di scatole pieghevoli per profumi che combinano estetica pionieristica e valore pratico.<\/p>","protected":false},"featured_media":9500,"template":"","meta":[],"product_brand":[],"product_cat":[30,417,430,31],"product_tag":[1196,1195,1194],"class_list":{"0":"post-9495","1":"product","2":"type-product","3":"status-publish","4":"has-post-thumbnail","6":"product_cat-by-industry","7":"product_cat-custom-perfume-boxes-by-industry","8":"product_cat-folding-cartons","9":"product_cat-paper-box-style","10":"product_tag-cardboard-manufacturer","11":"product_tag-folding-box-custom","12":"product_tag-minimalist-perfume-folding-box","14":"first","15":"instock","16":"shipping-taxable","17":"product-type-grouped"},"_links":{"self":[{"href":"https:\/\/zojopackaging.com\/it\/wp-json\/wp\/v2\/product\/9495","targetHints":{"allow":["GET"]}}],"collection":[{"href":"https:\/\/zojopackaging.com\/it\/wp-json\/wp\/v2\/product"}],"about":[{"href":"https:\/\/zojopackaging.com\/it\/wp-json\/wp\/v2\/types\/product"}],"version-history":[{"count":1,"href":"https:\/\/zojopackaging.com\/it\/wp-json\/wp\/v2\/product\/9495\/revisions"}],"predecessor-version":[{"id":9510,"href":"https:\/\/zojopackaging.com\/it\/wp-json\/wp\/v2\/product\/9495\/revisions\/9510"}],"wp:featuredmedia":[{"embeddable":true,"href":"https:\/\/zojopackaging.com\/it\/wp-json\/wp\/v2\/media\/9500"}],"wp:attachment":[{"href":"https:\/\/zojopackaging.com\/it\/wp-json\/wp\/v2\/media?parent=9495"}],"wp:term":[{"taxonomy":"product_brand","embeddable":true,"href":"https:\/\/zojopackaging.com\/it\/wp-json\/wp\/v2\/product_brand?post=9495"},{"taxonomy":"product_cat","embeddable":true,"href":"https:\/\/zojopackaging.com\/it\/wp-json\/wp\/v2\/product_cat?post=9495"},{"taxonomy":"product_tag","embeddable":true,"href":"https:\/\/zojopackaging.com\/it\/wp-json\/wp\/v2\/product_tag?post=9495"}],"curies":[{"name":"wp","href":"https:\/\/api.w.org\/{rel}","templated":true}]}}