{"id":9503,"date":"2025-04-02T18:21:04","date_gmt":"2025-04-02T10:21:04","guid":{"rendered":"https:\/\/zojopackaging.com\/?post_type=product&#038;p=9503"},"modified":"2025-04-02T18:44:27","modified_gmt":"2025-04-02T10:44:27","slug":"marble-texture-pattern-jewelry-necklace-bracelet-gift-boxes","status":"publish","type":"product","link":"https:\/\/zojopackaging.com\/it\/product\/marble-texture-pattern-jewelry-necklace-bracelet-gift-boxes\/","title":{"rendered":"Marble Texture Pattern Gioielli Collana Bracciale Scatole regalo"},"content":{"rendered":"<h2 id=\"1-marble-texture-design-with-both-natural-art-and-practical-functions-\">1.\u00a0<strong>Design con texture in marmo, arte naturale e funzioni pratiche<\/strong><\/h2>\n<p>Questa scatola regalo utilizza una tecnologia bionica avanzata per riprodurre la texture del marmo naturale, con una base bianca e linee filanti rosa o oro, che non solo presenta la bellezza fluida della pietra naturale, ma ottiene anche funzioni antiusura e anti-fouling grazie a speciali materiali di rivestimento. Il design della texture si ispira agli elementi decorativi classici dell'Hotel Bulgari in Italia. L'intreccio di linee chiare e scure conferisce alla confezione una tensione visiva dinamica, rompendo la monotonia dei portagioie tradizionali, in modo che i clienti siano attratti dalla sua texture unica fin dall'apertura della scatola.<\/p>\n<h2 id=\"2-magnetic-box-structure-efficient-space-and-convenient-operation-\">2.\u00a0<strong>Struttura della scatola a chiusura magnetica: spazio efficiente e funzionamento comodo<\/strong><\/h2>\n<p>La scatola adotta un design di apertura e chiusura magnetico, che realizza l'elegante esperienza di \"apertura one-touch\" grazie alla precisa disposizione dei magneti e ottimizza la stratificazione dello spazio interno:<\/p>\n<ul>\n<li><strong>Archiviazione a strati<\/strong>: Divisori regolabili incorporati, adatti a diverse forme di gioielli come collane, bracciali, orecchini, ecc. e possono essere liberamente combinati attraverso moduli magnetici per aumentare l'utilizzo dello spazio da parte di 30%.<\/li>\n<li><strong>Portatile e a prova di caduta<\/strong>: Dopo la chiusura del coperchio, il magnetismo lo blocca per evitare l'apertura accidentale durante il trasporto. \u00c8 abbinato a materiali leggeri, tenendo conto della durata e della trasportabilit\u00e0.<\/li>\n<\/ul>\n<h2 id=\"3-hot-stamping-technology-creates-a-luxurious-visual-effect-\">3. Oro h<strong>La tecnologia della lamina di stampaggio crea un effetto visivo di lusso<\/strong><\/h2>\n<p>La superficie della confezione regalo adotta un doppio processo composito:<\/p>\n<p id=\"1-embossed-hot-stamping-0-1mm-gold-foil-is-applied-to-the-logo-and-edge-lines-of-the-lid-which-presents-a-gradient-metallic-luster-under-light-and-has-a-three-dimensional-and-delicate-touch-strengthening-the-high-end-positioning-of-the-brand-\">1.\u00a0<strong>Stampa a caldo in rilievo<\/strong>: Sul LOGO e sulle linee del bordo del coperchio \u00e8 applicata una lamina d'oro di 0,1 mm, che alla luce presenta una lucentezza metallica sfumata e un tocco tridimensionale e delicato, rafforzando il posizionamento di fascia alta del marchio.<\/p>\n<p id=\"2-laser-light-effect-local-superposition-of-laser-hot-stamping-technology-dynamic-refraction-of-multi-angle-light-and-shadow-creating-a-jewelry-level-visual-impact-which-meets-the-needs-of-holiday-gifts-or-luxury-packaging-\">2.\u00a0<strong>Effetto luce laser<\/strong>: Sovrapposizione locale della tecnologia di stampa laser a caldo, rifrazione dinamica di luci e ombre multiangolari, creazione di un impatto visivo \"a livello di gioielli\", che soddisfa le esigenze dei regali di Natale o del packaging di lusso.<\/p>\n<h2 id=\"4-eva-flocking-lining-all-round-protection-system-\">4.\u00a0<strong>Fodera in EVA: sistema di protezione a 360\u00b0.<\/strong><\/h2>\n<p>La fodera adotta la tecnologia di floccaggio EVA personalizzata:<\/p>\n<ul>\n<li><strong>Prestazioni di buffering<\/strong>: La schiuma EVA ispessita di 5 mm pu\u00f2 assorbire pi\u00f9 di 80% della forza d'urto. Il test di simulazione dimostra che non si verificano danni ai gioielli in caso di caduta da 1,5 metri.<\/li>\n<li><strong>Resistenza alla compressione e ai graffi<\/strong>: La densit\u00e0 della floccatura della superficie raggiunge i 1200g\/m\u00b2, che risulta liscia come la seta, evitando i graffi causati dall'attrito tra i gioielli in metallo e la fodera.<\/li>\n<li><strong>Scanalature personalizzate<\/strong>: Incisione laser di scanalature esclusive in base alla forma dei gioielli per garantire che le parti vulnerabili, come le fibbie delle collane e le catene dei bracciali, siano saldamente incastrate.<\/li>\n<\/ul>\n<h2 id=\"5-diversified-outer-packaging-customization-solutions-\">5.\u00a0<strong>Soluzioni diversificate di personalizzazione degli imballaggi esterni<\/strong><\/h2>\n<p>Per soddisfare le esigenze di diversi scenari, sono previste tre dimensioni di personalizzazione:<\/p>\n<p id=\"1-specification-adaptation-from-9-9-3cm-mini-box-to-25-5-21-9cm-gift-box-set-covering-the-packaging-needs-of-single-jewelry-to-multi-piece-sets-supporting-the-development-of-special-shaped-boxes-such-as-heart-shaped-hexagonal-\">1.\u00a0<strong>Adattamento delle specifiche<\/strong>: Dalla mini scatola di 9\u00d79\u00d73 cm al set di confezioni regalo di 25,5\u00d721\u00d79 cm, che copre le esigenze di confezionamento di singoli gioielli e set di pi\u00f9 pezzi, supportando lo sviluppo di scatole di forma speciale (come quella a forma di cuore, esagonale).<\/p>\n<p id=\"2-style-expansion-you-can-choose-minimalist-solid-color-embossed-pattern-or-joint-illustration-design-support-personalized-elements-such-as-hot-stamping-hot-silver-logo-ribbon-decoration-etc-\">2.\u00a0<strong>Espansione dello stile<\/strong>: \u00c8 possibile scegliere la tinta unita minimalista, il motivo in rilievo o il disegno dell'illustrazione congiunta, supportare elementi personalizzati come la stampa a caldo\/il LOGO in argento vivo, la decorazione a nastro, ecc.<\/p>\n<p id=\"3-environmental-upgrade-provide-fsc-certified-recycled-cardboard-and-degradable-eva-material-options-in-line-with-the-trend-of-green-consumption-\">3.\u00a0<strong>Aggiornamento ambientale<\/strong>: Fornire opzioni di cartone riciclato certificato FSC e materiale EVA degradabile, in linea con la tendenza al consumo ecologico.<\/p>\n<h2 id=\"vi-professional-design-team-and-factory-strength-guarantee-\">6. <strong>Team di progettazione professionale e garanzia di forza della fabbrica<\/strong><\/h2>\n<ul>\n<li><strong>Design creativo<\/strong>: Il team \u00e8 composto da designer di packaging e consulenti di marchi di gioielli con oltre 10 anni di esperienza. Sono bravi a trasformare la cultura del marchio in linguaggio visivo e hanno creato soluzioni online popolari per molti marchi di gioielli di lusso.<\/li>\n<li><strong>Garanzia di produzione<\/strong>: Lo stabilimento di 5.320\u33a1 \u00e8 dotato di macchine per la stampa a caldo completamente automatiche, macchine per il taglio EVA CNC e altre attrezzature. Con 16 anni di esperienza di produzione, \u00e8 in grado di realizzare prove di stampa in 72 ore e consegne in lotti di 15 giorni. Ha superato la certificazione del sistema di gestione della qualit\u00e0 ISO e il tasso di qualificazione dei prodotti \u00e8 del 99,6%.<\/li>\n<li><strong>Impegno per la tutela dell'ambiente<\/strong>: La stampa con inchiostro a base d'acqua e la tecnologia di floccaggio senza polvere sono utilizzate per garantire che il processo di produzione sia conforme agli standard di protezione ambientale REACH.<\/li>\n<\/ul>","protected":false},"excerpt":{"rendered":"<p>Questa scatola da regalo ha come nucleo estetico la texture del marmo, combina la struttura di aspirazione magnetica, la tecnologia di stampa a caldo e la fodera protettiva in EVA per ottenere il triplice miglioramento di \"appeal visivo-praticit\u00e0 funzionale-valore del marchio\". Basandosi su catene di fornitura mature e servizi personalizzati, \u00e8 in grado di adattarsi efficacemente alle esigenze di confezionamento di fascia alta di diverse categorie come gioielli, orologi e beni di lusso, diventando la scelta ideale per migliorare l'eccellenza del prodotto e l'esperienza del cliente.<\/p>","protected":false},"featured_media":9504,"template":"","meta":[],"product_brand":[],"product_cat":[30,415,424,31],"product_tag":[1193,663,1197],"class_list":{"0":"post-9503","1":"product","2":"type-product","3":"status-publish","4":"has-post-thumbnail","6":"product_cat-by-industry","7":"product_cat-custom-jewelry-boxes-by-industry","8":"product_cat-magnetic-closure-boxes","9":"product_cat-paper-box-style","10":"product_tag-bracelet-gift-boxes","11":"product_tag-jewelry-gift-boxes","12":"product_tag-necklace-gift-boxes","14":"first","15":"instock","16":"shipping-taxable","17":"product-type-grouped"},"_links":{"self":[{"href":"https:\/\/zojopackaging.com\/it\/wp-json\/wp\/v2\/product\/9503","targetHints":{"allow":["GET"]}}],"collection":[{"href":"https:\/\/zojopackaging.com\/it\/wp-json\/wp\/v2\/product"}],"about":[{"href":"https:\/\/zojopackaging.com\/it\/wp-json\/wp\/v2\/types\/product"}],"version-history":[{"count":1,"href":"https:\/\/zojopackaging.com\/it\/wp-json\/wp\/v2\/product\/9503\/revisions"}],"predecessor-version":[{"id":9511,"href":"https:\/\/zojopackaging.com\/it\/wp-json\/wp\/v2\/product\/9503\/revisions\/9511"}],"wp:featuredmedia":[{"embeddable":true,"href":"https:\/\/zojopackaging.com\/it\/wp-json\/wp\/v2\/media\/9504"}],"wp:attachment":[{"href":"https:\/\/zojopackaging.com\/it\/wp-json\/wp\/v2\/media?parent=9503"}],"wp:term":[{"taxonomy":"product_brand","embeddable":true,"href":"https:\/\/zojopackaging.com\/it\/wp-json\/wp\/v2\/product_brand?post=9503"},{"taxonomy":"product_cat","embeddable":true,"href":"https:\/\/zojopackaging.com\/it\/wp-json\/wp\/v2\/product_cat?post=9503"},{"taxonomy":"product_tag","embeddable":true,"href":"https:\/\/zojopackaging.com\/it\/wp-json\/wp\/v2\/product_tag?post=9503"}],"curies":[{"name":"wp","href":"https:\/\/api.w.org\/{rel}","templated":true}]}}