{"id":9520,"date":"2025-04-02T19:05:51","date_gmt":"2025-04-02T11:05:51","guid":{"rendered":"https:\/\/zojopackaging.com\/?post_type=product&#038;p=9520"},"modified":"2025-04-02T19:39:56","modified_gmt":"2025-04-02T11:39:56","slug":"flower-chocolate-heart-shaped-paper-gift-boxes-wholesale","status":"publish","type":"product","link":"https:\/\/zojopackaging.com\/it\/product\/flower-chocolate-heart-shaped-paper-gift-boxes-wholesale\/","title":{"rendered":"Fiore cioccolato cuore a forma di scatole regalo di carta all'ingrosso"},"content":{"rendered":"<h2 id=\"-i-product-structure-and-process-advantages-\"><strong>1. Struttura del prodotto e vantaggi del processo<\/strong><\/h2>\n<h3 id=\"1-top-and-bottom-cover-design-\">1.\u00a0<strong>Design del coperchio superiore e inferiore<\/strong>:<\/h3>\n<p>La confezione regalo adotta una struttura di copertura superiore e inferiore divisa in due, senza un design complesso di fibbie o cerniere, semplificando il processo di apertura e chiusura. La struttura \u00e8 ottimizzata attraverso una precisa disposizione dei modelli e il tasso di utilizzo del materiale pu\u00f2 raggiungere pi\u00f9 di 82%, riducendo notevolmente i costi di produzione e gli scarti. Il processo produttivo \u00e8 principalmente di fustellatura e stampaggio, senza complesse fasi di assemblaggio, adatto alla produzione di massa, e la capacit\u00e0 produttiva giornaliera pu\u00f2 raggiungere i 5.000-10.000 pezzi (a seconda della regolazione delle specifiche).<\/p>\n<h3 id=\"2-heart-shaped-box-emotional-communication-\">2.\u00a0<strong>Scatola a forma di cuore comunicazione emotiva<\/strong>:<\/h3>\n<p>L'esclusiva forma a cuore trasmette direttamente l'atmosfera romantica attraverso un'estetica geometrica, adatta a San Valentino (che rappresenta 45% del volume annuale degli ordini), matrimoni (30%), anniversari (20%) e altre scene. Il corpo della scatola ha linee morbide e i bordi sono arrotondati per evitare graffi. \u00c8 abbinata a carta speciale opaca\/perlata per migliorare il tatto. Ad esempio, la confezione regalo in carta perlata presenta un effetto sfumato sotto la luce, che ne esalta il fascino visivo.<\/p>\n<h2 id=\"-2-multifunctional-adaptation-and-protection-design-\"><strong>2. Adattamento multifunzionale e design di protezione<\/strong><\/h2>\n<h3 id=\"3-multi-category-compatibility-\">1. <strong>Compatibilit\u00e0 multi-categoria<\/strong>:<\/h3>\n<p>Lo spazio interno della confezione regalo pu\u00f2 essere adattato in modo flessibile a fiori (altezza \u2264 15 cm), cioccolatini (griglie standard: 6\/12\/18 griglie), caramelle (capacit\u00e0 di una singola griglia 50-100 g), fiori di sapone, ecc. Ad esempio, una confezione regalo di cioccolato a 18 griglie pu\u00f2 essere sostituita con una combinazione di fiori + fiori di sapone per soddisfare le esigenze di diversi festival.<\/p>\n<h3 id=\"4-creative-ribbon-matching-scheme-\">2. <strong>Schema creativo di abbinamento dei nastri<\/strong>:<\/h3>\n<p>Nastro di raso standard di 3 cm di larghezza (opzionale rosso\/rosa\/oro\/argento, ecc. 12 colori), supporto di logo personalizzato con stampa a caldo, motivo in rilievo o design intrecciato a due colori. 6 tutorial per la legatura, come fiocchi e nodi a rosa. Ad esempio, i fiocchi a doppio strato possono migliorare il senso di tridimensionalit\u00e0 e le etichette metalliche (come le targhette incise) possono migliorare il senso di lusso.<\/p>\n<h2 id=\"-iii-precision-customization-and-safety-guarantee-\"><strong>3. Personalizzazione di precisione e garanzia di sicurezza<\/strong><\/h2>\n<h3 id=\"5-precision-protection-system-for-lining-\">1. <strong>Sistema di protezione di precisione per il rivestimento<\/strong>:<\/h3>\n<p>Utilizzando un rivestimento in schiuma EVA o in carta ondulata, il controllo dell'errore di \u00b10,1 mm \u00e8 ottenuto grazie alla tecnologia di taglio laser UV, che \u00e8 adatta a prodotti di forma speciale (come le forme irregolari del cioccolato). Lo spessore del rivestimento pu\u00f2 essere scelto tra 3 e 10 mm e la resistenza alla compressione pu\u00f2 raggiungere i 50 kg\/m\u00b2. \u00c8 stato verificato da test di trasporto simulati che \u00e8 in grado di resistere agli urti logistici.<\/p>\n<h3 id=\"6-full-dimensional-customization-service-\">2. <strong>Servizio di personalizzazione full-dimensional<\/strong>:<\/h3>\n<ul>\n<li><strong>Dimensione<\/strong>: Supporta qualsiasi regolazione delle specifiche nell'intervallo 8-50 cm di diametro e 5-70 cm di altezza. Le dimensioni speciali eccessive (come le scatole regalo principali per matrimoni con diametro di 60 cm) richiedono stampi aggiuntivi.<\/li>\n<li><strong>Materiale<\/strong>: Fornire cartone bianco (250-400g), carta artistica (finta pelle\/vena del legno), carta ecologica in pasta di bamb\u00f9 (degradabile) e altre opzioni, tra cui il costo della carta in pasta di bamb\u00f9 \u00e8 15% inferiore a quello dei materiali tradizionali.<\/li>\n<li><strong>Processo di stampa<\/strong>Stampa a caldo\/argento, vernice UV locale, stampa 3D a rilievo, come ad esempio la confezione regalo di San Valentino con il motivo tridimensionale della rosa e la combinazione di testi stampati a caldo.<\/li>\n<\/ul>\n<h2 id=\"-fourth-source-factory-service-and-cost-advantage-\"><strong>4. Servizio di fabbrica e vantaggio di costo<\/strong><\/h2>\n<h3 id=\"7-one-stop-supply-chain-support-\">1. <strong>Supporto unico alla catena di fornitura<\/strong>:<\/h3>\n<ul>\n<li><strong>Campioni gratuiti<\/strong>: Fornire 3 campioni di versione base (compreso il tipo di scatola standard a forma di cuore\/6 griglie\/12 griglie), spediti entro 48 ore.<\/li>\n<li><strong>Servizio di progettazione<\/strong>: Il team di professionisti supporta l'ottimizzazione intelligente del layout da parte dell'intelligenza artificiale e fornisce 3 serie di soluzioni di progettazione (compresi i rendering 3D) entro 3 giorni lavorativi.<\/li>\n<\/ul>","protected":false},"excerpt":{"rendered":"<ol>\n<li><strong>Richiesta di conferma<\/strong>: Fornire informazioni di base come le dimensioni del prodotto, la scena prevista, lo stile del design, ecc.<\/li>\n<li><strong>Progettazione dello schema<\/strong>: Feedback modello 3D e preventivo entro 48 ore.<\/li>\n<li><strong>Conferma del campione<\/strong>: Prova di stampa gratuita (1-3 giorni lavorativi)<\/li>\n<li><strong>Produzione di massa<\/strong>: 5.000.000 di ordini standard vengono consegnati in 7-10 giorni e il servizio di spedizione \u00e8 supportato.<\/li>\n<\/ol>","protected":false},"featured_media":9537,"template":"","meta":[],"product_brand":[],"product_cat":[30,423,425,31],"product_tag":[728,1201,1200],"class_list":{"0":"post-9520","1":"product","2":"type-product","3":"status-publish","4":"has-post-thumbnail","6":"product_cat-by-industry","7":"product_cat-custom-presentation-boxes-by-industry","8":"product_cat-lid-and-base-gift-box","9":"product_cat-paper-box-style","10":"product_tag-chocolate-gift-boxes","11":"product_tag-flower-gift-boxes-wholesale","12":"product_tag-heart-shaped-gift-boxes","14":"first","15":"instock","16":"shipping-taxable","17":"product-type-grouped"},"_links":{"self":[{"href":"https:\/\/zojopackaging.com\/it\/wp-json\/wp\/v2\/product\/9520","targetHints":{"allow":["GET"]}}],"collection":[{"href":"https:\/\/zojopackaging.com\/it\/wp-json\/wp\/v2\/product"}],"about":[{"href":"https:\/\/zojopackaging.com\/it\/wp-json\/wp\/v2\/types\/product"}],"version-history":[{"count":1,"href":"https:\/\/zojopackaging.com\/it\/wp-json\/wp\/v2\/product\/9520\/revisions"}],"predecessor-version":[{"id":9538,"href":"https:\/\/zojopackaging.com\/it\/wp-json\/wp\/v2\/product\/9520\/revisions\/9538"}],"wp:featuredmedia":[{"embeddable":true,"href":"https:\/\/zojopackaging.com\/it\/wp-json\/wp\/v2\/media\/9537"}],"wp:attachment":[{"href":"https:\/\/zojopackaging.com\/it\/wp-json\/wp\/v2\/media?parent=9520"}],"wp:term":[{"taxonomy":"product_brand","embeddable":true,"href":"https:\/\/zojopackaging.com\/it\/wp-json\/wp\/v2\/product_brand?post=9520"},{"taxonomy":"product_cat","embeddable":true,"href":"https:\/\/zojopackaging.com\/it\/wp-json\/wp\/v2\/product_cat?post=9520"},{"taxonomy":"product_tag","embeddable":true,"href":"https:\/\/zojopackaging.com\/it\/wp-json\/wp\/v2\/product_tag?post=9520"}],"curies":[{"name":"wp","href":"https:\/\/api.w.org\/{rel}","templated":true}]}}