{"id":9539,"date":"2025-04-02T19:40:09","date_gmt":"2025-04-02T11:40:09","guid":{"rendered":"https:\/\/zojopackaging.com\/?post_type=product&#038;p=9539"},"modified":"2025-04-02T20:05:05","modified_gmt":"2025-04-02T12:05:05","slug":"necklace-earrings-bracelet-ring-packaging-boxes-wholesale","status":"publish","type":"product","link":"https:\/\/zojopackaging.com\/it\/product\/necklace-earrings-bracelet-ring-packaging-boxes-wholesale\/","title":{"rendered":"Collana Orecchini Bracciale Anello Scatole di imballaggio all'ingrosso"},"content":{"rendered":"<h2 id=\"-1-luxurious-appearance-design-highlighting-the-high-end-sense-of-jewelry-\"><strong>1. Design dall'aspetto lussuoso, che mette in evidenza il senso di alta gamma dei gioielli.<\/strong><\/h2>\n<ul>\n<li><strong>Classico abbinamento di colori nero e oro<\/strong>: Il corpo della scatola \u00e8 realizzato in cartone rigido nero opaco, con linee decorative o loghi del marchio stampati a caldo a 24 carati, mentre la fodera \u00e8 realizzata in velluto dorato ad alta densit\u00e0 o in cartone floccato per creare un impatto visivo e un lusso tattile.<\/li>\n<li><strong>Struttura speciale della scatola<\/strong>: Scatole da esposizione personalizzabili a ribalta, a cassetto, a forma di libro che si apre e si chiude o a strati, con un design tridimensionale dello spazio per migliorare l'effetto espositivo dei gioielli, come le staffe per appendere le collane, le scanalature per gli anelli, le fessure per gli orecchini, ecc. per aumentare l'attrattiva del prodotto.<\/li>\n<\/ul>\n<h2 id=\"-2-highly-customized-service-precise-adaptation-needs-\"><strong>2. Servizio altamente personalizzato, esigenze di adattamento precise<\/strong><\/h2>\n<ul>\n<li><strong>Layout interno flessibile<\/strong>: In base alle diverse dimensioni dei gioielli, come collane, orecchini, braccialetti, anelli, ecc., fornire divisori regolabili, supporti interni in spugna o strutture di fissaggio magnetiche per garantire che il prodotto sia stabile e intuitivo da esporre.<\/li>\n<li><strong>Personalizzazione a tutto tondo<\/strong>:<\/li>\n<li><strong>Dimensioni e tipo di scatola<\/strong>: Supporta una variet\u00e0 di specifiche da 5cm\u00d75cm a 30cm\u00d730cm, soddisfacendo le esigenze di confezionamento di singoli prodotti o di confezioni regalo.<\/li>\n<li><strong>Materiale e artigianato<\/strong>: EVA ecologica opzionale, carta ondulata, carta artistica e altri substrati, con maschera opaca\/luminosa, goffratura, goffratura UV e altri processi sulla superficie.<\/li>\n<li><strong>Stampa e decorazione<\/strong>: Supporta la stampa a caldo\/argento, la serigrafia, l'incisione laser e altri processi, e pu\u00f2 personalizzare il LOGO del marchio, il modello e la combinazione di colori esclusiva.<\/li>\n<\/ul>\n<h2 id=\"-3-hot-stamping-technology-to-enhance-the-high-end-image-of-the-brand-\"><strong>3. Tecnologia di stampa a caldo in oro per migliorare l'immagine di alto livello del marchio.<\/strong><\/h2>\n<ul>\n<li>L'uso di fogli importati per la stampa a caldo e di stampi di precisione consente di creare delicate texture di lucentezza metallica sul coperchio della scatola, sul bordo o sul rivestimento, di migliorare la consistenza dell'imballaggio, di attirare l'attenzione dei consumatori a prima vista e di migliorare il riconoscimento del marchio.<\/li>\n<\/ul>\n<h2 id=\"-4-environmental-protection-and-sustainable-concept-\"><strong>4. Protezione dell'ambiente e concetto di sostenibilit\u00e0<\/strong><\/h2>\n<ul>\n<li>Tutte le materie prime sono certificate FSC, soddisfano gli standard di protezione ambientale REACH dell'UE, sono atossiche e innocue, riciclabili e degradabili, aiutando il marchio a trasmettere un valore verde di alto livello.<\/li>\n<\/ul>\n<h2 id=\"-production-and-delivery-guarantee-\"><strong>Garanzia di produzione e consegna<\/strong><\/h2>\n<ul>\n<li><strong>Produzione intelligente<\/strong>: Le apparecchiature di fustellatura, montaggio e stampa a caldo completamente automatiche garantiscono la coerenza del processo, con un tasso di errore inferiore a 0,1%, e gli ordini di lotti vengono consegnati in 7-15 giorni.<\/li>\n<li><strong>Rigoroso processo di ispezione della qualit\u00e0<\/strong>: Dallo stoccaggio delle materie prime alla consegna del prodotto finito, vengono attuati 6 controlli di qualit\u00e0 per garantire che la scatola di imballaggio non presenti graffi, scolorimenti, deformazioni e altri problemi.<\/li>\n<\/ul>\n<h2 id=\"-cooperation-process-\"><strong>Processo di cooperazione<\/strong><\/h2>\n<ol>\n<li><strong>Comunicazione della domanda<\/strong>: Fornire bozze di progetto o far realizzare campioni gratuiti da un team di professionisti;<\/li>\n<li><strong>Conferma dello schema<\/strong>: Fornire rendering 3D e dettagli del preventivo entro 3 giorni lavorativi;<\/li>\n<li><strong>Consegna della produzione<\/strong>: Organizzare la produzione il prima possibile dopo la firma del contratto e seguire l'andamento della logistica durante tutto il processo.<\/li>\n<\/ol>","protected":false},"excerpt":{"rendered":"<p>Esperienza di unboxing di lusso - Impressionate i clienti con una presentazione di qualit\u00e0.<br \/>\n\ud83d\udee1\ufe0f Protezione dei gioielli - La struttura resistente agli urti mantiene gli oggetti al sicuro.<br \/>\n\ud83c\udfa8 Potenziamento del marchio - Gli esterni personalizzabili amplificano il riconoscimento del marchio.<br \/>\n\ud83d\udce6 Scalabilit\u00e0 conveniente - I prezzi di massa riducono i costi per unit\u00e0 di 40%.<br \/>\n\ud83c\udf31 Eco-Friendly - I materiali riciclabili sono in linea con i valori della sostenibilit\u00e0.<\/p>","protected":false},"featured_media":9541,"template":"","meta":[],"product_brand":[],"product_cat":[30,415,428,31],"product_tag":[1203,1202,1025],"class_list":{"0":"post-9539","1":"product","2":"type-product","3":"status-publish","4":"has-post-thumbnail","6":"product_cat-by-industry","7":"product_cat-custom-jewelry-boxes-by-industry","8":"product_cat-irregular-shaped-gift-boxes","9":"product_cat-paper-box-style","10":"product_tag-earrings-boxes-wholesale","11":"product_tag-necklace-bracelet-boxes-wholesale","12":"product_tag-ring-packaging-boxes","14":"first","15":"instock","16":"shipping-taxable","17":"product-type-grouped"},"_links":{"self":[{"href":"https:\/\/zojopackaging.com\/it\/wp-json\/wp\/v2\/product\/9539","targetHints":{"allow":["GET"]}}],"collection":[{"href":"https:\/\/zojopackaging.com\/it\/wp-json\/wp\/v2\/product"}],"about":[{"href":"https:\/\/zojopackaging.com\/it\/wp-json\/wp\/v2\/types\/product"}],"version-history":[{"count":1,"href":"https:\/\/zojopackaging.com\/it\/wp-json\/wp\/v2\/product\/9539\/revisions"}],"predecessor-version":[{"id":9547,"href":"https:\/\/zojopackaging.com\/it\/wp-json\/wp\/v2\/product\/9539\/revisions\/9547"}],"wp:featuredmedia":[{"embeddable":true,"href":"https:\/\/zojopackaging.com\/it\/wp-json\/wp\/v2\/media\/9541"}],"wp:attachment":[{"href":"https:\/\/zojopackaging.com\/it\/wp-json\/wp\/v2\/media?parent=9539"}],"wp:term":[{"taxonomy":"product_brand","embeddable":true,"href":"https:\/\/zojopackaging.com\/it\/wp-json\/wp\/v2\/product_brand?post=9539"},{"taxonomy":"product_cat","embeddable":true,"href":"https:\/\/zojopackaging.com\/it\/wp-json\/wp\/v2\/product_cat?post=9539"},{"taxonomy":"product_tag","embeddable":true,"href":"https:\/\/zojopackaging.com\/it\/wp-json\/wp\/v2\/product_tag?post=9539"}],"curies":[{"name":"wp","href":"https:\/\/api.w.org\/{rel}","templated":true}]}}