{"id":9548,"date":"2025-04-02T20:05:47","date_gmt":"2025-04-02T12:05:47","guid":{"rendered":"https:\/\/zojopackaging.com\/?post_type=product&#038;p=9548"},"modified":"2025-04-02T20:52:05","modified_gmt":"2025-04-02T12:52:05","slug":"jewelry-necklace-ring-bracelet-earring-packaging-box-supplier","status":"publish","type":"product","link":"https:\/\/zojopackaging.com\/it\/product\/jewelry-necklace-ring-bracelet-earring-packaging-box-supplier\/","title":{"rendered":"Gioielli Collana Anello Bracciale Orecchino Packaging Box Fornitore"},"content":{"rendered":"<h2 id=\"-1-convenient-pull-out-box-design-\"><strong>1. Comodo design della scatola estraibile<\/strong><\/h2>\n<ul>\n<li><strong>Struttura di apertura e chiusura scorrevole<\/strong>: Il corpo della scatola estraibile \u00e8 realizzato con stampi di precisione, si apre e si chiude senza problemi e pu\u00f2 essere facilmente azionato dagli utenti con una sola mano,\u00a0<strong>risparmio di oltre 50% del tempo di apertura<\/strong>e di migliorare il senso di cerimonia e di convenienza dell'unboxing.<\/li>\n<li><strong>Durata e stabilit\u00e0<\/strong>: Il corpo della scatola combina cartone ad alta grammatura e tecnologia di rinforzo per garantire che non si deformi dopo molteplici aperture e chiusure, ed \u00e8 adatto per l'uso a lungo termine di scatole regalo per gioielli.<\/li>\n<\/ul>\n<h2 id=\"-2-brand-customized-design-service-\"><strong>2. Servizio di progettazione personalizzata del marchio<\/strong><\/h2>\n<ul>\n<li><strong>Personalizzazione del tipo di casella e della visualizzazione<\/strong>: Fornire una variet\u00e0 di tipi di scatole come cassettiere, scatole a forma di libro e coperchi, supporto\u00a0<strong>dimensione esclusiva, curvatura, finestra<\/strong>\u00a0e altri disegni personalizzati, e corrispondere accuratamente al tono del marchio.<\/li>\n<li><strong>Aggiornamento del processo di superficie<\/strong>: Stampa a caldo\/argento, goffratura, vernice locale UV, serigrafia e altri processi opzionali, combinati con la stampa a tinte piatte Pantone, per migliorare il logo del marchio e l'impatto visivo.<\/li>\n<\/ul>\n<h2 id=\"-3-eva-flocking-anti-seismic-lining-\"><strong>3. Rivestimento antisismico in EVA<\/strong><\/h2>\n<ul>\n<li><strong>Protezione a tutto tondo<\/strong>: La fodera in EVA ad alta densit\u00e0 \u00e8 personalizzata per adattarsi al contorno dei gioielli, mentre la floccatura della superficie \u00e8 delicata e morbida,\u00a0<strong>assorbire efficacemente le vibrazioni del trasporto e gli impatti di caduta<\/strong>e di evitare che il prodotto si graffi o si sposti.<\/li>\n<li><strong>Aggiornamento visivo e tattile<\/strong>: Il rivestimento floccato offre effetti opachi\/lucidi e sono disponibili colori lussuosi come il nero, il bianco, l'oro e il bordeaux, tenendo conto sia della protezione che della bellezza del display.<\/li>\n<\/ul>\n<h2 id=\"-4-ribbon-accessories-and-detailed-design-\"><strong>4. Accessori per nastri e design dettagliato<\/strong><\/h2>\n<ul>\n<li><strong>Elementi decorativi di alta gamma<\/strong>: Nastri personalizzati incorporati (chiffon, raso e velluto sono opzionali), abbinati a etichette con logo del marchio o fibbie decorative in metallo, per migliorare il senso della cerimonia di unboxing.<\/li>\n<li><strong>Combinazione di funzionalit\u00e0 ed estetica<\/strong>: Il design del nastro tiene conto della praticit\u00e0 della scatola estraibile, esaltando al contempo la squisitezza e gli attributi di regalo della confezione,\u00a0<strong>aumento del valore aggiunto del prodotto di 20%+<\/strong>.<\/li>\n<\/ul>\n<h2 id=\"-5-flexible-customization-system-\"><strong>5. Sistema di personalizzazione flessibile<\/strong><\/h2>\n<ul>\n<li><strong>Personalizzazione completa delle dimensioni<\/strong>: Dalla struttura della scatola, alla suddivisione della fodera, ai dettagli degli accessori, supporta il design di adattamento 1:1 in base alle categorie di gioielli (collane, orecchini, bracciali, ecc.), soddisfacendo le diverse esigenze di posizionamento, come i beni di lusso di fascia alta, il fast fashion di lusso leggero, ecc.<\/li>\n<li><strong>Opzioni di materiali ecocompatibili<\/strong>: Fornire materiali ecologici come carta certificata FSC, EVA degradabile e seta riciclata per aiutare i marchi a mettere in pratica il concetto di sviluppo sostenibile.<\/li>\n<\/ul>\n<h2 id=\"-6-intelligent-lining-partition-system-\"><strong>6. Sistema intelligente di partizione del rivestimento<\/strong><\/h2>\n<ul>\n<li><strong>Fissaggio preciso del prodotto<\/strong>: Progettare fessure indipendenti per le carte, scanalature o cinghie elastiche in base alle dimensioni dei gioielli per garantire l'assenza di scosse durante il trasporto, ottenendo al contempo un'esposizione ordinata a livello di display.<\/li>\n<li><strong>Stratificazione multifunzionale<\/strong>: Supporta la struttura di stratificazione staccabile, si adatta all'imballaggio di combinazione di gioielli a pi\u00f9 pezzi, migliora la praticit\u00e0 dell'imballaggio e la soddisfazione del cliente.<\/li>\n<\/ul>\n<h2 id=\"-production-and-service-guarantee-\"><strong>Garanzia di produzione e di servizio<\/strong><\/h2>\n<ul>\n<li><strong>Controllo di qualit\u00e0 dell'intero processo<\/strong>: Dalla bozza del progetto alla produzione di massa, implementiamo il sistema di gestione della qualit\u00e0 ISO 9001 per garantire 100% la coerenza di colori, materiali, processi e disegni.<\/li>\n<li><strong>Consegna a risposta rapida<\/strong>: La prototipazione viene completata in 15 giorni, supportando gli ordini di piccoli lotti (ordine minimo di 500 pezzi), mentre il ciclo di consegna delle merci di grandi dimensioni si riduce a 7-14 giorni.<\/li>\n<li><strong>Supporto al trasporto globale<\/strong>: Forniamo soluzioni logistiche a prova di umidit\u00e0 e di urti e possiamo apporre per vostro conto le etichette per il trasporto internazionale per garantire che l'imballaggio sia intatto e raggiunga direttamente il terminale.<\/li>\n<\/ul>","protected":false},"excerpt":{"rendered":"<p>\u2705\u00a0<strong>Miglioramento del premio del marchio<\/strong>: Rafforzare la competitivit\u00e0 del mercato attraverso un design differenziato degli imballaggi;<br \/>\n\u2705\u00a0<strong>Impegno a tasso zero di danni<\/strong>: Riducete i costi post-vendita con soluzioni di protezione professionali;<br \/>\n\u2705\u00a0<strong>Servizio unico<\/strong>: Senza preoccupazioni dalla progettazione alla consegna, aiutando i marchi a concentrarsi sul core business.<\/p>","protected":false},"featured_media":9554,"template":"","meta":[],"product_brand":[],"product_cat":[30,415,31,426],"product_tag":[1205,1206,1204],"class_list":{"0":"post-9548","1":"product","2":"type-product","3":"status-publish","4":"has-post-thumbnail","6":"product_cat-by-industry","7":"product_cat-custom-jewelry-boxes-by-industry","8":"product_cat-paper-box-style","9":"product_cat-paper-drawer-boxes","10":"product_tag-custom-necklace-ring-boxes","11":"product_tag-earring-packaging-box-supplier","12":"product_tag-jewelry-packaging-box","14":"first","15":"instock","16":"shipping-taxable","17":"product-type-grouped"},"_links":{"self":[{"href":"https:\/\/zojopackaging.com\/it\/wp-json\/wp\/v2\/product\/9548","targetHints":{"allow":["GET"]}}],"collection":[{"href":"https:\/\/zojopackaging.com\/it\/wp-json\/wp\/v2\/product"}],"about":[{"href":"https:\/\/zojopackaging.com\/it\/wp-json\/wp\/v2\/types\/product"}],"version-history":[{"count":1,"href":"https:\/\/zojopackaging.com\/it\/wp-json\/wp\/v2\/product\/9548\/revisions"}],"predecessor-version":[{"id":9555,"href":"https:\/\/zojopackaging.com\/it\/wp-json\/wp\/v2\/product\/9548\/revisions\/9555"}],"wp:featuredmedia":[{"embeddable":true,"href":"https:\/\/zojopackaging.com\/it\/wp-json\/wp\/v2\/media\/9554"}],"wp:attachment":[{"href":"https:\/\/zojopackaging.com\/it\/wp-json\/wp\/v2\/media?parent=9548"}],"wp:term":[{"taxonomy":"product_brand","embeddable":true,"href":"https:\/\/zojopackaging.com\/it\/wp-json\/wp\/v2\/product_brand?post=9548"},{"taxonomy":"product_cat","embeddable":true,"href":"https:\/\/zojopackaging.com\/it\/wp-json\/wp\/v2\/product_cat?post=9548"},{"taxonomy":"product_tag","embeddable":true,"href":"https:\/\/zojopackaging.com\/it\/wp-json\/wp\/v2\/product_tag?post=9548"}],"curies":[{"name":"wp","href":"https:\/\/api.w.org\/{rel}","templated":true}]}}