{"id":9573,"date":"2025-04-02T21:32:07","date_gmt":"2025-04-02T13:32:07","guid":{"rendered":"https:\/\/zojopackaging.com\/?post_type=product&#038;p=9573"},"modified":"2025-04-03T01:41:07","modified_gmt":"2025-04-02T17:41:07","slug":"custom-decorate-chocolate-cookie-tea-candy-gift-box-factory","status":"publish","type":"product","link":"https:\/\/zojopackaging.com\/it\/product\/custom-decorate-chocolate-cookie-tea-candy-gift-box-factory\/","title":{"rendered":"Personalizzato decorare cioccolato biscotto t\u00e8 Candy Gift Box Factory"},"content":{"rendered":"<h2 id=\"-i-magnetic-intelligent-structure-design-\"><strong>1. Design intelligente della struttura magnetica<\/strong><\/h2>\n<p>La confezione regalo adotta\u00a0<strong>Sistema di apertura e chiusura magnetica incorporato<\/strong>e realizza un accoppiamento perfetto tra il coperchio e il corpo della scatola grazie ai magneti al neodimio ferro-boro disposti con precisione.<\/p>\n<ul>\n<li><strong>Occultamento<\/strong>: I magneti sono incorporati nel coperchio e nel corpo della scatola, senza struttura a vista, mantenendo un aspetto semplice ed elegante.<\/li>\n<li><strong>Convenienza<\/strong>: Pu\u00f2 essere aperto e chiuso con una sola pressione della mano e la corsa magnetica \u00e8 controllata a 0,3-0,5 mm, con un chiaro feedback tattile.<\/li>\n<li><strong>Durata<\/strong>: La struttura magnetica \u00e8 stata testata per 5000 volte di apertura e chiusura e la stabilit\u00e0 \u00e8 superiore a 98%.<\/li>\n<\/ul>\n<h2 id=\"-ii-fresh-and-elegant-visual-style-\"><strong>2. Stile visivo fresco ed elegante<\/strong><\/h2>\n<p><strong>Abbinamento dei colori<\/strong>:<\/p>\n<ul>\n<li><strong>Design esterno<\/strong>: Lo sfondo verde chiaro \u00e8 abbinato al motivo a rilievo del cigno, mentre il materiale ecologico a texture opaca \u00e8 utilizzato per presentare un tono visivo tranquillo e naturale.<\/li>\n<li><strong>Design interno<\/strong>: La fodera blu mare intenso forma un netto contrasto con la scatola esterna, esaltando il senso di gerarchia; lo scomparto divisorio bianco aumenta la funzionalit\u00e0 e la raffinatezza.\u00a0<strong>Tecnologia dei modelli<\/strong>:<\/li>\n<li><strong>Stampa a caldo del cigno<\/strong>: Il motivo del cigno sul corpo della scatola adotta la tecnologia di stampa a caldo della lamina d'oro 24 carati, con una precisione dei bordi di 0,1 mm, che mostra un dinamico effetto cangiante sotto la luce.<\/li>\n<li><strong>Logo del marchio<\/strong>: Supporta la tecnologia di stampa a caldo\/laser di LOGO personalizzati per migliorare il riconoscimento del marchio e il valore aggiunto.<\/li>\n<\/ul>\n<h2 id=\"-three-environmentally-friendly-materials-and-sustainable-design-\"><strong>3. Materiali ecologici e design sostenibile<\/strong><\/h2>\n<ul>\n<li><strong>Materiale principale<\/strong>: Viene selezionato un cartone bianco certificato FSC o un cartone ecologico in polpa di bamb\u00f9, con una pellicola opaca degradabile sulla superficie, che ha superato la certificazione ambientale ISO14001.<\/li>\n<li><strong>Ottimizzazione strutturale<\/strong>: Il coperchio e il corpo della scatola adottano la tecnologia di stampaggio in un unico pezzo, l'errore di cucitura \u00e8 \u22640,2 mm e la resistenza alla compressione \u00e8 superiore a 50 kg, adatta per il trasporto a lunga distanza.<\/li>\n<li><strong>Trattamento della superficie<\/strong>: Stampa con inchiostro ecologico a base d'acqua, combinato con la tecnologia di polimerizzazione UV, per garantire che il colore duri nel tempo e non sbiadisca (il test di resistenza all'attrito raggiunge il livello 4 o superiore).<\/li>\n<\/ul>\n<h2 id=\"-fourth-value-added-services-and-customization-advantages-\"><strong>4. Servizi a valore aggiunto e vantaggi di personalizzazione<\/strong><\/h2>\n<p>In qualit\u00e0 di fabbrica di origine in Cina, forniamo assistenza a 360 gradi:<\/p>\n<h3 id=\"1-free-samples-\">1.\u00a0<strong>Campioni gratuiti<\/strong>:<\/h3>\n<p>I campioni fisici saranno inviati entro 3 giorni lavorativi, compresi i campioni di prova della struttura magnetica e i film dimostrativi del processo di stampa a caldo.<\/p>\n<h3 id=\"2-personalized-design-\">2.\u00a0<strong>Design personalizzato<\/strong>:<\/h3>\n<p>Il team di professionisti supporta la personalizzazione del modello, delle dimensioni e della struttura della fodera, con un ciclo di risposta di \u226448 ore e un numero illimitato di modifiche alla bozza di design.<\/p>\n<h3 id=\"3-cost-advantage-\">3.\u00a0<strong>Vantaggio di costo<\/strong>:<\/h3>\n<p>La produzione su larga scala combinata con la propria catena di approvvigionamento di materie prime, la quotazione \u00e8 20%-30% inferiore al prezzo medio del mercato.<\/p>\n<h3 id=\"4-certification-guarantee-\">4.\u00a0<strong>Garanzia di certificazione<\/strong>:<\/h3>\n<p>La fabbrica ha superato le certificazioni ISO9001 e FSC e fornisce rapporti di ispezione della qualit\u00e0 e documenti di qualificazione ambientale.<\/p>","protected":false},"excerpt":{"rendered":"<ul>\n<li><strong>Cibo di alta gamma<\/strong>Cioccolato, biscotti, t\u00e8 e altre confezioni ricordo, per aumentare lo spazio premium del prodotto (la tecnologia di stampa a caldo aumenta il prezzo del terminale di 15%-20%).<\/li>\n<li><strong>Marketing del marchio<\/strong>edizioni limitate per le festivit\u00e0, personalizzazione in co-branding ed esperienza di apertura e chiusura magnetica per migliorare l'interazione con l'utente e i punti di memoria.<\/li>\n<li><strong>Immagine sostenibile<\/strong>Materiali ecocompatibili e design riutilizzabile (come le scatole di stoccaggio per uso secondario).<\/li>\n<\/ul>","protected":false},"featured_media":9574,"template":"","meta":[],"product_brand":[],"product_cat":[30,422,424,31],"product_tag":[],"class_list":{"0":"post-9573","1":"product","2":"type-product","3":"status-publish","4":"has-post-thumbnail","6":"product_cat-by-industry","7":"product_cat-custom-gourmet-boxes-by-industry","8":"product_cat-magnetic-closure-boxes","9":"product_cat-paper-box-style","11":"first","12":"instock","13":"shipping-taxable","14":"product-type-grouped"},"_links":{"self":[{"href":"https:\/\/zojopackaging.com\/it\/wp-json\/wp\/v2\/product\/9573","targetHints":{"allow":["GET"]}}],"collection":[{"href":"https:\/\/zojopackaging.com\/it\/wp-json\/wp\/v2\/product"}],"about":[{"href":"https:\/\/zojopackaging.com\/it\/wp-json\/wp\/v2\/types\/product"}],"version-history":[{"count":2,"href":"https:\/\/zojopackaging.com\/it\/wp-json\/wp\/v2\/product\/9573\/revisions"}],"predecessor-version":[{"id":9632,"href":"https:\/\/zojopackaging.com\/it\/wp-json\/wp\/v2\/product\/9573\/revisions\/9632"}],"wp:featuredmedia":[{"embeddable":true,"href":"https:\/\/zojopackaging.com\/it\/wp-json\/wp\/v2\/media\/9574"}],"wp:attachment":[{"href":"https:\/\/zojopackaging.com\/it\/wp-json\/wp\/v2\/media?parent=9573"}],"wp:term":[{"taxonomy":"product_brand","embeddable":true,"href":"https:\/\/zojopackaging.com\/it\/wp-json\/wp\/v2\/product_brand?post=9573"},{"taxonomy":"product_cat","embeddable":true,"href":"https:\/\/zojopackaging.com\/it\/wp-json\/wp\/v2\/product_cat?post=9573"},{"taxonomy":"product_tag","embeddable":true,"href":"https:\/\/zojopackaging.com\/it\/wp-json\/wp\/v2\/product_tag?post=9573"}],"curies":[{"name":"wp","href":"https:\/\/api.w.org\/{rel}","templated":true}]}}