{"id":9581,"date":"2025-04-02T23:41:30","date_gmt":"2025-04-02T15:41:30","guid":{"rendered":"https:\/\/zojopackaging.com\/?post_type=product&#038;p=9581"},"modified":"2025-04-02T23:58:02","modified_gmt":"2025-04-02T15:58:02","slug":"custom-pre-roll-boxes-eco-friendly-packaging-small-slide-out-box-wholesale","status":"publish","type":"product","link":"https:\/\/zojopackaging.com\/it\/product\/custom-pre-roll-boxes-eco-friendly-packaging-small-slide-out-box-wholesale\/","title":{"rendered":"Custom Pre-Roll scatole Eco-friendly imballaggio piccolo Slide Out Box all'ingrosso"},"content":{"rendered":"<h3 id=\"1-environmentally-friendly-materials-adaptable-to-multiple-scenarios-\">1.\u00a0<strong>Materiali ecocompatibili, adattabili a molteplici scenari<\/strong><\/h3>\n<p>Adottare\u00a0<strong>Carta patinata da 157 g + cartoncino grigio da 1200 g<\/strong>\u00a0struttura composita, con propriet\u00e0 di alta resistenza e protezione ambientale. La superficie della carta patinata \u00e8 delicata e pu\u00f2 presentare squisiti effetti di stampa; lo strato di cartone grigio fornisce un supporto stabile per garantire la resistenza alla pressione e agli urti durante il trasporto. Il materiale soddisfa gli standard ambientali internazionali, \u00e8 riciclabile e degradabile ed \u00e8 in linea con il concetto di sviluppo sostenibile del marchio.<\/p>\n<h3 id=\"2-pull-out-design-to-enhance-user-experience-\">2. Scivolare<strong>-design per migliorare l'esperienza dell'utente<\/strong><\/h3>\n<p>L'originale\u00a0<strong>un tira-e-molla<\/strong>\u00a0La struttura a scorrimento consente di estrarre facilmente i rotoli di prodotto senza operazioni complicate. Il processo di estrazione \u00e8 fluido e silenzioso, con un senso di rituale e divertimento, che migliora la percezione della qualit\u00e0 del prodotto da parte dei consumatori. Il design brevettato evita l'apertura accidentale, garantendo privacy e stabilit\u00e0.<\/p>\n<h3 id=\"3-exclusive-for-adults-accurately-positioned-in-the-high-end-market-\">3.\u00a0<strong>Esclusivo per adulti, accuratamente posizionato nel mercato di fascia alta<\/strong><\/h3>\n<p>Non \u00e8 dotato di funzione di protezione per bambini ed \u00e8 progettato per scene adulte. \u00c8 adatto per\u00a0<strong>tabacco di alta gamma, t\u00e8 pregiato, sigari da collezione<\/strong>\u00a0e altri prodotti che devono mostrare stile. Trasmette il tono del marchio attraverso un aspetto semplice e lussuoso, per soddisfare le aspettative degli utenti di fascia alta che desiderano un packaging raffinato.<\/p>\n<h3 id=\"4-internal-cardboard-orderly-storage-\">4.\u00a0<strong>Cartone interno, stoccaggio ordinato<\/strong><\/h3>\n<p>La scatola \u00e8 dotata di\u00a0<strong>divisori in cartone personalizzati<\/strong>\u00a0per separare e fissare i 5 rotoli per evitare scosse e collisioni durante il trasporto. I divisori possono essere stampati con i loghi del marchio o con motivi decorativi e possono essere esposti in modo ordinato all'apertura della scatola, per migliorare la sensazione di alto livello del prodotto e la soddisfazione dell'utente durante l'unboxing.<\/p>\n<h3 id=\"5-full-dimensional-customization-empowering-brand-creativity-\">5.\u00a0<strong>Personalizzazione a tutto tondo, per una maggiore creativit\u00e0 del marchio<\/strong><\/h3>\n<p>Supporto\u00a0<strong>servizio di personalizzazione completa all'interno e all'esterno<\/strong>: -\u00a0<strong>Aspetto<\/strong>: La superficie della carta patinata pu\u00f2 essere stampata con motivi di alta precisione, colori sfumati, tecnologia di stampa a caldo\/argentatura a caldo, ed \u00e8 adatta al sistema VI del marchio.\u00a0<strong>Struttura<\/strong>: Le dimensioni e la disposizione del binario estraibile e della parete divisoria possono essere regolate per soddisfare i requisiti delle diverse specifiche del pre-roll.\u00a0<strong>Funzione<\/strong>: Aggiungere elementi a valore aggiunto come il codice QR della storia del marchio e le etichette anticontraffazione per migliorare l'interattivit\u00e0 e la sicurezza.<\/p>\n<h3 id=\"6-flexible-production-efficient-delivery-\">6.\u00a0<strong>Produzione flessibile, consegna efficiente<\/strong><\/h3>\n<p>-\u00a0<strong>Personalizzazione di piccoli lotti<\/strong>: Supporta 500 pezzi di ordine minimo, prova veloce e consegna entro 10 giorni lavorativi, adatto per il test di nuovi prodotti o per vendite limitate; -.\u00a0<strong>Produzione di massa su larga scala<\/strong>: Basandosi su linee di produzione automatizzate, la capacit\u00e0 di produzione di un singolo lotto raggiunge i 100.000 pezzi, garantendo vantaggi di prezzo e stabilit\u00e0 di fornitura.<\/p>\n<h3 id=\"7-owned-factory-quality-assurance-\">7.\u00a0<strong>Fabbrica di propriet\u00e0, garanzia di qualit\u00e0<\/strong><\/h3>\n<p>Abbiamo un\u00a0<strong>5320\u33a1 base di produzione moderna<\/strong>, dotata di attrezzature avanzate come le macchine da stampa Heidelberg e le fustellatrici completamente automatiche, e di un controllo di qualit\u00e0 dalla progettazione alla produzione. Seguiamo rigorosamente il sistema di gestione della qualit\u00e0 ISO per garantire che ogni collegamento sia conforme agli standard internazionali di imballaggio.<\/p>","protected":false},"excerpt":{"rendered":"<p><strong>\u00a0 \u00a0Perch\u00e9 scegliere ZOJO Print?<\/strong><\/p>\n<ul>\n<li><strong>La tutela dell'ambiente prima di tutto<\/strong>I materiali sono tracciabili e vengono forniti rapporti sull'impronta di carbonio;<\/li>\n<li><strong>Progettazione guidata<\/strong>: 30+ team di designer senior che producono soluzioni originali;<\/li>\n<li><strong>Servizio senza preoccupazioni<\/strong>: follow-up del servizio clienti one-to-one, supporto alla logistica e alla distribuzione globale.<\/li>\n<\/ul>\n<p><strong>Scenari di applicazione<\/strong>: scatole da regalo per tabacco di alta gamma, set per la degustazione del t\u00e8, scatole per sigari in edizione limitata e confezioni di accessori per tabacco da collezione.<\/p>","protected":false},"featured_media":9586,"template":"","meta":[],"product_brand":[],"product_cat":[30,420,31,426],"product_tag":[1213,1215,1214],"class_list":{"0":"post-9581","1":"product","2":"type-product","3":"status-publish","4":"has-post-thumbnail","6":"product_cat-by-industry","7":"product_cat-custom-cannabis-boxes","8":"product_cat-paper-box-style","9":"product_cat-paper-drawer-boxes","10":"product_tag-custom-pre-roll-boxes","11":"product_tag-eco-friendly-packaging","12":"product_tag-slide-out-box-wholesale","14":"first","15":"instock","16":"shipping-taxable","17":"product-type-simple"},"_links":{"self":[{"href":"https:\/\/zojopackaging.com\/it\/wp-json\/wp\/v2\/product\/9581","targetHints":{"allow":["GET"]}}],"collection":[{"href":"https:\/\/zojopackaging.com\/it\/wp-json\/wp\/v2\/product"}],"about":[{"href":"https:\/\/zojopackaging.com\/it\/wp-json\/wp\/v2\/types\/product"}],"version-history":[{"count":2,"href":"https:\/\/zojopackaging.com\/it\/wp-json\/wp\/v2\/product\/9581\/revisions"}],"predecessor-version":[{"id":9589,"href":"https:\/\/zojopackaging.com\/it\/wp-json\/wp\/v2\/product\/9581\/revisions\/9589"}],"wp:featuredmedia":[{"embeddable":true,"href":"https:\/\/zojopackaging.com\/it\/wp-json\/wp\/v2\/media\/9586"}],"wp:attachment":[{"href":"https:\/\/zojopackaging.com\/it\/wp-json\/wp\/v2\/media?parent=9581"}],"wp:term":[{"taxonomy":"product_brand","embeddable":true,"href":"https:\/\/zojopackaging.com\/it\/wp-json\/wp\/v2\/product_brand?post=9581"},{"taxonomy":"product_cat","embeddable":true,"href":"https:\/\/zojopackaging.com\/it\/wp-json\/wp\/v2\/product_cat?post=9581"},{"taxonomy":"product_tag","embeddable":true,"href":"https:\/\/zojopackaging.com\/it\/wp-json\/wp\/v2\/product_tag?post=9581"}],"curies":[{"name":"wp","href":"https:\/\/api.w.org\/{rel}","templated":true}]}}