{"id":9598,"date":"2025-04-03T00:07:05","date_gmt":"2025-04-02T16:07:05","guid":{"rendered":"https:\/\/zojopackaging.com\/?post_type=product&#038;p=9598"},"modified":"2025-04-03T00:17:29","modified_gmt":"2025-04-02T16:17:29","slug":"custom-paper-pre-roll-slider-box-packaging-manufacturer-in-china","status":"publish","type":"product","link":"https:\/\/zojopackaging.com\/it\/product\/custom-paper-pre-roll-slider-box-packaging-manufacturer-in-china\/","title":{"rendered":"Imballaggio di carta personalizzata Pre-Roll Slider Box Produttore in Cina"},"content":{"rendered":"<h3 id=\"1-environmentally-friendly-materials-texture-and-sustainability-are-equally-important-\">1.\u00a0<strong>Materiali ecocompatibili, texture e sostenibilit\u00e0 sono altrettanto importanti.<\/strong><\/h3>\n<p>La scatola estraibile adotta un\u00a0<strong>Carta patinata da 157 g + cartoncino grigio da 1200 g<\/strong>\u00a0struttura composita. La superficie fine della carta patinata supporta la stampa ad alta definizione, mentre lo strato di cartone grigio fornisce una protezione contro la compressione e gli urti per garantire che il pre-roll sia stabile e intatto durante il trasporto. Il materiale ha superato\u00a0<strong>Certificazione forestale FSC<\/strong>\u00a0e\u00a0<strong>Standard di protezione ambientale RoHS<\/strong>e pu\u00f2 essere completamente riciclato e degradato, in linea con il \"bando della plastica\" della Cina e con la tendenza globale alla riduzione della plastica.<\/p>\n<h3 id=\"2-ergonomic-design-balance-of-portability-and-aesthetics-\">2.\u00a0<strong>Design ergonomico, equilibrio tra portabilit\u00e0 ed estetica<\/strong><\/h3>\n<p>La scatola estraibile adotta un\u00a0<strong>struttura rettangolare a rapporto aureo<\/strong>Con uno spessore inferiore a 2,5 cm e un peso di soli 150 g, pu\u00f2 essere facilmente riposto in una tasca o in un bagaglio a mano. La superficie utilizza\u00a0<strong>stampa in quadricromia + goffratura UV parziale<\/strong>\u00a0supporta effetti complessi come la sfumatura e la stampa a caldo e visualizza istantaneamente la tensione visiva del marchio all'apertura e alla chiusura, migliorando la prima impressione dei consumatori.<\/p>\n<h3 id=\"3-convenient-access-system-optimize-user-experience-\">3.\u00a0<strong>Sistema di accesso comodo, per ottimizzare l'esperienza dell'utente<\/strong><\/h3>\n<p>-\u00a0<strong>Trazione ed estrazione del nastro<\/strong>: La pista a nastro in nylon ad alta densit\u00e0 incorporata, la resistenza allo scorrimento \u00e8 ridotta da 60%, e i mini pre-roll possono essere estratti rapidamente con una sola mano.\u00a0<strong>Vassoio interno personalizzato<\/strong>: I divisori in materiale PP per uso alimentare possono separare 5-10 rotoli per evitare scosse e collisioni durante il trasporto, e sono esposti in modo ordinato quando la scatola viene aperta.<\/p>\n<h3 id=\"4-full-dimensional-customization-empowering-brand-differentiation-\">4.\u00a0<strong>Personalizzazione a tutto campo, per una maggiore differenziazione del marchio<\/strong><\/h3>\n<p>-\u00a0<strong>Personalizzazione delle dimensioni<\/strong>: Supporta specifiche da un minimo di 5cm\u00d73cm a un massimo di 12cm\u00d78cm, adattandosi a diversi diametri e quantit\u00e0 di pre-roll.\u00a0<strong>Personalizzazione delle funzioni<\/strong>: Aggiungere design a valore aggiunto come etichette anticontraffazione, chip NFC e rivestimenti rimovibili.\u00a0<strong>Potenziamento culturale<\/strong>: Incorporare nella stampa elementi come l'inchiostro cinese e i modelli del patrimonio culturale immateriale per creare modelli congiunti di propriet\u00e0 intellettuale culturale.<\/p>\n<h3 id=\"5-16-years-of-manufacturing-experience-quality-control-system-\">5.\u00a0<strong>16 anni di esperienza nella produzione, sistema di controllo della qualit\u00e0<\/strong><\/h3>\n<p>Dalla sua fondazione nel 2009, ZOJO Print ha prodotto pi\u00f9 di 20 milioni di scatole estraibili e si \u00e8 affermata come azienda di produzione di prodotti per l'industria.\u00a0<strong>Sistema di gestione della qualit\u00e0 ISO 9001<\/strong>. Dal test delle materie prime al campionamento del prodotto finito, 23 processi sono completamente tracciabili. Il tasso di riacquisto dei clienti \u00e8 di 82% e il tasso di restituzione \u00e8 inferiore a 0,3%.<\/p>\n<h3 id=\"6-smart-equipment-cluster-efficiency-and-precision-guarantee-\">6.\u00a0<strong>Cluster di apparecchiature intelligenti, garanzia di efficienza e precisione<\/strong><\/h3>\n<p>La fabbrica \u00e8 dotata di\u00a0<strong>Macchina da stampa tedesca Heidelberg CD102-8<\/strong>\u00a0(precisione \u00b10,02 mm),\u00a0<strong>macchina fustellatrice completamente automatica<\/strong>\u00a0(velocit\u00e0 12.000 fogli\/ora) e\u00a0<strong>macchina per incisione laser<\/strong>che supporta il taglio di forme speciali ad alta densit\u00e0 e la lavorazione di microfori, con un'apertura minima di 0,5 mm, soddisfacendo le esigenze del packaging di lusso.<\/p>\n<h3 id=\"7-one-stop-service-full-link-solution-\">7.\u00a0<strong>Servizio unico, soluzione full-link<\/strong><\/h3>\n<p>Da\u00a0<strong>design concettuale<\/strong>\u00a0(fornendo modellazione 3D e prove di stampa) a\u00a0<strong>consegna della produzione di massa<\/strong>\u00a0(con un ordine minimo di 500 pezzi, prova rapida di 15 giorni), supporto a\u00a0<strong>logistica e magazzino<\/strong>\u00a0(5.000 metri quadrati di magazzini di propriet\u00e0) e\u00a0<strong>sdoganamento transfrontaliero<\/strong>\u00a0servizi, che coprono i mercati della Cina continentale, di Hong Kong, Macao, Taiwan e del sud-est asiatico.<\/p>","protected":false},"excerpt":{"rendered":"<p><strong>Perch\u00e9 scegliere ZOJO Print?\u00a0<\/strong><\/p>\n<p>-\u00a0<strong>Certificazione di conformit\u00e0<\/strong>: Ha superato i test sui materiali a contatto con gli alimenti della FDA e la certificazione di sicurezza degli imballaggi CE;<\/p>\n<p>-\u00a0<strong>Vantaggio di costo<\/strong>: La produzione centralizzata riduce i costi logistici di 30% e supporta la personalizzazione di piccoli lotti.<\/p>","protected":false},"featured_media":9600,"template":"","meta":[],"product_brand":[],"product_cat":[30,420,31,426],"product_tag":[1220,1219,1221],"class_list":{"0":"post-9598","1":"product","2":"type-product","3":"status-publish","4":"has-post-thumbnail","6":"product_cat-by-industry","7":"product_cat-custom-cannabis-boxes","8":"product_cat-paper-box-style","9":"product_cat-paper-drawer-boxes","10":"product_tag-custom-paper-pre-roll-slider-box","11":"product_tag-packaging-manufacturer","12":"product_tag-pre-roll-slider-box","14":"first","15":"instock","16":"shipping-taxable","17":"product-type-simple"},"_links":{"self":[{"href":"https:\/\/zojopackaging.com\/it\/wp-json\/wp\/v2\/product\/9598","targetHints":{"allow":["GET"]}}],"collection":[{"href":"https:\/\/zojopackaging.com\/it\/wp-json\/wp\/v2\/product"}],"about":[{"href":"https:\/\/zojopackaging.com\/it\/wp-json\/wp\/v2\/types\/product"}],"version-history":[{"count":1,"href":"https:\/\/zojopackaging.com\/it\/wp-json\/wp\/v2\/product\/9598\/revisions"}],"predecessor-version":[{"id":9605,"href":"https:\/\/zojopackaging.com\/it\/wp-json\/wp\/v2\/product\/9598\/revisions\/9605"}],"wp:featuredmedia":[{"embeddable":true,"href":"https:\/\/zojopackaging.com\/it\/wp-json\/wp\/v2\/media\/9600"}],"wp:attachment":[{"href":"https:\/\/zojopackaging.com\/it\/wp-json\/wp\/v2\/media?parent=9598"}],"wp:term":[{"taxonomy":"product_brand","embeddable":true,"href":"https:\/\/zojopackaging.com\/it\/wp-json\/wp\/v2\/product_brand?post=9598"},{"taxonomy":"product_cat","embeddable":true,"href":"https:\/\/zojopackaging.com\/it\/wp-json\/wp\/v2\/product_cat?post=9598"},{"taxonomy":"product_tag","embeddable":true,"href":"https:\/\/zojopackaging.com\/it\/wp-json\/wp\/v2\/product_tag?post=9598"}],"curies":[{"name":"wp","href":"https:\/\/api.w.org\/{rel}","templated":true}]}}