{"id":9606,"date":"2025-04-03T00:17:40","date_gmt":"2025-04-02T16:17:40","guid":{"rendered":"https:\/\/zojopackaging.com\/?post_type=product&#038;p=9606"},"modified":"2025-04-03T00:26:11","modified_gmt":"2025-04-02T16:26:11","slug":"custom-pre-roll-joints-paper-packaging-drawer-box-supplier","status":"publish","type":"product","link":"https:\/\/zojopackaging.com\/it\/product\/custom-pre-roll-joints-paper-packaging-drawer-box-supplier\/","title":{"rendered":"Fornitore di cassettiere per l'imballaggio di carta con giunti prerollati personalizzati"},"content":{"rendered":"<h3 id=\"1-highly-recognizable-brand-visual-system-\">1.\u00a0<strong>Sistema visivo del marchio altamente riconoscibile<\/strong><\/h3>\n<p>Il cassetto estraibile adotta un design a contrasto di colore.\u00a0<strong>sfondo giallo brillante + logo verde<\/strong>che non solo soddisfa la ricerca della vitalit\u00e0 da parte dei giovani consumatori, ma trasmette anche il tono naturale e sano del marchio attraverso la psicologia del colore.\u00a0<strong>Illustrazioni di alta precisione della storia del marchio<\/strong>\u00a0(come il processo di crescita delle piante, gli elementi artigianali del patrimonio culturale intangibile) possono essere stampati sulla superficie della scatola, in combinazione con la stampa in quadricromia (CMYK) e la tecnologia di goffratura UV locale, che aumenta la stratificazione visiva di 60% e rafforza immediatamente l'ancoraggio alla memoria del marchio da parte dei consumatori quando aprono la scatola.<\/p>\n<h3 id=\"2-intelligent-childproof-lock-safety-design-\">2.\u00a0<strong>Design di sicurezza intelligente della serratura a prova di bambino<\/strong><\/h3>\n<p>Incorporato\u00a0<strong>serratura a prova di bambino<\/strong>\u00a0conforme agli standard internazionali ISO 8317, grazie alla struttura a doppia fibbia assicurativa (fibbia esterna + cuneo interno): -\u00a0<strong>I bambini sotto i 5 anni non possono aprire<\/strong>: Deve essere estratto rapidamente pi\u00f9 di 3 volte per essere sbloccato e il tasso di falsi tocchi \u00e8 inferiore a 0,1%.\u00a0<strong>Gli adulti possono aprirlo in pochi secondi con una sola mano<\/strong>: Il coefficiente di smorzamento del binario di estrazione \u00e8 ottimizzato e la fluidit\u00e0 di funzionamento \u00e8 migliorata da 40%, tenendo conto della sicurezza e della convenienza.<\/p>\n<h3 id=\"3-environmentally-friendly-materials-process-upgrade-\">3.\u00a0<strong>Materiali ecocompatibili + aggiornamento dei processi<\/strong><\/h3>\n<p>-\u00a0<strong>Selezione del substrato<\/strong>: Adotta\u00a0<strong>Carta patinata da 157 g + cartoncino grigio da 1200 g<\/strong>\u00a0struttura composita, e la levigatezza della superficie della carta patinata raggiunge gli anni 90 (test con metodo Cobb), che supporta la stampa ad alta definizione; lo strato di cartoncino grigio ha superato la certificazione forestale FSC per garantire la sostenibilit\u00e0 delle materie prime; - il materiale di stampa \u00e8 stato sottoposto a un test di qualit\u00e0.\u00a0<strong>Trattamento della superficie<\/strong>: Il processo di rivestimento con pellicola opaca aumenta di 3 volte la resistenza all'usura della scatola (resistenza all'attrito &gt; 5000 volte), riducendo al contempo la riflettivit\u00e0, il che soddisfa i requisiti di lusso low-key del packaging di lusso.<\/p>\n<h3 id=\"4-brand-gene-implanted-lining-\">4.\u00a0<strong>Marchio gene impiantato rivestimento<\/strong><\/h3>\n<p>-\u00a0<strong>Divisorio in cartone personalizzato<\/strong>: Realizzato in materiale PP per uso alimentare dello stesso colore del logo, il logo del marchio \u00e8 accuratamente riprodotto attraverso la tecnologia di fustellatura (come le iniziali del marchio che si incavano e la transizione del colore sfumato).\u00a0<strong>Guida visiva della linea<\/strong>: Il bordo del divisorio \u00e8 stato progettato con microincisioni dei simboli del marchio, in modo che i consumatori possano concentrarsi naturalmente sui prodotti pre-rollati quando aprono la scatola, rafforzando la consapevolezza del marchio.<\/p>\n<h3 id=\"5-application-of-spatial-aesthetics-and-consumer-psychology-\">5.\u00a0<strong>Applicazione dell'estetica spaziale e della psicologia del consumatore<\/strong><\/h3>\n<p>-\u00a0<strong>Conservazione del rapporto aureo<\/strong>: La parete divisoria interna fissa 5 rotoli di sigarette con un angolo di inclinazione di 30\u00b0, conforme al rapporto aureo della visione umana (1:1,618). La bellezza ordinata dell'esposizione dei prodotti \u00e8 visibile all'apertura della scatola.\u00a0<strong>Ottimizzazione del feedback tattile<\/strong>: La superficie del divisorio \u00e8 smerigliata, e il coefficiente di attrito \u00e8 controllato tra 0,3-0,5. Quando si estrae il rotolo si genera una leggera sensazione di smorzamento, per un'esperienza d'uso \"delicata e facile da controllare\".<\/p>\n<h3 id=\"6-full-link-customized-service-system-\">6.\u00a0<strong>Sistema di assistenza personalizzata full-link<\/strong><\/h3>\n<p>-\u00a0<strong>Personalizzazione del colore<\/strong>: Fornire schede colori Pantone + stampa a colori spot, supporto 100% corrispondenza del colore LOGO e rivestimento; -.\u00a0<strong>Espansione della funzione<\/strong>: \u00c8 possibile aggiungere chip NFC (che supportano la scansione della storia del marchio), etichette laser anticontraffazione e altri moduli a valore aggiunto per ottenere la tracciabilit\u00e0 \"un oggetto, un codice\".<\/p>\n<h3 id=\"7-16-years-of-manufacturing-heritage-and-quality-control-guarantee-\">7.\u00a0<strong>16 anni di tradizione produttiva e garanzia di controllo della qualit\u00e0<\/strong><\/h3>\n<p>-\u00a0<strong>Scala di capacit\u00e0<\/strong>: 5320\u33a1 base di produzione intelligente dotata di macchina da stampa tedesca Heidelberg CD102-8 (capacit\u00e0 di produzione giornaliera di 200.000 fogli), linea di fustellatura completamente automatica (velocit\u00e0 12.000 fogli\/ora), supporto di 500 pezzi di ordine minimo, consegna rapida in 12 giorni\u00a0<strong>Sistema di qualit\u00e0<\/strong>: Certificazione ISO 9001 superata, sistema di ispezione visiva AI istituito per i processi chiave, tasso di selezione automatica dei prodotti difettosi&gt; 99,5%, tasso di riacquisto dei clienti raggiunto 85%.<\/p>","protected":false},"excerpt":{"rendered":"<p><strong>Perch\u00e9 scegliere ZOJO Print?\u00a0<\/strong><\/p>\n<ul>\n<li><strong>Certificazione di conformit\u00e0<\/strong>: Il prodotto ha superato la certificazione di sicurezza CR per gli imballaggi a prova di bambino;<\/li>\n<li><strong>Vantaggio di costo<\/strong>: La produzione centralizzata riduce i costi logistici di 30% e supporta la personalizzazione di piccoli lotti;<\/li>\n<li><strong>Scenari di applicazione<\/strong>: confezioni regalo di sigarette elettroniche di alta gamma, pacchetti di degustazione di alimenti salutari, prodotti a base di erbe in edizione limitata, prodotti culturali e creativi in co-branding.<\/li>\n<\/ul>\n<p><strong>Contattate subito il team di personalizzazione per iniziare il viaggio di aggiornamento del packaging del marchio!<\/strong><\/p>","protected":false},"featured_media":9610,"template":"","meta":[],"product_brand":[],"product_cat":[30,420,31,426],"product_tag":[1222,1224,1223],"class_list":{"0":"post-9606","1":"product","2":"type-product","3":"status-publish","4":"has-post-thumbnail","6":"product_cat-by-industry","7":"product_cat-custom-cannabis-boxes","8":"product_cat-paper-box-style","9":"product_cat-paper-drawer-boxes","10":"product_tag-custom-pre-roll-joints-packaging","11":"product_tag-drawer-box-supplier","12":"product_tag-joints-paper-packaging","14":"first","15":"instock","16":"shipping-taxable","17":"product-type-simple"},"_links":{"self":[{"href":"https:\/\/zojopackaging.com\/it\/wp-json\/wp\/v2\/product\/9606","targetHints":{"allow":["GET"]}}],"collection":[{"href":"https:\/\/zojopackaging.com\/it\/wp-json\/wp\/v2\/product"}],"about":[{"href":"https:\/\/zojopackaging.com\/it\/wp-json\/wp\/v2\/types\/product"}],"version-history":[{"count":1,"href":"https:\/\/zojopackaging.com\/it\/wp-json\/wp\/v2\/product\/9606\/revisions"}],"predecessor-version":[{"id":9613,"href":"https:\/\/zojopackaging.com\/it\/wp-json\/wp\/v2\/product\/9606\/revisions\/9613"}],"wp:featuredmedia":[{"embeddable":true,"href":"https:\/\/zojopackaging.com\/it\/wp-json\/wp\/v2\/media\/9610"}],"wp:attachment":[{"href":"https:\/\/zojopackaging.com\/it\/wp-json\/wp\/v2\/media?parent=9606"}],"wp:term":[{"taxonomy":"product_brand","embeddable":true,"href":"https:\/\/zojopackaging.com\/it\/wp-json\/wp\/v2\/product_brand?post=9606"},{"taxonomy":"product_cat","embeddable":true,"href":"https:\/\/zojopackaging.com\/it\/wp-json\/wp\/v2\/product_cat?post=9606"},{"taxonomy":"product_tag","embeddable":true,"href":"https:\/\/zojopackaging.com\/it\/wp-json\/wp\/v2\/product_tag?post=9606"}],"curies":[{"name":"wp","href":"https:\/\/api.w.org\/{rel}","templated":true}]}}