{"id":9614,"date":"2025-04-03T00:40:47","date_gmt":"2025-04-02T16:40:47","guid":{"rendered":"https:\/\/zojopackaging.com\/?post_type=product&#038;p=9614"},"modified":"2025-04-03T00:52:44","modified_gmt":"2025-04-02T16:52:44","slug":"customized-rigid-slide-drawer-box-packaging-for-coffee","status":"publish","type":"product","link":"https:\/\/zojopackaging.com\/it\/product\/customized-rigid-slide-drawer-box-packaging-for-coffee\/","title":{"rendered":"Imballaggio su misura della scatola rigida del cassetto dello scorrevole per il caff\u00e8"},"content":{"rendered":"<h3 id=\"1-natural-color-matching-aesthetics-stimulating-consumer-desire-\">1.\u00a0<strong>Estetica naturale di abbinamento dei colori, che stimola il desiderio del consumatore<\/strong><\/h3>\n<p>La confezione regalo adotta\u00a0<strong>stampa su carta patinata tono principale verde scuro + scatola interna nera<\/strong>\u00a0design a colori contrastanti. Il verde scuro simboleggia la natura e la vitalit\u00e0, riecheggiando il sapore originale dei chicchi di caff\u00e8; la scatola interna nera esalta la consistenza grazie alla tecnologia di laminazione opaca, e all'apertura della scatola si forma un forte contrasto visivo. La superficie utilizza\u00a0<strong>stampa in quadricromia + serigrafia parziale<\/strong>\u00a0per riprodurre elementi naturali come le scene di crescita dei chicchi di caff\u00e8 e le texture delle piante dipinte a mano, in combinazione con il logo del marchio con tecnologia di stampa a caldo, per trasmettere l'esperienza della storia \"dalla fattoria alla tazza\".<\/p>\n<h3 id=\"2-environmentally-friendly-materials-conveying-sustainable-concepts-\">2.\u00a0<strong>Materiali ecologici, che trasmettono concetti sostenibili<\/strong><\/h3>\n<p>-\u00a0<strong>Selezione del substrato<\/strong>:\u00a0<strong>Carta patinata da 157 g certificata FSC + cartoncino grigio da 1200 g<\/strong>\u00a0\u00e8 stata adottata una struttura composita e lo strato di cartone grigio sostituisce il tradizionale rivestimento in plastica con materiale EPE degradabile (come nel caso della scatola regalo per il caff\u00e8 boutique) per garantire la resistenza agli urti e la freschezza dei chicchi di caff\u00e8 durante il trasporto\u00a0<strong>Trattamento della superficie<\/strong>: Il processo di laminazione opaca aumenta di 3 volte la resistenza all'usura della scatola (resistenza all'attrito &gt; 5000 volte), riducendo al contempo la riflettivit\u00e0, in linea con la ricerca del lusso low-key da parte dei marchi di caff\u00e8 di fascia alta.<\/p>\n<h3 id=\"3-customized-expression-of-brand-genes-\">3.\u00a0<strong>Espressione personalizzata dei geni del marchio<\/strong><\/h3>\n<p>-\u00a0<strong>Personalizzazione del colore<\/strong>: Fornire Pantone scheda colore + stampa a colori spot, il supporto 100% corrispondenza del colore LOGO e rivestimento, come l'incorporazione del colore principale del marchio nel nastro o il design partizione; -.\u00a0<strong>Potenziamento culturale<\/strong>: Incorporare elementi come la mappa dell'origine del caff\u00e8 e le note dell'agronomo nella stampa per creare un'esperienza coinvolgente di \"una scatola, una storia\", come il riferimento al design tradizionale di fusione culturale della scatola regalo AVEDA per il Mid-Autumn Festival.<\/p>\n<h3 id=\"4-flexible-size-and-content-adaptation-\">4.\u00a0<strong>Adattamento flessibile delle dimensioni e dei contenuti<\/strong><\/h3>\n<p>-\u00a0<strong>Personalizzazione della capacit\u00e0<\/strong>: Supporta le esigenze di stoccaggio differenziato di chicchi di caff\u00e8 interi (6-8 mm di diametro) o di polvere di caff\u00e8 macinato (2-4 mm di finezza), con una dimensione minima di 12 cm\u00d78 cm\u00d75 cm e una dimensione massima di 25 cm\u00d715 cm\u00d710 cm.\u00a0<strong>Ottimizzazione strutturale<\/strong>: La profondit\u00e0 del binario estraibile pu\u00f2 essere regolata fino a 3 cm, adattandosi a diverse forme di confezionamento (come sacchetti per le orecchie appesi, capsule per il caff\u00e8, ecc.<\/p>\n<h3 id=\"5-ribbon-pull-out-system-upgraded-opening-ritual-\">5.\u00a0<strong>Sistema di estrazione a nastro, rituale di apertura aggiornato<\/strong><\/h3>\n<p>-\u00a0<strong>Design silenzioso della guida di scorrimento<\/strong>: Binario a nastro in nylon ad alta densit\u00e0 incorporato, la resistenza allo scorrimento \u00e8 ridotta da 60%, e pu\u00f2 essere tirato senza problemi con una sola mano.\u00a0<strong>Protezione anti-mistouch<\/strong>: Ottimizzazione della struttura del tampone alla fine della corsa di estrazione per evitare la fuoriuscita dei chicchi di caff\u00e8 a causa dell'inerzia e aumento della percentuale di successo dell'apertura della scatola a 99%.<\/p>\n<h3 id=\"6-full-link-creative-service-empowering-brand-differentiation-\">6.\u00a0<strong>Servizio creativo full-link, per una maggiore differenziazione del marchio<\/strong><\/h3>\n<p>-\u00a0<strong>Supporto per la modellazione 3D<\/strong>: Fornisce 20 modelli di struttura di base, supporta progetti complessi come i divisori curvi estraibili e a doppio strato; - .\u00a0<strong>Modulo a valore aggiunto<\/strong>: Pu\u00f2 integrare elementi interattivi come il chip NFC (codice di scansione per rintracciare l'origine del caff\u00e8), la fodera rimovibile (per posizionare le carte di piantagione dei fondi di caff\u00e8) e fare riferimento al design della carta di semi delle scatole regalo di beneficenza per il caff\u00e8.<\/p>\n<h3 id=\"7-16-years-of-manufacturing-heritage-full-quality-control-\">7.\u00a0<strong>16 anni di tradizione produttiva, controllo di qualit\u00e0 totale<\/strong><\/h3>\n<p>-\u00a0<strong>Garanzia di capacit\u00e0<\/strong>: 5320\u33a1 base di produzione intelligente dotata di macchina da stampa tedesca Heidelberg CD102-8 (capacit\u00e0 di produzione giornaliera di 200.000 fogli), linea di fustellatura completamente automatica (velocit\u00e0 12.000 fogli\/ora), supporta 500 pezzi di ordine minimo e consegna rapida in 12 giorni\u00a0<strong>Sistema di controllo della qualit\u00e0<\/strong>: Certificazione ISO 9001 superata, sistema di ispezione visiva AI istituito nei processi chiave, tasso di selezione automatica dei prodotti difettosi&gt; 99,5%, tasso di riacquisto dei clienti raggiunto 85%.<\/p>","protected":false},"excerpt":{"rendered":"<p><strong>ZOJO stampa su misura il caff\u00e8 in scatola rigida a cassetto scorrevole - Una fusione di estetica naturale e design funzionale<\/strong><\/p>\n<p>In qualit\u00e0 di fornitore leader in Cina di soluzioni di packaging per confezioni regalo di caff\u00e8, ZOJO Print si concentra sulla fornitura di servizi personalizzati ai marchi di caff\u00e8 che combinano concetti di protezione ambientale, tensione visiva ed esperienza utente.<\/p>","protected":false},"featured_media":9618,"template":"","meta":[],"product_brand":[],"product_cat":[30,422,31,426],"product_tag":[1227,1226,1225],"class_list":{"0":"post-9614","1":"product","2":"type-product","3":"status-publish","4":"has-post-thumbnail","6":"product_cat-by-industry","7":"product_cat-custom-gourmet-boxes-by-industry","8":"product_cat-paper-box-style","9":"product_cat-paper-drawer-boxes","10":"product_tag-packaging-for-coffee","11":"product_tag-rawer-box-packaging","12":"product_tag-slide-drawer-box","14":"first","15":"instock","16":"shipping-taxable","17":"product-type-simple"},"_links":{"self":[{"href":"https:\/\/zojopackaging.com\/it\/wp-json\/wp\/v2\/product\/9614","targetHints":{"allow":["GET"]}}],"collection":[{"href":"https:\/\/zojopackaging.com\/it\/wp-json\/wp\/v2\/product"}],"about":[{"href":"https:\/\/zojopackaging.com\/it\/wp-json\/wp\/v2\/types\/product"}],"version-history":[{"count":1,"href":"https:\/\/zojopackaging.com\/it\/wp-json\/wp\/v2\/product\/9614\/revisions"}],"predecessor-version":[{"id":9621,"href":"https:\/\/zojopackaging.com\/it\/wp-json\/wp\/v2\/product\/9614\/revisions\/9621"}],"wp:featuredmedia":[{"embeddable":true,"href":"https:\/\/zojopackaging.com\/it\/wp-json\/wp\/v2\/media\/9618"}],"wp:attachment":[{"href":"https:\/\/zojopackaging.com\/it\/wp-json\/wp\/v2\/media?parent=9614"}],"wp:term":[{"taxonomy":"product_brand","embeddable":true,"href":"https:\/\/zojopackaging.com\/it\/wp-json\/wp\/v2\/product_brand?post=9614"},{"taxonomy":"product_cat","embeddable":true,"href":"https:\/\/zojopackaging.com\/it\/wp-json\/wp\/v2\/product_cat?post=9614"},{"taxonomy":"product_tag","embeddable":true,"href":"https:\/\/zojopackaging.com\/it\/wp-json\/wp\/v2\/product_tag?post=9614"}],"curies":[{"name":"wp","href":"https:\/\/api.w.org\/{rel}","templated":true}]}}