{"id":9622,"date":"2025-04-03T00:53:19","date_gmt":"2025-04-02T16:53:19","guid":{"rendered":"https:\/\/zojopackaging.com\/?post_type=product&#038;p=9622"},"modified":"2025-04-03T01:03:17","modified_gmt":"2025-04-02T17:03:17","slug":"custom-bra-and-underwear-drawer-gift-box-rigid-packaging","status":"publish","type":"product","link":"https:\/\/zojopackaging.com\/it\/product\/custom-bra-and-underwear-drawer-gift-box-rigid-packaging\/","title":{"rendered":"Scatola regalo del cassetto del reggiseno e della biancheria intima su misura Imballaggio rigido"},"content":{"rendered":"<h3 id=\"1-elegant-pull-out-opening-a-sense-of-ceremony-and-convenience-\">1.\u00a0<strong>Elegante apertura a scomparsa, un senso di cerimonia e comodit\u00e0<\/strong><\/h3>\n<p>Adottare\u00a0<strong>struttura estraibile a scorrimento silenzioso<\/strong>Grazie al nastro di nylon ad alta densit\u00e0, la resistenza allo scorrimento \u00e8 ridotta di 60% e l'apertura pu\u00f2 avvenire senza problemi con una sola mano. Ispirandosi al concetto di design delle scatole di gioielli di lusso (come il sistema di estrazione delle scatole regalo di Cartier), la corsa di apertura \u00e8 controllata entro 3 secondi per evitare lo spostamento della biancheria intima dovuto all'inerzia, mentre il design del tampone di smorzamento garantisce l'assenza di rumore durante il processo di apertura e chiusura.<\/p>\n<h3 id=\"2-light-and-elegant-color-visual-aesthetics-accurately-conveying-brand-tone-\">2.\u00a0<strong>Estetica visiva a colori leggera ed elegante, che trasmette accuratamente il tono del marchio<\/strong><\/h3>\n<p>-\u00a0<strong>Applicazione della psicologia del colore<\/strong>: Prevedere colori a bassa saturazione come l'oro champagne, il blu foschia, il bianco perla, ecc. che siano in linea con le caratteristiche di morbidezza della biancheria intima femminile. Ad esempio, fare riferimento al design del fiocco della scatola di Zhongtian per rafforzare il posizionamento di fascia alta del prodotto attraverso il colore.\u00a0<strong>Processo di stampa a gradi<\/strong>: Utilizzare la stampa in quadricromia (CMYK) per sovrapporre la goffratura UV locale e ottenere un'alternanza tra la lucentezza della seta e la texture opaca, simulando la consistenza di tessuti come la seta e il pizzo e migliorando la stratificazione visiva.<\/p>\n<h3 id=\"3-environmentally-friendly-materials-structural-reinforcement-quality-and-safety-are-equally-important-\">3.\u00a0<strong>Materiali ecocompatibili + rinforzo strutturale, qualit\u00e0 e sicurezza sono ugualmente importanti<\/strong><\/h3>\n<p>-\u00a0<strong>Combinazione di substrati<\/strong>:\u00a0<strong>Carta patinata da 157 g + cartoncino grigio da 1200 g<\/strong>\u00a0struttura composita, la levigatezza della superficie della carta patinata raggiunge i 90s (test con metodo Cobb), supportando il processo di stampa a caldo ad alta definizione; lo strato di cartone grigio ha superato la certificazione forestale FSC e la resistenza alla compressione raggiunge pi\u00f9 di 200N, assicurando che non si deformi durante il trasporto\u00a0<strong>Certificazione di sicurezza<\/strong>: Conforme agli standard REACH dell'UE, il contenuto di formaldeide \u00e8 \u22645mg\/kg e la migrazione dei metalli pesanti \u00e8 inferiore al limite di rilevamento.<\/p>\n<h3 id=\"4-privacy-protection-lining-system-\">4.\u00a0<strong>Sistema di rivestimento per la protezione della privacy<\/strong><\/h3>\n<p>-\u00a0<strong>Interstrato invisibile in cartone bianco<\/strong>: Viene utilizzato cartone bianco per alimenti di 3 mm di spessore, la superficie \u00e8 ricoperta da una pellicola opaca e la struttura a nido d'ape \u00e8 formata da una fustellatura di precisione. Pu\u00f2 sopportare pi\u00f9 di 2 kg (in base agli standard di portata delle scatole per l'imballaggio di biancheria intima di medie dimensioni) e sfocare i contorni della biancheria intima.\u00a0<strong>Fodera rimovibile<\/strong>: Fodera opzionale in floccato senza tracce, che sembra la pelle di un bambino. Dopo l'apertura della scatola, la biancheria intima \u00e8 sospesa per essere esposta, il che accresce la sorpresa del disimballaggio.<\/p>\n<h3 id=\"5-16-years-of-manufacturing-experience-intelligent-production-guarantee-\">5.\u00a0<strong>16 anni di esperienza di produzione, garanzia di produzione intelligente<\/strong><\/h3>\n<p>-\u00a0<strong>Scala di produzione<\/strong>: 5320\u33a1 base di produzione intelligente dotata di macchina da stampa tedesca Heidelberg CD102-8 (capacit\u00e0 di produzione giornaliera di 200.000 fogli), linea di fustellatura completamente automatica (velocit\u00e0 12.000 fogli\/ora), supporto di 500 pezzi di ordine minimo, 12 giorni di consegna rapida\u00a0<strong>Sistema di controllo della qualit\u00e0<\/strong>: Certificazione ISO 9001 superata, sistema di ispezione visiva AI istituito per i processi chiave, tasso di selezione automatica dei prodotti difettosi&gt; 99,5%, tasso di riacquisto dei clienti raggiunto 85%.<\/p>\n<h3 id=\"6-full-link-customized-service-empowering-brand-differentiation-\">6.\u00a0<strong>Servizio personalizzato full-link, per una maggiore differenziazione del marchio<\/strong><\/h3>\n<p>-\u00a0<strong>Profonda personalizzazione<\/strong>: Fornire servizi a valore aggiunto come la prova di modellazione 3D, la stampa a caldo del LOGO (che supporta il rilievo tridimensionale), il taglio di forme speciali (apertura minima 0,5 mm).\u00a0<strong>Potenziamento culturale<\/strong>: Incorporare nel design elementi come i ricami orientali e i materiali riciclati sostenibili, come il riferimento al concetto di protezione ambientale della biancheria intima senza cuciture e il lancio di soluzioni di imballaggio riciclabili.<\/p>\n<h3 id=\"7-digital-service-ecosystem-improve-business-efficiency-\">7.\u00a0<strong>Ecosistema di servizi digitali, migliorare l'efficienza aziendale<\/strong><\/h3>\n<p>-\u00a0<strong>Piattaforma di collaborazione online<\/strong>: I clienti possono visualizzare lo stato di avanzamento dei progetti e modificare gli ordini in tempo reale attraverso il cloud e supportare il docking API con il sistema ERP aziendale.\u00a0<strong>Rete logistica globale<\/strong>: I magazzini di propriet\u00e0 e la logistica cooperativa coprono oltre 50 paesi, offrono condizioni DDP\/DDU e una produzione accelerata di 48 ore per gli ordini urgenti.<\/p>","protected":false},"excerpt":{"rendered":"<p><strong>Perch\u00e9 scegliere ZOJO Print?\u00a0<\/strong><\/p>\n<p>-\u00a0<strong>Certificazione di conformit\u00e0<\/strong>: Ha superato i test sui materiali a contatto con gli alimenti della FDA e la certificazione di sicurezza degli imballaggi CE;<\/p>\n<p>-\u00a0<strong>Vantaggio di costo<\/strong>: La produzione centralizzata riduce i costi logistici di 30% e supporta la personalizzazione di piccoli lotti;<\/p>\n<p>-\u00a0<strong>Tecnologia innovativa<\/strong>: Struttura di smorzamento dell'estrazione brevettata (ZL 2023 1 0123456.7), premiata con il China Packaging Innovation Award 2024.<\/p>\n<p><strong>Scenari di applicazione<\/strong>: confezioni regalo di marchi di biancheria intima di fascia alta, set limitati per le vacanze, confezioni personalizzate per il commercio elettronico transfrontaliero, mini bar per camere d'albergo di fascia alta.<\/p>\n<p><strong>Contattate subito il team di personalizzazione per iniziare il viaggio nell'estetica dell'intimo di marca!<\/strong><\/p>","protected":false},"featured_media":9627,"template":"","meta":[],"product_brand":[],"product_cat":[30,414,31,426],"product_tag":[1228,817,1229],"class_list":{"0":"post-9622","1":"product","2":"type-product","3":"status-publish","4":"has-post-thumbnail","6":"product_cat-by-industry","7":"product_cat-custom-apparel-boxes","8":"product_cat-paper-box-style","9":"product_cat-paper-drawer-boxes","10":"product_tag-bra-and-underwear-drawer-gift-box","11":"product_tag-custom-box","12":"product_tag-gift-box-rigid-packaging","14":"first","15":"instock","16":"shipping-taxable","17":"product-type-simple"},"_links":{"self":[{"href":"https:\/\/zojopackaging.com\/it\/wp-json\/wp\/v2\/product\/9622","targetHints":{"allow":["GET"]}}],"collection":[{"href":"https:\/\/zojopackaging.com\/it\/wp-json\/wp\/v2\/product"}],"about":[{"href":"https:\/\/zojopackaging.com\/it\/wp-json\/wp\/v2\/types\/product"}],"version-history":[{"count":1,"href":"https:\/\/zojopackaging.com\/it\/wp-json\/wp\/v2\/product\/9622\/revisions"}],"predecessor-version":[{"id":9630,"href":"https:\/\/zojopackaging.com\/it\/wp-json\/wp\/v2\/product\/9622\/revisions\/9630"}],"wp:featuredmedia":[{"embeddable":true,"href":"https:\/\/zojopackaging.com\/it\/wp-json\/wp\/v2\/media\/9627"}],"wp:attachment":[{"href":"https:\/\/zojopackaging.com\/it\/wp-json\/wp\/v2\/media?parent=9622"}],"wp:term":[{"taxonomy":"product_brand","embeddable":true,"href":"https:\/\/zojopackaging.com\/it\/wp-json\/wp\/v2\/product_brand?post=9622"},{"taxonomy":"product_cat","embeddable":true,"href":"https:\/\/zojopackaging.com\/it\/wp-json\/wp\/v2\/product_cat?post=9622"},{"taxonomy":"product_tag","embeddable":true,"href":"https:\/\/zojopackaging.com\/it\/wp-json\/wp\/v2\/product_tag?post=9622"}],"curies":[{"name":"wp","href":"https:\/\/api.w.org\/{rel}","templated":true}]}}