{"id":9659,"date":"2025-04-03T10:29:14","date_gmt":"2025-04-03T02:29:14","guid":{"rendered":"https:\/\/zojopackaging.com\/?post_type=product&#038;p=9659"},"modified":"2025-04-03T10:53:41","modified_gmt":"2025-04-03T02:53:41","slug":"custom-candle-mailing-shipping-packaging-boxes-wholesale","status":"publish","type":"product","link":"https:\/\/zojopackaging.com\/it\/product\/custom-candle-mailing-shipping-packaging-boxes-wholesale\/","title":{"rendered":"Scatole d'imballaggio per la spedizione di candele personalizzate all'ingrosso"},"content":{"rendered":"<h2 id=\"1-corrugated-paper-material-anti-pressure-and-anti-collision-\">1.\u00a0<strong>Materiale in carta ondulata, anti-pressione e anti-collisione<\/strong><\/h2>\n<p>Il materiale di carta ondulata ad alta densit\u00e0 (come la combinazione di flauto A, flauto B o flauto EB) viene utilizzato per disperdere l'impatto della forza esterna attraverso la struttura ondulata della carta.<\/p>\n<h2 id=\"2-innovative-tearable-design-to-enhance-the-unpacking-experience-\">2.\u00a0<strong>Innovativo design strappabile per migliorare l'esperienza di disimballaggio<\/strong><\/h2>\n<p>La scatola di imballaggio adotta una linea di strappo in carta non adesiva. Gli utenti devono solo tirarla delicatamente per aprirla senza danni, il che \u00e8 sia ecologico che cerimoniale. Questo design \u00e8 particolarmente adatto agli scenari dell'e-commerce, in quanto riduce l'inconveniente dell'uso di strumenti da parte dei clienti e aumenta i punti di memoria dell'interazione con il marchio. In combinazione con il concetto di \"disimballaggio 2S\", il processo \u00e8 semplificato per rendere il disimballaggio un'esperienza piacevole.<\/p>\n<h2 id=\"3-double-sided-macaron-color-printing-visual-appeal-max-\">3.\u00a0<strong>Stampa a colori macaron su due lati, appeal visivo MAX<\/strong><\/h2>\n<p>L'utilizzo di colori per macaron a bassa saturazione (come verde menta, viola mandorla, polvere d'acero), combinato con la tecnologia di stampa fronte\/retro ad alta precisione, presenta un effetto visivo morbido e stratificato. La stampa a tinte piatte e la tecnologia di verniciatura UV assicurano che il disegno sia brillante e duraturo, adatto alla visualizzazione sui social media e offline, e migliorano il riconoscimento del marchio.<\/p>\n<h2 id=\"4-in-depth-brand-customization-conveying-a-unique-story-\">4.\u00a0<strong>Personalizzazione approfondita del marchio, che trasmette una storia unica<\/strong><\/h2>\n<p>Supporta il design personalizzato full-process, dal tipo di scatola (fondo e coperchio inferiore, scatola a ribalta, scatola a cassetto) al modello e al logo personalizzabili. In combinazione con il tono del marchio del cliente, il logo aziendale e la storia culturale sono integrati nell'imballaggio, ad esempio attraverso la stampa a caldo, la texture in rilievo o la serigrafia per mostrare una texture di alto livello. Ogni scatola non \u00e8 solo un contenitore, ma anche un vettore della narrazione del marchio.<\/p>\n<h2 id=\"5-flexible-size-and-structure-adaptation-\">5.\u00a0<strong>Adattamento flessibile delle dimensioni e della struttura<\/strong><\/h2>\n<p>In base alle dimensioni della candela, alla quantit\u00e0 e ai requisiti espositivi, forniamo soluzioni personalizzate, da prodotti singoli a combinazioni multiple. Il rivestimento pu\u00f2 essere progettato come griglia ad innesto in EVA, divisorio ondulato o vassoio di floccaggio per garantire la stabilit\u00e0 del trasporto. Supporta strutture creative come scatole di forma speciale e a forma di libro per soddisfare le esigenze di confezioni regalo per le festivit\u00e0, edizioni limitate e altri scenari.<\/p>\n<h2 id=\"6-experienced-design-team-3d-modeling-full-process-support-\">6.\u00a0<strong>Team di progettazione esperto, supporto completo al processo di modellazione 3D<\/strong><\/h2>\n<p>Dotati di designer professionisti e team di modellazione 3D, dagli schizzi concettuali alla prova del prodotto finito, la collaborazione \u00e8 totale. Grazie alla tecnologia di modellazione virtuale, i clienti possono vedere in anteprima l'effetto della confezione e regolare i dettagli in tempo reale (come la posizione dell'apertura della finestra, la curvatura della linea di strappo). I casi riguardano l'aromaterapia di fascia alta, i regali di Natale e altre categorie, per garantire che il design sia altamente coerente con il prodotto reale.<\/p>\n<h2 id=\"7-scaled-production-and-quality-control-\">7.\u00a0<strong>Produzione scalare e controllo qualit\u00e0<\/strong><\/h2>\n<p>La fabbrica vanta 16 anni di esperienza nel settore della stampa e l'officina standardizzata di 5.320 metri quadrati \u00e8 dotata di fustellatrici completamente automatiche, linee di stampa digitale e sistemi di ispezione della qualit\u00e0. Supporta la personalizzazione di piccoli lotti (500 pezzi o pi\u00f9) e ordini di grandi lotti, con cicli di consegna brevi e un rigoroso controllo di qualit\u00e0 (errore \u2264 0,2 cm). Grazie alla certificazione ISO e alla selezione di materiali ecologici, il prodotto \u00e8 conforme agli standard di trasporto nazionali e internazionali.<\/p>\n<h2 id=\"-applicable-scenarios-and-customer-value-\"><strong>Scenari applicabili e valore del cliente<\/strong><\/h2>\n<ul>\n<li><strong>Logistica del commercio elettronico<\/strong>: Struttura resistente alla compressione + design a strappo, riduce le perdite dovute al trasporto e aumenta il tasso di riacquisto da parte dei clienti.<\/li>\n<li><strong>Marketing del marchio<\/strong>: L'abbinamento dei colori dei macaron e gli elementi personalizzati attirano i giovani consumatori e contribuiscono alla diffusione sui social media.<\/li>\n<li><strong>Regali di alta gamma<\/strong>: Tecnologia di modellazione 3D combinata con stampa a caldo\/serigrafia per creare un'esperienza di unboxing di lusso e leggera.<\/li>\n<\/ul>","protected":false},"excerpt":{"rendered":"<p>\u2728 Elevate la percezione del marchio con un packaging di qualit\u00e0 da galleria.<br \/>\n\u2728 Riduzione dei danni da spedizione grazie alla struttura resistente allo schiacciamento.<br \/>\n\u2728 Semplificate gli ordini di grandi quantit\u00e0 con un design modulare e salvaspazio.<br \/>\n\u2728 Allinearsi agli ecovalori utilizzando materiali biodegradabili.<\/p>","protected":false},"featured_media":9660,"template":"","meta":[],"product_brand":[],"product_cat":[30,416,31,433],"product_tag":[1236,1237,549],"class_list":{"0":"post-9659","1":"product","2":"type-product","3":"status-publish","4":"has-post-thumbnail","6":"product_cat-by-industry","7":"product_cat-custom-candle-boxes","8":"product_cat-paper-box-style","9":"product_cat-shipping-mailer-boxes","10":"product_tag-candle-mailing-boxes","11":"product_tag-candle-shipping-boxes-wholesale","12":"product_tag-custom-candle-boxes","14":"first","15":"instock","16":"shipping-taxable","17":"product-type-grouped"},"_links":{"self":[{"href":"https:\/\/zojopackaging.com\/it\/wp-json\/wp\/v2\/product\/9659","targetHints":{"allow":["GET"]}}],"collection":[{"href":"https:\/\/zojopackaging.com\/it\/wp-json\/wp\/v2\/product"}],"about":[{"href":"https:\/\/zojopackaging.com\/it\/wp-json\/wp\/v2\/types\/product"}],"version-history":[{"count":1,"href":"https:\/\/zojopackaging.com\/it\/wp-json\/wp\/v2\/product\/9659\/revisions"}],"predecessor-version":[{"id":9666,"href":"https:\/\/zojopackaging.com\/it\/wp-json\/wp\/v2\/product\/9659\/revisions\/9666"}],"wp:featuredmedia":[{"embeddable":true,"href":"https:\/\/zojopackaging.com\/it\/wp-json\/wp\/v2\/media\/9660"}],"wp:attachment":[{"href":"https:\/\/zojopackaging.com\/it\/wp-json\/wp\/v2\/media?parent=9659"}],"wp:term":[{"taxonomy":"product_brand","embeddable":true,"href":"https:\/\/zojopackaging.com\/it\/wp-json\/wp\/v2\/product_brand?post=9659"},{"taxonomy":"product_cat","embeddable":true,"href":"https:\/\/zojopackaging.com\/it\/wp-json\/wp\/v2\/product_cat?post=9659"},{"taxonomy":"product_tag","embeddable":true,"href":"https:\/\/zojopackaging.com\/it\/wp-json\/wp\/v2\/product_tag?post=9659"}],"curies":[{"name":"wp","href":"https:\/\/api.w.org\/{rel}","templated":true}]}}